{"id":453485,"date":"2022-08-01T20:33:20","date_gmt":"2022-08-01T18:33:20","guid":{"rendered":"https:\/\/justvape.nu\/produkt\/geekvape-b60-boost-2-vape-kit\/"},"modified":"2024-12-06T16:36:04","modified_gmt":"2024-12-06T15:36:04","slug":"geekvape-b60-boost-2-vape-kit-2","status":"publish","type":"product","link":"https:\/\/justvape.nu\/de\/produkt\/geekvape-b60-boost-2-vape-kit-2\/","title":{"rendered":"GEEKVAPE &#8211; B60 (BOOST 2) VAPE KIT"},"content":{"rendered":"<h2>GEEKVAPE &#8211; B60 (BOOST 2) VAPE KIT<\/h2>\n<p>Der Geekvape B60 Aegis Boost 2 ist ein kompaktes Ger\u00e4t mit einem leistungsstarken eingebauten 2000mAh-Akku, mit dem Sie l\u00e4nger dampfen k\u00f6nnen. Mit einem Leistungsbereich von 5 &#8211; 60W ist dieser Bausatz ideal f\u00fcr die Erzeugung eines DTL (Direct To Lung) Inhalationsstils. Die IP68-Zertifizierung und die Konstruktion aus einer Zinklegierung bedeuten, dass das Ger\u00e4t wasser- und staubbest\u00e4ndig ist und somit weniger durch Umwelteinfl\u00fcsse beeintr\u00e4chtigt werden kann.<\/p>\n<p>Das Ger\u00e4t verf\u00fcgt \u00fcber eine einzige Ausl\u00f6setaste, zwei Einstelltasten und ein auff\u00e4lliges, gebogenes 0,96-Zoll-LED-Display zur einfachen Navigation. Der AS-Chip bietet Vorteile wie eine schnelle Hochlaufzeit. Mit dem variablen Wattmodus als Standard haben Sie die Kontrolle dar\u00fcber, wie viel Dampf Ihr Kit erzeugt. Der Smart-Modus erkennt jedoch, welche Spule eingelegt wurde, und stellt die ideale Wattzahl f\u00fcr Sie ein. Auf der anderen Seite liefert der Boost-Modus die gr\u00f6\u00dftm\u00f6gliche Leistung f\u00fcr ein intensives Inhalieren.<br \/>\nDas Nachf\u00fcllen der B60 ist ganz einfach. Dank des Top-Filling-Designs k\u00f6nnen Sie einfach den Deckel des Tanks abschrauben, um die F\u00fcll\u00f6ffnung zu finden. Sie haben die Wahl zwischen 0,2-Ohm- und 0,6-Ohm-Coils, aber wir empfehlen, den Geekvape Aegis Boost 2 unabh\u00e4ngig von der gew\u00e4hlten Coil mit High-VG-E-Liquids zu kombinieren.<br \/>\n<img loading=\"lazy\" decoding=\"async\" class=\"alignnone size-full wp-image-383695\" src=\"https:\/\/justvape.nu\/wp-content\/uploads\/2021\/05\/Color-Scheme.png\" alt=\"\" width=\"950\" height=\"64\" title=\"\" srcset=\"https:\/\/justvape.nu\/wp-content\/uploads\/2021\/05\/Color-Scheme.png 950w, https:\/\/justvape.nu\/wp-content\/uploads\/2021\/05\/Color-Scheme-600x40.png 600w, https:\/\/justvape.nu\/wp-content\/uploads\/2021\/05\/Color-Scheme-64x4.png 64w, https:\/\/justvape.nu\/wp-content\/uploads\/2021\/05\/Color-Scheme-300x20.png 300w, https:\/\/justvape.nu\/wp-content\/uploads\/2021\/05\/Color-Scheme-768x52.png 768w\" sizes=\"auto, (max-width: 950px) 100vw, 950px\" \/><\/p>\n<p class=\"description-img-center\"><img loading=\"lazy\" decoding=\"async\" class=\"alignnone size-full wp-image-452574\" src=\"https:\/\/justvape.nu\/wp-content\/uploads\/2022\/08\/GeekVape_B60_Pod_Mod_Kit_Full_Color.jpg\" alt=\"\" width=\"800\" height=\"286\" title=\"\" srcset=\"https:\/\/justvape.nu\/wp-content\/uploads\/2022\/08\/GeekVape_B60_Pod_Mod_Kit_Full_Color.jpg 800w, https:\/\/justvape.nu\/wp-content\/uploads\/2022\/08\/GeekVape_B60_Pod_Mod_Kit_Full_Color-300x107.jpg 300w, https:\/\/justvape.nu\/wp-content\/uploads\/2022\/08\/GeekVape_B60_Pod_Mod_Kit_Full_Color-768x275.jpg 768w, https:\/\/justvape.nu\/wp-content\/uploads\/2022\/08\/GeekVape_B60_Pod_Mod_Kit_Full_Color-600x215.jpg 600w, https:\/\/justvape.nu\/wp-content\/uploads\/2022\/08\/GeekVape_B60_Pod_Mod_Kit_Full_Color-64x23.jpg 64w\" sizes=\"auto, (max-width: 800px) 100vw, 800px\" \/><\/p>\n<div class=\"shop-features \">\n<h2 class=\"shop-features-title \"><img loading=\"lazy\" decoding=\"async\" class=\"alignnone size-full wp-image-390997\" src=\"https:\/\/justvape.nu\/wp-content\/uploads\/2021\/06\/Specifications1.png\" alt=\"\" width=\"950\" height=\"64\" title=\"\" srcset=\"https:\/\/justvape.nu\/wp-content\/uploads\/2021\/06\/Specifications1.png 950w, https:\/\/justvape.nu\/wp-content\/uploads\/2021\/06\/Specifications1-600x40.png 600w, https:\/\/justvape.nu\/wp-content\/uploads\/2021\/06\/Specifications1-64x4.png 64w, https:\/\/justvape.nu\/wp-content\/uploads\/2021\/06\/Specifications1-300x20.png 300w, https:\/\/justvape.nu\/wp-content\/uploads\/2021\/06\/Specifications1-768x52.png 768w\" sizes=\"auto, (max-width: 950px) 100vw, 950px\" \/><\/h2>\n<\/div>\n<p><strong class=\"description-little-title\">GeekVape B60 60W Kit Parameter:<\/strong><\/p>\n<table class=\"description-table\">\n<tbody>\n<tr>\n<td class=\"strong-title \">Marke<\/td>\n<td class=\"inline\">GeekVape<\/td>\n<\/tr>\n<tr>\n<td class=\"strong-title \">Produktname<\/td>\n<td class=\"inline\">B60 (Aegis Boost 2) Bausatz<\/td>\n<\/tr>\n<tr>\n<td class=\"strong-title \">Batteriekapazit\u00e4t<\/td>\n<td class=\"inline\">Eingebauter 2000mAh-Akku<\/td>\n<\/tr>\n<tr>\n<td class=\"strong-title \">Ausgangsleistung<\/td>\n<td class=\"inline\">5W-60W<\/td>\n<\/tr>\n<tr>\n<td class=\"strong-title \">Max. Ausgangsstrom<\/td>\n<td class=\"inline\">20A<\/td>\n<\/tr>\n<tr>\n<td class=\"strong-title \">Maximale Ausgangsspannung<\/td>\n<td class=\"inline\">7.5V<\/td>\n<\/tr>\n<tr>\n<td class=\"strong-title \">Aufladen<\/td>\n<td class=\"inline\">Typ-C-Laden<\/td>\n<\/tr>\n<tr>\n<td class=\"strong-title \">Bildschirm<\/td>\n<td class=\"inline\">0,96-Zoll-TFT-Farbbildschirm<\/td>\n<\/tr>\n<tr>\n<td class=\"strong-title \">Kapazit\u00e4t<\/td>\n<td class=\"inline\">2ml<\/td>\n<\/tr>\n<tr>\n<td class=\"strong-title \">Luftstrom<\/td>\n<td class=\"inline\">Luftstrom oben<\/td>\n<\/tr>\n<tr>\n<td class=\"strong-title \">Geeignet f\u00fcr<\/td>\n<td class=\"inline\">Geekvape B60 (Aegis Boost 2) Leere Pod-Kartusche, GeekVape B-Serie Coil<\/td>\n<\/tr>\n<tr>\n<td class=\"strong-title \">Farbe<\/td>\n<td class=\"inline\">Blau-Rot, Silber, Flaschengr\u00fcn, Gold-Rot, Schwarz, Mint-Blau, Regenbogen<\/td>\n<\/tr>\n<\/tbody>\n<\/table>\n<div class=\"shop-features \">\n<h2 class=\"shop-features-title \"><img loading=\"lazy\" decoding=\"async\" class=\"alignnone size-full wp-image-18994\" src=\"https:\/\/justvape.nu\/wp-content\/uploads\/2018\/05\/Features.png\" alt=\"\" width=\"950\" height=\"64\" title=\"\" srcset=\"https:\/\/justvape.nu\/wp-content\/uploads\/2018\/05\/Features.png 950w, https:\/\/justvape.nu\/wp-content\/uploads\/2018\/05\/Features-555x37.png 555w, https:\/\/justvape.nu\/wp-content\/uploads\/2018\/05\/Features-64x4.png 64w, https:\/\/justvape.nu\/wp-content\/uploads\/2018\/05\/Features-300x20.png 300w, https:\/\/justvape.nu\/wp-content\/uploads\/2018\/05\/Features-768x52.png 768w\" sizes=\"auto, (max-width: 950px) 100vw, 950px\" \/><\/h2>\n<\/div>\n<p><strong class=\"description-little-title\">GeekVape B60 Details:<\/strong><\/p>\n<ul>\n<li style=\"list-style-type: none;\">\n<ul>\n<li>1. Neuer Boost mit neuer Tri-proof-Technologie<\/li>\n<li>2. 2000mAh eingebauter Akku mit 60W stabiler Leistung<\/li>\n<li>3. Stabile Ausgangsbuck-boost Technologie f\u00fcr gleichbleibenden Geschmack<\/li>\n<li>4. Gebogenes 0,96-Zoll-LED-Display und v\u00f6llig neue Benutzeroberfl\u00e4che<\/li>\n<li>5. AS-Chip 3.0 mit intelligenten Arbeitsmodi<\/li>\n<li>6. Boost\/Smart-Modus zur automatischen Auswahl der maximalen Leistung f\u00fcr die maximalen Wolken<\/li>\n<li>7. Wasser- und staubdicht nach IP68 und sto\u00dffest<\/li>\n<li>8. Ausgestattet mit einer versehentlichen Presse Schutz Sperre, sicher zu tragen<\/li>\n<li>9. 5ml Kapazit\u00e4t, Top-Luftstrom und auslaufsichere Patrone<\/li>\n<li>10. Fit f\u00fcr B60 (Aegis Boost 2) Leere Pod und alle B-Serie Coils<\/li>\n<\/ul>\n<\/li>\n<\/ul>\n<p><img loading=\"lazy\" decoding=\"async\" class=\"alignnone size-full wp-image-452585\" src=\"https:\/\/justvape.nu\/wp-content\/uploads\/2022\/08\/GeekVape_B60_Pod_Mod_Kit.jpg\" alt=\"\" width=\"831\" height=\"389\" title=\"\" srcset=\"https:\/\/justvape.nu\/wp-content\/uploads\/2022\/08\/GeekVape_B60_Pod_Mod_Kit.jpg 831w, https:\/\/justvape.nu\/wp-content\/uploads\/2022\/08\/GeekVape_B60_Pod_Mod_Kit-300x140.jpg 300w, https:\/\/justvape.nu\/wp-content\/uploads\/2022\/08\/GeekVape_B60_Pod_Mod_Kit-768x360.jpg 768w, https:\/\/justvape.nu\/wp-content\/uploads\/2022\/08\/GeekVape_B60_Pod_Mod_Kit-600x281.jpg 600w, https:\/\/justvape.nu\/wp-content\/uploads\/2022\/08\/GeekVape_B60_Pod_Mod_Kit-64x30.jpg 64w\" sizes=\"auto, (max-width: 831px) 100vw, 831px\" \/> <img loading=\"lazy\" decoding=\"async\" class=\"alignnone size-full wp-image-452595\" src=\"https:\/\/justvape.nu\/wp-content\/uploads\/2022\/08\/GeekVape_B60_Pod_Mod_Kit_IP68_Rating.jpg\" alt=\"\" width=\"831\" height=\"414\" title=\"\" srcset=\"https:\/\/justvape.nu\/wp-content\/uploads\/2022\/08\/GeekVape_B60_Pod_Mod_Kit_IP68_Rating.jpg 831w, https:\/\/justvape.nu\/wp-content\/uploads\/2022\/08\/GeekVape_B60_Pod_Mod_Kit_IP68_Rating-300x149.jpg 300w, https:\/\/justvape.nu\/wp-content\/uploads\/2022\/08\/GeekVape_B60_Pod_Mod_Kit_IP68_Rating-768x383.jpg 768w, https:\/\/justvape.nu\/wp-content\/uploads\/2022\/08\/GeekVape_B60_Pod_Mod_Kit_IP68_Rating-600x299.jpg 600w, https:\/\/justvape.nu\/wp-content\/uploads\/2022\/08\/GeekVape_B60_Pod_Mod_Kit_IP68_Rating-64x32.jpg 64w\" sizes=\"auto, (max-width: 831px) 100vw, 831px\" \/> <img loading=\"lazy\" decoding=\"async\" class=\"alignnone size-full wp-image-452605\" src=\"https:\/\/justvape.nu\/wp-content\/uploads\/2022\/08\/GeekVape_B60_Pod_Mod_Kit_Boosting.jpg\" alt=\"\" width=\"831\" height=\"431\" title=\"\" srcset=\"https:\/\/justvape.nu\/wp-content\/uploads\/2022\/08\/GeekVape_B60_Pod_Mod_Kit_Boosting.jpg 831w, https:\/\/justvape.nu\/wp-content\/uploads\/2022\/08\/GeekVape_B60_Pod_Mod_Kit_Boosting-300x156.jpg 300w, https:\/\/justvape.nu\/wp-content\/uploads\/2022\/08\/GeekVape_B60_Pod_Mod_Kit_Boosting-768x398.jpg 768w, https:\/\/justvape.nu\/wp-content\/uploads\/2022\/08\/GeekVape_B60_Pod_Mod_Kit_Boosting-600x311.jpg 600w, https:\/\/justvape.nu\/wp-content\/uploads\/2022\/08\/GeekVape_B60_Pod_Mod_Kit_Boosting-64x33.jpg 64w\" sizes=\"auto, (max-width: 831px) 100vw, 831px\" \/> <img loading=\"lazy\" decoding=\"async\" class=\"alignnone size-full wp-image-452615\" src=\"https:\/\/justvape.nu\/wp-content\/uploads\/2022\/08\/GeekVape_B60_Pod_Mod_Kit_Features.jpg\" alt=\"\" width=\"831\" height=\"329\" title=\"\" srcset=\"https:\/\/justvape.nu\/wp-content\/uploads\/2022\/08\/GeekVape_B60_Pod_Mod_Kit_Features.jpg 831w, https:\/\/justvape.nu\/wp-content\/uploads\/2022\/08\/GeekVape_B60_Pod_Mod_Kit_Features-300x119.jpg 300w, https:\/\/justvape.nu\/wp-content\/uploads\/2022\/08\/GeekVape_B60_Pod_Mod_Kit_Features-768x304.jpg 768w, https:\/\/justvape.nu\/wp-content\/uploads\/2022\/08\/GeekVape_B60_Pod_Mod_Kit_Features-600x238.jpg 600w, https:\/\/justvape.nu\/wp-content\/uploads\/2022\/08\/GeekVape_B60_Pod_Mod_Kit_Features-64x25.jpg 64w\" sizes=\"auto, (max-width: 831px) 100vw, 831px\" \/> <img loading=\"lazy\" decoding=\"async\" class=\"alignnone size-full wp-image-452625\" src=\"https:\/\/justvape.nu\/wp-content\/uploads\/2022\/08\/GeekVape_B60_Pod_Mod_Kit_Safe_Lock.jpg\" alt=\"\" width=\"831\" height=\"429\" title=\"\" srcset=\"https:\/\/justvape.nu\/wp-content\/uploads\/2022\/08\/GeekVape_B60_Pod_Mod_Kit_Safe_Lock.jpg 831w, https:\/\/justvape.nu\/wp-content\/uploads\/2022\/08\/GeekVape_B60_Pod_Mod_Kit_Safe_Lock-300x155.jpg 300w, https:\/\/justvape.nu\/wp-content\/uploads\/2022\/08\/GeekVape_B60_Pod_Mod_Kit_Safe_Lock-768x396.jpg 768w, https:\/\/justvape.nu\/wp-content\/uploads\/2022\/08\/GeekVape_B60_Pod_Mod_Kit_Safe_Lock-600x310.jpg 600w, https:\/\/justvape.nu\/wp-content\/uploads\/2022\/08\/GeekVape_B60_Pod_Mod_Kit_Safe_Lock-64x33.jpg 64w\" sizes=\"auto, (max-width: 831px) 100vw, 831px\" \/> <img loading=\"lazy\" decoding=\"async\" class=\"alignnone size-full wp-image-452635\" src=\"https:\/\/justvape.nu\/wp-content\/uploads\/2022\/08\/GeekVape_B60_Kit_AS_Chip.jpg\" alt=\"\" width=\"831\" height=\"366\" title=\"\" srcset=\"https:\/\/justvape.nu\/wp-content\/uploads\/2022\/08\/GeekVape_B60_Kit_AS_Chip.jpg 831w, https:\/\/justvape.nu\/wp-content\/uploads\/2022\/08\/GeekVape_B60_Kit_AS_Chip-300x132.jpg 300w, https:\/\/justvape.nu\/wp-content\/uploads\/2022\/08\/GeekVape_B60_Kit_AS_Chip-768x338.jpg 768w, https:\/\/justvape.nu\/wp-content\/uploads\/2022\/08\/GeekVape_B60_Kit_AS_Chip-600x264.jpg 600w, https:\/\/justvape.nu\/wp-content\/uploads\/2022\/08\/GeekVape_B60_Kit_AS_Chip-64x28.jpg 64w\" sizes=\"auto, (max-width: 831px) 100vw, 831px\" \/> <img loading=\"lazy\" decoding=\"async\" class=\"alignnone size-full wp-image-452645\" src=\"https:\/\/justvape.nu\/wp-content\/uploads\/2022\/08\/GeekVape_B60_Pod_Mod_Kit_Screen.jpg\" alt=\"\" width=\"831\" height=\"406\" title=\"\" srcset=\"https:\/\/justvape.nu\/wp-content\/uploads\/2022\/08\/GeekVape_B60_Pod_Mod_Kit_Screen.jpg 831w, https:\/\/justvape.nu\/wp-content\/uploads\/2022\/08\/GeekVape_B60_Pod_Mod_Kit_Screen-300x147.jpg 300w, https:\/\/justvape.nu\/wp-content\/uploads\/2022\/08\/GeekVape_B60_Pod_Mod_Kit_Screen-768x375.jpg 768w, https:\/\/justvape.nu\/wp-content\/uploads\/2022\/08\/GeekVape_B60_Pod_Mod_Kit_Screen-600x293.jpg 600w, https:\/\/justvape.nu\/wp-content\/uploads\/2022\/08\/GeekVape_B60_Pod_Mod_Kit_Screen-64x31.jpg 64w\" sizes=\"auto, (max-width: 831px) 100vw, 831px\" \/> <img loading=\"lazy\" decoding=\"async\" class=\"alignnone size-full wp-image-452655\" src=\"https:\/\/justvape.nu\/wp-content\/uploads\/2022\/08\/GeekVape_B60_Pod_Mod_Kit_Leakproof.jpg\" alt=\"\" width=\"831\" height=\"326\" title=\"\" srcset=\"https:\/\/justvape.nu\/wp-content\/uploads\/2022\/08\/GeekVape_B60_Pod_Mod_Kit_Leakproof.jpg 831w, https:\/\/justvape.nu\/wp-content\/uploads\/2022\/08\/GeekVape_B60_Pod_Mod_Kit_Leakproof-300x118.jpg 300w, https:\/\/justvape.nu\/wp-content\/uploads\/2022\/08\/GeekVape_B60_Pod_Mod_Kit_Leakproof-768x301.jpg 768w, https:\/\/justvape.nu\/wp-content\/uploads\/2022\/08\/GeekVape_B60_Pod_Mod_Kit_Leakproof-600x235.jpg 600w, https:\/\/justvape.nu\/wp-content\/uploads\/2022\/08\/GeekVape_B60_Pod_Mod_Kit_Leakproof-64x25.jpg 64w\" sizes=\"auto, (max-width: 831px) 100vw, 831px\" \/> <img loading=\"lazy\" decoding=\"async\" class=\"alignnone size-full wp-image-452665\" src=\"https:\/\/justvape.nu\/wp-content\/uploads\/2022\/08\/GeekVape_B60_Pod_Mod_Kit_Battery.jpg\" alt=\"\" width=\"831\" height=\"435\" title=\"\" srcset=\"https:\/\/justvape.nu\/wp-content\/uploads\/2022\/08\/GeekVape_B60_Pod_Mod_Kit_Battery.jpg 831w, https:\/\/justvape.nu\/wp-content\/uploads\/2022\/08\/GeekVape_B60_Pod_Mod_Kit_Battery-300x157.jpg 300w, https:\/\/justvape.nu\/wp-content\/uploads\/2022\/08\/GeekVape_B60_Pod_Mod_Kit_Battery-768x402.jpg 768w, https:\/\/justvape.nu\/wp-content\/uploads\/2022\/08\/GeekVape_B60_Pod_Mod_Kit_Battery-600x314.jpg 600w, https:\/\/justvape.nu\/wp-content\/uploads\/2022\/08\/GeekVape_B60_Pod_Mod_Kit_Battery-64x34.jpg 64w\" sizes=\"auto, (max-width: 831px) 100vw, 831px\" \/><\/p>\n<div class=\"shop-features \">\n<h2 class=\"shop-features-title \"><img loading=\"lazy\" decoding=\"async\" class=\"alignnone size-full wp-image-229154\" src=\"https:\/\/justvape.nu\/wp-content\/uploads\/2018\/04\/Packing-List.png\" alt=\"\" width=\"950\" height=\"64\" title=\"\" srcset=\"https:\/\/justvape.nu\/wp-content\/uploads\/2018\/04\/Packing-List.png 950w, https:\/\/justvape.nu\/wp-content\/uploads\/2018\/04\/Packing-List-600x40.png 600w, https:\/\/justvape.nu\/wp-content\/uploads\/2018\/04\/Packing-List-64x4.png 64w, https:\/\/justvape.nu\/wp-content\/uploads\/2018\/04\/Packing-List-300x20.png 300w, https:\/\/justvape.nu\/wp-content\/uploads\/2018\/04\/Packing-List-768x52.png 768w\" sizes=\"auto, (max-width: 950px) 100vw, 950px\" \/><\/h2>\n<\/div>\n<p><strong class=\"description-little-title \">Das Paket von GeekVape Aegis Boost 2 Kit kommt mit:<\/strong><\/p>\n<p>1* GeekVape B60 (Aegis Boost 2) Mod<br \/>\n1* GeekVape B60 (Aegis Boost 2) Pod (2ml)<br \/>\n2* GeekVape B Series Coil (vorinstalliert: 0.2\u03a9, 50-58W, Ersatzspule: 0.6\u03a9 15-25W)<br \/>\n1* Spulenwerkzeug<br \/>\n1* USB Typ-C Kabel<\/p>\n<p>&nbsp;<\/p>\n","protected":false},"excerpt":{"rendered":"<p>GEEKVAPE &#8211; B60 (BOOST 2) VAPE KIT<\/p>\n","protected":false},"featured_media":664917,"comment_status":"open","ping_status":"closed","template":"","meta":{"_acf_changed":false,"_uag_custom_page_level_css":"","site-sidebar-layout":"default","site-content-layout":"default","ast-site-content-layout":"default","site-content-style":"default","site-sidebar-style":"default","ast-global-header-display":"","ast-banner-title-visibility":"","ast-main-header-display":"","ast-hfb-above-header-display":"","ast-hfb-below-header-display":"","ast-hfb-mobile-header-display":"","site-post-title":"","ast-breadcrumbs-content":"","ast-featured-img":"","footer-sml-layout":"","ast-disable-related-posts":"","theme-transparent-header-meta":"default","adv-header-id-meta":"","stick-header-meta":"default","header-above-stick-meta":"","header-main-stick-meta":"","header-below-stick-meta":"","astra-migrate-meta-layouts":"default","ast-page-background-enabled":"default","ast-page-background-meta":{"desktop":{"background-color":"","background-image":"","background-repeat":"repeat","background-position":"center center","background-size":"auto","background-attachment":"scroll","background-type":"","background-media":"","overlay-type":"","overlay-color":"","overlay-opacity":"","overlay-gradient":""},"tablet":{"background-color":"","background-image":"","background-repeat":"repeat","background-position":"center center","background-size":"auto","background-attachment":"scroll","background-type":"","background-media":"","overlay-type":"","overlay-color":"","overlay-opacity":"","overlay-gradient":""},"mobile":{"background-color":"","background-image":"","background-repeat":"repeat","background-position":"center center","background-size":"auto","background-attachment":"scroll","background-type":"","background-media":"","overlay-type":"","overlay-color":"","overlay-opacity":"","overlay-gradient":""}},"ast-content-background-meta":{"desktop":{"background-color":"var(--ast-global-color-5)","background-image":"","background-repeat":"repeat","background-position":"center center","background-size":"auto","background-attachment":"scroll","background-type":"","background-media":"","overlay-type":"","overlay-color":"","overlay-opacity":"","overlay-gradient":""},"tablet":{"background-color":"var(--ast-global-color-5)","background-image":"","background-repeat":"repeat","background-position":"center center","background-size":"auto","background-attachment":"scroll","background-type":"","background-media":"","overlay-type":"","overlay-color":"","overlay-opacity":"","overlay-gradient":""},"mobile":{"background-color":"var(--ast-global-color-5)","background-image":"","background-repeat":"repeat","background-position":"center center","background-size":"auto","background-attachment":"scroll","background-type":"","background-media":"","overlay-type":"","overlay-color":"","overlay-opacity":"","overlay-gradient":""}}},"product_brand":[],"product_cat":[2077,2067,4691,3245,2511,2512],"product_tag":[],"class_list":{"0":"post-453485","1":"product","2":"type-product","3":"status-publish","4":"has-post-thumbnail","6":"product_cat-anfaenger-kits-pods","7":"product_cat-e-zigaretten","8":"product_cat-featured-e-cigarettes-de","9":"product_cat-geekvape-de-2","10":"product_cat-hardware-de","11":"product_cat-shop-by-brand-de","12":"desktop-align-center","13":"tablet-align-center","14":"mobile-align-center","15":"ast-product-gallery-layout-horizontal-slider","16":"ast-product-gallery-with-no-image","17":"ast-product-single-variable","18":"ast-product-tabs-layout-horizontal","20":"first","21":"instock","22":"sale","23":"featured","24":"taxable","25":"shipping-taxable","26":"purchasable","27":"product-type-variable"},"acf":[],"uagb_featured_image_src":{"full":["https:\/\/justvape.nu\/wp-content\/uploads\/2022\/08\/GeekVape_B60_AegisBoost2__GROUP_2048x2048_db0ffffa-ca57-4830-8347-2b02fb214ed4.webp",2048,2048,false],"thumbnail":["https:\/\/justvape.nu\/wp-content\/uploads\/2022\/08\/GeekVape_B60_AegisBoost2__GROUP_2048x2048_db0ffffa-ca57-4830-8347-2b02fb214ed4-150x150.webp",150,150,true],"medium":["https:\/\/justvape.nu\/wp-content\/uploads\/2022\/08\/GeekVape_B60_AegisBoost2__GROUP_2048x2048_db0ffffa-ca57-4830-8347-2b02fb214ed4-300x300.webp",300,300,true],"medium_large":["https:\/\/justvape.nu\/wp-content\/uploads\/2022\/08\/GeekVape_B60_AegisBoost2__GROUP_2048x2048_db0ffffa-ca57-4830-8347-2b02fb214ed4-768x768.webp",768,768,true],"large":["https:\/\/justvape.nu\/wp-content\/uploads\/2022\/08\/GeekVape_B60_AegisBoost2__GROUP_2048x2048_db0ffffa-ca57-4830-8347-2b02fb214ed4-1024x1024.webp",1024,1024,true],"1536x1536":["https:\/\/justvape.nu\/wp-content\/uploads\/2022\/08\/GeekVape_B60_AegisBoost2__GROUP_2048x2048_db0ffffa-ca57-4830-8347-2b02fb214ed4-1536x1536.webp",1536,1536,true],"2048x2048":["https:\/\/justvape.nu\/wp-content\/uploads\/2022\/08\/GeekVape_B60_AegisBoost2__GROUP_2048x2048_db0ffffa-ca57-4830-8347-2b02fb214ed4.webp",2048,2048,false],"woocommerce_thumbnail":["https:\/\/justvape.nu\/wp-content\/uploads\/2022\/08\/GeekVape_B60_AegisBoost2__GROUP_2048x2048_db0ffffa-ca57-4830-8347-2b02fb214ed4-300x300.webp",300,300,true],"woocommerce_single":["https:\/\/justvape.nu\/wp-content\/uploads\/2022\/08\/GeekVape_B60_AegisBoost2__GROUP_2048x2048_db0ffffa-ca57-4830-8347-2b02fb214ed4-600x600.webp",600,600,true],"woocommerce_gallery_thumbnail":["https:\/\/justvape.nu\/wp-content\/uploads\/2022\/08\/GeekVape_B60_AegisBoost2__GROUP_2048x2048_db0ffffa-ca57-4830-8347-2b02fb214ed4-100x100.webp",100,100,true],"dgwt-wcas-product-suggestion":["https:\/\/justvape.nu\/wp-content\/uploads\/2022\/08\/GeekVape_B60_AegisBoost2__GROUP_2048x2048_db0ffffa-ca57-4830-8347-2b02fb214ed4-64x64.webp",64,64,true]},"uagb_author_info":{"display_name":"JustVape.nu","author_link":"https:\/\/justvape.nu\/de\/author\/"},"uagb_comment_info":0,"uagb_excerpt":"GEEKVAPE - B60 (BOOST 2) VAPE KIT","_links":{"self":[{"href":"https:\/\/justvape.nu\/de\/wp-json\/wp\/v2\/product\/453485","targetHints":{"allow":["GET"]}}],"collection":[{"href":"https:\/\/justvape.nu\/de\/wp-json\/wp\/v2\/product"}],"about":[{"href":"https:\/\/justvape.nu\/de\/wp-json\/wp\/v2\/types\/product"}],"replies":[{"embeddable":true,"href":"https:\/\/justvape.nu\/de\/wp-json\/wp\/v2\/comments?post=453485"}],"wp:featuredmedia":[{"embeddable":true,"href":"https:\/\/justvape.nu\/de\/wp-json\/wp\/v2\/media\/664917"}],"wp:attachment":[{"href":"https:\/\/justvape.nu\/de\/wp-json\/wp\/v2\/media?parent=453485"}],"wp:term":[{"taxonomy":"product_brand","embeddable":true,"href":"https:\/\/justvape.nu\/de\/wp-json\/wp\/v2\/product_brand?post=453485"},{"taxonomy":"product_cat","embeddable":true,"href":"https:\/\/justvape.nu\/de\/wp-json\/wp\/v2\/product_cat?post=453485"},{"taxonomy":"product_tag","embeddable":true,"href":"https:\/\/justvape.nu\/de\/wp-json\/wp\/v2\/product_tag?post=453485"}],"curies":[{"name":"wp","href":"https:\/\/api.w.org\/{rel}","templated":true}]}}