{"id":453203,"date":"2022-08-01T22:26:40","date_gmt":"2022-08-01T20:26:40","guid":{"rendered":"https:\/\/justvape.nu\/produkt\/uwell-caliburn-a2s-pod-system\/"},"modified":"2026-03-29T11:43:07","modified_gmt":"2026-03-29T09:43:07","slug":"uwell-caliburn-a2s-pod-system-2","status":"publish","type":"product","link":"https:\/\/justvape.nu\/de\/produkt\/uwell-caliburn-a2s-pod-system-2\/","title":{"rendered":"UWELL &#8211; CALIBURN A2S POD SYSTEM"},"content":{"rendered":"<h2>UWELL &#8211; CALIBURN A2S POD SYSTEM &#8211; A2 WURDE NEU UND VERBESSERT<\/h2>\n<p>Das Uwell Caliburn A2S Pod-Kit ist schlank und stilvoll. Dies ist eine gro\u00dfartige Wahl des Kits f\u00fcr weniger erfahrene Dampfer, da es einfach zu bedienen ist, es liefert eine MTL (Mouth To Lung) vape. Der eingebaute 520-mAh-Akku sorgt daf\u00fcr, dass Sie zwischen den Ladevorg\u00e4ngen l\u00e4nger dampfen k\u00f6nnen. Jedes Kit enth\u00e4lt zwei nachf\u00fcllbare Caliburn A2-Pods mit 1,2 Ohm, die \u00fcber eine integrierte Mesh-Spule verf\u00fcgen, die f\u00fcr ein besseres Aroma sorgt.<\/p>\n<p>Dank des knopflosen Designs dieses Kits und der Inhalationsaktivierung k\u00f6nnen Sie durch Ziehen am Mundst\u00fcck dampfen. Dieses Kit verwendet auch eine feste Wattzahl, um einen gleichbleibenden Geschmack und eine gleichbleibende Dampfproduktion vom ersten bis zum letzten Zug zu gew\u00e4hrleisten. Es gibt ein kleines Fenster auf diesem Kit zu, so k\u00f6nnen Sie besser sehen, wie viel e-Fl\u00fcssigkeit in den Tank links.<\/p>\n<p>Die 1,2 Ohm Caliburn A2 Pods, die in diesem Kit enthalten sind, erm\u00f6glichen ein schnelles Nachf\u00fcllen und weniger Chaos. Dieses Kit verf\u00fcgt \u00fcber einen seitlichen F\u00fcllanschluss, der leicht entfernt werden kann, um den Pod mit Ihren Lieblings-E-Liquids aufzuf\u00fcllen. Die Spule ist in diesem pod gebaut, was bedeutet, dass es keine chaotisch Spule \u00c4nderungen entweder, wenn man fertig ist, k\u00f6nnen Sie es mit einem frischen ersetzen. Wir empfehlen, diese Pods mit 50\/50 und High PG E-Liquids zu kombinieren.<\/p>\n<p><strong>Bitte beachten Sie: Dieses Kit wird nicht mit einem USB-C-Ladekabel verkauft und ist separat erh\u00e4ltlich.<\/strong><\/p>\n<p><img loading=\"lazy\" decoding=\"async\" class=\"alignnone size-full wp-image-383695\" src=\"https:\/\/justvape.nu\/wp-content\/uploads\/2021\/05\/Color-Scheme.png\" alt=\"\" width=\"950\" height=\"64\" title=\"\" srcset=\"https:\/\/justvape.nu\/wp-content\/uploads\/2021\/05\/Color-Scheme.png 950w, https:\/\/justvape.nu\/wp-content\/uploads\/2021\/05\/Color-Scheme-600x40.png 600w, https:\/\/justvape.nu\/wp-content\/uploads\/2021\/05\/Color-Scheme-64x4.png 64w, https:\/\/justvape.nu\/wp-content\/uploads\/2021\/05\/Color-Scheme-300x20.png 300w, https:\/\/justvape.nu\/wp-content\/uploads\/2021\/05\/Color-Scheme-768x52.png 768w\" sizes=\"auto, (max-width: 950px) 100vw, 950px\" \/><\/p>\n<p><img loading=\"lazy\" decoding=\"async\" class=\"alignnone size-full wp-image-452937\" src=\"https:\/\/justvape.nu\/wp-content\/uploads\/2022\/08\/Uwell-CALIBURN-A2S-Pod-System-Kit_500x.jpg\" alt=\"\" width=\"757\" height=\"319\" title=\"\" srcset=\"https:\/\/justvape.nu\/wp-content\/uploads\/2022\/08\/Uwell-CALIBURN-A2S-Pod-System-Kit_500x.jpg 757w, https:\/\/justvape.nu\/wp-content\/uploads\/2022\/08\/Uwell-CALIBURN-A2S-Pod-System-Kit_500x-300x126.jpg 300w, https:\/\/justvape.nu\/wp-content\/uploads\/2022\/08\/Uwell-CALIBURN-A2S-Pod-System-Kit_500x-600x253.jpg 600w, https:\/\/justvape.nu\/wp-content\/uploads\/2022\/08\/Uwell-CALIBURN-A2S-Pod-System-Kit_500x-64x27.jpg 64w\" sizes=\"auto, (max-width: 757px) 100vw, 757px\" \/><\/p>\n<p><img loading=\"lazy\" decoding=\"async\" class=\"alignnone size-full wp-image-229154\" src=\"https:\/\/justvape.nu\/wp-content\/uploads\/2018\/04\/Packing-List.png\" alt=\"\" width=\"950\" height=\"64\" title=\"\" srcset=\"https:\/\/justvape.nu\/wp-content\/uploads\/2018\/04\/Packing-List.png 950w, https:\/\/justvape.nu\/wp-content\/uploads\/2018\/04\/Packing-List-600x40.png 600w, https:\/\/justvape.nu\/wp-content\/uploads\/2018\/04\/Packing-List-64x4.png 64w, https:\/\/justvape.nu\/wp-content\/uploads\/2018\/04\/Packing-List-300x20.png 300w, https:\/\/justvape.nu\/wp-content\/uploads\/2018\/04\/Packing-List-768x52.png 768w\" sizes=\"auto, (max-width: 950px) 100vw, 950px\" \/><\/p>\n<ul>\n<li>Caliburn A2S Ger\u00e4t<\/li>\n<li>2 x 1.2 Ohm Uwell Caliburn A2 Side Refilling Pod und mit 1.2 Ohm Uwell Caliburn A2S Side Refilling Pod<\/li>\n<li>Benutzerhandbuch<\/li>\n<\/ul>\n","protected":false},"excerpt":{"rendered":"<p>UWELL &#8211; CALIBURN A2S POD SYSTEM<\/p>\n","protected":false},"featured_media":452951,"comment_status":"open","ping_status":"closed","template":"","meta":{"_acf_changed":false,"_uag_custom_page_level_css":"","site-sidebar-layout":"default","site-content-layout":"default","ast-site-content-layout":"default","site-content-style":"default","site-sidebar-style":"default","ast-global-header-display":"","ast-banner-title-visibility":"","ast-main-header-display":"","ast-hfb-above-header-display":"","ast-hfb-below-header-display":"","ast-hfb-mobile-header-display":"","site-post-title":"","ast-breadcrumbs-content":"","ast-featured-img":"","footer-sml-layout":"","ast-disable-related-posts":"","theme-transparent-header-meta":"default","adv-header-id-meta":"","stick-header-meta":"default","header-above-stick-meta":"","header-main-stick-meta":"","header-below-stick-meta":"","astra-migrate-meta-layouts":"default","ast-page-background-enabled":"default","ast-page-background-meta":{"desktop":{"background-color":"","background-image":"","background-repeat":"repeat","background-position":"center center","background-size":"auto","background-attachment":"scroll","background-type":"","background-media":"","overlay-type":"","overlay-color":"","overlay-opacity":"","overlay-gradient":""},"tablet":{"background-color":"","background-image":"","background-repeat":"repeat","background-position":"center center","background-size":"auto","background-attachment":"scroll","background-type":"","background-media":"","overlay-type":"","overlay-color":"","overlay-opacity":"","overlay-gradient":""},"mobile":{"background-color":"","background-image":"","background-repeat":"repeat","background-position":"center center","background-size":"auto","background-attachment":"scroll","background-type":"","background-media":"","overlay-type":"","overlay-color":"","overlay-opacity":"","overlay-gradient":""}},"ast-content-background-meta":{"desktop":{"background-color":"var(--ast-global-color-5)","background-image":"","background-repeat":"repeat","background-position":"center center","background-size":"auto","background-attachment":"scroll","background-type":"","background-media":"","overlay-type":"","overlay-color":"","overlay-opacity":"","overlay-gradient":""},"tablet":{"background-color":"var(--ast-global-color-5)","background-image":"","background-repeat":"repeat","background-position":"center center","background-size":"auto","background-attachment":"scroll","background-type":"","background-media":"","overlay-type":"","overlay-color":"","overlay-opacity":"","overlay-gradient":""},"mobile":{"background-color":"var(--ast-global-color-5)","background-image":"","background-repeat":"repeat","background-position":"center center","background-size":"auto","background-attachment":"scroll","background-type":"","background-media":"","overlay-type":"","overlay-color":"","overlay-opacity":"","overlay-gradient":""}}},"product_brand":[],"product_cat":[2077,1967,2067,4691,2511,2512,3434],"product_tag":[],"class_list":{"0":"post-453203","1":"product","2":"type-product","3":"status-publish","4":"has-post-thumbnail","6":"product_cat-anfaenger-kits-pods","7":"product_cat-bietet-an","8":"product_cat-e-zigaretten","9":"product_cat-featured-e-cigarettes-de","10":"product_cat-hardware-de","11":"product_cat-shop-by-brand-de","12":"product_cat-uwell-de","13":"desktop-align-center","14":"tablet-align-center","15":"mobile-align-center","16":"ast-product-gallery-layout-horizontal-slider","17":"ast-product-gallery-with-no-image","18":"ast-product-single-variable","19":"ast-product-tabs-layout-horizontal","21":"first","22":"instock","23":"sale","24":"featured","25":"taxable","26":"shipping-taxable","27":"purchasable","28":"product-type-variable"},"acf":[],"uagb_featured_image_src":{"full":["https:\/\/justvape.nu\/wp-content\/uploads\/2022\/08\/uwell-caliburn-a2s-pod-kit-e-zigaretten-set.jpg",600,600,false],"thumbnail":["https:\/\/justvape.nu\/wp-content\/uploads\/2022\/08\/uwell-caliburn-a2s-pod-kit-e-zigaretten-set-150x150.jpg",150,150,true],"medium":["https:\/\/justvape.nu\/wp-content\/uploads\/2022\/08\/uwell-caliburn-a2s-pod-kit-e-zigaretten-set-300x300.jpg",300,300,true],"medium_large":["https:\/\/justvape.nu\/wp-content\/uploads\/2022\/08\/uwell-caliburn-a2s-pod-kit-e-zigaretten-set.jpg",600,600,false],"large":["https:\/\/justvape.nu\/wp-content\/uploads\/2022\/08\/uwell-caliburn-a2s-pod-kit-e-zigaretten-set.jpg",600,600,false],"1536x1536":["https:\/\/justvape.nu\/wp-content\/uploads\/2022\/08\/uwell-caliburn-a2s-pod-kit-e-zigaretten-set.jpg",600,600,false],"2048x2048":["https:\/\/justvape.nu\/wp-content\/uploads\/2022\/08\/uwell-caliburn-a2s-pod-kit-e-zigaretten-set.jpg",600,600,false],"woocommerce_thumbnail":["https:\/\/justvape.nu\/wp-content\/uploads\/2022\/08\/uwell-caliburn-a2s-pod-kit-e-zigaretten-set-300x300.jpg",300,300,true],"woocommerce_single":["https:\/\/justvape.nu\/wp-content\/uploads\/2022\/08\/uwell-caliburn-a2s-pod-kit-e-zigaretten-set.jpg",600,600,false],"woocommerce_gallery_thumbnail":["https:\/\/justvape.nu\/wp-content\/uploads\/2022\/08\/uwell-caliburn-a2s-pod-kit-e-zigaretten-set-100x100.jpg",100,100,true],"dgwt-wcas-product-suggestion":["https:\/\/justvape.nu\/wp-content\/uploads\/2022\/08\/uwell-caliburn-a2s-pod-kit-e-zigaretten-set-64x64.jpg",64,64,true]},"uagb_author_info":{"display_name":"JustVape.nu","author_link":"https:\/\/justvape.nu\/de\/author\/"},"uagb_comment_info":0,"uagb_excerpt":"UWELL - CALIBURN A2S POD SYSTEM","_links":{"self":[{"href":"https:\/\/justvape.nu\/de\/wp-json\/wp\/v2\/product\/453203","targetHints":{"allow":["GET"]}}],"collection":[{"href":"https:\/\/justvape.nu\/de\/wp-json\/wp\/v2\/product"}],"about":[{"href":"https:\/\/justvape.nu\/de\/wp-json\/wp\/v2\/types\/product"}],"replies":[{"embeddable":true,"href":"https:\/\/justvape.nu\/de\/wp-json\/wp\/v2\/comments?post=453203"}],"wp:featuredmedia":[{"embeddable":true,"href":"https:\/\/justvape.nu\/de\/wp-json\/wp\/v2\/media\/452951"}],"wp:attachment":[{"href":"https:\/\/justvape.nu\/de\/wp-json\/wp\/v2\/media?parent=453203"}],"wp:term":[{"taxonomy":"product_brand","embeddable":true,"href":"https:\/\/justvape.nu\/de\/wp-json\/wp\/v2\/product_brand?post=453203"},{"taxonomy":"product_cat","embeddable":true,"href":"https:\/\/justvape.nu\/de\/wp-json\/wp\/v2\/product_cat?post=453203"},{"taxonomy":"product_tag","embeddable":true,"href":"https:\/\/justvape.nu\/de\/wp-json\/wp\/v2\/product_tag?post=453203"}],"curies":[{"name":"wp","href":"https:\/\/api.w.org\/{rel}","templated":true}]}}