{"id":450163,"date":"2022-07-19T11:36:56","date_gmt":"2022-07-19T09:36:56","guid":{"rendered":"https:\/\/justvape.nu\/produkt\/aspire-riil-x-pod\/"},"modified":"2023-04-18T02:46:52","modified_gmt":"2023-04-18T00:46:52","slug":"aspire-riil-x-pod-2","status":"publish","type":"product","link":"https:\/\/justvape.nu\/de\/produkt\/aspire-riil-x-pod-2\/","title":{"rendered":"ASPIRE &#8211; RIIL X POD"},"content":{"rendered":"<h2>ASPIRE &#8211; RIIL X POD<\/h2>\n<p>Der Aspire RiiL X Ersatz-Pod hat ein Fassungsverm\u00f6gen von 2ml E-Liquid und wurde speziell f\u00fcr den Gebrauch mit dem Aspire RiiL X Vape Kit entwickelt. Sie unterst\u00fctzen das MTL (Mouth To Lung)-Vapen f\u00fcr eine diskretere Dampfmenge, die das Gef\u00fchl einer Zigarette nachahmt, was f\u00fcr Umsteiger vom Rauchen zum Dampfen sehr hilfreich sein kann. Der Schieberegler f\u00fcr die Luftstromsteuerung erm\u00f6glicht auch das Einatmen im RDTL-Stil (Restricted Direct to Lung), sodass Sie noch mehr M\u00f6glichkeiten haben.<\/p>\n<p><strong>Eigenschaften:<\/strong><\/p>\n<ul>\n<li>2ml Nachf\u00fcllbare Pods<\/li>\n<li>MTL &amp; RDTL Vaping<\/li>\n<li>Seitliche F\u00fcllung<\/li>\n<li>Kompatibel mit Mesh-Spulen<\/li>\n<\/ul>\n<p>Die Pods haben ein Fassungsverm\u00f6gen von 2 ml und lassen sich dank der seitlichen F\u00fcllfunktion einfach nachf\u00fcllen. Die 0,6-Ohm-Spule erzeugt etwas gr\u00f6\u00dfere Dampfwolken als die 1,0-Ohm-Version, aber beide sind aus der Aspire AF-Spulenreihe und wurden entwickelt, um diskrete Dampfmengen zu erzeugen. Wir empfehlen, die Coils mit 50% PG e-Liquids oder h\u00f6her f\u00fcr beste Ergebnisse zu kombinieren. Sie werden auch einen volleren Geschmack erleben, da die Mesh-Spule das E-Liquid schneller erhitzt. Dar\u00fcber hinaus k\u00f6nnen Sie mit dem einstellbaren Luftstrom ein engeres oder lockereres Gef\u00fchl beim Einatmen einstellen.<\/p>\n<p><strong>Enth\u00e4lt<\/strong><\/p>\n<ul>\n<li>1 x Aspire RiiL X Pod<\/li>\n<\/ul>\n","protected":false},"excerpt":{"rendered":"<p>ASPIRE &#8211; RIIL X POD<\/p>\n","protected":false},"featured_media":449773,"comment_status":"open","ping_status":"closed","template":"","meta":{"_acf_changed":false,"_uag_custom_page_level_css":"","site-sidebar-layout":"default","site-content-layout":"default","ast-site-content-layout":"default","site-content-style":"default","site-sidebar-style":"default","ast-global-header-display":"","ast-banner-title-visibility":"","ast-main-header-display":"","ast-hfb-above-header-display":"","ast-hfb-below-header-display":"","ast-hfb-mobile-header-display":"","site-post-title":"","ast-breadcrumbs-content":"","ast-featured-img":"","footer-sml-layout":"","ast-disable-related-posts":"","theme-transparent-header-meta":"default","adv-header-id-meta":"","stick-header-meta":"default","header-above-stick-meta":"","header-main-stick-meta":"","header-below-stick-meta":"","astra-migrate-meta-layouts":"default","ast-page-background-enabled":"default","ast-page-background-meta":{"desktop":{"background-color":"","background-image":"","background-repeat":"repeat","background-position":"center center","background-size":"auto","background-attachment":"scroll","background-type":"","background-media":"","overlay-type":"","overlay-color":"","overlay-opacity":"","overlay-gradient":""},"tablet":{"background-color":"","background-image":"","background-repeat":"repeat","background-position":"center center","background-size":"auto","background-attachment":"scroll","background-type":"","background-media":"","overlay-type":"","overlay-color":"","overlay-opacity":"","overlay-gradient":""},"mobile":{"background-color":"","background-image":"","background-repeat":"repeat","background-position":"center center","background-size":"auto","background-attachment":"scroll","background-type":"","background-media":"","overlay-type":"","overlay-color":"","overlay-opacity":"","overlay-gradient":""}},"ast-content-background-meta":{"desktop":{"background-color":"var(--ast-global-color-5)","background-image":"","background-repeat":"repeat","background-position":"center center","background-size":"auto","background-attachment":"scroll","background-type":"","background-media":"","overlay-type":"","overlay-color":"","overlay-opacity":"","overlay-gradient":""},"tablet":{"background-color":"var(--ast-global-color-5)","background-image":"","background-repeat":"repeat","background-position":"center center","background-size":"auto","background-attachment":"scroll","background-type":"","background-media":"","overlay-type":"","overlay-color":"","overlay-opacity":"","overlay-gradient":""},"mobile":{"background-color":"var(--ast-global-color-5)","background-image":"","background-repeat":"repeat","background-position":"center center","background-size":"auto","background-attachment":"scroll","background-type":"","background-media":"","overlay-type":"","overlay-color":"","overlay-opacity":"","overlay-gradient":""}}},"product_brand":[],"product_cat":[2057,1977],"product_tag":[],"class_list":{"0":"post-450163","1":"product","2":"type-product","3":"status-publish","4":"has-post-thumbnail","6":"product_cat-spulen-huelsen","7":"product_cat-tanks-spulen","8":"desktop-align-center","9":"tablet-align-center","10":"mobile-align-center","11":"ast-product-gallery-layout-horizontal-slider","12":"ast-product-gallery-with-no-image","13":"ast-product-tabs-layout-horizontal","15":"first","16":"instock","17":"sale","18":"taxable","19":"shipping-taxable","20":"purchasable","21":"product-type-simple"},"acf":[],"uagb_featured_image_src":{"full":["https:\/\/justvape.nu\/wp-content\/uploads\/2022\/07\/Riil-X-Replacement-Pod.webp",700,700,false],"thumbnail":["https:\/\/justvape.nu\/wp-content\/uploads\/2022\/07\/Riil-X-Replacement-Pod-150x150.webp",150,150,true],"medium":["https:\/\/justvape.nu\/wp-content\/uploads\/2022\/07\/Riil-X-Replacement-Pod-300x300.webp",300,300,true],"medium_large":["https:\/\/justvape.nu\/wp-content\/uploads\/2022\/07\/Riil-X-Replacement-Pod.webp",700,700,false],"large":["https:\/\/justvape.nu\/wp-content\/uploads\/2022\/07\/Riil-X-Replacement-Pod.webp",700,700,false],"1536x1536":["https:\/\/justvape.nu\/wp-content\/uploads\/2022\/07\/Riil-X-Replacement-Pod.webp",700,700,false],"2048x2048":["https:\/\/justvape.nu\/wp-content\/uploads\/2022\/07\/Riil-X-Replacement-Pod.webp",700,700,false],"woocommerce_thumbnail":["https:\/\/justvape.nu\/wp-content\/uploads\/2022\/07\/Riil-X-Replacement-Pod-300x300.webp",300,300,true],"woocommerce_single":["https:\/\/justvape.nu\/wp-content\/uploads\/2022\/07\/Riil-X-Replacement-Pod-600x600.webp",600,600,true],"woocommerce_gallery_thumbnail":["https:\/\/justvape.nu\/wp-content\/uploads\/2022\/07\/Riil-X-Replacement-Pod-100x100.webp",100,100,true],"dgwt-wcas-product-suggestion":["https:\/\/justvape.nu\/wp-content\/uploads\/2022\/07\/Riil-X-Replacement-Pod-64x64.webp",64,64,true]},"uagb_author_info":{"display_name":"JustVape.nu","author_link":"https:\/\/justvape.nu\/de\/author\/"},"uagb_comment_info":0,"uagb_excerpt":"ASPIRE - RIIL X POD","_links":{"self":[{"href":"https:\/\/justvape.nu\/de\/wp-json\/wp\/v2\/product\/450163","targetHints":{"allow":["GET"]}}],"collection":[{"href":"https:\/\/justvape.nu\/de\/wp-json\/wp\/v2\/product"}],"about":[{"href":"https:\/\/justvape.nu\/de\/wp-json\/wp\/v2\/types\/product"}],"replies":[{"embeddable":true,"href":"https:\/\/justvape.nu\/de\/wp-json\/wp\/v2\/comments?post=450163"}],"wp:featuredmedia":[{"embeddable":true,"href":"https:\/\/justvape.nu\/de\/wp-json\/wp\/v2\/media\/449773"}],"wp:attachment":[{"href":"https:\/\/justvape.nu\/de\/wp-json\/wp\/v2\/media?parent=450163"}],"wp:term":[{"taxonomy":"product_brand","embeddable":true,"href":"https:\/\/justvape.nu\/de\/wp-json\/wp\/v2\/product_brand?post=450163"},{"taxonomy":"product_cat","embeddable":true,"href":"https:\/\/justvape.nu\/de\/wp-json\/wp\/v2\/product_cat?post=450163"},{"taxonomy":"product_tag","embeddable":true,"href":"https:\/\/justvape.nu\/de\/wp-json\/wp\/v2\/product_tag?post=450163"}],"curies":[{"name":"wp","href":"https:\/\/api.w.org\/{rel}","templated":true}]}}