{"id":447113,"date":"2022-07-03T11:59:16","date_gmt":"2022-07-03T09:59:16","guid":{"rendered":"https:\/\/justvape.nu\/produkt\/innokin-go-z-tank\/"},"modified":"2023-01-29T20:19:15","modified_gmt":"2023-01-29T19:19:15","slug":"innokin-go-z-tank-2","status":"publish","type":"product","link":"https:\/\/justvape.nu\/de\/produkt\/innokin-go-z-tank-2\/","title":{"rendered":"INNOKIN &#8211; GO Z TANK"},"content":{"rendered":"<h2>INNOKIN &#8211; GO Z TANK<\/h2>\n<p>Der Innokin GO Z Tank ist so konzipiert, dass er ein hochwertiges MTL-Dampferlebnis bietet. Er ist f\u00fcr die Verwendung mit dem Innokin GO Z Pen-Kit konzipiert und wird an die Oberseite des Akkus geschraubt. Das F\u00fcllsystem erm\u00f6glicht ein einfaches und unkompliziertes Auff\u00fcllen des Tanks mit E-Liquid. Schieben Sie einfach den Deckel auf, um den E-Liquid-Einlass freizulegen. Dr\u00fccken Sie die Spitze der E-Liquid-Flasche durch die Silikondichtung und f\u00fcllen Sie sie. Dies bietet einen zus\u00e4tzlichen Schutz vor Leckagen. Das Top-Fill-System bedeutet auch, dass es nicht aus dem Kit entfernt werden muss, um Vape-Liquid hinzuzuf\u00fcgen. Der Luftstrom kann durch Drehen des Rings am Boden des Tanks eingestellt werden, um die Gr\u00f6\u00dfe des Lufteinlasses zu erh\u00f6hen oder zu verringern. Die pr\u00e4zisen Luftl\u00f6cher sorgen f\u00fcr einen begrenzten Zug, der f\u00fcr MTL-Vaping geeignet ist. Plus, die 1,6ohm Innokin Z Spule bietet gro\u00dfen Geschmack von 50\/50 e-Fl\u00fcssigkeit und Nik Salze.<\/p>\n<p><img loading=\"lazy\" decoding=\"async\" class=\"alignnone size-full wp-image-446973\" src=\"https:\/\/justvape.nu\/wp-content\/uploads\/2022\/07\/Innokin-GO-Z-2ml-%CE%91%CF%84%CE%BC%CE%BF%CF%80%CE%BF%CE%B9%CE%B7%CF%84%CE%AE%CF%82-banner-10.jpg\" alt=\"\" width=\"950\" height=\"384\" title=\"\"><\/p>\n<h3>KIT-INHALT<\/h3>\n<ul>\n<li>1 x Innokin GO Z Tank<\/li>\n<li>1 x Innokin Z Spule<\/li>\n<\/ul>\n","protected":false},"excerpt":{"rendered":"<p>INNOKIN &#8211; GO Z TANK<\/p>\n","protected":false},"featured_media":446987,"comment_status":"open","ping_status":"closed","template":"","meta":{"_acf_changed":false,"_uag_custom_page_level_css":"","site-sidebar-layout":"default","site-content-layout":"default","ast-site-content-layout":"default","site-content-style":"default","site-sidebar-style":"default","ast-global-header-display":"","ast-banner-title-visibility":"","ast-main-header-display":"","ast-hfb-above-header-display":"","ast-hfb-below-header-display":"","ast-hfb-mobile-header-display":"","site-post-title":"","ast-breadcrumbs-content":"","ast-featured-img":"","footer-sml-layout":"","ast-disable-related-posts":"","theme-transparent-header-meta":"default","adv-header-id-meta":"","stick-header-meta":"default","header-above-stick-meta":"","header-main-stick-meta":"","header-below-stick-meta":"","astra-migrate-meta-layouts":"default","ast-page-background-enabled":"default","ast-page-background-meta":{"desktop":{"background-color":"","background-image":"","background-repeat":"repeat","background-position":"center center","background-size":"auto","background-attachment":"scroll","background-type":"","background-media":"","overlay-type":"","overlay-color":"","overlay-opacity":"","overlay-gradient":""},"tablet":{"background-color":"","background-image":"","background-repeat":"repeat","background-position":"center center","background-size":"auto","background-attachment":"scroll","background-type":"","background-media":"","overlay-type":"","overlay-color":"","overlay-opacity":"","overlay-gradient":""},"mobile":{"background-color":"","background-image":"","background-repeat":"repeat","background-position":"center center","background-size":"auto","background-attachment":"scroll","background-type":"","background-media":"","overlay-type":"","overlay-color":"","overlay-opacity":"","overlay-gradient":""}},"ast-content-background-meta":{"desktop":{"background-color":"var(--ast-global-color-5)","background-image":"","background-repeat":"repeat","background-position":"center center","background-size":"auto","background-attachment":"scroll","background-type":"","background-media":"","overlay-type":"","overlay-color":"","overlay-opacity":"","overlay-gradient":""},"tablet":{"background-color":"var(--ast-global-color-5)","background-image":"","background-repeat":"repeat","background-position":"center center","background-size":"auto","background-attachment":"scroll","background-type":"","background-media":"","overlay-type":"","overlay-color":"","overlay-opacity":"","overlay-gradient":""},"mobile":{"background-color":"var(--ast-global-color-5)","background-image":"","background-repeat":"repeat","background-position":"center center","background-size":"auto","background-attachment":"scroll","background-type":"","background-media":"","overlay-type":"","overlay-color":"","overlay-opacity":"","overlay-gradient":""}}},"product_brand":[],"product_cat":[2511,2537,2037,2512,1977],"product_tag":[],"class_list":{"0":"post-447113","1":"product","2":"type-product","3":"status-publish","4":"has-post-thumbnail","6":"product_cat-hardware-de","7":"product_cat-innokin-de","8":"product_cat-panzer","9":"product_cat-shop-by-brand-de","10":"product_cat-tanks-spulen","11":"desktop-align-center","12":"tablet-align-center","13":"mobile-align-center","14":"ast-product-gallery-layout-horizontal-slider","15":"ast-product-gallery-with-no-image","16":"ast-product-single-variable","17":"ast-product-tabs-layout-horizontal","19":"first","20":"instock","21":"sale","22":"taxable","23":"shipping-taxable","24":"purchasable","25":"product-type-variable"},"acf":[],"uagb_featured_image_src":{"full":["https:\/\/justvape.nu\/wp-content\/uploads\/2022\/07\/innokin-go-z-atomizer-2ml-vb030242-786x786-1.jpg",786,786,false],"thumbnail":["https:\/\/justvape.nu\/wp-content\/uploads\/2022\/07\/innokin-go-z-atomizer-2ml-vb030242-786x786-1-150x150.jpg",150,150,true],"medium":["https:\/\/justvape.nu\/wp-content\/uploads\/2022\/07\/innokin-go-z-atomizer-2ml-vb030242-786x786-1-300x300.jpg",300,300,true],"medium_large":["https:\/\/justvape.nu\/wp-content\/uploads\/2022\/07\/innokin-go-z-atomizer-2ml-vb030242-786x786-1-768x768.jpg",768,768,true],"large":["https:\/\/justvape.nu\/wp-content\/uploads\/2022\/07\/innokin-go-z-atomizer-2ml-vb030242-786x786-1.jpg",786,786,false],"1536x1536":["https:\/\/justvape.nu\/wp-content\/uploads\/2022\/07\/innokin-go-z-atomizer-2ml-vb030242-786x786-1.jpg",786,786,false],"2048x2048":["https:\/\/justvape.nu\/wp-content\/uploads\/2022\/07\/innokin-go-z-atomizer-2ml-vb030242-786x786-1.jpg",786,786,false],"woocommerce_thumbnail":["https:\/\/justvape.nu\/wp-content\/uploads\/2022\/07\/innokin-go-z-atomizer-2ml-vb030242-786x786-1-300x300.jpg",300,300,true],"woocommerce_single":["https:\/\/justvape.nu\/wp-content\/uploads\/2022\/07\/innokin-go-z-atomizer-2ml-vb030242-786x786-1-600x600.jpg",600,600,true],"woocommerce_gallery_thumbnail":["https:\/\/justvape.nu\/wp-content\/uploads\/2022\/07\/innokin-go-z-atomizer-2ml-vb030242-786x786-1-100x100.jpg",100,100,true],"dgwt-wcas-product-suggestion":["https:\/\/justvape.nu\/wp-content\/uploads\/2022\/07\/innokin-go-z-atomizer-2ml-vb030242-786x786-1-64x64.jpg",64,64,true]},"uagb_author_info":{"display_name":"JustVape.nu","author_link":"https:\/\/justvape.nu\/de\/author\/"},"uagb_comment_info":0,"uagb_excerpt":"INNOKIN - GO Z TANK","_links":{"self":[{"href":"https:\/\/justvape.nu\/de\/wp-json\/wp\/v2\/product\/447113","targetHints":{"allow":["GET"]}}],"collection":[{"href":"https:\/\/justvape.nu\/de\/wp-json\/wp\/v2\/product"}],"about":[{"href":"https:\/\/justvape.nu\/de\/wp-json\/wp\/v2\/types\/product"}],"replies":[{"embeddable":true,"href":"https:\/\/justvape.nu\/de\/wp-json\/wp\/v2\/comments?post=447113"}],"wp:featuredmedia":[{"embeddable":true,"href":"https:\/\/justvape.nu\/de\/wp-json\/wp\/v2\/media\/446987"}],"wp:attachment":[{"href":"https:\/\/justvape.nu\/de\/wp-json\/wp\/v2\/media?parent=447113"}],"wp:term":[{"taxonomy":"product_brand","embeddable":true,"href":"https:\/\/justvape.nu\/de\/wp-json\/wp\/v2\/product_brand?post=447113"},{"taxonomy":"product_cat","embeddable":true,"href":"https:\/\/justvape.nu\/de\/wp-json\/wp\/v2\/product_cat?post=447113"},{"taxonomy":"product_tag","embeddable":true,"href":"https:\/\/justvape.nu\/de\/wp-json\/wp\/v2\/product_tag?post=447113"}],"curies":[{"name":"wp","href":"https:\/\/api.w.org\/{rel}","templated":true}]}}