{"id":445191,"date":"2022-06-27T23:35:26","date_gmt":"2022-06-27T21:35:26","guid":{"rendered":"https:\/\/justvape.nu\/produkt\/voopoo-argus-pod-kit\/"},"modified":"2026-03-08T13:08:09","modified_gmt":"2026-03-08T12:08:09","slug":"voopoo-argus-pod-kit-2","status":"publish","type":"product","link":"https:\/\/justvape.nu\/de\/produkt\/voopoo-argus-pod-kit-2\/","title":{"rendered":"VOOPOO &#8211; ARGUS POD KIT"},"content":{"rendered":"<h2>VOOPOO &#8211; ARGUS POD KIT<\/h2>\n<p>Die raffinierte Zinklegierung und das Ledermaterial des Argus Pods sorgen f\u00fcr ein angenehmes und ergonomisches Handgef\u00fchl und sind gleichzeitig kompakt und langlebig &#8211; perfekt f\u00fcr den t\u00e4glichen Gebrauch. Voopoo hat mit dem austauschbaren Pod mit dem neu geformten Mundst\u00fcck, das sich perfekt an die Lippen anpasst, f\u00fcr ein noch besseres Verdampfungserlebnis zur\u00fcck zum Zeichenbrett gegangen.<\/p>\n<p>Nach Tausenden von Tests hat VooPoo den optimalen Luftstrom entwickelt. Der 4-Loch-Lufteinlass vergr\u00f6\u00dfert den Luftstrom und der Luftstrompufferraum sorgt f\u00fcr einen gleichm\u00e4\u00dfigen und konsistenten Vape und Geschmack. Der Argus Pod wird von dem GENE.AI 1.2 Chipsatz angetrieben, der eine pr\u00e4zise Leistung von 20 W liefert und gleichzeitig alle notwendigen Daten auf dem 0,69&#8243; OLED-Bildschirm aufzeichnet und bereitstellt, wie z.B. Akkukapazit\u00e4t in Echtzeit, Puffs, Verdampfungszeit, Spulenwiderstand und Wattzahl.<\/p>\n<p>Im Gegensatz zu vielen anderen Ger\u00e4ten auf dem Markt hat VooPoo eine vereinfachte Vollsicht-Patrone entwickelt, die es einfacher macht, den Fl\u00fcssigkeitsstand zu sehen, ohne die Patrone entfernen zu m\u00fcssen, wenn die Fl\u00fcssigkeit zur Neige geht &#8211; einfach die Patrone herausnehmen, umdrehen und \u00fcber den seitlichen F\u00fcllstutzen auff\u00fcllen.<\/p>\n<p><img loading=\"lazy\" decoding=\"async\" class=\"alignnone size-full wp-image-383695\" src=\"https:\/\/justvape.nu\/wp-content\/uploads\/2021\/05\/Color-Scheme.png\" alt=\"\" width=\"950\" height=\"64\" title=\"\" srcset=\"https:\/\/justvape.nu\/wp-content\/uploads\/2021\/05\/Color-Scheme.png 950w, https:\/\/justvape.nu\/wp-content\/uploads\/2021\/05\/Color-Scheme-600x40.png 600w, https:\/\/justvape.nu\/wp-content\/uploads\/2021\/05\/Color-Scheme-64x4.png 64w, https:\/\/justvape.nu\/wp-content\/uploads\/2021\/05\/Color-Scheme-300x20.png 300w, https:\/\/justvape.nu\/wp-content\/uploads\/2021\/05\/Color-Scheme-768x52.png 768w\" sizes=\"auto, (max-width: 950px) 100vw, 950px\" \/><\/p>\n<p class=\"description-img-center\"><img loading=\"lazy\" decoding=\"async\" class=\"alignnone size-full wp-image-444722\" src=\"https:\/\/justvape.nu\/wp-content\/uploads\/2022\/06\/VOOPOO_Argus_Pod_Kit_Colors.jpg\" alt=\"\" width=\"831\" height=\"323\" title=\"\" srcset=\"https:\/\/justvape.nu\/wp-content\/uploads\/2022\/06\/VOOPOO_Argus_Pod_Kit_Colors.jpg 831w, https:\/\/justvape.nu\/wp-content\/uploads\/2022\/06\/VOOPOO_Argus_Pod_Kit_Colors-300x117.jpg 300w, https:\/\/justvape.nu\/wp-content\/uploads\/2022\/06\/VOOPOO_Argus_Pod_Kit_Colors-768x299.jpg 768w, https:\/\/justvape.nu\/wp-content\/uploads\/2022\/06\/VOOPOO_Argus_Pod_Kit_Colors-600x233.jpg 600w, https:\/\/justvape.nu\/wp-content\/uploads\/2022\/06\/VOOPOO_Argus_Pod_Kit_Colors-64x25.jpg 64w\" sizes=\"auto, (max-width: 831px) 100vw, 831px\" \/><\/p>\n<div class=\"shop-features \">\n<h2 class=\"shop-features-title \"><img loading=\"lazy\" decoding=\"async\" class=\"alignnone size-full wp-image-390997\" src=\"https:\/\/justvape.nu\/wp-content\/uploads\/2021\/06\/Specifications1.png\" alt=\"\" width=\"950\" height=\"64\" title=\"\" srcset=\"https:\/\/justvape.nu\/wp-content\/uploads\/2021\/06\/Specifications1.png 950w, https:\/\/justvape.nu\/wp-content\/uploads\/2021\/06\/Specifications1-600x40.png 600w, https:\/\/justvape.nu\/wp-content\/uploads\/2021\/06\/Specifications1-64x4.png 64w, https:\/\/justvape.nu\/wp-content\/uploads\/2021\/06\/Specifications1-300x20.png 300w, https:\/\/justvape.nu\/wp-content\/uploads\/2021\/06\/Specifications1-768x52.png 768w\" sizes=\"auto, (max-width: 950px) 100vw, 950px\" \/><\/h2>\n<\/div>\n<p><strong class=\"description-little-title\">VOOPOO Argus Pod Parameter:<\/strong><\/p>\n<table class=\"description-table\">\n<tbody>\n<tr>\n<td class=\"strong-title \">Marke<\/td>\n<td class=\"inline\">VOOPOO<\/td>\n<\/tr>\n<tr>\n<td class=\"strong-title \">Produktname<\/td>\n<td class=\"inline\">Argus-Pod-Kit<\/td>\n<\/tr>\n<tr>\n<td class=\"strong-title \">Pod-Kapazit\u00e4t<\/td>\n<td class=\"inline\">2.0ml<\/td>\n<\/tr>\n<tr>\n<td class=\"strong-title \">H\u00fclsenmaterial<\/td>\n<td class=\"inline\">PCTG<\/td>\n<\/tr>\n<tr>\n<td class=\"strong-title \">H\u00fclsenwiderstand<\/td>\n<td class=\"inline\">0.7ohm\/1.2ohm<\/td>\n<\/tr>\n<tr>\n<td class=\"strong-title \">Empfohlene E-Fl\u00fcssigkeit<\/td>\n<td class=\"inline\">Nikotin\u226450mg<\/td>\n<\/tr>\n<tr>\n<td class=\"strong-title \">Ger\u00e4t Material<\/td>\n<td class=\"inline\">Zink-Legierung + Leder\/PC<\/td>\n<\/tr>\n<tr>\n<td class=\"strong-title \">Ausgangsleistung<\/td>\n<td class=\"inline\">5-20W<\/td>\n<\/tr>\n<tr>\n<td class=\"strong-title \">Ausgangsspannung<\/td>\n<td class=\"inline\">3,2V-4,2V<\/td>\n<\/tr>\n<tr>\n<td class=\"strong-title \">Ger\u00e4tewiderstand<\/td>\n<td class=\"inline\">0.5-3.0ohm<\/td>\n<\/tr>\n<tr>\n<td class=\"strong-title \">Batteriekapazit\u00e4t<\/td>\n<td class=\"inline\">800mAh eingebauter Akku<\/td>\n<\/tr>\n<tr>\n<td class=\"strong-title \">Bildschirm<\/td>\n<td class=\"inline\">0,69 Zoll OLED-Bildschirm<\/td>\n<\/tr>\n<tr>\n<td class=\"strong-title \">Farbe<\/td>\n<td class=\"inline\">Kohlefaser, Schwarz, Grau, Braun, Rot, Himmelblau<\/td>\n<\/tr>\n<\/tbody>\n<\/table>\n<p><img loading=\"lazy\" decoding=\"async\" class=\"alignnone size-full wp-image-229154\" src=\"https:\/\/justvape.nu\/wp-content\/uploads\/2018\/04\/Packing-List.png\" alt=\"\" width=\"950\" height=\"64\" title=\"\" srcset=\"https:\/\/justvape.nu\/wp-content\/uploads\/2018\/04\/Packing-List.png 950w, https:\/\/justvape.nu\/wp-content\/uploads\/2018\/04\/Packing-List-600x40.png 600w, https:\/\/justvape.nu\/wp-content\/uploads\/2018\/04\/Packing-List-64x4.png 64w, https:\/\/justvape.nu\/wp-content\/uploads\/2018\/04\/Packing-List-300x20.png 300w, https:\/\/justvape.nu\/wp-content\/uploads\/2018\/04\/Packing-List-768x52.png 768w\" sizes=\"auto, (max-width: 950px) 100vw, 950px\" \/><\/p>\n<p>1* Argus Pod Ger\u00e4t<br \/>\n1* Argus Pod-Patrone 0,7ohm (seitliche Bef\u00fcllung)<br \/>\n1* Argus Pod Kartusche 1.2ohm (seitliche Bef\u00fcllung)<br \/>\n1 * Benutzerhandbuch<br \/>\n1* Typ-C Kabel<\/p>\n","protected":false},"excerpt":{"rendered":"<p>VOOPOO &#8211; ARGUS POD KIT<\/p>\n","protected":false},"featured_media":444736,"comment_status":"open","ping_status":"closed","template":"","meta":{"_acf_changed":false,"_uag_custom_page_level_css":"","site-sidebar-layout":"default","site-content-layout":"default","ast-site-content-layout":"default","site-content-style":"default","site-sidebar-style":"default","ast-global-header-display":"","ast-banner-title-visibility":"","ast-main-header-display":"","ast-hfb-above-header-display":"","ast-hfb-below-header-display":"","ast-hfb-mobile-header-display":"","site-post-title":"","ast-breadcrumbs-content":"","ast-featured-img":"","footer-sml-layout":"","ast-disable-related-posts":"","theme-transparent-header-meta":"default","adv-header-id-meta":"","stick-header-meta":"default","header-above-stick-meta":"","header-main-stick-meta":"","header-below-stick-meta":"","astra-migrate-meta-layouts":"default","ast-page-background-enabled":"default","ast-page-background-meta":{"desktop":{"background-color":"","background-image":"","background-repeat":"repeat","background-position":"center center","background-size":"auto","background-attachment":"scroll","background-type":"","background-media":"","overlay-type":"","overlay-color":"","overlay-opacity":"","overlay-gradient":""},"tablet":{"background-color":"","background-image":"","background-repeat":"repeat","background-position":"center center","background-size":"auto","background-attachment":"scroll","background-type":"","background-media":"","overlay-type":"","overlay-color":"","overlay-opacity":"","overlay-gradient":""},"mobile":{"background-color":"","background-image":"","background-repeat":"repeat","background-position":"center center","background-size":"auto","background-attachment":"scroll","background-type":"","background-media":"","overlay-type":"","overlay-color":"","overlay-opacity":"","overlay-gradient":""}},"ast-content-background-meta":{"desktop":{"background-color":"var(--ast-global-color-5)","background-image":"","background-repeat":"repeat","background-position":"center center","background-size":"auto","background-attachment":"scroll","background-type":"","background-media":"","overlay-type":"","overlay-color":"","overlay-opacity":"","overlay-gradient":""},"tablet":{"background-color":"var(--ast-global-color-5)","background-image":"","background-repeat":"repeat","background-position":"center center","background-size":"auto","background-attachment":"scroll","background-type":"","background-media":"","overlay-type":"","overlay-color":"","overlay-opacity":"","overlay-gradient":""},"mobile":{"background-color":"var(--ast-global-color-5)","background-image":"","background-repeat":"repeat","background-position":"center center","background-size":"auto","background-attachment":"scroll","background-type":"","background-media":"","overlay-type":"","overlay-color":"","overlay-opacity":"","overlay-gradient":""}}},"product_brand":[],"product_cat":[2077,2067,2511,2512,2513],"product_tag":[],"class_list":{"0":"post-445191","1":"product","2":"type-product","3":"status-publish","4":"has-post-thumbnail","6":"product_cat-anfaenger-kits-pods","7":"product_cat-e-zigaretten","8":"product_cat-hardware-de","9":"product_cat-shop-by-brand-de","10":"product_cat-voopoo-de","11":"desktop-align-center","12":"tablet-align-center","13":"mobile-align-center","14":"ast-product-gallery-layout-horizontal-slider","15":"ast-product-gallery-with-no-image","16":"ast-product-single-variable","17":"ast-product-tabs-layout-horizontal","19":"first","20":"instock","21":"sale","22":"taxable","23":"shipping-taxable","24":"purchasable","25":"product-type-variable"},"acf":[],"uagb_featured_image_src":{"full":["https:\/\/justvape.nu\/wp-content\/uploads\/2022\/06\/voopoo-argus-pod-colours.jpg",700,700,false],"thumbnail":["https:\/\/justvape.nu\/wp-content\/uploads\/2022\/06\/voopoo-argus-pod-colours-150x150.jpg",150,150,true],"medium":["https:\/\/justvape.nu\/wp-content\/uploads\/2022\/06\/voopoo-argus-pod-colours-300x300.jpg",300,300,true],"medium_large":["https:\/\/justvape.nu\/wp-content\/uploads\/2022\/06\/voopoo-argus-pod-colours.jpg",700,700,false],"large":["https:\/\/justvape.nu\/wp-content\/uploads\/2022\/06\/voopoo-argus-pod-colours.jpg",700,700,false],"1536x1536":["https:\/\/justvape.nu\/wp-content\/uploads\/2022\/06\/voopoo-argus-pod-colours.jpg",700,700,false],"2048x2048":["https:\/\/justvape.nu\/wp-content\/uploads\/2022\/06\/voopoo-argus-pod-colours.jpg",700,700,false],"woocommerce_thumbnail":["https:\/\/justvape.nu\/wp-content\/uploads\/2022\/06\/voopoo-argus-pod-colours-300x300.jpg",300,300,true],"woocommerce_single":["https:\/\/justvape.nu\/wp-content\/uploads\/2022\/06\/voopoo-argus-pod-colours-600x600.jpg",600,600,true],"woocommerce_gallery_thumbnail":["https:\/\/justvape.nu\/wp-content\/uploads\/2022\/06\/voopoo-argus-pod-colours-100x100.jpg",100,100,true],"dgwt-wcas-product-suggestion":["https:\/\/justvape.nu\/wp-content\/uploads\/2022\/06\/voopoo-argus-pod-colours-64x64.jpg",64,64,true]},"uagb_author_info":{"display_name":"JustVape.nu","author_link":"https:\/\/justvape.nu\/de\/author\/"},"uagb_comment_info":0,"uagb_excerpt":"VOOPOO - ARGUS POD KIT","_links":{"self":[{"href":"https:\/\/justvape.nu\/de\/wp-json\/wp\/v2\/product\/445191","targetHints":{"allow":["GET"]}}],"collection":[{"href":"https:\/\/justvape.nu\/de\/wp-json\/wp\/v2\/product"}],"about":[{"href":"https:\/\/justvape.nu\/de\/wp-json\/wp\/v2\/types\/product"}],"replies":[{"embeddable":true,"href":"https:\/\/justvape.nu\/de\/wp-json\/wp\/v2\/comments?post=445191"}],"wp:featuredmedia":[{"embeddable":true,"href":"https:\/\/justvape.nu\/de\/wp-json\/wp\/v2\/media\/444736"}],"wp:attachment":[{"href":"https:\/\/justvape.nu\/de\/wp-json\/wp\/v2\/media?parent=445191"}],"wp:term":[{"taxonomy":"product_brand","embeddable":true,"href":"https:\/\/justvape.nu\/de\/wp-json\/wp\/v2\/product_brand?post=445191"},{"taxonomy":"product_cat","embeddable":true,"href":"https:\/\/justvape.nu\/de\/wp-json\/wp\/v2\/product_cat?post=445191"},{"taxonomy":"product_tag","embeddable":true,"href":"https:\/\/justvape.nu\/de\/wp-json\/wp\/v2\/product_tag?post=445191"}],"curies":[{"name":"wp","href":"https:\/\/api.w.org\/{rel}","templated":true}]}}