{"id":445037,"date":"2022-06-27T22:58:45","date_gmt":"2022-06-27T20:58:45","guid":{"rendered":"https:\/\/justvape.nu\/produkt\/lost-vape-ursa-baby-pod-kit\/"},"modified":"2026-01-06T15:52:31","modified_gmt":"2026-01-06T14:52:31","slug":"lost-vape-ursa-baby-pod-kit-2","status":"publish","type":"product","link":"https:\/\/justvape.nu\/de\/produkt\/lost-vape-ursa-baby-pod-kit-2\/","title":{"rendered":"LOST VAPE &#8211; URSA BABY POD KIT"},"content":{"rendered":"<h2>LOST VAPE &#8211; URSA BABY POD KIT<\/h2>\n<p>Das Ursa Baby-Pod-Kit verwendet den Quest-Chipsatz, ist mit den Ursa Nano-Pods kompatibel und verf\u00fcgt \u00fcber ein modisches transparentes Fassadendesign, das wie beim Ursa Nano den perfekten und lockeren MTL-Zug hervorbringt. Mit der Draw-aktivierten &amp; einzigartigen Airflow-Switch-Funktion inhalieren Sie einfach am Mundst\u00fcck, um zu dampfen! Tragen Sie es mit dem Schl\u00fcsselband um den Hals wie einen unverzichtbaren, stilvollen Gegenstand und sp\u00fcren Sie, wie gl\u00e4nzend und leicht es ist!<\/p>\n<p>Fasziniert von dem klaren Fassadendesign und dem dazu passenden Design des Batteriegeh\u00e4uses, kann man das gesamte Innenleben des Ursa Baby Pod-Kits sehen, das charmant und wunderbar aussieht. Beeindruckt von der Macht der unscheinbaren Ursa Baby, weit \u00fcber das, was Sie erwarten, k\u00f6nnen Sie leicht schmecken das Aroma knallt, glatte Dampf, und restriktive Lunge Hit von ihm.<\/p>\n<p>Das Ursa Baby Pod-Kit erkennt automatisch den Coil-Widerstand des Pods und reguliert die Leistung in Abh\u00e4ngigkeit vom Coil-Widerstand. Der Luftstrom wird \u00fcber den Schieberegler gesteuert, der es Ihnen erm\u00f6glicht, den Luftstrom perfekt auf Ihren Geschmack abzustimmen, entweder f\u00fcr einen MTL- oder RDL-Stil.<\/p>\n<p><img loading=\"lazy\" decoding=\"async\" class=\"alignnone size-full wp-image-383695\" src=\"https:\/\/justvape.nu\/wp-content\/uploads\/2021\/05\/Color-Scheme.png\" alt=\"\" width=\"950\" height=\"64\" title=\"\" srcset=\"https:\/\/justvape.nu\/wp-content\/uploads\/2021\/05\/Color-Scheme.png 950w, https:\/\/justvape.nu\/wp-content\/uploads\/2021\/05\/Color-Scheme-600x40.png 600w, https:\/\/justvape.nu\/wp-content\/uploads\/2021\/05\/Color-Scheme-64x4.png 64w, https:\/\/justvape.nu\/wp-content\/uploads\/2021\/05\/Color-Scheme-300x20.png 300w, https:\/\/justvape.nu\/wp-content\/uploads\/2021\/05\/Color-Scheme-768x52.png 768w\" sizes=\"auto, (max-width: 950px) 100vw, 950px\" \/><\/p>\n<p><img loading=\"lazy\" decoding=\"async\" class=\"alignnone size-full wp-image-444648\" src=\"https:\/\/justvape.nu\/wp-content\/uploads\/2022\/06\/Lost_Vape_Ursa_Baby_Pod_Kit_Colors.jpg\" alt=\"\" width=\"831\" height=\"213\" title=\"\" srcset=\"https:\/\/justvape.nu\/wp-content\/uploads\/2022\/06\/Lost_Vape_Ursa_Baby_Pod_Kit_Colors.jpg 831w, https:\/\/justvape.nu\/wp-content\/uploads\/2022\/06\/Lost_Vape_Ursa_Baby_Pod_Kit_Colors-300x77.jpg 300w, https:\/\/justvape.nu\/wp-content\/uploads\/2022\/06\/Lost_Vape_Ursa_Baby_Pod_Kit_Colors-768x197.jpg 768w, https:\/\/justvape.nu\/wp-content\/uploads\/2022\/06\/Lost_Vape_Ursa_Baby_Pod_Kit_Colors-600x154.jpg 600w, https:\/\/justvape.nu\/wp-content\/uploads\/2022\/06\/Lost_Vape_Ursa_Baby_Pod_Kit_Colors-64x16.jpg 64w\" sizes=\"auto, (max-width: 831px) 100vw, 831px\" \/><\/p>\n<p><img loading=\"lazy\" decoding=\"async\" class=\"alignnone size-full wp-image-390997\" src=\"https:\/\/justvape.nu\/wp-content\/uploads\/2021\/06\/Specifications1.png\" alt=\"\" width=\"950\" height=\"64\" title=\"\" srcset=\"https:\/\/justvape.nu\/wp-content\/uploads\/2021\/06\/Specifications1.png 950w, https:\/\/justvape.nu\/wp-content\/uploads\/2021\/06\/Specifications1-600x40.png 600w, https:\/\/justvape.nu\/wp-content\/uploads\/2021\/06\/Specifications1-64x4.png 64w, https:\/\/justvape.nu\/wp-content\/uploads\/2021\/06\/Specifications1-300x20.png 300w, https:\/\/justvape.nu\/wp-content\/uploads\/2021\/06\/Specifications1-768x52.png 768w\" sizes=\"auto, (max-width: 950px) 100vw, 950px\" \/><\/p>\n<table class=\"description-table\">\n<tbody>\n<tr>\n<td class=\"strong-title \">Marke<\/td>\n<td class=\"inline\">Lost Vape<\/td>\n<\/tr>\n<tr>\n<td class=\"strong-title \">Produktname<\/td>\n<td class=\"inline\">Ursa Baby-Pod-Kit<\/td>\n<\/tr>\n<tr>\n<td class=\"strong-title \">Dimension<\/td>\n<td class=\"inline\">47*16*68.5mm<\/td>\n<\/tr>\n<tr>\n<td class=\"strong-title \">Tankinhalt<\/td>\n<td class=\"inline\">2ml<\/td>\n<\/tr>\n<tr>\n<td class=\"strong-title \">Batteriekapazit\u00e4t<\/td>\n<td class=\"inline\">800mAh eingebauter Akku<\/td>\n<\/tr>\n<tr>\n<td class=\"strong-title \">Akku-Spannung<\/td>\n<td class=\"inline\">3,0V-4,2V<\/td>\n<\/tr>\n<tr>\n<td class=\"strong-title \">Leistungsbereich<\/td>\n<td class=\"inline\">9-18W<\/td>\n<\/tr>\n<tr>\n<td class=\"strong-title \">Ausgang Strom<\/td>\n<td class=\"inline\">2,5A-5,0A<\/td>\n<\/tr>\n<tr>\n<td class=\"strong-title \">Material des Geh\u00e4uses<\/td>\n<td class=\"inline\">Durchsichtiger PC<\/td>\n<\/tr>\n<tr>\n<td class=\"strong-title \">Farbe<\/td>\n<td class=\"inline\">Rot klar, Voll klar, Schwarz klar, Bernstein klar, Blau klar, Violett klar<\/td>\n<\/tr>\n<\/tbody>\n<\/table>\n<div class=\"shop-features \">\n<h2 class=\"shop-features-title \"><img loading=\"lazy\" decoding=\"async\" class=\"alignnone size-full wp-image-248459\" src=\"https:\/\/justvape.nu\/wp-content\/uploads\/2018\/05\/Features.png\" alt=\"\" width=\"950\" height=\"64\" title=\"\" srcset=\"https:\/\/justvape.nu\/wp-content\/uploads\/2018\/05\/Features.png 950w, https:\/\/justvape.nu\/wp-content\/uploads\/2018\/05\/Features-600x40.png 600w, https:\/\/justvape.nu\/wp-content\/uploads\/2018\/05\/Features-64x4.png 64w, https:\/\/justvape.nu\/wp-content\/uploads\/2018\/05\/Features-300x20.png 300w, https:\/\/justvape.nu\/wp-content\/uploads\/2018\/05\/Features-768x52.png 768w\" sizes=\"auto, (max-width: 950px) 100vw, 950px\" \/><\/h2>\n<\/div>\n<p><strong class=\"description-little-title\">Ursa Baby Details:<\/strong><\/p>\n<ul>\n<li>1. 800mAh eingebauter Akku<\/li>\n<li>2. 2,5 ml Fassungsverm\u00f6gen, auslaufsicheres Design<\/li>\n<li>3. Einstellbarer Luftstrom<\/li>\n<li>4. Typ-C-Schnellladung<\/li>\n<li>5. Kompatibel mit Ursa Nano Pod<\/li>\n<li>6. Bietet perfekten und lockeren MTL-Zug<\/li>\n<li>7. Optisch ansprechend und stilvoll<\/li>\n<li>8. Automatisch den Spulenwiderstand erkennen<\/li>\n<li>9. Max. 18W Leistung<\/li>\n<li>10. Intelligente Ladeanzeige<\/li>\n<li>11. Eine nette Note Schl\u00fcsselband ist in dem Paket enthalten<\/li>\n<li>12. Reibungslose Magnetverbindung<\/li>\n<li>13. Mehrere Schutzfunktionen: Kurzschluss\/Schwache Batterie\/\u00dcberhitzung\/10S-\u00dcberzeitschutz<\/li>\n<\/ul>\n<p><img loading=\"lazy\" decoding=\"async\" class=\"alignnone size-full wp-image-229154\" src=\"https:\/\/justvape.nu\/wp-content\/uploads\/2018\/04\/Packing-List.png\" alt=\"\" width=\"950\" height=\"64\" title=\"\" srcset=\"https:\/\/justvape.nu\/wp-content\/uploads\/2018\/04\/Packing-List.png 950w, https:\/\/justvape.nu\/wp-content\/uploads\/2018\/04\/Packing-List-600x40.png 600w, https:\/\/justvape.nu\/wp-content\/uploads\/2018\/04\/Packing-List-64x4.png 64w, https:\/\/justvape.nu\/wp-content\/uploads\/2018\/04\/Packing-List-300x20.png 300w, https:\/\/justvape.nu\/wp-content\/uploads\/2018\/04\/Packing-List-768x52.png 768w\" sizes=\"auto, (max-width: 950px) 100vw, 950px\" \/><\/p>\n<p>1* Ursa Baby Pod Ger\u00e4t<br \/>\n1* 0.8ohm Ursa Nano Pod 2ml<br \/>\n1* Typ-C-Ladekabel<br \/>\n1* Umh\u00e4ngeband<br \/>\n1 * Benutzerhandbuch<br \/>\n1* Garantiekarte<\/p>\n","protected":false},"excerpt":{"rendered":"<p>LOST VAPE &#8211; URSA BABY POD KIT<\/p>\n","protected":false},"featured_media":444662,"comment_status":"open","ping_status":"closed","template":"","meta":{"_acf_changed":false,"_uag_custom_page_level_css":"","site-sidebar-layout":"default","site-content-layout":"default","ast-site-content-layout":"default","site-content-style":"default","site-sidebar-style":"default","ast-global-header-display":"","ast-banner-title-visibility":"","ast-main-header-display":"","ast-hfb-above-header-display":"","ast-hfb-below-header-display":"","ast-hfb-mobile-header-display":"","site-post-title":"","ast-breadcrumbs-content":"","ast-featured-img":"","footer-sml-layout":"","ast-disable-related-posts":"","theme-transparent-header-meta":"default","adv-header-id-meta":"","stick-header-meta":"default","header-above-stick-meta":"","header-main-stick-meta":"","header-below-stick-meta":"","astra-migrate-meta-layouts":"default","ast-page-background-enabled":"default","ast-page-background-meta":{"desktop":{"background-color":"","background-image":"","background-repeat":"repeat","background-position":"center center","background-size":"auto","background-attachment":"scroll","background-type":"","background-media":"","overlay-type":"","overlay-color":"","overlay-opacity":"","overlay-gradient":""},"tablet":{"background-color":"","background-image":"","background-repeat":"repeat","background-position":"center center","background-size":"auto","background-attachment":"scroll","background-type":"","background-media":"","overlay-type":"","overlay-color":"","overlay-opacity":"","overlay-gradient":""},"mobile":{"background-color":"","background-image":"","background-repeat":"repeat","background-position":"center center","background-size":"auto","background-attachment":"scroll","background-type":"","background-media":"","overlay-type":"","overlay-color":"","overlay-opacity":"","overlay-gradient":""}},"ast-content-background-meta":{"desktop":{"background-color":"var(--ast-global-color-5)","background-image":"","background-repeat":"repeat","background-position":"center center","background-size":"auto","background-attachment":"scroll","background-type":"","background-media":"","overlay-type":"","overlay-color":"","overlay-opacity":"","overlay-gradient":""},"tablet":{"background-color":"var(--ast-global-color-5)","background-image":"","background-repeat":"repeat","background-position":"center center","background-size":"auto","background-attachment":"scroll","background-type":"","background-media":"","overlay-type":"","overlay-color":"","overlay-opacity":"","overlay-gradient":""},"mobile":{"background-color":"var(--ast-global-color-5)","background-image":"","background-repeat":"repeat","background-position":"center center","background-size":"auto","background-attachment":"scroll","background-type":"","background-media":"","overlay-type":"","overlay-color":"","overlay-opacity":"","overlay-gradient":""}}},"product_brand":[],"product_cat":[2077,2067,2511,4812,2512],"product_tag":[],"class_list":{"0":"post-445037","1":"product","2":"type-product","3":"status-publish","4":"has-post-thumbnail","6":"product_cat-anfaenger-kits-pods","7":"product_cat-e-zigaretten","8":"product_cat-hardware-de","9":"product_cat-lost-vape-de","10":"product_cat-shop-by-brand-de","11":"desktop-align-center","12":"tablet-align-center","13":"mobile-align-center","14":"ast-product-gallery-layout-horizontal-slider","15":"ast-product-gallery-with-no-image","16":"ast-product-single-variable","17":"ast-product-tabs-layout-horizontal","19":"first","20":"instock","21":"sale","22":"taxable","23":"shipping-taxable","24":"purchasable","25":"product-type-variable"},"acf":[],"uagb_featured_image_src":{"full":["https:\/\/justvape.nu\/wp-content\/uploads\/2022\/06\/Untitled-3-2__13666.webp",500,500,false],"thumbnail":["https:\/\/justvape.nu\/wp-content\/uploads\/2022\/06\/Untitled-3-2__13666-150x150.webp",150,150,true],"medium":["https:\/\/justvape.nu\/wp-content\/uploads\/2022\/06\/Untitled-3-2__13666-300x300.webp",300,300,true],"medium_large":["https:\/\/justvape.nu\/wp-content\/uploads\/2022\/06\/Untitled-3-2__13666.webp",500,500,false],"large":["https:\/\/justvape.nu\/wp-content\/uploads\/2022\/06\/Untitled-3-2__13666.webp",500,500,false],"1536x1536":["https:\/\/justvape.nu\/wp-content\/uploads\/2022\/06\/Untitled-3-2__13666.webp",500,500,false],"2048x2048":["https:\/\/justvape.nu\/wp-content\/uploads\/2022\/06\/Untitled-3-2__13666.webp",500,500,false],"woocommerce_thumbnail":["https:\/\/justvape.nu\/wp-content\/uploads\/2022\/06\/Untitled-3-2__13666-300x300.webp",300,300,true],"woocommerce_single":["https:\/\/justvape.nu\/wp-content\/uploads\/2022\/06\/Untitled-3-2__13666.webp",500,500,false],"woocommerce_gallery_thumbnail":["https:\/\/justvape.nu\/wp-content\/uploads\/2022\/06\/Untitled-3-2__13666-100x100.webp",100,100,true],"dgwt-wcas-product-suggestion":["https:\/\/justvape.nu\/wp-content\/uploads\/2022\/06\/Untitled-3-2__13666-64x64.webp",64,64,true]},"uagb_author_info":{"display_name":"JustVape.nu","author_link":"https:\/\/justvape.nu\/de\/author\/"},"uagb_comment_info":0,"uagb_excerpt":"LOST VAPE - URSA BABY POD KIT","_links":{"self":[{"href":"https:\/\/justvape.nu\/de\/wp-json\/wp\/v2\/product\/445037","targetHints":{"allow":["GET"]}}],"collection":[{"href":"https:\/\/justvape.nu\/de\/wp-json\/wp\/v2\/product"}],"about":[{"href":"https:\/\/justvape.nu\/de\/wp-json\/wp\/v2\/types\/product"}],"replies":[{"embeddable":true,"href":"https:\/\/justvape.nu\/de\/wp-json\/wp\/v2\/comments?post=445037"}],"wp:featuredmedia":[{"embeddable":true,"href":"https:\/\/justvape.nu\/de\/wp-json\/wp\/v2\/media\/444662"}],"wp:attachment":[{"href":"https:\/\/justvape.nu\/de\/wp-json\/wp\/v2\/media?parent=445037"}],"wp:term":[{"taxonomy":"product_brand","embeddable":true,"href":"https:\/\/justvape.nu\/de\/wp-json\/wp\/v2\/product_brand?post=445037"},{"taxonomy":"product_cat","embeddable":true,"href":"https:\/\/justvape.nu\/de\/wp-json\/wp\/v2\/product_cat?post=445037"},{"taxonomy":"product_tag","embeddable":true,"href":"https:\/\/justvape.nu\/de\/wp-json\/wp\/v2\/product_tag?post=445037"}],"curies":[{"name":"wp","href":"https:\/\/api.w.org\/{rel}","templated":true}]}}