{"id":431103,"date":"2022-04-12T11:40:10","date_gmt":"2022-04-12T09:40:10","guid":{"rendered":"https:\/\/justvape.nu\/produkt\/uwell-popreel-n1-pods\/"},"modified":"2024-04-08T23:39:56","modified_gmt":"2024-04-08T21:39:56","slug":"uwell-popreel-n1-pods","status":"publish","type":"product","link":"https:\/\/justvape.nu\/de\/produkt\/uwell-popreel-n1-pods\/","title":{"rendered":"UWELL POPREEL N1\/ YEARN NEAT 2 REPLACEMENT PODS"},"content":{"rendered":"<h2>UWELL POPREEL N1\/ YEARN NEAT 2 REPLACEMENT PODS<\/h2>\n<p>Die Popreel Ersatz-Pods von Uwell kommen mit der Uwell Pro-FOCS Flavor-Testing-Technologie, um perfekten Geschmack bei jedem Zug zu gew\u00e4hrleisten, die 1,2ohm Pods sind, was kommt standardm\u00e4\u00dfig mit dem Popreel Pod-System, w\u00e4hrend die 0,8ohm ist, was kommt mit dem Neat 2 Pod-Kit, werden beide Pods mit beiden Ger\u00e4ten zu arbeiten.<br \/>\nDer magnetische Boden erm\u00f6glicht einen schnellen und einfachen Austausch der Kapseln und bietet eine seitliche Bef\u00fcllung, die das Bef\u00fcllen noch einfacher macht.<\/p>\n<p><strong class=\"description-little-title\">Uwell Popreel N1 Kartusche Parameter:<\/strong><\/p>\n<table class=\"description-table\">\n<tbody>\n<tr>\n<td class=\"strong-title \">Marke<\/td>\n<td class=\"inline\">Uwell<\/td>\n<\/tr>\n<tr>\n<td class=\"strong-title \">Produktname<\/td>\n<td class=\"inline\">Popreel N1 Pod-Kartusche<\/td>\n<\/tr>\n<tr>\n<td class=\"strong-title \">Kapazit\u00e4t<\/td>\n<td class=\"inline\">2ml<\/td>\n<\/tr>\n<tr>\n<td class=\"strong-title \">F\u00fcllen<\/td>\n<td class=\"inline\">Seitliche F\u00fcllung<\/td>\n<\/tr>\n<tr>\n<td class=\"strong-title \">Spule Typ<\/td>\n<td class=\"inline\">FeCrAI UN2 Maschen-H 1.2\u03a9 Spule<\/td>\n<\/tr>\n<tr>\n<td class=\"strong-title \">Geeignet f\u00fcr<\/td>\n<td class=\"inline\">Uwell Popreel N1 Pod System Kit<\/td>\n<\/tr>\n<tr>\n<td class=\"strong-title \">Menge<\/td>\n<td class=\"inline\">2St\u00fcck\/Packung<\/td>\n<\/tr>\n<\/tbody>\n<\/table>\n<p><strong class=\"description-little-title \">Das Paket von Popreel N1 Pod kommt mit:<\/strong><\/p>\n<p>1* Uwell Popreel N1 Pod Kartusche 2pcs\/Packung<\/p>\n","protected":false},"excerpt":{"rendered":"<p>UWELL POPREEL N1\/ YEARN NEAT 2 REPLACEMENT PODS<\/p>\n","protected":false},"featured_media":431088,"comment_status":"open","ping_status":"closed","template":"","meta":{"_acf_changed":false,"_uag_custom_page_level_css":"","site-sidebar-layout":"default","site-content-layout":"default","ast-site-content-layout":"default","site-content-style":"default","site-sidebar-style":"default","ast-global-header-display":"","ast-banner-title-visibility":"","ast-main-header-display":"","ast-hfb-above-header-display":"","ast-hfb-below-header-display":"","ast-hfb-mobile-header-display":"","site-post-title":"","ast-breadcrumbs-content":"","ast-featured-img":"","footer-sml-layout":"","ast-disable-related-posts":"","theme-transparent-header-meta":"default","adv-header-id-meta":"","stick-header-meta":"default","header-above-stick-meta":"","header-main-stick-meta":"","header-below-stick-meta":"","astra-migrate-meta-layouts":"default","ast-page-background-enabled":"default","ast-page-background-meta":{"desktop":{"background-color":"","background-image":"","background-repeat":"repeat","background-position":"center center","background-size":"auto","background-attachment":"scroll","background-type":"","background-media":"","overlay-type":"","overlay-color":"","overlay-opacity":"","overlay-gradient":""},"tablet":{"background-color":"","background-image":"","background-repeat":"repeat","background-position":"center center","background-size":"auto","background-attachment":"scroll","background-type":"","background-media":"","overlay-type":"","overlay-color":"","overlay-opacity":"","overlay-gradient":""},"mobile":{"background-color":"","background-image":"","background-repeat":"repeat","background-position":"center center","background-size":"auto","background-attachment":"scroll","background-type":"","background-media":"","overlay-type":"","overlay-color":"","overlay-opacity":"","overlay-gradient":""}},"ast-content-background-meta":{"desktop":{"background-color":"var(--ast-global-color-5)","background-image":"","background-repeat":"repeat","background-position":"center center","background-size":"auto","background-attachment":"scroll","background-type":"","background-media":"","overlay-type":"","overlay-color":"","overlay-opacity":"","overlay-gradient":""},"tablet":{"background-color":"var(--ast-global-color-5)","background-image":"","background-repeat":"repeat","background-position":"center center","background-size":"auto","background-attachment":"scroll","background-type":"","background-media":"","overlay-type":"","overlay-color":"","overlay-opacity":"","overlay-gradient":""},"mobile":{"background-color":"var(--ast-global-color-5)","background-image":"","background-repeat":"repeat","background-position":"center center","background-size":"auto","background-attachment":"scroll","background-type":"","background-media":"","overlay-type":"","overlay-color":"","overlay-opacity":"","overlay-gradient":""}}},"product_brand":[],"product_cat":[2057,1977],"product_tag":[],"class_list":{"0":"post-431103","1":"product","2":"type-product","3":"status-publish","4":"has-post-thumbnail","6":"product_cat-spulen-huelsen","7":"product_cat-tanks-spulen","8":"desktop-align-center","9":"tablet-align-center","10":"mobile-align-center","11":"ast-product-gallery-layout-horizontal-slider","12":"ast-product-gallery-with-no-image","13":"ast-product-single-variable","14":"ast-product-tabs-layout-horizontal","16":"first","17":"instock","18":"sale","19":"taxable","20":"shipping-taxable","21":"purchasable","22":"product-type-variable"},"acf":[],"uagb_featured_image_src":{"full":["https:\/\/justvape.nu\/wp-content\/uploads\/2022\/04\/authentic-uwell-popreel-n1-replacement-pod-cartridge-2ml-un2-meshed-h-12ohm-coil-2-pcs-1.jpg",800,800,false],"thumbnail":["https:\/\/justvape.nu\/wp-content\/uploads\/2022\/04\/authentic-uwell-popreel-n1-replacement-pod-cartridge-2ml-un2-meshed-h-12ohm-coil-2-pcs-1-150x150.jpg",150,150,true],"medium":["https:\/\/justvape.nu\/wp-content\/uploads\/2022\/04\/authentic-uwell-popreel-n1-replacement-pod-cartridge-2ml-un2-meshed-h-12ohm-coil-2-pcs-1-300x300.jpg",300,300,true],"medium_large":["https:\/\/justvape.nu\/wp-content\/uploads\/2022\/04\/authentic-uwell-popreel-n1-replacement-pod-cartridge-2ml-un2-meshed-h-12ohm-coil-2-pcs-1-768x768.jpg",768,768,true],"large":["https:\/\/justvape.nu\/wp-content\/uploads\/2022\/04\/authentic-uwell-popreel-n1-replacement-pod-cartridge-2ml-un2-meshed-h-12ohm-coil-2-pcs-1.jpg",800,800,false],"1536x1536":["https:\/\/justvape.nu\/wp-content\/uploads\/2022\/04\/authentic-uwell-popreel-n1-replacement-pod-cartridge-2ml-un2-meshed-h-12ohm-coil-2-pcs-1.jpg",800,800,false],"2048x2048":["https:\/\/justvape.nu\/wp-content\/uploads\/2022\/04\/authentic-uwell-popreel-n1-replacement-pod-cartridge-2ml-un2-meshed-h-12ohm-coil-2-pcs-1.jpg",800,800,false],"woocommerce_thumbnail":["https:\/\/justvape.nu\/wp-content\/uploads\/2022\/04\/authentic-uwell-popreel-n1-replacement-pod-cartridge-2ml-un2-meshed-h-12ohm-coil-2-pcs-1-300x300.jpg",300,300,true],"woocommerce_single":["https:\/\/justvape.nu\/wp-content\/uploads\/2022\/04\/authentic-uwell-popreel-n1-replacement-pod-cartridge-2ml-un2-meshed-h-12ohm-coil-2-pcs-1-600x600.jpg",600,600,true],"woocommerce_gallery_thumbnail":["https:\/\/justvape.nu\/wp-content\/uploads\/2022\/04\/authentic-uwell-popreel-n1-replacement-pod-cartridge-2ml-un2-meshed-h-12ohm-coil-2-pcs-1-100x100.jpg",100,100,true],"dgwt-wcas-product-suggestion":["https:\/\/justvape.nu\/wp-content\/uploads\/2022\/04\/authentic-uwell-popreel-n1-replacement-pod-cartridge-2ml-un2-meshed-h-12ohm-coil-2-pcs-1-64x64.jpg",64,64,true]},"uagb_author_info":{"display_name":"JustVape.nu","author_link":"https:\/\/justvape.nu\/de\/author\/"},"uagb_comment_info":0,"uagb_excerpt":"UWELL POPREEL N1\/ YEARN NEAT 2 REPLACEMENT PODS","_links":{"self":[{"href":"https:\/\/justvape.nu\/de\/wp-json\/wp\/v2\/product\/431103","targetHints":{"allow":["GET"]}}],"collection":[{"href":"https:\/\/justvape.nu\/de\/wp-json\/wp\/v2\/product"}],"about":[{"href":"https:\/\/justvape.nu\/de\/wp-json\/wp\/v2\/types\/product"}],"replies":[{"embeddable":true,"href":"https:\/\/justvape.nu\/de\/wp-json\/wp\/v2\/comments?post=431103"}],"wp:featuredmedia":[{"embeddable":true,"href":"https:\/\/justvape.nu\/de\/wp-json\/wp\/v2\/media\/431088"}],"wp:attachment":[{"href":"https:\/\/justvape.nu\/de\/wp-json\/wp\/v2\/media?parent=431103"}],"wp:term":[{"taxonomy":"product_brand","embeddable":true,"href":"https:\/\/justvape.nu\/de\/wp-json\/wp\/v2\/product_brand?post=431103"},{"taxonomy":"product_cat","embeddable":true,"href":"https:\/\/justvape.nu\/de\/wp-json\/wp\/v2\/product_cat?post=431103"},{"taxonomy":"product_tag","embeddable":true,"href":"https:\/\/justvape.nu\/de\/wp-json\/wp\/v2\/product_tag?post=431103"}],"curies":[{"name":"wp","href":"https:\/\/api.w.org\/{rel}","templated":true}]}}