{"id":423915,"date":"2022-03-08T15:01:22","date_gmt":"2022-03-08T14:01:22","guid":{"rendered":"https:\/\/justvape.nu\/produkt\/eleaf-gx-coils\/"},"modified":"2022-11-29T23:14:12","modified_gmt":"2022-11-29T22:14:12","slug":"eleaf-gx-coils-2","status":"publish","type":"product","link":"https:\/\/justvape.nu\/de\/produkt\/eleaf-gx-coils-2\/","title":{"rendered":"ELEAF &#8211; GX COILS"},"content":{"rendered":"<h2>ELEAF &#8211; GX COILS<\/h2>\n<p>Der <strong>Eleaf GX Atomiser <\/strong>ist in einer Reihe von Widerst\u00e4nden erh\u00e4ltlich. Sie haben ein Netz, das Ihr E-Liquid gleichm\u00e4\u00dfiger und schneller erw\u00e4rmt. In Verbindung mit dem GX Tank k\u00f6nnen diese Coils Ihr E-Liquid in nur 0,001 Sekunden erhitzen. Diese Coils wurden weiterentwickelt, um einen intensiven Geschmack und dichten Dampf zu liefern.<\/p>\n<ul>\n<li>4 x Spulen<\/li>\n<li>Kompatibel mit GX Tank<\/li>\n<li>Einschiebbare Konstruktion<\/li>\n<\/ul>\n<p>Die 0,2-Ohm-Spule funktioniert am besten bei 50-80 W und die 0,5-Ohm-Spule erreicht ihr volles Potenzial bei 25-45 W.<\/p>\n<p>Beide Coils sind aus Mesh gefertigt, um Ihr E-Liquid schnell und gleichm\u00e4\u00dfig zu erhitzen und eignen sich hervorragend f\u00fcr Shortfill-E-Liquids, um gro\u00dfe Dampfwolken zu erzeugen. Sie k\u00f6nnen auch mit 50\/50 E-Liquid verwendet werden, um ein ausgewogenes Verh\u00e4ltnis von Geschmack, Dampf und Kehlkopfdruck zu erzielen.<\/p>\n","protected":false},"excerpt":{"rendered":"<p>ELEAF &#8211; GX COILS<\/p>\n","protected":false},"featured_media":423895,"comment_status":"open","ping_status":"closed","template":"","meta":{"_acf_changed":false,"_uag_custom_page_level_css":"","site-sidebar-layout":"default","site-content-layout":"default","ast-site-content-layout":"default","site-content-style":"default","site-sidebar-style":"default","ast-global-header-display":"","ast-banner-title-visibility":"","ast-main-header-display":"","ast-hfb-above-header-display":"","ast-hfb-below-header-display":"","ast-hfb-mobile-header-display":"","site-post-title":"","ast-breadcrumbs-content":"","ast-featured-img":"","footer-sml-layout":"","ast-disable-related-posts":"","theme-transparent-header-meta":"default","adv-header-id-meta":"","stick-header-meta":"default","header-above-stick-meta":"","header-main-stick-meta":"","header-below-stick-meta":"","astra-migrate-meta-layouts":"default","ast-page-background-enabled":"default","ast-page-background-meta":{"desktop":{"background-color":"","background-image":"","background-repeat":"repeat","background-position":"center center","background-size":"auto","background-attachment":"scroll","background-type":"","background-media":"","overlay-type":"","overlay-color":"","overlay-opacity":"","overlay-gradient":""},"tablet":{"background-color":"","background-image":"","background-repeat":"repeat","background-position":"center center","background-size":"auto","background-attachment":"scroll","background-type":"","background-media":"","overlay-type":"","overlay-color":"","overlay-opacity":"","overlay-gradient":""},"mobile":{"background-color":"","background-image":"","background-repeat":"repeat","background-position":"center center","background-size":"auto","background-attachment":"scroll","background-type":"","background-media":"","overlay-type":"","overlay-color":"","overlay-opacity":"","overlay-gradient":""}},"ast-content-background-meta":{"desktop":{"background-color":"var(--ast-global-color-5)","background-image":"","background-repeat":"repeat","background-position":"center center","background-size":"auto","background-attachment":"scroll","background-type":"","background-media":"","overlay-type":"","overlay-color":"","overlay-opacity":"","overlay-gradient":""},"tablet":{"background-color":"var(--ast-global-color-5)","background-image":"","background-repeat":"repeat","background-position":"center center","background-size":"auto","background-attachment":"scroll","background-type":"","background-media":"","overlay-type":"","overlay-color":"","overlay-opacity":"","overlay-gradient":""},"mobile":{"background-color":"var(--ast-global-color-5)","background-image":"","background-repeat":"repeat","background-position":"center center","background-size":"auto","background-attachment":"scroll","background-type":"","background-media":"","overlay-type":"","overlay-color":"","overlay-opacity":"","overlay-gradient":""}}},"product_brand":[],"product_cat":[2057,1977],"product_tag":[],"class_list":{"0":"post-423915","1":"product","2":"type-product","3":"status-publish","4":"has-post-thumbnail","6":"product_cat-spulen-huelsen","7":"product_cat-tanks-spulen","8":"desktop-align-center","9":"tablet-align-center","10":"mobile-align-center","11":"ast-product-gallery-layout-horizontal-slider","12":"ast-product-gallery-with-no-image","13":"ast-product-single-variable","14":"ast-product-tabs-layout-horizontal","16":"first","17":"instock","18":"sale","19":"taxable","20":"shipping-taxable","21":"purchasable","22":"product-type-variable"},"acf":[],"uagb_featured_image_src":{"full":["https:\/\/justvape.nu\/wp-content\/uploads\/2022\/03\/p_7W3Uew.jpeg",1000,1000,false],"thumbnail":["https:\/\/justvape.nu\/wp-content\/uploads\/2022\/03\/p_7W3Uew-150x150.jpeg",150,150,true],"medium":["https:\/\/justvape.nu\/wp-content\/uploads\/2022\/03\/p_7W3Uew-300x300.jpeg",300,300,true],"medium_large":["https:\/\/justvape.nu\/wp-content\/uploads\/2022\/03\/p_7W3Uew-768x768.jpeg",768,768,true],"large":["https:\/\/justvape.nu\/wp-content\/uploads\/2022\/03\/p_7W3Uew.jpeg",1000,1000,false],"1536x1536":["https:\/\/justvape.nu\/wp-content\/uploads\/2022\/03\/p_7W3Uew.jpeg",1000,1000,false],"2048x2048":["https:\/\/justvape.nu\/wp-content\/uploads\/2022\/03\/p_7W3Uew.jpeg",1000,1000,false],"woocommerce_thumbnail":["https:\/\/justvape.nu\/wp-content\/uploads\/2022\/03\/p_7W3Uew-300x300.jpeg",300,300,true],"woocommerce_single":["https:\/\/justvape.nu\/wp-content\/uploads\/2022\/03\/p_7W3Uew-600x600.jpeg",600,600,true],"woocommerce_gallery_thumbnail":["https:\/\/justvape.nu\/wp-content\/uploads\/2022\/03\/p_7W3Uew-100x100.jpeg",100,100,true],"dgwt-wcas-product-suggestion":["https:\/\/justvape.nu\/wp-content\/uploads\/2022\/03\/p_7W3Uew-64x64.jpeg",64,64,true]},"uagb_author_info":{"display_name":"JustVape.nu","author_link":"https:\/\/justvape.nu\/de\/author\/"},"uagb_comment_info":0,"uagb_excerpt":"ELEAF - GX COILS","_links":{"self":[{"href":"https:\/\/justvape.nu\/de\/wp-json\/wp\/v2\/product\/423915","targetHints":{"allow":["GET"]}}],"collection":[{"href":"https:\/\/justvape.nu\/de\/wp-json\/wp\/v2\/product"}],"about":[{"href":"https:\/\/justvape.nu\/de\/wp-json\/wp\/v2\/types\/product"}],"replies":[{"embeddable":true,"href":"https:\/\/justvape.nu\/de\/wp-json\/wp\/v2\/comments?post=423915"}],"wp:featuredmedia":[{"embeddable":true,"href":"https:\/\/justvape.nu\/de\/wp-json\/wp\/v2\/media\/423895"}],"wp:attachment":[{"href":"https:\/\/justvape.nu\/de\/wp-json\/wp\/v2\/media?parent=423915"}],"wp:term":[{"taxonomy":"product_brand","embeddable":true,"href":"https:\/\/justvape.nu\/de\/wp-json\/wp\/v2\/product_brand?post=423915"},{"taxonomy":"product_cat","embeddable":true,"href":"https:\/\/justvape.nu\/de\/wp-json\/wp\/v2\/product_cat?post=423915"},{"taxonomy":"product_tag","embeddable":true,"href":"https:\/\/justvape.nu\/de\/wp-json\/wp\/v2\/product_tag?post=423915"}],"curies":[{"name":"wp","href":"https:\/\/api.w.org\/{rel}","templated":true}]}}