{"id":412802,"date":"2021-12-05T16:34:23","date_gmt":"2021-12-05T15:34:23","guid":{"rendered":"https:\/\/justvape.nu\/produkt\/aspire-flexus-q-pod-cartridge\/"},"modified":"2024-06-18T08:51:24","modified_gmt":"2024-06-18T06:51:24","slug":"aspire-flexus-q-pod-cartridge-2","status":"publish","type":"product","link":"https:\/\/justvape.nu\/de\/produkt\/aspire-flexus-q-pod-cartridge-2\/","title":{"rendered":"Aspire &#8211; Flexus Q Pod Cartridge"},"content":{"rendered":"<h2>Aspire &#8211; Flexus Q Pod Cartridge<\/h2>\n<div class=\"description\">\n<p>Der Aspire Flexus Q Pod ist der einfach zu verwendende Ersatz, der zu Ihrem Flexus Q Vape Kit passt. Er fasst bis zu 2 ml E-Liquid und ist mit den beiden Coils der Aspire Flexus-Reihe kompatibel, so dass Sie einen MTL (Mouth To Lung) Vaping-Stil erleben werden. Beide Coils sind separat erh\u00e4ltlich und imitieren den Inhalationsvorgang einer Zigarette, wobei eine diskretere Menge Dampf erzeugt wird.<\/p>\n<p><strong>Eigenschaften:<\/strong><\/p>\n<ul>\n<li>Nachf\u00fcllbarer 2ml-Pod<\/li>\n<li>MTL-Vaping<\/li>\n<li>Aspire Flexus Coil Compatible<\/li>\n<li>Seitliche F\u00fcllung<\/li>\n<li>Unterst\u00fctzt 50\/50 &amp; High PG E-Liquid<\/li>\n<\/ul>\n<p>Um Ihren Flexus Q Pod aufzuf\u00fcllen, entfernen Sie einfach den Silikonstopfen an der Seite und schon k\u00f6nnen Sie bis zu 2 ml E-Liquid einf\u00fcllen. Die 0,6-Ohm-Spule erzeugt etwas mehr Dampf als die 1,0-Ohm-Version, aber beide liefern dank ihres Mesh-Aufbaus einen besseren Geschmack. Um die besten Ergebnisse zu erzielen, empfehlen wir die Verwendung eines E-Liquids mit einer 50\/50- oder hohen PG-Konzentration, unabh\u00e4ngig davon, welche Spule Sie w\u00e4hlen.<\/p>\n<\/div>\n<div id=\"shopify-product-reviews\" data-id=\"6665109471334\"><\/div>\n","protected":false},"excerpt":{"rendered":"<p>Aspire &#8211; Flexus Q Pod-Kartusche<\/p>\n","protected":false},"featured_media":411765,"comment_status":"open","ping_status":"closed","template":"","meta":{"_acf_changed":false,"_uag_custom_page_level_css":"","site-sidebar-layout":"default","site-content-layout":"default","ast-site-content-layout":"default","site-content-style":"default","site-sidebar-style":"default","ast-global-header-display":"","ast-banner-title-visibility":"","ast-main-header-display":"","ast-hfb-above-header-display":"","ast-hfb-below-header-display":"","ast-hfb-mobile-header-display":"","site-post-title":"","ast-breadcrumbs-content":"","ast-featured-img":"","footer-sml-layout":"","ast-disable-related-posts":"","theme-transparent-header-meta":"default","adv-header-id-meta":"","stick-header-meta":"default","header-above-stick-meta":"","header-main-stick-meta":"","header-below-stick-meta":"","astra-migrate-meta-layouts":"default","ast-page-background-enabled":"default","ast-page-background-meta":{"desktop":{"background-color":"","background-image":"","background-repeat":"repeat","background-position":"center center","background-size":"auto","background-attachment":"scroll","background-type":"","background-media":"","overlay-type":"","overlay-color":"","overlay-opacity":"","overlay-gradient":""},"tablet":{"background-color":"","background-image":"","background-repeat":"repeat","background-position":"center center","background-size":"auto","background-attachment":"scroll","background-type":"","background-media":"","overlay-type":"","overlay-color":"","overlay-opacity":"","overlay-gradient":""},"mobile":{"background-color":"","background-image":"","background-repeat":"repeat","background-position":"center center","background-size":"auto","background-attachment":"scroll","background-type":"","background-media":"","overlay-type":"","overlay-color":"","overlay-opacity":"","overlay-gradient":""}},"ast-content-background-meta":{"desktop":{"background-color":"var(--ast-global-color-5)","background-image":"","background-repeat":"repeat","background-position":"center center","background-size":"auto","background-attachment":"scroll","background-type":"","background-media":"","overlay-type":"","overlay-color":"","overlay-opacity":"","overlay-gradient":""},"tablet":{"background-color":"var(--ast-global-color-5)","background-image":"","background-repeat":"repeat","background-position":"center center","background-size":"auto","background-attachment":"scroll","background-type":"","background-media":"","overlay-type":"","overlay-color":"","overlay-opacity":"","overlay-gradient":""},"mobile":{"background-color":"var(--ast-global-color-5)","background-image":"","background-repeat":"repeat","background-position":"center center","background-size":"auto","background-attachment":"scroll","background-type":"","background-media":"","overlay-type":"","overlay-color":"","overlay-opacity":"","overlay-gradient":""}}},"product_brand":[],"product_cat":[2057,1977],"product_tag":[],"class_list":{"0":"post-412802","1":"product","2":"type-product","3":"status-publish","4":"has-post-thumbnail","6":"product_cat-spulen-huelsen","7":"product_cat-tanks-spulen","8":"desktop-align-center","9":"tablet-align-center","10":"mobile-align-center","11":"ast-product-gallery-layout-horizontal-slider","12":"ast-product-gallery-with-no-image","13":"ast-product-tabs-layout-horizontal","15":"first","16":"instock","17":"sale","18":"taxable","19":"shipping-taxable","20":"purchasable","21":"product-type-simple"},"acf":[],"uagb_featured_image_src":{"full":["https:\/\/justvape.nu\/wp-content\/uploads\/2021\/12\/0001_1_2_1024x.jpg",800,800,false],"thumbnail":["https:\/\/justvape.nu\/wp-content\/uploads\/2021\/12\/0001_1_2_1024x-150x150.jpg",150,150,true],"medium":["https:\/\/justvape.nu\/wp-content\/uploads\/2021\/12\/0001_1_2_1024x-300x300.jpg",300,300,true],"medium_large":["https:\/\/justvape.nu\/wp-content\/uploads\/2021\/12\/0001_1_2_1024x-768x768.jpg",768,768,true],"large":["https:\/\/justvape.nu\/wp-content\/uploads\/2021\/12\/0001_1_2_1024x.jpg",800,800,false],"1536x1536":["https:\/\/justvape.nu\/wp-content\/uploads\/2021\/12\/0001_1_2_1024x.jpg",800,800,false],"2048x2048":["https:\/\/justvape.nu\/wp-content\/uploads\/2021\/12\/0001_1_2_1024x.jpg",800,800,false],"woocommerce_thumbnail":["https:\/\/justvape.nu\/wp-content\/uploads\/2021\/12\/0001_1_2_1024x-300x300.jpg",300,300,true],"woocommerce_single":["https:\/\/justvape.nu\/wp-content\/uploads\/2021\/12\/0001_1_2_1024x-600x600.jpg",600,600,true],"woocommerce_gallery_thumbnail":["https:\/\/justvape.nu\/wp-content\/uploads\/2021\/12\/0001_1_2_1024x-100x100.jpg",100,100,true],"dgwt-wcas-product-suggestion":["https:\/\/justvape.nu\/wp-content\/uploads\/2021\/12\/0001_1_2_1024x-64x64.jpg",64,64,true]},"uagb_author_info":{"display_name":"JustVape.nu","author_link":"https:\/\/justvape.nu\/de\/author\/"},"uagb_comment_info":0,"uagb_excerpt":"Aspire - Flexus Q Pod-Kartusche","_links":{"self":[{"href":"https:\/\/justvape.nu\/de\/wp-json\/wp\/v2\/product\/412802","targetHints":{"allow":["GET"]}}],"collection":[{"href":"https:\/\/justvape.nu\/de\/wp-json\/wp\/v2\/product"}],"about":[{"href":"https:\/\/justvape.nu\/de\/wp-json\/wp\/v2\/types\/product"}],"replies":[{"embeddable":true,"href":"https:\/\/justvape.nu\/de\/wp-json\/wp\/v2\/comments?post=412802"}],"wp:featuredmedia":[{"embeddable":true,"href":"https:\/\/justvape.nu\/de\/wp-json\/wp\/v2\/media\/411765"}],"wp:attachment":[{"href":"https:\/\/justvape.nu\/de\/wp-json\/wp\/v2\/media?parent=412802"}],"wp:term":[{"taxonomy":"product_brand","embeddable":true,"href":"https:\/\/justvape.nu\/de\/wp-json\/wp\/v2\/product_brand?post=412802"},{"taxonomy":"product_cat","embeddable":true,"href":"https:\/\/justvape.nu\/de\/wp-json\/wp\/v2\/product_cat?post=412802"},{"taxonomy":"product_tag","embeddable":true,"href":"https:\/\/justvape.nu\/de\/wp-json\/wp\/v2\/product_tag?post=412802"}],"curies":[{"name":"wp","href":"https:\/\/api.w.org\/{rel}","templated":true}]}}