{"id":406848,"date":"2021-10-28T17:39:11","date_gmt":"2021-10-28T15:39:11","guid":{"rendered":"https:\/\/justvape.nu\/produkt\/lost-vape-ultra-boost-pro-ub-replacement-pods\/"},"modified":"2025-07-28T12:07:02","modified_gmt":"2025-07-28T10:07:02","slug":"lost-vape-ultra-boost-ub-replacement-pods-2","status":"publish","type":"product","link":"https:\/\/justvape.nu\/de\/produkt\/lost-vape-ultra-boost-ub-replacement-pods-2\/","title":{"rendered":"LOST VAPE &#8211; ULTRA BOOST PRO &amp; UB REPLACEMENT PODS"},"content":{"rendered":"<h2>LOST VAPE &#8211; ULTRA BOOST PRO &amp; UB REPLACEMENT PODS<\/h2>\n<p>Der UB Pro Pod hat ein Fassungsverm\u00f6gen von 5ml und der UB Pod hat ein Fassungsverm\u00f6gen von 5,5ml.<\/p>\n<p>Die UB Replacement Pods gibt es in zwei Varianten:<\/p>\n<ul>\n<li>UB PRO zur Verwendung mit Ultra Boost PRO Coils (nicht im Lieferumfang enthalten)<\/li>\n<li>UB, die mit den Ultra Boost Coils zu verwenden sind (nicht im Lieferumfang enthalten)<\/li>\n<\/ul>\n<p>Der UB-Pod-Tank wurde zum ersten Mal auf dem Grus 100 Kit gesehen und verf\u00fcgt \u00fcber ein Push-Fit Bottom Coil Design und eine Seite F\u00fcllsystem, beide Pods haben eine 810 Drip-Tip jedoch die UB Pro Pod verf\u00fcgt \u00fcber einen etwas gr\u00f6\u00dferen Durchmesser f\u00fcr eine weniger restriktive vape Konto, wenn Sie die Pro Coils. 1 St\u00fcck pro Packung<\/p>\n","protected":false},"excerpt":{"rendered":"<p>LOST VAPE &#8211; ULTRA BOOST PRO &amp; UB REPLACEMENT PODS<\/p>\n","protected":false},"featured_media":406387,"comment_status":"open","ping_status":"closed","template":"","meta":{"_acf_changed":false,"_uag_custom_page_level_css":"","site-sidebar-layout":"default","site-content-layout":"default","ast-site-content-layout":"default","site-content-style":"default","site-sidebar-style":"default","ast-global-header-display":"","ast-banner-title-visibility":"","ast-main-header-display":"","ast-hfb-above-header-display":"","ast-hfb-below-header-display":"","ast-hfb-mobile-header-display":"","site-post-title":"","ast-breadcrumbs-content":"","ast-featured-img":"","footer-sml-layout":"","ast-disable-related-posts":"","theme-transparent-header-meta":"default","adv-header-id-meta":"","stick-header-meta":"default","header-above-stick-meta":"","header-main-stick-meta":"","header-below-stick-meta":"","astra-migrate-meta-layouts":"default","ast-page-background-enabled":"default","ast-page-background-meta":{"desktop":{"background-color":"","background-image":"","background-repeat":"repeat","background-position":"center center","background-size":"auto","background-attachment":"scroll","background-type":"","background-media":"","overlay-type":"","overlay-color":"","overlay-opacity":"","overlay-gradient":""},"tablet":{"background-color":"","background-image":"","background-repeat":"repeat","background-position":"center center","background-size":"auto","background-attachment":"scroll","background-type":"","background-media":"","overlay-type":"","overlay-color":"","overlay-opacity":"","overlay-gradient":""},"mobile":{"background-color":"","background-image":"","background-repeat":"repeat","background-position":"center center","background-size":"auto","background-attachment":"scroll","background-type":"","background-media":"","overlay-type":"","overlay-color":"","overlay-opacity":"","overlay-gradient":""}},"ast-content-background-meta":{"desktop":{"background-color":"var(--ast-global-color-5)","background-image":"","background-repeat":"repeat","background-position":"center center","background-size":"auto","background-attachment":"scroll","background-type":"","background-media":"","overlay-type":"","overlay-color":"","overlay-opacity":"","overlay-gradient":""},"tablet":{"background-color":"var(--ast-global-color-5)","background-image":"","background-repeat":"repeat","background-position":"center center","background-size":"auto","background-attachment":"scroll","background-type":"","background-media":"","overlay-type":"","overlay-color":"","overlay-opacity":"","overlay-gradient":""},"mobile":{"background-color":"var(--ast-global-color-5)","background-image":"","background-repeat":"repeat","background-position":"center center","background-size":"auto","background-attachment":"scroll","background-type":"","background-media":"","overlay-type":"","overlay-color":"","overlay-opacity":"","overlay-gradient":""}}},"product_brand":[],"product_cat":[1967,2057,1977],"product_tag":[],"class_list":{"0":"post-406848","1":"product","2":"type-product","3":"status-publish","4":"has-post-thumbnail","6":"product_cat-bietet-an","7":"product_cat-spulen-huelsen","8":"product_cat-tanks-spulen","9":"desktop-align-center","10":"tablet-align-center","11":"mobile-align-center","12":"ast-product-gallery-layout-horizontal-slider","13":"ast-product-single-variable","14":"ast-product-tabs-layout-horizontal","16":"first","17":"instock","18":"sale","19":"taxable","20":"shipping-taxable","21":"purchasable","22":"product-type-variable"},"acf":[],"uagb_featured_image_src":{"full":["https:\/\/justvape.nu\/wp-content\/uploads\/2021\/10\/pod1_1024x1024.png",600,600,false],"thumbnail":["https:\/\/justvape.nu\/wp-content\/uploads\/2021\/10\/pod1_1024x1024-150x150.png",150,150,true],"medium":["https:\/\/justvape.nu\/wp-content\/uploads\/2021\/10\/pod1_1024x1024-300x300.png",300,300,true],"medium_large":["https:\/\/justvape.nu\/wp-content\/uploads\/2021\/10\/pod1_1024x1024.png",600,600,false],"large":["https:\/\/justvape.nu\/wp-content\/uploads\/2021\/10\/pod1_1024x1024.png",600,600,false],"1536x1536":["https:\/\/justvape.nu\/wp-content\/uploads\/2021\/10\/pod1_1024x1024.png",600,600,false],"2048x2048":["https:\/\/justvape.nu\/wp-content\/uploads\/2021\/10\/pod1_1024x1024.png",600,600,false],"woocommerce_thumbnail":["https:\/\/justvape.nu\/wp-content\/uploads\/2021\/10\/pod1_1024x1024-300x300.png",300,300,true],"woocommerce_single":["https:\/\/justvape.nu\/wp-content\/uploads\/2021\/10\/pod1_1024x1024.png",600,600,false],"woocommerce_gallery_thumbnail":["https:\/\/justvape.nu\/wp-content\/uploads\/2021\/10\/pod1_1024x1024-100x100.png",100,100,true],"dgwt-wcas-product-suggestion":["https:\/\/justvape.nu\/wp-content\/uploads\/2021\/10\/pod1_1024x1024-64x64.png",64,64,true]},"uagb_author_info":{"display_name":"JustVape.nu","author_link":"https:\/\/justvape.nu\/de\/author\/"},"uagb_comment_info":0,"uagb_excerpt":"LOST VAPE - ULTRA BOOST PRO &amp; UB REPLACEMENT PODS","_links":{"self":[{"href":"https:\/\/justvape.nu\/de\/wp-json\/wp\/v2\/product\/406848","targetHints":{"allow":["GET"]}}],"collection":[{"href":"https:\/\/justvape.nu\/de\/wp-json\/wp\/v2\/product"}],"about":[{"href":"https:\/\/justvape.nu\/de\/wp-json\/wp\/v2\/types\/product"}],"replies":[{"embeddable":true,"href":"https:\/\/justvape.nu\/de\/wp-json\/wp\/v2\/comments?post=406848"}],"wp:featuredmedia":[{"embeddable":true,"href":"https:\/\/justvape.nu\/de\/wp-json\/wp\/v2\/media\/406387"}],"wp:attachment":[{"href":"https:\/\/justvape.nu\/de\/wp-json\/wp\/v2\/media?parent=406848"}],"wp:term":[{"taxonomy":"product_brand","embeddable":true,"href":"https:\/\/justvape.nu\/de\/wp-json\/wp\/v2\/product_brand?post=406848"},{"taxonomy":"product_cat","embeddable":true,"href":"https:\/\/justvape.nu\/de\/wp-json\/wp\/v2\/product_cat?post=406848"},{"taxonomy":"product_tag","embeddable":true,"href":"https:\/\/justvape.nu\/de\/wp-json\/wp\/v2\/product_tag?post=406848"}],"curies":[{"name":"wp","href":"https:\/\/api.w.org\/{rel}","templated":true}]}}