{"id":398464,"date":"2021-09-07T16:21:17","date_gmt":"2021-09-07T14:21:17","guid":{"rendered":"https:\/\/www.justvape.nu\/produkt\/aspire-cloudflask-replacement-pod-2ml\/"},"modified":"2021-09-07T16:28:38","modified_gmt":"2021-09-07T14:28:38","slug":"aspire-cloudflask-ersatz-pod-2ml","status":"publish","type":"product","link":"https:\/\/justvape.nu\/de\/produkt\/aspire-cloudflask-ersatz-pod-2ml\/","title":{"rendered":"ASPIRE &#8211; CLOUDFLASK REPLACEMENT POD 2ML"},"content":{"rendered":"<h2>ASPIRE &#8211; CLOUDFLASK REPLACEMENT POD 2ML<\/h2>\n<p>Der neue Cloudflask von Aspire vereint leistungsstarke Funktionen mit einem benutzerfreundlichen und robusten Design im Flachmann-Stil und ist damit ein ideales Pod-Ger\u00e4t f\u00fcr Neueinsteiger oder erfahrene Dampfer, die nach dem ultimativen Reisebegleiter suchen.<\/p>\n<p>Dieser 2ml Ersatz-Pod f\u00fcr die Cloudflask erm\u00f6glicht das einfache Push-to-Fit-System von Aspire, um Ihren Coil zu ersetzen. Er kann einfach nachgef\u00fcllt werden, indem Sie den Pod abnehmen, den Silikonstopfen l\u00f6sen, Ihr Liquid nachf\u00fcllen und wieder einsetzen.<\/p>\n<p>Das Harz 810 Drip-Tips ist bequem auf den Lippen, sondern kann mit einem anderen 810 Drip-Tip Ihrer Wahl ersetzt werden.<\/p>\n<p>Konzipiert f\u00fcr die Verwendung mit Aspire Mesh 0,25 Coils f\u00fcr eine sublime Sub-Ohm, DTL (direct-to-lung) vaping Erfahrung.<\/p>\n<p><strong>Spezifikation:<\/strong><\/p>\n<p>2 ml E-Liquid-Kapazit\u00e4t<br \/>\nAbnehmbares Spulensystem<br \/>\nHarz 810 Drip Tip<br \/>\nKompatibel mit Aspire&#8217;s Cloudflask Mesh Spulen<\/p>\n","protected":false},"excerpt":{"rendered":"<p>ASPIRE &#8211; CLOUDFLASK REPLACEMENT POD 2ML<\/p>\n","protected":false},"featured_media":398475,"comment_status":"open","ping_status":"closed","template":"","meta":{"_acf_changed":false,"_uag_custom_page_level_css":"","site-sidebar-layout":"default","site-content-layout":"default","ast-site-content-layout":"default","site-content-style":"default","site-sidebar-style":"default","ast-global-header-display":"","ast-banner-title-visibility":"","ast-main-header-display":"","ast-hfb-above-header-display":"","ast-hfb-below-header-display":"","ast-hfb-mobile-header-display":"","site-post-title":"","ast-breadcrumbs-content":"","ast-featured-img":"","footer-sml-layout":"","ast-disable-related-posts":"","theme-transparent-header-meta":"default","adv-header-id-meta":"","stick-header-meta":"default","header-above-stick-meta":"","header-main-stick-meta":"","header-below-stick-meta":"","astra-migrate-meta-layouts":"default","ast-page-background-enabled":"default","ast-page-background-meta":{"desktop":{"background-color":"","background-image":"","background-repeat":"repeat","background-position":"center center","background-size":"auto","background-attachment":"scroll","background-type":"","background-media":"","overlay-type":"","overlay-color":"","overlay-opacity":"","overlay-gradient":""},"tablet":{"background-color":"","background-image":"","background-repeat":"repeat","background-position":"center center","background-size":"auto","background-attachment":"scroll","background-type":"","background-media":"","overlay-type":"","overlay-color":"","overlay-opacity":"","overlay-gradient":""},"mobile":{"background-color":"","background-image":"","background-repeat":"repeat","background-position":"center center","background-size":"auto","background-attachment":"scroll","background-type":"","background-media":"","overlay-type":"","overlay-color":"","overlay-opacity":"","overlay-gradient":""}},"ast-content-background-meta":{"desktop":{"background-color":"var(--ast-global-color-5)","background-image":"","background-repeat":"repeat","background-position":"center center","background-size":"auto","background-attachment":"scroll","background-type":"","background-media":"","overlay-type":"","overlay-color":"","overlay-opacity":"","overlay-gradient":""},"tablet":{"background-color":"var(--ast-global-color-5)","background-image":"","background-repeat":"repeat","background-position":"center center","background-size":"auto","background-attachment":"scroll","background-type":"","background-media":"","overlay-type":"","overlay-color":"","overlay-opacity":"","overlay-gradient":""},"mobile":{"background-color":"var(--ast-global-color-5)","background-image":"","background-repeat":"repeat","background-position":"center center","background-size":"auto","background-attachment":"scroll","background-type":"","background-media":"","overlay-type":"","overlay-color":"","overlay-opacity":"","overlay-gradient":""}}},"product_brand":[],"product_cat":[2057,1977],"product_tag":[],"class_list":{"0":"post-398464","1":"product","2":"type-product","3":"status-publish","4":"has-post-thumbnail","6":"product_cat-spulen-huelsen","7":"product_cat-tanks-spulen","8":"desktop-align-center","9":"tablet-align-center","10":"mobile-align-center","11":"ast-product-gallery-layout-horizontal-slider","12":"ast-product-gallery-with-no-image","13":"ast-product-tabs-layout-horizontal","15":"first","16":"instock","17":"sale","18":"taxable","19":"shipping-taxable","20":"purchasable","21":"product-type-simple"},"acf":[],"uagb_featured_image_src":{"full":["https:\/\/justvape.nu\/wp-content\/uploads\/2021\/09\/pod-aspire-cloudflask-pod-14637569835097_600x_dba8433a-5b87-4e92-9f40-da89038bdbf2.jpg",600,600,false],"thumbnail":["https:\/\/justvape.nu\/wp-content\/uploads\/2021\/09\/pod-aspire-cloudflask-pod-14637569835097_600x_dba8433a-5b87-4e92-9f40-da89038bdbf2-150x150.jpg",150,150,true],"medium":["https:\/\/justvape.nu\/wp-content\/uploads\/2021\/09\/pod-aspire-cloudflask-pod-14637569835097_600x_dba8433a-5b87-4e92-9f40-da89038bdbf2-300x300.jpg",300,300,true],"medium_large":["https:\/\/justvape.nu\/wp-content\/uploads\/2021\/09\/pod-aspire-cloudflask-pod-14637569835097_600x_dba8433a-5b87-4e92-9f40-da89038bdbf2.jpg",600,600,false],"large":["https:\/\/justvape.nu\/wp-content\/uploads\/2021\/09\/pod-aspire-cloudflask-pod-14637569835097_600x_dba8433a-5b87-4e92-9f40-da89038bdbf2.jpg",600,600,false],"1536x1536":["https:\/\/justvape.nu\/wp-content\/uploads\/2021\/09\/pod-aspire-cloudflask-pod-14637569835097_600x_dba8433a-5b87-4e92-9f40-da89038bdbf2.jpg",600,600,false],"2048x2048":["https:\/\/justvape.nu\/wp-content\/uploads\/2021\/09\/pod-aspire-cloudflask-pod-14637569835097_600x_dba8433a-5b87-4e92-9f40-da89038bdbf2.jpg",600,600,false],"woocommerce_thumbnail":["https:\/\/justvape.nu\/wp-content\/uploads\/2021\/09\/pod-aspire-cloudflask-pod-14637569835097_600x_dba8433a-5b87-4e92-9f40-da89038bdbf2-300x300.jpg",300,300,true],"woocommerce_single":["https:\/\/justvape.nu\/wp-content\/uploads\/2021\/09\/pod-aspire-cloudflask-pod-14637569835097_600x_dba8433a-5b87-4e92-9f40-da89038bdbf2.jpg",600,600,false],"woocommerce_gallery_thumbnail":["https:\/\/justvape.nu\/wp-content\/uploads\/2021\/09\/pod-aspire-cloudflask-pod-14637569835097_600x_dba8433a-5b87-4e92-9f40-da89038bdbf2-100x100.jpg",100,100,true],"dgwt-wcas-product-suggestion":["https:\/\/justvape.nu\/wp-content\/uploads\/2021\/09\/pod-aspire-cloudflask-pod-14637569835097_600x_dba8433a-5b87-4e92-9f40-da89038bdbf2-64x64.jpg",64,64,true]},"uagb_author_info":{"display_name":"JustVape.nu","author_link":"https:\/\/justvape.nu\/de\/author\/"},"uagb_comment_info":0,"uagb_excerpt":"ASPIRE - CLOUDFLASK REPLACEMENT POD 2ML","_links":{"self":[{"href":"https:\/\/justvape.nu\/de\/wp-json\/wp\/v2\/product\/398464","targetHints":{"allow":["GET"]}}],"collection":[{"href":"https:\/\/justvape.nu\/de\/wp-json\/wp\/v2\/product"}],"about":[{"href":"https:\/\/justvape.nu\/de\/wp-json\/wp\/v2\/types\/product"}],"replies":[{"embeddable":true,"href":"https:\/\/justvape.nu\/de\/wp-json\/wp\/v2\/comments?post=398464"}],"wp:featuredmedia":[{"embeddable":true,"href":"https:\/\/justvape.nu\/de\/wp-json\/wp\/v2\/media\/398475"}],"wp:attachment":[{"href":"https:\/\/justvape.nu\/de\/wp-json\/wp\/v2\/media?parent=398464"}],"wp:term":[{"taxonomy":"product_brand","embeddable":true,"href":"https:\/\/justvape.nu\/de\/wp-json\/wp\/v2\/product_brand?post=398464"},{"taxonomy":"product_cat","embeddable":true,"href":"https:\/\/justvape.nu\/de\/wp-json\/wp\/v2\/product_cat?post=398464"},{"taxonomy":"product_tag","embeddable":true,"href":"https:\/\/justvape.nu\/de\/wp-json\/wp\/v2\/product_tag?post=398464"}],"curies":[{"name":"wp","href":"https:\/\/api.w.org\/{rel}","templated":true}]}}