{"id":397392,"date":"2021-09-01T17:54:51","date_gmt":"2021-09-01T15:54:51","guid":{"rendered":"https:\/\/www.justvape.nu\/produkt\/lost-vape-ub-lite-coils\/"},"modified":"2023-05-13T19:56:41","modified_gmt":"2023-05-13T17:56:41","slug":"lost-vape-ub-lite-coils","status":"publish","type":"product","link":"https:\/\/justvape.nu\/de\/produkt\/lost-vape-ub-lite-coils\/","title":{"rendered":"LOST VAPE &#8211; UB LITE COILS"},"content":{"rendered":"<h2>LOST VAPE &#8211; UB LITE COILS<\/h2>\n<p>Die UB Lite Serie Spulen sind entworfen, um mit dem UB Lite Pod-Kit von Lost Vape verwendet werden, konstruiert aus Mesh und ist in drei Widerst\u00e4nden, 0,4 Ohm (UB L1) ist am besten zwischen 20-30 verwendet und ist mehr auf eine Direct to Lung inhalieren, die 0 ausgerichtet.8ohm (UB L3) ist am besten zwischen 12-17w verwendet und ist mehr auf eine restriktive Direct to Lung inhalieren, w\u00e4hrend die 1,4ohm (UB L5) Coil ist eine vollst\u00e4ndige Mund zu Lunge inhalieren am besten zwischen 8-10w verwendet. 5 St\u00fcck pro Packung.<\/p>\n<p><img loading=\"lazy\" decoding=\"async\" class=\"alignnone size-full wp-image-396913\" src=\"https:\/\/www.justvape.nu\/wp-content\/uploads\/2021\/09\/Lost_Vape_UB_Lite_Coil_Resistance.jpg\" alt=\"\" width=\"831\" height=\"367\" title=\"\" srcset=\"https:\/\/justvape.nu\/wp-content\/uploads\/2021\/09\/Lost_Vape_UB_Lite_Coil_Resistance.jpg 831w, https:\/\/justvape.nu\/wp-content\/uploads\/2021\/09\/Lost_Vape_UB_Lite_Coil_Resistance-300x132.jpg 300w, https:\/\/justvape.nu\/wp-content\/uploads\/2021\/09\/Lost_Vape_UB_Lite_Coil_Resistance-768x339.jpg 768w, https:\/\/justvape.nu\/wp-content\/uploads\/2021\/09\/Lost_Vape_UB_Lite_Coil_Resistance-600x265.jpg 600w, https:\/\/justvape.nu\/wp-content\/uploads\/2021\/09\/Lost_Vape_UB_Lite_Coil_Resistance-64x28.jpg 64w\" sizes=\"auto, (max-width: 831px) 100vw, 831px\" \/><\/p>\n<p><strong>Inhalt:<\/strong><\/p>\n<ul>\n<li>5x UB Lite Ersatzspulen<\/li>\n<\/ul>\n<p>&nbsp;<\/p>\n","protected":false},"excerpt":{"rendered":"<p>VERLOREN VAPE &#8211; UB LITE SPULEN<\/p>\n","protected":false},"featured_media":396931,"comment_status":"open","ping_status":"closed","template":"","meta":{"_acf_changed":false,"_uag_custom_page_level_css":"","site-sidebar-layout":"default","site-content-layout":"default","ast-site-content-layout":"default","site-content-style":"default","site-sidebar-style":"default","ast-global-header-display":"","ast-banner-title-visibility":"","ast-main-header-display":"","ast-hfb-above-header-display":"","ast-hfb-below-header-display":"","ast-hfb-mobile-header-display":"","site-post-title":"","ast-breadcrumbs-content":"","ast-featured-img":"","footer-sml-layout":"","ast-disable-related-posts":"","theme-transparent-header-meta":"default","adv-header-id-meta":"","stick-header-meta":"default","header-above-stick-meta":"","header-main-stick-meta":"","header-below-stick-meta":"","astra-migrate-meta-layouts":"default","ast-page-background-enabled":"default","ast-page-background-meta":{"desktop":{"background-color":"","background-image":"","background-repeat":"repeat","background-position":"center center","background-size":"auto","background-attachment":"scroll","background-type":"","background-media":"","overlay-type":"","overlay-color":"","overlay-opacity":"","overlay-gradient":""},"tablet":{"background-color":"","background-image":"","background-repeat":"repeat","background-position":"center center","background-size":"auto","background-attachment":"scroll","background-type":"","background-media":"","overlay-type":"","overlay-color":"","overlay-opacity":"","overlay-gradient":""},"mobile":{"background-color":"","background-image":"","background-repeat":"repeat","background-position":"center center","background-size":"auto","background-attachment":"scroll","background-type":"","background-media":"","overlay-type":"","overlay-color":"","overlay-opacity":"","overlay-gradient":""}},"ast-content-background-meta":{"desktop":{"background-color":"var(--ast-global-color-5)","background-image":"","background-repeat":"repeat","background-position":"center center","background-size":"auto","background-attachment":"scroll","background-type":"","background-media":"","overlay-type":"","overlay-color":"","overlay-opacity":"","overlay-gradient":""},"tablet":{"background-color":"var(--ast-global-color-5)","background-image":"","background-repeat":"repeat","background-position":"center center","background-size":"auto","background-attachment":"scroll","background-type":"","background-media":"","overlay-type":"","overlay-color":"","overlay-opacity":"","overlay-gradient":""},"mobile":{"background-color":"var(--ast-global-color-5)","background-image":"","background-repeat":"repeat","background-position":"center center","background-size":"auto","background-attachment":"scroll","background-type":"","background-media":"","overlay-type":"","overlay-color":"","overlay-opacity":"","overlay-gradient":""}}},"product_brand":[],"product_cat":[2057,1977],"product_tag":[],"class_list":{"0":"post-397392","1":"product","2":"type-product","3":"status-publish","4":"has-post-thumbnail","6":"product_cat-spulen-huelsen","7":"product_cat-tanks-spulen","8":"desktop-align-center","9":"tablet-align-center","10":"mobile-align-center","11":"ast-product-gallery-layout-horizontal-slider","12":"ast-product-gallery-with-no-image","13":"ast-product-single-variable","14":"ast-product-tabs-layout-horizontal","16":"first","17":"instock","18":"sale","19":"taxable","20":"shipping-taxable","21":"purchasable","22":"product-type-variable","23":"has-default-attributes"},"acf":[],"uagb_featured_image_src":{"full":["https:\/\/justvape.nu\/wp-content\/uploads\/2021\/09\/JWN5LostVapeUBLiteMeshCoils2_6_grande.jpg",600,600,false],"thumbnail":["https:\/\/justvape.nu\/wp-content\/uploads\/2021\/09\/JWN5LostVapeUBLiteMeshCoils2_6_grande-150x150.jpg",150,150,true],"medium":["https:\/\/justvape.nu\/wp-content\/uploads\/2021\/09\/JWN5LostVapeUBLiteMeshCoils2_6_grande-300x300.jpg",300,300,true],"medium_large":["https:\/\/justvape.nu\/wp-content\/uploads\/2021\/09\/JWN5LostVapeUBLiteMeshCoils2_6_grande.jpg",600,600,false],"large":["https:\/\/justvape.nu\/wp-content\/uploads\/2021\/09\/JWN5LostVapeUBLiteMeshCoils2_6_grande.jpg",600,600,false],"1536x1536":["https:\/\/justvape.nu\/wp-content\/uploads\/2021\/09\/JWN5LostVapeUBLiteMeshCoils2_6_grande.jpg",600,600,false],"2048x2048":["https:\/\/justvape.nu\/wp-content\/uploads\/2021\/09\/JWN5LostVapeUBLiteMeshCoils2_6_grande.jpg",600,600,false],"woocommerce_thumbnail":["https:\/\/justvape.nu\/wp-content\/uploads\/2021\/09\/JWN5LostVapeUBLiteMeshCoils2_6_grande-300x300.jpg",300,300,true],"woocommerce_single":["https:\/\/justvape.nu\/wp-content\/uploads\/2021\/09\/JWN5LostVapeUBLiteMeshCoils2_6_grande.jpg",600,600,false],"woocommerce_gallery_thumbnail":["https:\/\/justvape.nu\/wp-content\/uploads\/2021\/09\/JWN5LostVapeUBLiteMeshCoils2_6_grande-100x100.jpg",100,100,true],"dgwt-wcas-product-suggestion":["https:\/\/justvape.nu\/wp-content\/uploads\/2021\/09\/JWN5LostVapeUBLiteMeshCoils2_6_grande-64x64.jpg",64,64,true]},"uagb_author_info":{"display_name":"JustVape.nu","author_link":"https:\/\/justvape.nu\/de\/author\/"},"uagb_comment_info":0,"uagb_excerpt":"VERLOREN VAPE - UB LITE SPULEN","_links":{"self":[{"href":"https:\/\/justvape.nu\/de\/wp-json\/wp\/v2\/product\/397392","targetHints":{"allow":["GET"]}}],"collection":[{"href":"https:\/\/justvape.nu\/de\/wp-json\/wp\/v2\/product"}],"about":[{"href":"https:\/\/justvape.nu\/de\/wp-json\/wp\/v2\/types\/product"}],"replies":[{"embeddable":true,"href":"https:\/\/justvape.nu\/de\/wp-json\/wp\/v2\/comments?post=397392"}],"wp:featuredmedia":[{"embeddable":true,"href":"https:\/\/justvape.nu\/de\/wp-json\/wp\/v2\/media\/396931"}],"wp:attachment":[{"href":"https:\/\/justvape.nu\/de\/wp-json\/wp\/v2\/media?parent=397392"}],"wp:term":[{"taxonomy":"product_brand","embeddable":true,"href":"https:\/\/justvape.nu\/de\/wp-json\/wp\/v2\/product_brand?post=397392"},{"taxonomy":"product_cat","embeddable":true,"href":"https:\/\/justvape.nu\/de\/wp-json\/wp\/v2\/product_cat?post=397392"},{"taxonomy":"product_tag","embeddable":true,"href":"https:\/\/justvape.nu\/de\/wp-json\/wp\/v2\/product_tag?post=397392"}],"curies":[{"name":"wp","href":"https:\/\/api.w.org\/{rel}","templated":true}]}}