{"id":395478,"date":"2021-08-11T17:25:14","date_gmt":"2021-08-11T15:25:14","guid":{"rendered":"https:\/\/www.justvape.nu\/produkt\/geekvape-obelisk-60-pod-kit-2200mah\/"},"modified":"2024-04-09T15:32:14","modified_gmt":"2024-04-09T13:32:14","slug":"geekvape-obelisk-60-pod-kit-2200mah","status":"publish","type":"product","link":"https:\/\/justvape.nu\/de\/produkt\/geekvape-obelisk-60-pod-kit-2200mah\/","title":{"rendered":"GEEKVAPE &#8211; OBELISK 60 POD KIT 2200mAh"},"content":{"rendered":"<h2>GEEKVAPE &#8211; OBELISK 60 POD KIT 2200mAh<\/h2>\n<p>Der Obelisk 60 wurde so konzipiert, dass er mit einer einzigen Ladung bis zu einem ganzen Tag lang dampfen kann. Der Leistungsbereich von 5 &#8211; 60W bedeutet, dass er DTL (Direct To Lung) Vaping unterst\u00fctzt, w\u00e4hrend er Ihnen gleichzeitig die M\u00f6glichkeit bietet, die Leistung zu ver\u00e4ndern, um Ihr ideales Niveau der Dampfproduktion zu finden. Jedes Kit kommt komplett mit einem Obelisk 2ml Pod sowie zwei Coils, um den Einstieg zu erleichtern.<\/p>\n<p>Der Obelisk wurde mit Blick auf Diskretion entwickelt, passt in Ihre Handfl\u00e4che und bietet einen ganz einfachen Ansatz zum Sub-Ohm-Dampfen. Ein \u00fcbersichtlicher Men\u00fcbildschirm erleichtert die Einrichtung dieses Kits und zeigt wichtige Informationen zu Batterielebensdauer, Spulenwiderstand und Leistungsstufe an. Neben dem Modus mit variabler Wattzahl k\u00f6nnen Sie auch die Temperaturregelung verwenden, um eine feste H\u00f6chsttemperatur einzustellen, und der intelligente Steuerchip reguliert die Leistung, um die Temperatur auf dem gew\u00e4hlten Niveau zu halten.<\/p>\n<p>Der nachf\u00fcllbare Obelisk 2ml-Pod befindet sich im Ger\u00e4t selbst und wird durch eine magnetische Verbindung gesichert &#8211; das hei\u00dft, es gibt keine st\u00f6renden Klammern oder Mechanismen. Jeder Pod ist einfach nachzuf\u00fcllen und verf\u00fcgt \u00fcber einen einstellbaren oberen Luftstrom, der Ihnen mehr Kontrolle \u00fcber das Inhalieren gibt, um einen st\u00e4rkeren oder schw\u00e4cheren Zug zu erreichen. Die GeekVape P Coils haben einen Mesh-Aufbau, was bedeutet, dass sie mehr E-Liquid mit einer schnelleren Rate erhitzen, um sowohl den Geschmack als auch die Dampfproduktion zu erh\u00f6hen. Wenn es darum geht, eine e-Fl\u00fcssigkeit auszuw\u00e4hlen, empfehlen wir eine 70%ige VG e-Fl\u00fcssigkeit oder eine h\u00f6here VG e-Fl\u00fcssigkeit.<\/p>\n<p><img loading=\"lazy\" decoding=\"async\" class=\"alignnone size-full wp-image-383695\" src=\"https:\/\/www.justvape.nu\/wp-content\/uploads\/2021\/05\/Color-Scheme.png\" alt=\"\" width=\"950\" height=\"64\" title=\"\" srcset=\"https:\/\/justvape.nu\/wp-content\/uploads\/2021\/05\/Color-Scheme.png 950w, https:\/\/justvape.nu\/wp-content\/uploads\/2021\/05\/Color-Scheme-600x40.png 600w, https:\/\/justvape.nu\/wp-content\/uploads\/2021\/05\/Color-Scheme-64x4.png 64w, https:\/\/justvape.nu\/wp-content\/uploads\/2021\/05\/Color-Scheme-300x20.png 300w, https:\/\/justvape.nu\/wp-content\/uploads\/2021\/05\/Color-Scheme-768x52.png 768w\" sizes=\"auto, (max-width: 950px) 100vw, 950px\" \/><br \/>\n<img loading=\"lazy\" decoding=\"async\" class=\"alignnone size-full wp-image-394846\" src=\"https:\/\/www.justvape.nu\/wp-content\/uploads\/2021\/08\/11_0c2669.jpg\" alt=\"\" width=\"950\" height=\"594\" title=\"\" srcset=\"https:\/\/justvape.nu\/wp-content\/uploads\/2021\/08\/11_0c2669.jpg 950w, https:\/\/justvape.nu\/wp-content\/uploads\/2021\/08\/11_0c2669-600x375.jpg 600w, https:\/\/justvape.nu\/wp-content\/uploads\/2021\/08\/11_0c2669-64x40.jpg 64w, https:\/\/justvape.nu\/wp-content\/uploads\/2021\/08\/11_0c2669-300x188.jpg 300w, https:\/\/justvape.nu\/wp-content\/uploads\/2021\/08\/11_0c2669-768x480.jpg 768w\" sizes=\"auto, (max-width: 950px) 100vw, 950px\" \/><\/p>\n<p><img loading=\"lazy\" decoding=\"async\" class=\"alignnone size-full wp-image-390997\" src=\"https:\/\/www.justvape.nu\/wp-content\/uploads\/2021\/06\/Specifications1.png\" alt=\"\" width=\"950\" height=\"64\" title=\"\" srcset=\"https:\/\/justvape.nu\/wp-content\/uploads\/2021\/06\/Specifications1.png 950w, https:\/\/justvape.nu\/wp-content\/uploads\/2021\/06\/Specifications1-600x40.png 600w, https:\/\/justvape.nu\/wp-content\/uploads\/2021\/06\/Specifications1-64x4.png 64w, https:\/\/justvape.nu\/wp-content\/uploads\/2021\/06\/Specifications1-300x20.png 300w, https:\/\/justvape.nu\/wp-content\/uploads\/2021\/06\/Specifications1-768x52.png 768w\" sizes=\"auto, (max-width: 950px) 100vw, 950px\" \/><\/p>\n<p><strong>Parameter<\/strong><\/p>\n<p>Gr\u00f6\u00dfe: 97 x 47,5 mm<br \/>\nTankinhalt: 2ml<br \/>\nAusgangsleistungsbereich: 5-60W<br \/>\nWiderstandsbereich: 0,1-3,0 Ohm<br \/>\nEnthaltene Spulen: P0.4 Spule (0.4ohm, 50-60W)P0.5 Spule (0.5ohm, 40-50W)<br \/>\nL\u00e4ngster Output\/Dampfzeit: 10S<br \/>\nTemperaturregelung: 200-600\u00b0F\/100-315\u2103<br \/>\nAkku-Kapazit\u00e4t: 2200mAh<br \/>\nLadespannung: USB Typ-C 5V\/2A<br \/>\nBildschirm: 0,96 Zoll TFT-Farbbildschirm<br \/>\nVerpackungsgr\u00f6\u00dfe: 81(L) x 60(B) x 135(H)mm<br \/>\n<img loading=\"lazy\" decoding=\"async\" class=\"alignnone size-full wp-image-394856\" src=\"https:\/\/www.justvape.nu\/wp-content\/uploads\/2021\/08\/12_8ddbe5.jpg\" alt=\"\" width=\"950\" height=\"677\" title=\"\" srcset=\"https:\/\/justvape.nu\/wp-content\/uploads\/2021\/08\/12_8ddbe5.jpg 950w, https:\/\/justvape.nu\/wp-content\/uploads\/2021\/08\/12_8ddbe5-600x428.jpg 600w, https:\/\/justvape.nu\/wp-content\/uploads\/2021\/08\/12_8ddbe5-64x46.jpg 64w, https:\/\/justvape.nu\/wp-content\/uploads\/2021\/08\/12_8ddbe5-300x214.jpg 300w, https:\/\/justvape.nu\/wp-content\/uploads\/2021\/08\/12_8ddbe5-768x547.jpg 768w\" sizes=\"auto, (max-width: 950px) 100vw, 950px\" \/><\/p>\n<p><img loading=\"lazy\" decoding=\"async\" class=\"alignnone size-full wp-image-18994\" src=\"https:\/\/www.justvape.nu\/wp-content\/uploads\/2018\/05\/Features.png\" alt=\"\" width=\"950\" height=\"64\" title=\"\" srcset=\"https:\/\/justvape.nu\/wp-content\/uploads\/2018\/05\/Features.png 950w, https:\/\/justvape.nu\/wp-content\/uploads\/2018\/05\/Features-555x37.png 555w, https:\/\/justvape.nu\/wp-content\/uploads\/2018\/05\/Features-64x4.png 64w, https:\/\/justvape.nu\/wp-content\/uploads\/2018\/05\/Features-300x20.png 300w, https:\/\/justvape.nu\/wp-content\/uploads\/2018\/05\/Features-768x52.png 768w\" sizes=\"auto, (max-width: 950px) 100vw, 950px\" \/><br \/>\nErstaunlich lange Akkulaufzeit mit 2200mAh Kapazit\u00e4t<br \/>\n2ml gro\u00dfe Saftkapazit\u00e4t mit Geekvape P Series Coil<br \/>\n60W max out put Unterst\u00fctzung wunderbar vaping<br \/>\nUSB Typ-C 5V\/2A Schnellladung<br \/>\nIntelligenter Leistungssteuerungs-Chip<br \/>\n100-315\u2103 einstellbare Temperatur<br \/>\nMagnetischer Klick ohne zus\u00e4tzliche M\u00fche<br \/>\n<img loading=\"lazy\" decoding=\"async\" class=\"alignnone wp-image-394867\" src=\"https:\/\/www.justvape.nu\/wp-content\/uploads\/2021\/08\/13_6707e3-scaled.jpg\" alt=\"\" width=\"950\" height=\"2598\" title=\"\" srcset=\"https:\/\/justvape.nu\/wp-content\/uploads\/2021\/08\/13_6707e3-scaled.jpg 749w, https:\/\/justvape.nu\/wp-content\/uploads\/2021\/08\/13_6707e3-scaled-600x1641.jpg 600w, https:\/\/justvape.nu\/wp-content\/uploads\/2021\/08\/13_6707e3-scaled-64x175.jpg 64w, https:\/\/justvape.nu\/wp-content\/uploads\/2021\/08\/13_6707e3-110x300.jpg 110w, https:\/\/justvape.nu\/wp-content\/uploads\/2021\/08\/13_6707e3-374x1024.jpg 374w, https:\/\/justvape.nu\/wp-content\/uploads\/2021\/08\/13_6707e3-768x2101.jpg 768w\" sizes=\"auto, (max-width: 950px) 100vw, 950px\" \/><\/p>\n<p><img loading=\"lazy\" decoding=\"async\" class=\"alignnone size-full wp-image-229153\" src=\"https:\/\/www.justvape.nu\/wp-content\/uploads\/2018\/04\/Packing-List.png\" alt=\"\" width=\"950\" height=\"64\" title=\"\" srcset=\"https:\/\/justvape.nu\/wp-content\/uploads\/2018\/04\/Packing-List.png 950w, https:\/\/justvape.nu\/wp-content\/uploads\/2018\/04\/Packing-List-600x40.png 600w, https:\/\/justvape.nu\/wp-content\/uploads\/2018\/04\/Packing-List-64x4.png 64w, https:\/\/justvape.nu\/wp-content\/uploads\/2018\/04\/Packing-List-300x20.png 300w, https:\/\/justvape.nu\/wp-content\/uploads\/2018\/04\/Packing-List-768x52.png 768w\" sizes=\"auto, (max-width: 950px) 100vw, 950px\" \/><\/p>\n<p><strong>TPD Edition<\/strong><\/p>\n<ul>\n<li>1 x Bausatz (2ml)<\/li>\n<li>1 x Spulenwerkzeug<\/li>\n<li>1 x USB-Kabel (Typ-C)<\/li>\n<li>2\u00d7 Geekvape P Series Coil(Vorinstalliert: 0.4ohm, 50-60W, Ersatz Coil: 0.5ohm, 40-50W)<\/li>\n<\/ul>\n<p><img loading=\"lazy\" decoding=\"async\" class=\"alignnone size-full wp-image-394877\" src=\"https:\/\/www.justvape.nu\/wp-content\/uploads\/2021\/08\/14_2f8456.jpg\" alt=\"\" width=\"950\" height=\"458\" title=\"\" srcset=\"https:\/\/justvape.nu\/wp-content\/uploads\/2021\/08\/14_2f8456.jpg 950w, https:\/\/justvape.nu\/wp-content\/uploads\/2021\/08\/14_2f8456-600x289.jpg 600w, https:\/\/justvape.nu\/wp-content\/uploads\/2021\/08\/14_2f8456-64x31.jpg 64w, https:\/\/justvape.nu\/wp-content\/uploads\/2021\/08\/14_2f8456-300x145.jpg 300w, https:\/\/justvape.nu\/wp-content\/uploads\/2021\/08\/14_2f8456-768x370.jpg 768w\" sizes=\"auto, (max-width: 950px) 100vw, 950px\" \/><\/p>\n<div class=\"ast-oembed-container \" style=\"height: 100%;\"><iframe loading=\"lazy\" title=\"GeekVape Obelisk AIO60 Kit!\" width=\"500\" height=\"281\" src=\"https:\/\/www.youtube.com\/embed\/SsOyi_6zHZ0?feature=oembed\" frameborder=\"0\" allow=\"accelerometer; autoplay; clipboard-write; encrypted-media; gyroscope; picture-in-picture; web-share\" referrerpolicy=\"strict-origin-when-cross-origin\" allowfullscreen><\/iframe><\/div>\n","protected":false},"excerpt":{"rendered":"<p>GEEKVAPE &#8211; OBELISK 60 POD KIT 2200mAh<\/p>\n","protected":false},"featured_media":394891,"comment_status":"open","ping_status":"closed","template":"","meta":{"_acf_changed":false,"_uag_custom_page_level_css":"","site-sidebar-layout":"default","site-content-layout":"default","ast-site-content-layout":"default","site-content-style":"default","site-sidebar-style":"default","ast-global-header-display":"","ast-banner-title-visibility":"","ast-main-header-display":"","ast-hfb-above-header-display":"","ast-hfb-below-header-display":"","ast-hfb-mobile-header-display":"","site-post-title":"","ast-breadcrumbs-content":"","ast-featured-img":"","footer-sml-layout":"","ast-disable-related-posts":"","theme-transparent-header-meta":"default","adv-header-id-meta":"","stick-header-meta":"default","header-above-stick-meta":"","header-main-stick-meta":"","header-below-stick-meta":"","astra-migrate-meta-layouts":"default","ast-page-background-enabled":"default","ast-page-background-meta":{"desktop":{"background-color":"","background-image":"","background-repeat":"repeat","background-position":"center center","background-size":"auto","background-attachment":"scroll","background-type":"","background-media":"","overlay-type":"","overlay-color":"","overlay-opacity":"","overlay-gradient":""},"tablet":{"background-color":"","background-image":"","background-repeat":"repeat","background-position":"center center","background-size":"auto","background-attachment":"scroll","background-type":"","background-media":"","overlay-type":"","overlay-color":"","overlay-opacity":"","overlay-gradient":""},"mobile":{"background-color":"","background-image":"","background-repeat":"repeat","background-position":"center center","background-size":"auto","background-attachment":"scroll","background-type":"","background-media":"","overlay-type":"","overlay-color":"","overlay-opacity":"","overlay-gradient":""}},"ast-content-background-meta":{"desktop":{"background-color":"var(--ast-global-color-5)","background-image":"","background-repeat":"repeat","background-position":"center center","background-size":"auto","background-attachment":"scroll","background-type":"","background-media":"","overlay-type":"","overlay-color":"","overlay-opacity":"","overlay-gradient":""},"tablet":{"background-color":"var(--ast-global-color-5)","background-image":"","background-repeat":"repeat","background-position":"center center","background-size":"auto","background-attachment":"scroll","background-type":"","background-media":"","overlay-type":"","overlay-color":"","overlay-opacity":"","overlay-gradient":""},"mobile":{"background-color":"var(--ast-global-color-5)","background-image":"","background-repeat":"repeat","background-position":"center center","background-size":"auto","background-attachment":"scroll","background-type":"","background-media":"","overlay-type":"","overlay-color":"","overlay-opacity":"","overlay-gradient":""}}},"product_brand":[],"product_cat":[2077,2067,3245,2511,2512],"product_tag":[],"class_list":{"0":"post-395478","1":"product","2":"type-product","3":"status-publish","4":"has-post-thumbnail","6":"product_cat-anfaenger-kits-pods","7":"product_cat-e-zigaretten","8":"product_cat-geekvape-de-2","9":"product_cat-hardware-de","10":"product_cat-shop-by-brand-de","11":"desktop-align-center","12":"tablet-align-center","13":"mobile-align-center","14":"ast-product-gallery-layout-horizontal-slider","15":"ast-product-gallery-with-no-image","16":"ast-product-single-variable","17":"ast-product-tabs-layout-horizontal","19":"first","20":"instock","21":"sale","22":"taxable","23":"shipping-taxable","24":"purchasable","25":"product-type-variable"},"acf":[],"uagb_featured_image_src":{"full":["https:\/\/justvape.nu\/wp-content\/uploads\/2021\/08\/0_4892e9.jpg",600,600,false],"thumbnail":["https:\/\/justvape.nu\/wp-content\/uploads\/2021\/08\/0_4892e9-150x150.jpg",150,150,true],"medium":["https:\/\/justvape.nu\/wp-content\/uploads\/2021\/08\/0_4892e9-300x300.jpg",300,300,true],"medium_large":["https:\/\/justvape.nu\/wp-content\/uploads\/2021\/08\/0_4892e9.jpg",600,600,false],"large":["https:\/\/justvape.nu\/wp-content\/uploads\/2021\/08\/0_4892e9.jpg",600,600,false],"1536x1536":["https:\/\/justvape.nu\/wp-content\/uploads\/2021\/08\/0_4892e9.jpg",600,600,false],"2048x2048":["https:\/\/justvape.nu\/wp-content\/uploads\/2021\/08\/0_4892e9.jpg",600,600,false],"woocommerce_thumbnail":["https:\/\/justvape.nu\/wp-content\/uploads\/2021\/08\/0_4892e9-300x300.jpg",300,300,true],"woocommerce_single":["https:\/\/justvape.nu\/wp-content\/uploads\/2021\/08\/0_4892e9.jpg",600,600,false],"woocommerce_gallery_thumbnail":["https:\/\/justvape.nu\/wp-content\/uploads\/2021\/08\/0_4892e9-100x100.jpg",100,100,true],"dgwt-wcas-product-suggestion":["https:\/\/justvape.nu\/wp-content\/uploads\/2021\/08\/0_4892e9-64x64.jpg",64,64,true]},"uagb_author_info":{"display_name":"JustVape.nu","author_link":"https:\/\/justvape.nu\/de\/author\/"},"uagb_comment_info":0,"uagb_excerpt":"GEEKVAPE - OBELISK 60 POD KIT 2200mAh","_links":{"self":[{"href":"https:\/\/justvape.nu\/de\/wp-json\/wp\/v2\/product\/395478","targetHints":{"allow":["GET"]}}],"collection":[{"href":"https:\/\/justvape.nu\/de\/wp-json\/wp\/v2\/product"}],"about":[{"href":"https:\/\/justvape.nu\/de\/wp-json\/wp\/v2\/types\/product"}],"replies":[{"embeddable":true,"href":"https:\/\/justvape.nu\/de\/wp-json\/wp\/v2\/comments?post=395478"}],"wp:featuredmedia":[{"embeddable":true,"href":"https:\/\/justvape.nu\/de\/wp-json\/wp\/v2\/media\/394891"}],"wp:attachment":[{"href":"https:\/\/justvape.nu\/de\/wp-json\/wp\/v2\/media?parent=395478"}],"wp:term":[{"taxonomy":"product_brand","embeddable":true,"href":"https:\/\/justvape.nu\/de\/wp-json\/wp\/v2\/product_brand?post=395478"},{"taxonomy":"product_cat","embeddable":true,"href":"https:\/\/justvape.nu\/de\/wp-json\/wp\/v2\/product_cat?post=395478"},{"taxonomy":"product_tag","embeddable":true,"href":"https:\/\/justvape.nu\/de\/wp-json\/wp\/v2\/product_tag?post=395478"}],"curies":[{"name":"wp","href":"https:\/\/api.w.org\/{rel}","templated":true}]}}