{"id":385503,"date":"2021-05-16T15:38:53","date_gmt":"2021-05-16T13:38:53","guid":{"rendered":"https:\/\/www.justvape.nu\/produkt\/suicide-mods-x-dovpo-abyss-adapter-bruecke\/"},"modified":"2024-04-09T15:44:15","modified_gmt":"2024-04-09T13:44:15","slug":"suicide-mods-x-dovpo-abyss-adapter-bridge","status":"publish","type":"product","link":"https:\/\/justvape.nu\/de\/produkt\/suicide-mods-x-dovpo-abyss-adapter-bridge\/","title":{"rendered":"SUICIDE MODS X DOVPO &#8211; ABYSS &#8211; ADAPTER"},"content":{"rendered":"<h2>SUICIDE MODS X DOVPO &#8211; ABYSS &#8211; ADAPTER<\/h2>\n<p>Die PnP Bridge ist in zwei Farben erh\u00e4ltlich: Schwarz und Silber. Da auf der Bridge viel Material zu sehen ist, haben sich Dovpo und Suicide mods dazu entschlossen, sie in einer weiteren Farbe anzubieten, um die Gesamt\u00e4sthetik des Ger\u00e4tes nicht zu beeintr\u00e4chtigen.<\/p>\n<p>Kompatibilit\u00e4t<\/p>\n<ul>\n<li>PnP\/Gtx : Zur Verwendung mit PnP- oder Gtx-Spulen<\/li>\n<li>EUC: Zur Verwendung mit allen vaporesso EUC Coils<\/li>\n<li>Caliburn G: Zur Verwendung mit den Uwell Caliburn G Coils<\/li>\n<li>Nord: F\u00fcr die Verwendung mit smok Nord Coils<\/li>\n<\/ul>\n","protected":false},"excerpt":{"rendered":"<p>SUICIDE MODS X DOVPO &#8211; ABYSS &#8211; ADAPTER<\/p>\n","protected":false},"featured_media":385169,"comment_status":"open","ping_status":"closed","template":"","meta":{"_acf_changed":false,"_uag_custom_page_level_css":"","site-sidebar-layout":"default","site-content-layout":"default","ast-site-content-layout":"default","site-content-style":"default","site-sidebar-style":"default","ast-global-header-display":"","ast-banner-title-visibility":"","ast-main-header-display":"","ast-hfb-above-header-display":"","ast-hfb-below-header-display":"","ast-hfb-mobile-header-display":"","site-post-title":"","ast-breadcrumbs-content":"","ast-featured-img":"","footer-sml-layout":"","ast-disable-related-posts":"","theme-transparent-header-meta":"default","adv-header-id-meta":"","stick-header-meta":"default","header-above-stick-meta":"","header-main-stick-meta":"","header-below-stick-meta":"","astra-migrate-meta-layouts":"default","ast-page-background-enabled":"default","ast-page-background-meta":{"desktop":{"background-color":"","background-image":"","background-repeat":"repeat","background-position":"center center","background-size":"auto","background-attachment":"scroll","background-type":"","background-media":"","overlay-type":"","overlay-color":"","overlay-opacity":"","overlay-gradient":""},"tablet":{"background-color":"","background-image":"","background-repeat":"repeat","background-position":"center center","background-size":"auto","background-attachment":"scroll","background-type":"","background-media":"","overlay-type":"","overlay-color":"","overlay-opacity":"","overlay-gradient":""},"mobile":{"background-color":"","background-image":"","background-repeat":"repeat","background-position":"center center","background-size":"auto","background-attachment":"scroll","background-type":"","background-media":"","overlay-type":"","overlay-color":"","overlay-opacity":"","overlay-gradient":""}},"ast-content-background-meta":{"desktop":{"background-color":"var(--ast-global-color-5)","background-image":"","background-repeat":"repeat","background-position":"center center","background-size":"auto","background-attachment":"scroll","background-type":"","background-media":"","overlay-type":"","overlay-color":"","overlay-opacity":"","overlay-gradient":""},"tablet":{"background-color":"var(--ast-global-color-5)","background-image":"","background-repeat":"repeat","background-position":"center center","background-size":"auto","background-attachment":"scroll","background-type":"","background-media":"","overlay-type":"","overlay-color":"","overlay-opacity":"","overlay-gradient":""},"mobile":{"background-color":"var(--ast-global-color-5)","background-image":"","background-repeat":"repeat","background-position":"center center","background-size":"auto","background-attachment":"scroll","background-type":"","background-media":"","overlay-type":"","overlay-color":"","overlay-opacity":"","overlay-gradient":""}}},"product_brand":[],"product_cat":[4869,2017,2511,2512,4881,1977],"product_tag":[],"class_list":{"0":"post-385503","1":"product","2":"type-product","3":"status-publish","4":"has-post-thumbnail","6":"product_cat-dovpo-de","7":"product_cat-glas-adapter","8":"product_cat-hardware-de","9":"product_cat-shop-by-brand-de","10":"product_cat-suicide-mods-de","11":"product_cat-tanks-spulen","12":"desktop-align-center","13":"tablet-align-center","14":"mobile-align-center","15":"ast-product-gallery-layout-horizontal-slider","16":"ast-product-single-variable","17":"ast-product-tabs-layout-horizontal","19":"first","20":"instock","21":"sale","22":"taxable","23":"shipping-taxable","24":"purchasable","25":"product-type-variable"},"acf":[],"uagb_featured_image_src":{"full":["https:\/\/justvape.nu\/wp-content\/uploads\/2021\/05\/SUICIDE-MODS-X-DOVPO_ABYSS_PNP-GTX-ADAPTER_SILVER_PA_72.jpg",600,600,false],"thumbnail":["https:\/\/justvape.nu\/wp-content\/uploads\/2021\/05\/SUICIDE-MODS-X-DOVPO_ABYSS_PNP-GTX-ADAPTER_SILVER_PA_72-150x150.jpg",150,150,true],"medium":["https:\/\/justvape.nu\/wp-content\/uploads\/2021\/05\/SUICIDE-MODS-X-DOVPO_ABYSS_PNP-GTX-ADAPTER_SILVER_PA_72-300x300.jpg",300,300,true],"medium_large":["https:\/\/justvape.nu\/wp-content\/uploads\/2021\/05\/SUICIDE-MODS-X-DOVPO_ABYSS_PNP-GTX-ADAPTER_SILVER_PA_72.jpg",600,600,false],"large":["https:\/\/justvape.nu\/wp-content\/uploads\/2021\/05\/SUICIDE-MODS-X-DOVPO_ABYSS_PNP-GTX-ADAPTER_SILVER_PA_72.jpg",600,600,false],"1536x1536":["https:\/\/justvape.nu\/wp-content\/uploads\/2021\/05\/SUICIDE-MODS-X-DOVPO_ABYSS_PNP-GTX-ADAPTER_SILVER_PA_72.jpg",600,600,false],"2048x2048":["https:\/\/justvape.nu\/wp-content\/uploads\/2021\/05\/SUICIDE-MODS-X-DOVPO_ABYSS_PNP-GTX-ADAPTER_SILVER_PA_72.jpg",600,600,false],"woocommerce_thumbnail":["https:\/\/justvape.nu\/wp-content\/uploads\/2021\/05\/SUICIDE-MODS-X-DOVPO_ABYSS_PNP-GTX-ADAPTER_SILVER_PA_72-300x300.jpg",300,300,true],"woocommerce_single":["https:\/\/justvape.nu\/wp-content\/uploads\/2021\/05\/SUICIDE-MODS-X-DOVPO_ABYSS_PNP-GTX-ADAPTER_SILVER_PA_72.jpg",600,600,false],"woocommerce_gallery_thumbnail":["https:\/\/justvape.nu\/wp-content\/uploads\/2021\/05\/SUICIDE-MODS-X-DOVPO_ABYSS_PNP-GTX-ADAPTER_SILVER_PA_72-100x100.jpg",100,100,true],"dgwt-wcas-product-suggestion":["https:\/\/justvape.nu\/wp-content\/uploads\/2021\/05\/SUICIDE-MODS-X-DOVPO_ABYSS_PNP-GTX-ADAPTER_SILVER_PA_72-64x64.jpg",64,64,true]},"uagb_author_info":{"display_name":"JustVape.nu","author_link":"https:\/\/justvape.nu\/de\/author\/"},"uagb_comment_info":0,"uagb_excerpt":"SUICIDE MODS X DOVPO - ABYSS - ADAPTER","_links":{"self":[{"href":"https:\/\/justvape.nu\/de\/wp-json\/wp\/v2\/product\/385503","targetHints":{"allow":["GET"]}}],"collection":[{"href":"https:\/\/justvape.nu\/de\/wp-json\/wp\/v2\/product"}],"about":[{"href":"https:\/\/justvape.nu\/de\/wp-json\/wp\/v2\/types\/product"}],"replies":[{"embeddable":true,"href":"https:\/\/justvape.nu\/de\/wp-json\/wp\/v2\/comments?post=385503"}],"wp:featuredmedia":[{"embeddable":true,"href":"https:\/\/justvape.nu\/de\/wp-json\/wp\/v2\/media\/385169"}],"wp:attachment":[{"href":"https:\/\/justvape.nu\/de\/wp-json\/wp\/v2\/media?parent=385503"}],"wp:term":[{"taxonomy":"product_brand","embeddable":true,"href":"https:\/\/justvape.nu\/de\/wp-json\/wp\/v2\/product_brand?post=385503"},{"taxonomy":"product_cat","embeddable":true,"href":"https:\/\/justvape.nu\/de\/wp-json\/wp\/v2\/product_cat?post=385503"},{"taxonomy":"product_tag","embeddable":true,"href":"https:\/\/justvape.nu\/de\/wp-json\/wp\/v2\/product_tag?post=385503"}],"curies":[{"name":"wp","href":"https:\/\/api.w.org\/{rel}","templated":true}]}}