{"id":381931,"date":"2018-09-26T20:58:35","date_gmt":"2018-09-26T18:58:35","guid":{"rendered":"https:\/\/www.justvape.nu\/produkt\/wotofo-vorgefertigte-baumwolle\/"},"modified":"2024-11-15T18:45:27","modified_gmt":"2024-11-15T17:45:27","slug":"wotofo-vorgefertigte-baumwolle","status":"publish","type":"product","link":"https:\/\/justvape.nu\/de\/produkt\/wotofo-vorgefertigte-baumwolle\/","title":{"rendered":"Wotofo &#8211; Pre-Built Cotton"},"content":{"rendered":"<h2>Wotofo &#8211; Pre-Built Cotton<\/h2>\n<p>Wotofo Agleted Organic Cotton ist inspiriert von den st\u00e4ndig steigenden Anforderungen an eine schnelle Baumwollvorbereitung f\u00fcr Ihren Wiederaufbau. Die Baumwolle, die wir ausgew\u00e4hlt haben, besteht aus langen Fasern, so dass sie glatt saugt und nicht leicht auseinander zu ziehen ist. Dies ist jedoch nicht der beste Teil. Der beste Teil ist, dass wir eine Scheide an einem Ende des Baumwollstreifens anbringen, um wie das Aglet an Ihrem Schn\u00fcrsenkel zu funktionieren. Dann ist es viel einfacher, die Baumwolle durch die Spulen zu f\u00e4deln. Jeder Baumwollstreifen ist gebrauchsfertig mit der richtigen Baumwollmenge, die getestet wurde, um am besten f\u00fcr dominante 3-mm-ID-Spulen auf dem Markt und die 6-mm-ID-Wotofo-Profil-Mesh-Spulen zu passen. Die Baumwolle zeichnet sich durch ein hervorragendes Absorptionsverm\u00f6gen und ein besseres R\u00fcckhalteverm\u00f6gen aus und ist frisch verpackt, um den reinsten Geschmack zu erzielen. In einer kleinen Schachtel befinden sich 10 St\u00fcck agletierte Baumwollstreifen, die bequem herumzutragen und sauber zu lagern sind.<\/p>\n<p><strong>Eigenschaften:<\/strong><\/p>\n<p>1. 100% Bio-Baumwolle<\/p>\n<p>2. Gebrauchsfertig mit Aglet an einem Ende<\/p>\n<p>3. Richtige Baumwollmenge passend f\u00fcr dominante 3-mm-ID-Spulen \/ Justvape Empfiehlt 3,5-mm-ID-Spulen f\u00fcr diese Baumwolle oder mit 6-mm-ID f\u00fcr Mesh-Spulen<\/p>\n<p>4. Lange Fasern, die speziell zum Dampfen ausgew\u00e4hlt wurden<\/p>\n<p>5. Gro\u00dfe Absorptionsf\u00e4higkeit<\/p>\n<p>6. Bessere Retentionsf\u00e4higkeit<\/p>\n<p>7. Frischer und sauberer Geschmack<\/p>\n<p>8. Jetzt in 10 St\u00fcck Box und 30 St\u00fcck Box (30 St\u00fcck nur in \u00d83)<\/p>\n<p><img loading=\"lazy\" decoding=\"async\" class=\"alignnone size-full wp-image-112105\" src=\"https:\/\/www.justvape.nu\/wp-content\/uploads\/2018\/09\/2018082216.png\" alt=\"\" width=\"950\" height=\"383\" title=\"\" srcset=\"https:\/\/justvape.nu\/wp-content\/uploads\/2018\/09\/2018082216.png 950w, https:\/\/justvape.nu\/wp-content\/uploads\/2018\/09\/2018082216-555x224.png 555w, https:\/\/justvape.nu\/wp-content\/uploads\/2018\/09\/2018082216-64x26.png 64w, https:\/\/justvape.nu\/wp-content\/uploads\/2018\/09\/2018082216-300x121.png 300w, https:\/\/justvape.nu\/wp-content\/uploads\/2018\/09\/2018082216-768x310.png 768w, https:\/\/justvape.nu\/wp-content\/uploads\/2018\/09\/2018082216-24x10.png 24w, https:\/\/justvape.nu\/wp-content\/uploads\/2018\/09\/2018082216-36x15.png 36w, https:\/\/justvape.nu\/wp-content\/uploads\/2018\/09\/2018082216-48x19.png 48w\" sizes=\"auto, (max-width: 950px) 100vw, 950px\" \/><\/p>\n<p><img loading=\"lazy\" decoding=\"async\" class=\"alignnone size-full wp-image-23091\" src=\"https:\/\/www.justvape.nu\/wp-content\/uploads\/2018\/09\/QQjietu201-1.png\" alt=\"\" width=\"1031\" height=\"386\" title=\"\" srcset=\"https:\/\/justvape.nu\/wp-content\/uploads\/2018\/09\/QQjietu201-1.png 1031w, https:\/\/justvape.nu\/wp-content\/uploads\/2018\/09\/QQjietu201-1-555x208.png 555w, https:\/\/justvape.nu\/wp-content\/uploads\/2018\/09\/QQjietu201-1-64x24.png 64w, https:\/\/justvape.nu\/wp-content\/uploads\/2018\/09\/QQjietu201-1-300x112.png 300w, https:\/\/justvape.nu\/wp-content\/uploads\/2018\/09\/QQjietu201-1-768x288.png 768w, https:\/\/justvape.nu\/wp-content\/uploads\/2018\/09\/QQjietu201-1-1024x383.png 1024w\" sizes=\"auto, (max-width: 1031px) 100vw, 1031px\" \/><\/p>\n","protected":false},"excerpt":{"rendered":"<p>Wotofo &#8211; Pre-Built Cotton<\/p>\n","protected":false},"featured_media":255675,"comment_status":"open","ping_status":"closed","template":"","meta":{"_acf_changed":false,"_uag_custom_page_level_css":"","site-sidebar-layout":"default","site-content-layout":"default","ast-site-content-layout":"default","site-content-style":"default","site-sidebar-style":"default","ast-global-header-display":"","ast-banner-title-visibility":"","ast-main-header-display":"","ast-hfb-above-header-display":"","ast-hfb-below-header-display":"","ast-hfb-mobile-header-display":"","site-post-title":"","ast-breadcrumbs-content":"","ast-featured-img":"","footer-sml-layout":"","ast-disable-related-posts":"","theme-transparent-header-meta":"default","adv-header-id-meta":"","stick-header-meta":"default","header-above-stick-meta":"","header-main-stick-meta":"","header-below-stick-meta":"","astra-migrate-meta-layouts":"default","ast-page-background-enabled":"default","ast-page-background-meta":{"desktop":{"background-color":"","background-image":"","background-repeat":"repeat","background-position":"center center","background-size":"auto","background-attachment":"scroll","background-type":"","background-media":"","overlay-type":"","overlay-color":"","overlay-opacity":"","overlay-gradient":""},"tablet":{"background-color":"","background-image":"","background-repeat":"repeat","background-position":"center center","background-size":"auto","background-attachment":"scroll","background-type":"","background-media":"","overlay-type":"","overlay-color":"","overlay-opacity":"","overlay-gradient":""},"mobile":{"background-color":"","background-image":"","background-repeat":"repeat","background-position":"center center","background-size":"auto","background-attachment":"scroll","background-type":"","background-media":"","overlay-type":"","overlay-color":"","overlay-opacity":"","overlay-gradient":""}},"ast-content-background-meta":{"desktop":{"background-color":"var(--ast-global-color-5)","background-image":"","background-repeat":"repeat","background-position":"center center","background-size":"auto","background-attachment":"scroll","background-type":"","background-media":"","overlay-type":"","overlay-color":"","overlay-opacity":"","overlay-gradient":""},"tablet":{"background-color":"var(--ast-global-color-5)","background-image":"","background-repeat":"repeat","background-position":"center center","background-size":"auto","background-attachment":"scroll","background-type":"","background-media":"","overlay-type":"","overlay-color":"","overlay-opacity":"","overlay-gradient":""},"mobile":{"background-color":"var(--ast-global-color-5)","background-image":"","background-repeat":"repeat","background-position":"center center","background-size":"auto","background-attachment":"scroll","background-type":"","background-media":"","overlay-type":"","overlay-color":"","overlay-opacity":"","overlay-gradient":""}}},"product_brand":[],"product_cat":[2213,1917],"product_tag":[],"class_list":{"0":"post-381931","1":"product","2":"type-product","3":"status-publish","4":"has-post-thumbnail","6":"product_cat-baumwolle","7":"product_cat-diy-de","8":"desktop-align-center","9":"tablet-align-center","10":"mobile-align-center","11":"ast-product-gallery-layout-horizontal-slider","12":"ast-product-single-variable","13":"ast-product-tabs-layout-horizontal","15":"first","16":"instock","17":"sale","18":"taxable","19":"shipping-taxable","20":"purchasable","21":"product-type-variable"},"acf":[],"uagb_featured_image_src":{"full":["https:\/\/justvape.nu\/wp-content\/uploads\/2018\/09\/Wotofo-Pre-Built-Agleted-Organic-Cotton.jpg",800,800,false],"thumbnail":["https:\/\/justvape.nu\/wp-content\/uploads\/2018\/09\/Wotofo-Pre-Built-Agleted-Organic-Cotton-150x150.jpg",150,150,true],"medium":["https:\/\/justvape.nu\/wp-content\/uploads\/2018\/09\/Wotofo-Pre-Built-Agleted-Organic-Cotton-300x300.jpg",300,300,true],"medium_large":["https:\/\/justvape.nu\/wp-content\/uploads\/2018\/09\/Wotofo-Pre-Built-Agleted-Organic-Cotton-768x768.jpg",768,768,true],"large":["https:\/\/justvape.nu\/wp-content\/uploads\/2018\/09\/Wotofo-Pre-Built-Agleted-Organic-Cotton.jpg",800,800,false],"1536x1536":["https:\/\/justvape.nu\/wp-content\/uploads\/2018\/09\/Wotofo-Pre-Built-Agleted-Organic-Cotton.jpg",800,800,false],"2048x2048":["https:\/\/justvape.nu\/wp-content\/uploads\/2018\/09\/Wotofo-Pre-Built-Agleted-Organic-Cotton.jpg",800,800,false],"woocommerce_thumbnail":["https:\/\/justvape.nu\/wp-content\/uploads\/2018\/09\/Wotofo-Pre-Built-Agleted-Organic-Cotton-300x300.jpg",300,300,true],"woocommerce_single":["https:\/\/justvape.nu\/wp-content\/uploads\/2018\/09\/Wotofo-Pre-Built-Agleted-Organic-Cotton-600x600.jpg",600,600,true],"woocommerce_gallery_thumbnail":["https:\/\/justvape.nu\/wp-content\/uploads\/2018\/09\/Wotofo-Pre-Built-Agleted-Organic-Cotton-100x100.jpg",100,100,true],"dgwt-wcas-product-suggestion":["https:\/\/justvape.nu\/wp-content\/uploads\/2018\/09\/Wotofo-Pre-Built-Agleted-Organic-Cotton-64x64.jpg",64,64,true]},"uagb_author_info":{"display_name":"JustVape.nu","author_link":"https:\/\/justvape.nu\/de\/author\/"},"uagb_comment_info":0,"uagb_excerpt":"Wotofo - Pre-Built Cotton","_links":{"self":[{"href":"https:\/\/justvape.nu\/de\/wp-json\/wp\/v2\/product\/381931","targetHints":{"allow":["GET"]}}],"collection":[{"href":"https:\/\/justvape.nu\/de\/wp-json\/wp\/v2\/product"}],"about":[{"href":"https:\/\/justvape.nu\/de\/wp-json\/wp\/v2\/types\/product"}],"replies":[{"embeddable":true,"href":"https:\/\/justvape.nu\/de\/wp-json\/wp\/v2\/comments?post=381931"}],"wp:featuredmedia":[{"embeddable":true,"href":"https:\/\/justvape.nu\/de\/wp-json\/wp\/v2\/media\/255675"}],"wp:attachment":[{"href":"https:\/\/justvape.nu\/de\/wp-json\/wp\/v2\/media?parent=381931"}],"wp:term":[{"taxonomy":"product_brand","embeddable":true,"href":"https:\/\/justvape.nu\/de\/wp-json\/wp\/v2\/product_brand?post=381931"},{"taxonomy":"product_cat","embeddable":true,"href":"https:\/\/justvape.nu\/de\/wp-json\/wp\/v2\/product_cat?post=381931"},{"taxonomy":"product_tag","embeddable":true,"href":"https:\/\/justvape.nu\/de\/wp-json\/wp\/v2\/product_tag?post=381931"}],"curies":[{"name":"wp","href":"https:\/\/api.w.org\/{rel}","templated":true}]}}