{"id":381843,"date":"2018-09-12T12:23:42","date_gmt":"2018-09-12T10:23:42","guid":{"rendered":"https:\/\/www.justvape.nu\/produkt\/samsung-30t-21700-3000mah-35a-akku-inr21700-30t\/"},"modified":"2025-06-24T17:28:45","modified_gmt":"2025-06-24T15:28:45","slug":"samsung-30t-21700-35a-flat-top-batterie-3000mah","status":"publish","type":"product","link":"https:\/\/justvape.nu\/de\/produkt\/samsung-30t-21700-35a-flat-top-batterie-3000mah\/","title":{"rendered":"Samsung 30T 21700 3000mAh 35A Akku &#8211; INR21700-30T"},"content":{"rendered":"<h2>Samsung 30T 21700 3000mAh 35A Akku &#8211; INR21700-30T<\/h2>\n<div>\n<p>Hier ist der &#8222;aktuelle K\u00f6nig&#8220;, Wortspiel beabsichtigt. Dies ist derzeit der K\u00f6nig aller Ultra-High-Drain-Ger\u00e4te. Keine andere Zelle auf dem Markt kann mit der Stromst\u00e4rke mithalten, die diese Zelle liefert. Diese Zelle pumpt eine Kapazit\u00e4t von 3.000 mAh Energie ab und dies mit einer echten Dauerentladungs- \/ Entleerungsleistung von 35 Ampere ohne Temperatursenkung. Selbst bei 30 Ampere kontinuierlicher Entladung \/ Entleerung erw\u00e4rmt es sich nur bis zu 67 Grad Celsius oder 153 Grad Fahrenheit. Das zeigt Ihnen den Einfallsreichtum und die Forschung und Entwicklung, die zur Entwicklung dieser Zelle beigetragen haben. Diese Zelle ist jedoch nur dann wirklich von Vorteil, wenn Sie sie in einem Ger\u00e4t mit ultrahoher Entladung \/ Entleerung \u00fcber 20 Ampere verwenden. Erst dann zeigt diese Zelle ihre tats\u00e4chlichen F\u00e4higkeiten. Diese Zelle hat praktisch keinen Spannungsabfall, bis sie auf den Grenzwert des Herstellers gebracht wird.<\/p>\n<\/div>\n<h4>Spezifikationen:<\/h4>\n<ul>\n<li>Modell: INR21700-30T<\/li>\n<li>Gr\u00f6\u00dfe: 21700<\/li>\n<li>Stil: Flat Top<\/li>\n<li>Nennkapazit\u00e4t: 3000mAh<\/li>\n<li>Dauerleistung: 35A<\/li>\n<li>Nennspannung: 3,6V<\/li>\n<li>Gesch\u00fctzt: Nein<\/li>\n<li>Wiederaufladbar: Ja<\/li>\n<li>Ungef\u00e4hre Abmessungen: 21,1 mm x 70,2 mm<\/li>\n<li>Ungef\u00e4hres Gewicht: 68,2 g<\/li>\n<\/ul>\n<div>\n<hr>\n<\/div>\n<h4>Samsung SDI Sicherheitsinformationen<br \/>\n<a href=\"https:\/\/www.samsungsdi.com\/lithium-ion-battery\/safe-information.html\" target=\"_blank\" rel=\"noopener noreferrer\">&#8222;Laden, Verwenden und Handhaben von kleinen Lithium-Ionen-Batterien&#8220;<\/a><\/h4>\n<h4><\/h4>\n<h4>WARNUNG:<\/h4>\n<div>Der Benutzer muss vor dem Kauf \u00fcber ein angemessenes Verst\u00e4ndnis der Lithium-Ionen-Batterien verf\u00fcgen. Seien Sie vorsichtig, wenn Sie mit Lithium-Ionen-Batterien arbeiten und diese verwenden, da diese sehr empfindlich auf Ladeeigenschaften reagieren und bei Missbrauch oder unsachgem\u00e4\u00dfer Verwendung explodieren, brennen oder einen Brand verursachen k\u00f6nnen. Laden Sie immer in oder auf einer feuerfesten Oberfl\u00e4che auf. Lassen Sie die Batterien niemals unbeaufsichtigt aufladen. Diese Batterie wird f\u00fcr die Verwendung von Systemintegrationen mit geeigneten Schutzschaltungen oder Batteriepacks mit einem Batteriemanagementsystem oder einer Leiterplatte (Leiterplatte \/ Modul) verkauft. Der K\u00e4ufer ist f\u00fcr Sch\u00e4den oder Verletzungen verantwortlich, die durch Missbrauch oder unsachgem\u00e4\u00dfen Umgang mit Lithium-Ionen-Akkus und Ladeger\u00e4ten verursacht werden. Laden Sie das Ger\u00e4t nur mit einem intelligenten Ladeger\u00e4t auf, das f\u00fcr diesen speziellen Lithium-Ionen-Akkutyp ausgelegt ist.<\/div>\n<ul>\n<li>Der Missbrauch oder die falsche Handhabung von LITHIUM-IONEN-BATTERIEN kann ein ernstes Risiko f\u00fcr Personensch\u00e4den, Sachsch\u00e4den oder Tod darstellen<\/li>\n<li>BATTERIEN k\u00f6nnen explodieren, verbrennen oder ein Feuer verursachen, wenn sie missbraucht oder misshandelt werden<\/li>\n<li>NUR MIT RICHTIGER SCHALTUNG IN EINEM GESCH\u00dcTZTEN BATTERIEPAKET VERWENDEN<\/li>\n<li>NUR IN DEN VON HERSTELLERN AUFGEF\u00dcHRTEN SPEZIFIKATIONEN VERWENDEN<\/li>\n<li>LOSE BATTERIE NICHT IN EINER TASCHE AUFBEWAHREN, ETC. &#8211; VERWENDEN SIE IMMER EINEN SCHUTZKOFFER ODER EINE SCHACHTEL<\/li>\n<li>Von Metallgegenst\u00e4nden fernhalten, um Kurzschl\u00fcsse zu vermeiden<\/li>\n<li>Nicht kurzschlie\u00dfen<\/li>\n<li>NICHT verwenden, wenn die H\u00fclle oder der Isolator besch\u00e4digt oder zerrissen ist<\/li>\n<li>NICHT verwenden, wenn es in irgendeiner Weise besch\u00e4digt ist<\/li>\n<li>NICHT \u00fcberladen oder entladen<\/li>\n<li>NICHT modifizieren, zerlegen, durchstechen, schneiden, zerdr\u00fccken oder verbrennen<\/li>\n<li>NICHT Fl\u00fcssigkeiten oder hohen Temperaturen aussetzen<\/li>\n<li>NICHT l\u00f6ten, nur punktschwei\u00dfen<\/li>\n<li>Der Benutzer muss vor dem Kauf mit dem Umgang mit Lithium-Ionen-Batterien vertraut sein<\/li>\n<li>Die Verwendung von Batterien erfolgt auf EIGENES RISIKO<\/li>\n<li>Laden Sie IMMER in oder auf einer feuerfesten Oberfl\u00e4che und lassen Sie Ladebatterien niemals unbeaufsichtigt<\/li>\n<li>Wiederverk\u00e4ufer m\u00fcssen alle Warnungen an alle Kunden weiterleiten, um ihre Referenz und Sicherheit zu gew\u00e4hrleisten<\/li>\n<\/ul>\n","protected":false},"excerpt":{"rendered":"<p>Samsung 30T 21700 3000mAh 35A Akku &#8211; INR21700-30T<\/p>\n","protected":false},"featured_media":254905,"comment_status":"open","ping_status":"closed","template":"","meta":{"_acf_changed":false,"_uag_custom_page_level_css":"","site-sidebar-layout":"default","site-content-layout":"default","ast-site-content-layout":"default","site-content-style":"default","site-sidebar-style":"default","ast-global-header-display":"","ast-banner-title-visibility":"","ast-main-header-display":"","ast-hfb-above-header-display":"","ast-hfb-below-header-display":"","ast-hfb-mobile-header-display":"","site-post-title":"","ast-breadcrumbs-content":"","ast-featured-img":"","footer-sml-layout":"","ast-disable-related-posts":"","theme-transparent-header-meta":"default","adv-header-id-meta":"","stick-header-meta":"default","header-above-stick-meta":"","header-main-stick-meta":"","header-below-stick-meta":"","astra-migrate-meta-layouts":"default","ast-page-background-enabled":"default","ast-page-background-meta":{"desktop":{"background-color":"","background-image":"","background-repeat":"repeat","background-position":"center center","background-size":"auto","background-attachment":"scroll","background-type":"","background-media":"","overlay-type":"","overlay-color":"","overlay-opacity":"","overlay-gradient":""},"tablet":{"background-color":"","background-image":"","background-repeat":"repeat","background-position":"center center","background-size":"auto","background-attachment":"scroll","background-type":"","background-media":"","overlay-type":"","overlay-color":"","overlay-opacity":"","overlay-gradient":""},"mobile":{"background-color":"","background-image":"","background-repeat":"repeat","background-position":"center center","background-size":"auto","background-attachment":"scroll","background-type":"","background-media":"","overlay-type":"","overlay-color":"","overlay-opacity":"","overlay-gradient":""}},"ast-content-background-meta":{"desktop":{"background-color":"var(--ast-global-color-5)","background-image":"","background-repeat":"repeat","background-position":"center center","background-size":"auto","background-attachment":"scroll","background-type":"","background-media":"","overlay-type":"","overlay-color":"","overlay-opacity":"","overlay-gradient":""},"tablet":{"background-color":"var(--ast-global-color-5)","background-image":"","background-repeat":"repeat","background-position":"center center","background-size":"auto","background-attachment":"scroll","background-type":"","background-media":"","overlay-type":"","overlay-color":"","overlay-opacity":"","overlay-gradient":""},"mobile":{"background-color":"var(--ast-global-color-5)","background-image":"","background-repeat":"repeat","background-position":"center center","background-size":"auto","background-attachment":"scroll","background-type":"","background-media":"","overlay-type":"","overlay-color":"","overlay-opacity":"","overlay-gradient":""}}},"product_brand":[],"product_cat":[2380,2171,3355,2512],"product_tag":[],"class_list":{"0":"post-381843","1":"product","2":"type-product","3":"status-publish","4":"has-post-thumbnail","6":"product_cat-21700-de","7":"product_cat-batteriezellen","8":"product_cat-samsung-de-2","9":"product_cat-shop-by-brand-de","10":"product_shipping_class-batteries-de","11":"desktop-align-center","12":"tablet-align-center","13":"mobile-align-center","14":"ast-product-gallery-layout-horizontal-slider","15":"ast-product-gallery-with-no-image","16":"ast-product-tabs-layout-horizontal","18":"first","19":"instock","20":"sale","21":"taxable","22":"shipping-taxable","23":"purchasable","24":"product-type-simple"},"acf":[],"uagb_featured_image_src":{"full":["https:\/\/justvape.nu\/wp-content\/uploads\/2018\/09\/1_175.jpg",800,800,false],"thumbnail":["https:\/\/justvape.nu\/wp-content\/uploads\/2018\/09\/1_175-150x150.jpg",150,150,true],"medium":["https:\/\/justvape.nu\/wp-content\/uploads\/2018\/09\/1_175-300x300.jpg",300,300,true],"medium_large":["https:\/\/justvape.nu\/wp-content\/uploads\/2018\/09\/1_175-768x768.jpg",768,768,true],"large":["https:\/\/justvape.nu\/wp-content\/uploads\/2018\/09\/1_175.jpg",800,800,false],"1536x1536":["https:\/\/justvape.nu\/wp-content\/uploads\/2018\/09\/1_175.jpg",800,800,false],"2048x2048":["https:\/\/justvape.nu\/wp-content\/uploads\/2018\/09\/1_175.jpg",800,800,false],"woocommerce_thumbnail":["https:\/\/justvape.nu\/wp-content\/uploads\/2018\/09\/1_175-300x300.jpg",300,300,true],"woocommerce_single":["https:\/\/justvape.nu\/wp-content\/uploads\/2018\/09\/1_175-600x600.jpg",600,600,true],"woocommerce_gallery_thumbnail":["https:\/\/justvape.nu\/wp-content\/uploads\/2018\/09\/1_175-100x100.jpg",100,100,true],"dgwt-wcas-product-suggestion":["https:\/\/justvape.nu\/wp-content\/uploads\/2018\/09\/1_175-64x64.jpg",64,64,true]},"uagb_author_info":{"display_name":"JustVape.nu","author_link":"https:\/\/justvape.nu\/de\/author\/"},"uagb_comment_info":0,"uagb_excerpt":"Samsung 30T 21700 3000mAh 35A Akku - INR21700-30T","_links":{"self":[{"href":"https:\/\/justvape.nu\/de\/wp-json\/wp\/v2\/product\/381843","targetHints":{"allow":["GET"]}}],"collection":[{"href":"https:\/\/justvape.nu\/de\/wp-json\/wp\/v2\/product"}],"about":[{"href":"https:\/\/justvape.nu\/de\/wp-json\/wp\/v2\/types\/product"}],"replies":[{"embeddable":true,"href":"https:\/\/justvape.nu\/de\/wp-json\/wp\/v2\/comments?post=381843"}],"wp:featuredmedia":[{"embeddable":true,"href":"https:\/\/justvape.nu\/de\/wp-json\/wp\/v2\/media\/254905"}],"wp:attachment":[{"href":"https:\/\/justvape.nu\/de\/wp-json\/wp\/v2\/media?parent=381843"}],"wp:term":[{"taxonomy":"product_brand","embeddable":true,"href":"https:\/\/justvape.nu\/de\/wp-json\/wp\/v2\/product_brand?post=381843"},{"taxonomy":"product_cat","embeddable":true,"href":"https:\/\/justvape.nu\/de\/wp-json\/wp\/v2\/product_cat?post=381843"},{"taxonomy":"product_tag","embeddable":true,"href":"https:\/\/justvape.nu\/de\/wp-json\/wp\/v2\/product_tag?post=381843"}],"curies":[{"name":"wp","href":"https:\/\/api.w.org\/{rel}","templated":true}]}}