{"id":381727,"date":"2018-08-29T20:44:37","date_gmt":"2018-08-29T18:44:37","guid":{"rendered":"https:\/\/www.justvape.nu\/produkt\/uwell-crown-3-spulen-4-stk\/"},"modified":"2025-03-05T10:31:15","modified_gmt":"2025-03-05T09:31:15","slug":"uwell-krone-3-spulen-4-stk","status":"publish","type":"product","link":"https:\/\/justvape.nu\/de\/produkt\/uwell-krone-3-spulen-4-stk\/","title":{"rendered":"UWELL Crown 3 Coils 4 Pcs"},"content":{"rendered":"<h2>UWELL Crown 3 Coils 4 Pcs<\/h2>\n<p>Super Coils bis Crown III Tanken.<\/p>\n<p>Das Crown 3-Spulensystem wurde f\u00fcr das perfekte Gleichgewicht zwischen Dampf- und Geschmacksproduktion optimiert. \u00dcbernahme einer parallelen Spulenstruktur zusammen mit einem praktischen Plug-Pull-Mechanismus f\u00fcr einen schnellen und einfachen Austausch.<\/p>\n<p>Die UN2 Mesh-Spule mit einem Widerstand von 0,23 Ohm unterst\u00fctzt eine Leistung von 65 bis 75 W und liefert einen guten Geschmack und massive Wolken.<\/p>\n<p>Die 0,25 Ohm Crown 3 SUS316 Parallel Coils bieten einen Leistungsbereich von 80-90 Watt.<\/p>\n<p>Die 0,4-Ohm-Crown-3-Spule verwendet immer noch dieselbe SUS316-Schale, verwendet jedoch einen A1-Kanthal-Kern f\u00fcr den Draht. Die 0,4-Ohm-Crown-3-Spule verf\u00fcgt \u00fcber einen Leistungsbereich von 55 bis 65 Watt.<\/p>\n<p>Die 0,5-Ohm-Crown-3-SUS316-Spulen bieten einen Leistungsbereich von 70 bis 80 Watt.<\/p>\n<p>&nbsp;<\/p>\n<p class=\"p1\"><span class=\"s1\"><b>Spulenspezifikationen:<\/b><\/span><\/p>\n<ul class=\"ul1\">\n<li>4 Spulen in jeder Packung<\/li>\n<li>\n \t<\/li>\n<li>0,25 Ohm Spule<\/li>\n<li><span class=\"s1\">80 bis 90W<\/span><\/li>\n<li><span class=\"s1\">SUS316 Parallelspule<\/span><\/li>\n<li>\n \t<\/li>\n<li><span class=\"s1\">0,4 Ohm Spule<\/span><\/li>\n<li><span class=\"s1\">A1 Kanthal Spule<\/span><\/li>\n<li><span class=\"s1\">55 bis 65W<\/span><\/li>\n<li>\n \t<\/li>\n<li><span class=\"s1\">0,5 Ohm Spule<\/span><\/li>\n<li><span class=\"s1\">70 bis 80W<\/span><\/li>\n<li><span class=\"s1\">SUS316 Parallelspule<\/span><\/li>\n<\/ul>\n","protected":false},"excerpt":{"rendered":"<p>UWELL Crown 3 Coils 4 Stk<\/p>\n","protected":false},"featured_media":666476,"comment_status":"open","ping_status":"closed","template":"","meta":{"_acf_changed":false,"_uag_custom_page_level_css":"","site-sidebar-layout":"default","site-content-layout":"default","ast-site-content-layout":"default","site-content-style":"default","site-sidebar-style":"default","ast-global-header-display":"","ast-banner-title-visibility":"","ast-main-header-display":"","ast-hfb-above-header-display":"","ast-hfb-below-header-display":"","ast-hfb-mobile-header-display":"","site-post-title":"","ast-breadcrumbs-content":"","ast-featured-img":"","footer-sml-layout":"","ast-disable-related-posts":"","theme-transparent-header-meta":"default","adv-header-id-meta":"","stick-header-meta":"default","header-above-stick-meta":"","header-main-stick-meta":"","header-below-stick-meta":"","astra-migrate-meta-layouts":"default","ast-page-background-enabled":"default","ast-page-background-meta":{"desktop":{"background-color":"","background-image":"","background-repeat":"repeat","background-position":"center center","background-size":"auto","background-attachment":"scroll","background-type":"","background-media":"","overlay-type":"","overlay-color":"","overlay-opacity":"","overlay-gradient":""},"tablet":{"background-color":"","background-image":"","background-repeat":"repeat","background-position":"center center","background-size":"auto","background-attachment":"scroll","background-type":"","background-media":"","overlay-type":"","overlay-color":"","overlay-opacity":"","overlay-gradient":""},"mobile":{"background-color":"","background-image":"","background-repeat":"repeat","background-position":"center center","background-size":"auto","background-attachment":"scroll","background-type":"","background-media":"","overlay-type":"","overlay-color":"","overlay-opacity":"","overlay-gradient":""}},"ast-content-background-meta":{"desktop":{"background-color":"var(--ast-global-color-5)","background-image":"","background-repeat":"repeat","background-position":"center center","background-size":"auto","background-attachment":"scroll","background-type":"","background-media":"","overlay-type":"","overlay-color":"","overlay-opacity":"","overlay-gradient":""},"tablet":{"background-color":"var(--ast-global-color-5)","background-image":"","background-repeat":"repeat","background-position":"center center","background-size":"auto","background-attachment":"scroll","background-type":"","background-media":"","overlay-type":"","overlay-color":"","overlay-opacity":"","overlay-gradient":""},"mobile":{"background-color":"var(--ast-global-color-5)","background-image":"","background-repeat":"repeat","background-position":"center center","background-size":"auto","background-attachment":"scroll","background-type":"","background-media":"","overlay-type":"","overlay-color":"","overlay-opacity":"","overlay-gradient":""}}},"product_brand":[],"product_cat":[2057,1977,3434],"product_tag":[],"class_list":{"0":"post-381727","1":"product","2":"type-product","3":"status-publish","4":"has-post-thumbnail","6":"product_cat-spulen-huelsen","7":"product_cat-tanks-spulen","8":"product_cat-uwell-de","9":"desktop-align-center","10":"tablet-align-center","11":"mobile-align-center","12":"ast-product-gallery-layout-horizontal-slider","13":"ast-product-gallery-with-no-image","14":"ast-product-single-variable","15":"ast-product-tabs-layout-horizontal","17":"first","18":"instock","19":"sale","20":"taxable","21":"shipping-taxable","22":"purchasable","23":"product-type-variable"},"acf":[],"uagb_featured_image_src":{"full":["https:\/\/justvape.nu\/wp-content\/uploads\/2018\/08\/uwell_crown_iii_sub_ohm_tank_replacement_coil.webp",600,600,false],"thumbnail":["https:\/\/justvape.nu\/wp-content\/uploads\/2018\/08\/uwell_crown_iii_sub_ohm_tank_replacement_coil-150x150.webp",150,150,true],"medium":["https:\/\/justvape.nu\/wp-content\/uploads\/2018\/08\/uwell_crown_iii_sub_ohm_tank_replacement_coil-300x300.webp",300,300,true],"medium_large":["https:\/\/justvape.nu\/wp-content\/uploads\/2018\/08\/uwell_crown_iii_sub_ohm_tank_replacement_coil.webp",600,600,false],"large":["https:\/\/justvape.nu\/wp-content\/uploads\/2018\/08\/uwell_crown_iii_sub_ohm_tank_replacement_coil.webp",600,600,false],"1536x1536":["https:\/\/justvape.nu\/wp-content\/uploads\/2018\/08\/uwell_crown_iii_sub_ohm_tank_replacement_coil.webp",600,600,false],"2048x2048":["https:\/\/justvape.nu\/wp-content\/uploads\/2018\/08\/uwell_crown_iii_sub_ohm_tank_replacement_coil.webp",600,600,false],"woocommerce_thumbnail":["https:\/\/justvape.nu\/wp-content\/uploads\/2018\/08\/uwell_crown_iii_sub_ohm_tank_replacement_coil-300x300.webp",300,300,true],"woocommerce_single":["https:\/\/justvape.nu\/wp-content\/uploads\/2018\/08\/uwell_crown_iii_sub_ohm_tank_replacement_coil.webp",600,600,false],"woocommerce_gallery_thumbnail":["https:\/\/justvape.nu\/wp-content\/uploads\/2018\/08\/uwell_crown_iii_sub_ohm_tank_replacement_coil-100x100.webp",100,100,true],"dgwt-wcas-product-suggestion":["https:\/\/justvape.nu\/wp-content\/uploads\/2018\/08\/uwell_crown_iii_sub_ohm_tank_replacement_coil-64x64.webp",64,64,true]},"uagb_author_info":{"display_name":"JustVape.nu","author_link":"https:\/\/justvape.nu\/de\/author\/"},"uagb_comment_info":0,"uagb_excerpt":"UWELL Crown 3 Coils 4 Stk","_links":{"self":[{"href":"https:\/\/justvape.nu\/de\/wp-json\/wp\/v2\/product\/381727","targetHints":{"allow":["GET"]}}],"collection":[{"href":"https:\/\/justvape.nu\/de\/wp-json\/wp\/v2\/product"}],"about":[{"href":"https:\/\/justvape.nu\/de\/wp-json\/wp\/v2\/types\/product"}],"replies":[{"embeddable":true,"href":"https:\/\/justvape.nu\/de\/wp-json\/wp\/v2\/comments?post=381727"}],"wp:featuredmedia":[{"embeddable":true,"href":"https:\/\/justvape.nu\/de\/wp-json\/wp\/v2\/media\/666476"}],"wp:attachment":[{"href":"https:\/\/justvape.nu\/de\/wp-json\/wp\/v2\/media?parent=381727"}],"wp:term":[{"taxonomy":"product_brand","embeddable":true,"href":"https:\/\/justvape.nu\/de\/wp-json\/wp\/v2\/product_brand?post=381727"},{"taxonomy":"product_cat","embeddable":true,"href":"https:\/\/justvape.nu\/de\/wp-json\/wp\/v2\/product_cat?post=381727"},{"taxonomy":"product_tag","embeddable":true,"href":"https:\/\/justvape.nu\/de\/wp-json\/wp\/v2\/product_tag?post=381727"}],"curies":[{"name":"wp","href":"https:\/\/api.w.org\/{rel}","templated":true}]}}