{"id":380715,"date":"2018-02-02T19:43:35","date_gmt":"2018-02-02T18:43:35","guid":{"rendered":"https:\/\/www.justvape.nu\/produkt\/sony-murata-vtc5a-18650-2600mah-25a-batterie-us18650vtc5a\/"},"modified":"2025-06-26T20:18:25","modified_gmt":"2025-06-26T18:18:25","slug":"sony-18650-vtc5a-2600mah","status":"publish","type":"product","link":"https:\/\/justvape.nu\/de\/produkt\/sony-18650-vtc5a-2600mah\/","title":{"rendered":"Sony | Murata VTC5A 18650 2600mAh 25A Batterie &#8211; US18650VTC5A"},"content":{"rendered":"<h2>Sony | Murata VTC5A 18650 2600mAh 25A Batterie &#8211; US18650VTC5A<\/h2>\n<p>Diese Sony \/ MuRata VTC5A-Zelle ist ein &#8222;Superman&#8220; -Zelltyp f\u00fcr diejenigen, die Ultrahochentladungs- \/ Entleerungszellen in der Formfaktorgr\u00f6\u00dfe 18650 ben\u00f6tigen und ben\u00f6tigen. Aufgrund des chemischen Typs NMC (Nickel Manganese Cobalt) ist es eine sehr sichere und \u00e4u\u00dferst zuverl\u00e4ssige Zelle. Dies erm\u00f6glicht es, sehr stabile Temperaturen unter solch extrem hohen Entladungen \/ Abfl\u00fcssen aufrechtzuerhalten. Diese Zelle ist nur f\u00fcr die ultimativen Ger\u00e4te von Vorteil, die solche Anforderungen erfordern, da sie ihre tats\u00e4chlichen F\u00e4higkeiten erst dann zeigt, wenn die Anforderung auf mindestens 20 Ampere kontinuierliches Entladen \/ Entleeren und bis zu 30 Ampere kontinuierliches Entladen \/ Entleeren erh\u00f6ht wird. Mit einer Nennkapazit\u00e4t von 2.600 mAh und einer konstanten Entladung \/ Entleerung von bis zu 35 Ampere, wenn die Zelle unter 80 Grad Celsius gehalten wird, finden Sie keine qualitativ hochwertigere Zelle, die die Anforderungen Ihres Ger\u00e4ts f\u00fcr ultimative Entladung \/ Entleerung erf\u00fcllt Forderungen.<\/p>\n<p>Diese Zelle ist wohl die h\u00e4rteste, die w\u00e4hrend der anf\u00e4nglichen Entladung \/ Entleerung einer Zelle mit einer Formfaktorgr\u00f6\u00dfe von 18650 und einer Kapazit\u00e4t von \u00fcber 2.500 mAh am h\u00e4rtesten getroffen wird. Wenn Sie m\u00f6chten, dass sowohl ein &#8222;Seelenfrieden&#8220; als auch sehr anspruchsvolle Bed\u00fcrfnisse erf\u00fcllt und befriedigt werden m\u00fcssen, dann ist dies Ihr Weg in die Zelle.<\/p>\n<h3><a href=\"https:\/\/www.justvape.nu\/wp-content\/uploads\/2018\/02\/sony_vtc5a_data_sheet.pdf\">Sony VTC5A Datenblatt<\/a><\/h3>\n<h4>Spezifikationen:<\/h4>\n<ul>\n<li>Modell: US18650VTC5A<\/li>\n<li>Gr\u00f6\u00dfe: 18650<\/li>\n<li>Stil: Flat Top<\/li>\n<li>Chemie: NMC<\/li>\n<li>Nennkapazit\u00e4t: 2600mAh<\/li>\n<li>Dauerleistung: 25A<\/li>\n<li>Nennspannung: 3,6V<\/li>\n<li>Gesch\u00fctzt: Nein<\/li>\n<li>Wiederaufladbar: Ja<\/li>\n<li>Ungef\u00e4hre Abmessungen: 18,2 mm x 65 mm<\/li>\n<li>Ungef\u00e4hres Gewicht: 47,8 g<\/li>\n<\/ul>\n<p>&nbsp;<\/p>\n<div><\/div>\n<h4>WARNUNG:<\/h4>\n<div>Der Benutzer muss vor dem Kauf \u00fcber ein angemessenes Verst\u00e4ndnis der Lithium-Ionen-Batterien verf\u00fcgen. Seien Sie vorsichtig, wenn Sie mit Lithium-Ionen-Batterien arbeiten und diese verwenden, da diese sehr empfindlich auf Ladeeigenschaften reagieren und bei Missbrauch oder unsachgem\u00e4\u00dfer Verwendung explodieren, brennen oder einen Brand verursachen k\u00f6nnen. Laden Sie immer in oder auf einer feuerfesten Oberfl\u00e4che auf. Lassen Sie die Batterien niemals unbeaufsichtigt aufladen. Der K\u00e4ufer ist f\u00fcr Sch\u00e4den oder Verletzungen verantwortlich, die durch Missbrauch oder unsachgem\u00e4\u00dfen Umgang mit Lithium-Ionen-Akkus und Ladeger\u00e4ten verursacht werden. Es kann keine ausdr\u00fcckliche oder stillschweigende Garantie f\u00fcr die Kompatibilit\u00e4t mit einem Ger\u00e4t gegeben werden. Laden Sie das Ger\u00e4t nur mit einem intelligenten Ladeger\u00e4t auf, das f\u00fcr diesen speziellen Lithium-Ionen-Akkutyp ausgelegt ist. Kombinieren Sie keine alten und neuen, gebrauchten und unbenutzten Batterien.<\/div>\n<div><\/div>\n<ul>\n<li>Der Missbrauch oder die falsche Handhabung von Lithium-Ionen-Batterien kann ein ernstes Risiko f\u00fcr Personensch\u00e4den, Sachsch\u00e4den oder den Tod darstellen<\/li>\n<li>BATTERIEN k\u00f6nnen explodieren, verbrennen oder ein Feuer verursachen, wenn sie missbraucht oder misshandelt werden<\/li>\n<li>NUR mit geeigneten Schutzschaltungen verwenden<\/li>\n<li>NUR innerhalb der Herstellerspezifikation verwenden<\/li>\n<li>NICHT lose in Tasche, Geldb\u00f6rse usw. aufbewahren. &#8211; Verwenden Sie immer eine Schutzh\u00fclle<\/li>\n<li>Von Metallgegenst\u00e4nden fernhalten, um Kurzschl\u00fcsse zu vermeiden<\/li>\n<li>Nicht kurzschlie\u00dfen<\/li>\n<li>NICHT verwenden, wenn die H\u00fclle oder der Isolator besch\u00e4digt oder zerrissen ist<\/li>\n<li>NICHT verwenden, wenn es in irgendeiner Weise besch\u00e4digt ist<\/li>\n<li>NICHT \u00fcberladen oder entladen<\/li>\n<li>NICHT modifizieren, zerlegen, durchstechen, schneiden, zerdr\u00fccken oder verbrennen<\/li>\n<li>NICHT Fl\u00fcssigkeiten oder hohen Temperaturen aussetzen<\/li>\n<li>NICHT l\u00f6ten<\/li>\n<li>Der Benutzer muss vor dem Kauf mit dem Umgang mit Lithium-Ionen-Batterien vertraut sein<\/li>\n<li>Die Verwendung von Batterien erfolgt auf EIGENES RISIKO<\/li>\n<\/ul>\n<div>\n<div><\/div>\n<\/div>\n","protected":false},"excerpt":{"rendered":"<p>Sony | Murata VTC5A 18650 2600mAh 25A Batterie &#8211; US18650VTC5A<\/p>\n","protected":false},"featured_media":299769,"comment_status":"open","ping_status":"closed","template":"","meta":{"_acf_changed":false,"_uag_custom_page_level_css":"","site-sidebar-layout":"default","site-content-layout":"default","ast-site-content-layout":"default","site-content-style":"default","site-sidebar-style":"default","ast-global-header-display":"","ast-banner-title-visibility":"","ast-main-header-display":"","ast-hfb-above-header-display":"","ast-hfb-below-header-display":"","ast-hfb-mobile-header-display":"","site-post-title":"","ast-breadcrumbs-content":"","ast-featured-img":"","footer-sml-layout":"","ast-disable-related-posts":"","theme-transparent-header-meta":"default","adv-header-id-meta":"","stick-header-meta":"default","header-above-stick-meta":"","header-main-stick-meta":"","header-below-stick-meta":"","astra-migrate-meta-layouts":"default","ast-page-background-enabled":"default","ast-page-background-meta":{"desktop":{"background-color":"","background-image":"","background-repeat":"repeat","background-position":"center center","background-size":"auto","background-attachment":"scroll","background-type":"","background-media":"","overlay-type":"","overlay-color":"","overlay-opacity":"","overlay-gradient":""},"tablet":{"background-color":"","background-image":"","background-repeat":"repeat","background-position":"center center","background-size":"auto","background-attachment":"scroll","background-type":"","background-media":"","overlay-type":"","overlay-color":"","overlay-opacity":"","overlay-gradient":""},"mobile":{"background-color":"","background-image":"","background-repeat":"repeat","background-position":"center center","background-size":"auto","background-attachment":"scroll","background-type":"","background-media":"","overlay-type":"","overlay-color":"","overlay-opacity":"","overlay-gradient":""}},"ast-content-background-meta":{"desktop":{"background-color":"var(--ast-global-color-5)","background-image":"","background-repeat":"repeat","background-position":"center center","background-size":"auto","background-attachment":"scroll","background-type":"","background-media":"","overlay-type":"","overlay-color":"","overlay-opacity":"","overlay-gradient":""},"tablet":{"background-color":"var(--ast-global-color-5)","background-image":"","background-repeat":"repeat","background-position":"center center","background-size":"auto","background-attachment":"scroll","background-type":"","background-media":"","overlay-type":"","overlay-color":"","overlay-opacity":"","overlay-gradient":""},"mobile":{"background-color":"var(--ast-global-color-5)","background-image":"","background-repeat":"repeat","background-position":"center center","background-size":"auto","background-attachment":"scroll","background-type":"","background-media":"","overlay-type":"","overlay-color":"","overlay-opacity":"","overlay-gradient":""}}},"product_brand":[],"product_cat":[2331,2171,2511,2512,3378],"product_tag":[],"class_list":{"0":"post-380715","1":"product","2":"type-product","3":"status-publish","4":"has-post-thumbnail","6":"product_cat-18650-de","7":"product_cat-batteriezellen","8":"product_cat-hardware-de","9":"product_cat-shop-by-brand-de","10":"product_cat-sony-de-2","11":"product_shipping_class-batteries-de","12":"desktop-align-center","13":"tablet-align-center","14":"mobile-align-center","15":"ast-product-gallery-layout-horizontal-slider","16":"ast-product-gallery-with-no-image","17":"ast-product-tabs-layout-horizontal","19":"first","20":"instock","21":"sale","22":"taxable","23":"shipping-taxable","24":"purchasable","25":"product-type-simple"},"acf":[],"uagb_featured_image_src":{"full":["https:\/\/justvape.nu\/wp-content\/uploads\/2018\/02\/sony-18650-vtc5a-2600mah-high-drain-battery-12c-35a-1.jpg",800,800,false],"thumbnail":["https:\/\/justvape.nu\/wp-content\/uploads\/2018\/02\/sony-18650-vtc5a-2600mah-high-drain-battery-12c-35a-1-150x150.jpg",150,150,true],"medium":["https:\/\/justvape.nu\/wp-content\/uploads\/2018\/02\/sony-18650-vtc5a-2600mah-high-drain-battery-12c-35a-1-300x300.jpg",300,300,true],"medium_large":["https:\/\/justvape.nu\/wp-content\/uploads\/2018\/02\/sony-18650-vtc5a-2600mah-high-drain-battery-12c-35a-1-768x768.jpg",768,768,true],"large":["https:\/\/justvape.nu\/wp-content\/uploads\/2018\/02\/sony-18650-vtc5a-2600mah-high-drain-battery-12c-35a-1.jpg",800,800,false],"1536x1536":["https:\/\/justvape.nu\/wp-content\/uploads\/2018\/02\/sony-18650-vtc5a-2600mah-high-drain-battery-12c-35a-1.jpg",800,800,false],"2048x2048":["https:\/\/justvape.nu\/wp-content\/uploads\/2018\/02\/sony-18650-vtc5a-2600mah-high-drain-battery-12c-35a-1.jpg",800,800,false],"woocommerce_thumbnail":["https:\/\/justvape.nu\/wp-content\/uploads\/2018\/02\/sony-18650-vtc5a-2600mah-high-drain-battery-12c-35a-1-300x300.jpg",300,300,true],"woocommerce_single":["https:\/\/justvape.nu\/wp-content\/uploads\/2018\/02\/sony-18650-vtc5a-2600mah-high-drain-battery-12c-35a-1-600x600.jpg",600,600,true],"woocommerce_gallery_thumbnail":["https:\/\/justvape.nu\/wp-content\/uploads\/2018\/02\/sony-18650-vtc5a-2600mah-high-drain-battery-12c-35a-1-100x100.jpg",100,100,true],"dgwt-wcas-product-suggestion":["https:\/\/justvape.nu\/wp-content\/uploads\/2018\/02\/sony-18650-vtc5a-2600mah-high-drain-battery-12c-35a-1-64x64.jpg",64,64,true]},"uagb_author_info":{"display_name":"dsadmin","author_link":"https:\/\/justvape.nu\/de\/author\/"},"uagb_comment_info":0,"uagb_excerpt":"Sony | Murata VTC5A 18650 2600mAh 25A Batterie - US18650VTC5A","_links":{"self":[{"href":"https:\/\/justvape.nu\/de\/wp-json\/wp\/v2\/product\/380715","targetHints":{"allow":["GET"]}}],"collection":[{"href":"https:\/\/justvape.nu\/de\/wp-json\/wp\/v2\/product"}],"about":[{"href":"https:\/\/justvape.nu\/de\/wp-json\/wp\/v2\/types\/product"}],"replies":[{"embeddable":true,"href":"https:\/\/justvape.nu\/de\/wp-json\/wp\/v2\/comments?post=380715"}],"wp:featuredmedia":[{"embeddable":true,"href":"https:\/\/justvape.nu\/de\/wp-json\/wp\/v2\/media\/299769"}],"wp:attachment":[{"href":"https:\/\/justvape.nu\/de\/wp-json\/wp\/v2\/media?parent=380715"}],"wp:term":[{"taxonomy":"product_brand","embeddable":true,"href":"https:\/\/justvape.nu\/de\/wp-json\/wp\/v2\/product_brand?post=380715"},{"taxonomy":"product_cat","embeddable":true,"href":"https:\/\/justvape.nu\/de\/wp-json\/wp\/v2\/product_cat?post=380715"},{"taxonomy":"product_tag","embeddable":true,"href":"https:\/\/justvape.nu\/de\/wp-json\/wp\/v2\/product_tag?post=380715"}],"curies":[{"name":"wp","href":"https:\/\/api.w.org\/{rel}","templated":true}]}}