{"id":380136,"date":"2018-02-02T19:43:34","date_gmt":"2018-02-02T18:43:34","guid":{"rendered":"https:\/\/www.justvape.nu\/produkt\/samsung-25r-18650-2500mah-20a-akku-inr18650-25r\/"},"modified":"2024-10-01T22:44:01","modified_gmt":"2024-10-01T20:44:01","slug":"samsung-inr18650-25r-2500mah","status":"publish","type":"product","link":"https:\/\/justvape.nu\/de\/produkt\/samsung-inr18650-25r-2500mah\/","title":{"rendered":"Samsung 25R 18650 2500mAh 20A Akku &#8211; INR18650-25R"},"content":{"rendered":"<h2>Samsung 25R 18650 2500mAh 20A Akku &#8211; INR18650-25R<\/h2>\n<div><\/div>\n<div>Dies ist wohl die am weitesten verbreitete und angesehenste Zelle mit 18650 Formfaktorgr\u00f6\u00dfe auf dem Markt, die es noch heute gibt. Diese Zelle ist von sehr hoher Qualit\u00e4t und hat einen sehr wirtschaftlichen Preis, um sie zu buchen. Dies ist eine ausgezeichnete, ausgewogene Zelle in Bezug auf Leistung und Zuverl\u00e4ssigkeit. Auch diese Zelle hat ein sehr gutes Gleichgewicht mit einer m\u00e4\u00dfig hohen Kapazit\u00e4t von 2.500 mAh Energie bei einer hohen maximalen kontinuierlichen Entlade- \/ Entleerungsleistung von 20 Ampere (ohne Temperatursenkung). Diese Zelle ist sehr stabil, selbst wenn sie auf ihre maximale Bewertung gebracht wird. Diese Zelle enth\u00e4lt ungef\u00e4hr alles, was Sie sich von einer Li-Ion-Zelle w\u00fcnschen k\u00f6nnen, wie Sie anhand einiger ihrer Attribute sehen k\u00f6nnen. Es hat viele Verwendungszwecke wie: Netzteile, Hochleistungs-Powerbanks, BMS, Elektrowerkzeuge und leistungsstarke Taschenlampen. Diese Zelle hat eine viel sicherere Zusammensetzung der Batteriechemie als Zellen aus der Vergangenheit, was sie stabiler und viel sicherer macht. Diese Zelle wird aufgrund ihrer Vielseitigkeit und all ihrer Eigenschaften h\u00e4ufig als &#8222;Goldl\u00f6ckchen&#8220; -Zelle klassifiziert. Diese Zelle hat den Test der Zeit bestanden und \u00fcberpr\u00fcft fast jedes K\u00e4stchen, das Sie vern\u00fcnftigerweise abbilden k\u00f6nnen. Es ist kein Wunder, warum es eine so ehrw\u00fcrdige Geschichte und einen Verbraucherfavoriten hat.<\/div>\n<h3><a href=\"https:\/\/www.justvape.nu\/wp-content\/uploads\/2018\/02\/samsung_25r_data_sheet.pdf\">Samsung 25R Datenblatt<\/a><\/h3>\n<h4>Samsung 25R Technische Daten<\/h4>\n<ul>\n<li>Modell: Samsung 25R \/ INR18650-25R<\/li>\n<li>Gr\u00f6\u00dfe: 18650<\/li>\n<li>Stil: Flat Top<\/li>\n<li>Gesch\u00fctzt: Nein<\/li>\n<li>Wiederaufladbar: Ja<\/li>\n<li>Nennkapazit\u00e4t: 2500mAh<\/li>\n<li>Dauerleistung: 20A<\/li>\n<li>Nennspannung: 3,6V<\/li>\n<li>Ungef\u00e4hre Abmessungen: 18,33 mm x 64,85 mm<\/li>\n<li>Ungef\u00e4hres Gewicht: 43,8 g<\/li>\n<\/ul>\n<hr>\n<h4>Samsung SDI Sicherheitsinformationen<br \/>\n<a href=\"https:\/\/www.samsungsdi.com\/lithium-ion-battery\/safe-information.html\" target=\"_blank\" rel=\"noopener noreferrer\">&#8222;Laden, Verwenden und Handhaben von kleinen Lithium-Ionen-Batterien&#8220;<\/a><\/h4>\n<h4><\/h4>\n<h4>WARNUNG:<\/h4>\n<div>Der Benutzer muss vor dem Kauf \u00fcber ein angemessenes Verst\u00e4ndnis der Lithium-Ionen-Batterien verf\u00fcgen. Seien Sie vorsichtig, wenn Sie mit Lithium-Ionen-Batterien arbeiten und diese verwenden, da diese sehr empfindlich auf Ladeeigenschaften reagieren und bei Missbrauch oder unsachgem\u00e4\u00dfer Verwendung explodieren, brennen oder einen Brand verursachen k\u00f6nnen. Laden Sie immer in oder auf einer feuerfesten Oberfl\u00e4che auf. Lassen Sie die Batterien niemals unbeaufsichtigt aufladen. Diese Batterie wird f\u00fcr die Verwendung von Systemintegrationen mit geeigneten Schutzschaltungen oder Batteriepacks mit einem Batteriemanagementsystem oder einer Leiterplatte (Leiterplatte \/ Modul) verkauft. Der K\u00e4ufer ist f\u00fcr Sch\u00e4den oder Verletzungen verantwortlich, die durch Missbrauch oder unsachgem\u00e4\u00dfen Umgang mit Lithium-Ionen-Akkus und Ladeger\u00e4ten verursacht werden. Laden Sie das Ger\u00e4t nur mit einem intelligenten Ladeger\u00e4t auf, das f\u00fcr diesen speziellen Lithium-Ionen-Akkutyp ausgelegt ist.<\/div>\n<p>&nbsp;<\/p>\n<ul>\n<li>Der Missbrauch oder die falsche Handhabung von LITHIUM-IONEN-BATTERIEN kann ein ernstes Risiko f\u00fcr Personensch\u00e4den, Sachsch\u00e4den oder Tod darstellen<\/li>\n<li>BATTERIEN k\u00f6nnen explodieren, verbrennen oder ein Feuer verursachen, wenn sie missbraucht oder misshandelt werden<\/li>\n<li>NUR MIT RICHTIGER SCHALTUNG IN EINEM GESCH\u00dcTZTEN BATTERIEPAKET VERWENDEN<\/li>\n<li>NUR IN DEN VON HERSTELLERN AUFGEF\u00dcHRTEN SPEZIFIKATIONEN VERWENDEN<\/li>\n<li>LOSE BATTERIE NICHT IN EINER TASCHE AUFBEWAHREN, ETC. &#8211; VERWENDEN SIE IMMER EINEN SCHUTZKOFFER ODER EINE SCHACHTEL<\/li>\n<li>Von Metallgegenst\u00e4nden fernhalten, um Kurzschl\u00fcsse zu vermeiden<\/li>\n<li>Nicht kurzschlie\u00dfen<\/li>\n<li>NICHT verwenden, wenn die H\u00fclle oder der Isolator besch\u00e4digt oder zerrissen ist<\/li>\n<li>NICHT verwenden, wenn es in irgendeiner Weise besch\u00e4digt ist<\/li>\n<li>NICHT \u00fcberladen oder entladen<\/li>\n<li>NICHT modifizieren, zerlegen, durchstechen, schneiden, zerdr\u00fccken oder verbrennen<\/li>\n<li>NICHT Fl\u00fcssigkeiten oder hohen Temperaturen aussetzen<\/li>\n<li>NICHT l\u00f6ten, nur punktschwei\u00dfen<\/li>\n<li>Der Benutzer muss vor dem Kauf mit dem Umgang mit Lithium-Ionen-Batterien vertraut sein<\/li>\n<li>Die Verwendung von Batterien erfolgt auf EIGENES RISIKO<\/li>\n<li>Laden Sie IMMER in oder auf einer feuerfesten Oberfl\u00e4che und lassen Sie Ladebatterien niemals unbeaufsichtigt<\/li>\n<li>Wiederverk\u00e4ufer m\u00fcssen alle Warnungen an alle Kunden weiterleiten, um ihre Referenz und Sicherheit zu gew\u00e4hrleisten<\/li>\n<\/ul>\n","protected":false},"excerpt":{"rendered":"<p>Samsung 25R 18650 2500mAh 20A Akku &#8211; INR18650-25R<\/p>\n","protected":false},"featured_media":215089,"comment_status":"open","ping_status":"closed","template":"","meta":{"_acf_changed":false,"_uag_custom_page_level_css":"","site-sidebar-layout":"default","site-content-layout":"default","ast-site-content-layout":"default","site-content-style":"default","site-sidebar-style":"default","ast-global-header-display":"","ast-banner-title-visibility":"","ast-main-header-display":"","ast-hfb-above-header-display":"","ast-hfb-below-header-display":"","ast-hfb-mobile-header-display":"","site-post-title":"","ast-breadcrumbs-content":"","ast-featured-img":"","footer-sml-layout":"","ast-disable-related-posts":"","theme-transparent-header-meta":"default","adv-header-id-meta":"","stick-header-meta":"default","header-above-stick-meta":"","header-main-stick-meta":"","header-below-stick-meta":"","astra-migrate-meta-layouts":"default","ast-page-background-enabled":"default","ast-page-background-meta":{"desktop":{"background-color":"","background-image":"","background-repeat":"repeat","background-position":"center center","background-size":"auto","background-attachment":"scroll","background-type":"","background-media":"","overlay-type":"","overlay-color":"","overlay-opacity":"","overlay-gradient":""},"tablet":{"background-color":"","background-image":"","background-repeat":"repeat","background-position":"center center","background-size":"auto","background-attachment":"scroll","background-type":"","background-media":"","overlay-type":"","overlay-color":"","overlay-opacity":"","overlay-gradient":""},"mobile":{"background-color":"","background-image":"","background-repeat":"repeat","background-position":"center center","background-size":"auto","background-attachment":"scroll","background-type":"","background-media":"","overlay-type":"","overlay-color":"","overlay-opacity":"","overlay-gradient":""}},"ast-content-background-meta":{"desktop":{"background-color":"var(--ast-global-color-5)","background-image":"","background-repeat":"repeat","background-position":"center center","background-size":"auto","background-attachment":"scroll","background-type":"","background-media":"","overlay-type":"","overlay-color":"","overlay-opacity":"","overlay-gradient":""},"tablet":{"background-color":"var(--ast-global-color-5)","background-image":"","background-repeat":"repeat","background-position":"center center","background-size":"auto","background-attachment":"scroll","background-type":"","background-media":"","overlay-type":"","overlay-color":"","overlay-opacity":"","overlay-gradient":""},"mobile":{"background-color":"var(--ast-global-color-5)","background-image":"","background-repeat":"repeat","background-position":"center center","background-size":"auto","background-attachment":"scroll","background-type":"","background-media":"","overlay-type":"","overlay-color":"","overlay-opacity":"","overlay-gradient":""}}},"product_brand":[],"product_cat":[2331,2171,2511,3355,2512],"product_tag":[],"class_list":{"0":"post-380136","1":"product","2":"type-product","3":"status-publish","4":"has-post-thumbnail","6":"product_cat-18650-de","7":"product_cat-batteriezellen","8":"product_cat-hardware-de","9":"product_cat-samsung-de-2","10":"product_cat-shop-by-brand-de","11":"product_shipping_class-batteries-de","12":"desktop-align-center","13":"tablet-align-center","14":"mobile-align-center","15":"ast-product-gallery-layout-horizontal-slider","16":"ast-product-gallery-with-no-image","17":"ast-product-tabs-layout-horizontal","19":"first","20":"instock","21":"sale","22":"taxable","23":"shipping-taxable","24":"purchasable","25":"product-type-simple"},"acf":[],"uagb_featured_image_src":{"full":["https:\/\/justvape.nu\/wp-content\/uploads\/2018\/02\/samsung-inr18650-25r-high-drain-battery-2500mah.jpg",800,800,false],"thumbnail":["https:\/\/justvape.nu\/wp-content\/uploads\/2018\/02\/samsung-inr18650-25r-high-drain-battery-2500mah-150x150.jpg",150,150,true],"medium":["https:\/\/justvape.nu\/wp-content\/uploads\/2018\/02\/samsung-inr18650-25r-high-drain-battery-2500mah-300x300.jpg",300,300,true],"medium_large":["https:\/\/justvape.nu\/wp-content\/uploads\/2018\/02\/samsung-inr18650-25r-high-drain-battery-2500mah-768x768.jpg",768,768,true],"large":["https:\/\/justvape.nu\/wp-content\/uploads\/2018\/02\/samsung-inr18650-25r-high-drain-battery-2500mah.jpg",800,800,false],"1536x1536":["https:\/\/justvape.nu\/wp-content\/uploads\/2018\/02\/samsung-inr18650-25r-high-drain-battery-2500mah.jpg",800,800,false],"2048x2048":["https:\/\/justvape.nu\/wp-content\/uploads\/2018\/02\/samsung-inr18650-25r-high-drain-battery-2500mah.jpg",800,800,false],"woocommerce_thumbnail":["https:\/\/justvape.nu\/wp-content\/uploads\/2018\/02\/samsung-inr18650-25r-high-drain-battery-2500mah-300x300.jpg",300,300,true],"woocommerce_single":["https:\/\/justvape.nu\/wp-content\/uploads\/2018\/02\/samsung-inr18650-25r-high-drain-battery-2500mah-600x600.jpg",600,600,true],"woocommerce_gallery_thumbnail":["https:\/\/justvape.nu\/wp-content\/uploads\/2018\/02\/samsung-inr18650-25r-high-drain-battery-2500mah-100x100.jpg",100,100,true],"dgwt-wcas-product-suggestion":["https:\/\/justvape.nu\/wp-content\/uploads\/2018\/02\/samsung-inr18650-25r-high-drain-battery-2500mah-64x64.jpg",64,64,true]},"uagb_author_info":{"display_name":"dsadmin","author_link":"https:\/\/justvape.nu\/de\/author\/"},"uagb_comment_info":0,"uagb_excerpt":"Samsung 25R 18650 2500mAh 20A Akku - INR18650-25R","_links":{"self":[{"href":"https:\/\/justvape.nu\/de\/wp-json\/wp\/v2\/product\/380136","targetHints":{"allow":["GET"]}}],"collection":[{"href":"https:\/\/justvape.nu\/de\/wp-json\/wp\/v2\/product"}],"about":[{"href":"https:\/\/justvape.nu\/de\/wp-json\/wp\/v2\/types\/product"}],"replies":[{"embeddable":true,"href":"https:\/\/justvape.nu\/de\/wp-json\/wp\/v2\/comments?post=380136"}],"wp:featuredmedia":[{"embeddable":true,"href":"https:\/\/justvape.nu\/de\/wp-json\/wp\/v2\/media\/215089"}],"wp:attachment":[{"href":"https:\/\/justvape.nu\/de\/wp-json\/wp\/v2\/media?parent=380136"}],"wp:term":[{"taxonomy":"product_brand","embeddable":true,"href":"https:\/\/justvape.nu\/de\/wp-json\/wp\/v2\/product_brand?post=380136"},{"taxonomy":"product_cat","embeddable":true,"href":"https:\/\/justvape.nu\/de\/wp-json\/wp\/v2\/product_cat?post=380136"},{"taxonomy":"product_tag","embeddable":true,"href":"https:\/\/justvape.nu\/de\/wp-json\/wp\/v2\/product_tag?post=380136"}],"curies":[{"name":"wp","href":"https:\/\/api.w.org\/{rel}","templated":true}]}}