{"id":380104,"date":"2018-02-02T19:43:22","date_gmt":"2018-02-02T18:43:22","guid":{"rendered":"https:\/\/www.justvape.nu\/produkt\/efest-lush-q2-intelligentes-led-ladegeraet\/"},"modified":"2021-09-12T02:23:53","modified_gmt":"2021-09-12T00:23:53","slug":"efest-lush-q2-intelligent-led-oplader","status":"publish","type":"product","link":"https:\/\/justvape.nu\/de\/produkt\/efest-lush-q2-intelligent-led-oplader\/","title":{"rendered":"Efest LUSH Q2 Intelligent LED Charger"},"content":{"rendered":"<h2>Efest LUSH Q2 Intelligent LED Charger<\/h2>\n<p>&nbsp;<\/p>\n<p>Mit dem LUSH Q2-Ladeger\u00e4t von Efest k\u00f6nnen Sie zwei Akkus gleichzeitig aufladen.<\/p>\n<p>Sie k\u00f6nnen alles von * 10440 bis 26650 Batterien aufladen.<\/p>\n<p>Die Stangen bestehen aus Stahl und sind mit hartem Chrom beschichtet, das beim Laden des Akkus eine genauere Spannung liefert.<\/p>\n<p>Das Ladeger\u00e4t wird mit 1 Ampere mit 2 Akkus und 2 Ampere aufgeladen, wenn Sie nur einen Akku laden, sodass der Ladevorgang schnell vonstatten geht. LUSH Q2 verf\u00fcgt nat\u00fcrlich \u00fcber alle Schutzfunktionen, die von einem modernen Ladeger\u00e4t erwartet werden.<\/p>\n<p>Mit der integrierten Wiederbelebungsfunktion k\u00f6nnen Sie versuchen, \u00fcberladene \/ entladene Batterien wiederzubeleben.<\/p>\n<p><strong>Einzelheiten:<\/strong><\/p>\n<p>L\u00e4dt die folgenden Batterietypen auf: 10440, 14500, 14650, 16340, 16650, 17650, 17670, 18350, 18490, 18500, 18650, 20700, 22650, 26500, 26650.<br \/>\nLadeger\u00e4t mit zwei Steckpl\u00e4tzen.<br \/>\nL\u00e4dt mit 1 Ampere mit 2 Batterien und 2 Ampere, wenn Sie nur eine Batterie aufladen.<br \/>\nDie LED-Anzeige f\u00fcr jeden Akku zeigt den aktuellen Ladestatus an.<br \/>\nDie verbesserte Feder durch die Batterieeinstellspule erleichtert das Entfernen und Einlegen der Batterien.<br \/>\nDie Stangen bestehen aus Stahl und sind mit Chrom1 beschichtet, das beim Laden des Akkus eine genauere Spannung liefert.<br \/>\nKann einige Batterien wiederbeleben, selbst wenn sie vollst\u00e4ndig entladen sind. (mindestens 0,6 Volt)<br \/>\nGesch\u00fctzt gegen \u00dcberladung.<br \/>\nGesch\u00fctzt gegen Kurzschluss.<br \/>\nVerpolungsschutz.<br \/>\nBeendet den Ladevorgang automatisch, wenn der Akku vollst\u00e4ndig aufgeladen ist.<br \/>\nEingangsspannung: 220 Volt.<\/p>\n","protected":false},"excerpt":{"rendered":"<p>Efest LUSH Q2 Intelligent LED Charger<\/p>\n","protected":false},"featured_media":239073,"comment_status":"open","ping_status":"closed","template":"","meta":{"_acf_changed":false,"_uag_custom_page_level_css":"","site-sidebar-layout":"default","site-content-layout":"default","ast-site-content-layout":"default","site-content-style":"default","site-sidebar-style":"default","ast-global-header-display":"","ast-banner-title-visibility":"","ast-main-header-display":"","ast-hfb-above-header-display":"","ast-hfb-below-header-display":"","ast-hfb-mobile-header-display":"","site-post-title":"","ast-breadcrumbs-content":"","ast-featured-img":"","footer-sml-layout":"","ast-disable-related-posts":"","theme-transparent-header-meta":"default","adv-header-id-meta":"","stick-header-meta":"default","header-above-stick-meta":"","header-main-stick-meta":"","header-below-stick-meta":"","astra-migrate-meta-layouts":"default","ast-page-background-enabled":"default","ast-page-background-meta":{"desktop":{"background-color":"","background-image":"","background-repeat":"repeat","background-position":"center center","background-size":"auto","background-attachment":"scroll","background-type":"","background-media":"","overlay-type":"","overlay-color":"","overlay-opacity":"","overlay-gradient":""},"tablet":{"background-color":"","background-image":"","background-repeat":"repeat","background-position":"center center","background-size":"auto","background-attachment":"scroll","background-type":"","background-media":"","overlay-type":"","overlay-color":"","overlay-opacity":"","overlay-gradient":""},"mobile":{"background-color":"","background-image":"","background-repeat":"repeat","background-position":"center center","background-size":"auto","background-attachment":"scroll","background-type":"","background-media":"","overlay-type":"","overlay-color":"","overlay-opacity":"","overlay-gradient":""}},"ast-content-background-meta":{"desktop":{"background-color":"var(--ast-global-color-5)","background-image":"","background-repeat":"repeat","background-position":"center center","background-size":"auto","background-attachment":"scroll","background-type":"","background-media":"","overlay-type":"","overlay-color":"","overlay-opacity":"","overlay-gradient":""},"tablet":{"background-color":"var(--ast-global-color-5)","background-image":"","background-repeat":"repeat","background-position":"center center","background-size":"auto","background-attachment":"scroll","background-type":"","background-media":"","overlay-type":"","overlay-color":"","overlay-opacity":"","overlay-gradient":""},"mobile":{"background-color":"var(--ast-global-color-5)","background-image":"","background-repeat":"repeat","background-position":"center center","background-size":"auto","background-attachment":"scroll","background-type":"","background-media":"","overlay-type":"","overlay-color":"","overlay-opacity":"","overlay-gradient":""}}},"product_brand":[],"product_cat":[3207,2511,2191,2512,1907],"product_tag":[],"class_list":{"0":"post-380104","1":"product","2":"type-product","3":"status-publish","4":"has-post-thumbnail","6":"product_cat-efest-de-2","7":"product_cat-hardware-de","8":"product_cat-ladegeraete","9":"product_cat-shop-by-brand-de","10":"product_cat-zubehoer","11":"desktop-align-center","12":"tablet-align-center","13":"mobile-align-center","14":"ast-product-gallery-layout-horizontal-slider","15":"ast-product-gallery-with-no-image","16":"ast-product-tabs-layout-horizontal","18":"first","19":"instock","20":"sale","21":"taxable","22":"shipping-taxable","23":"purchasable","24":"product-type-simple"},"acf":[],"uagb_featured_image_src":{"full":["https:\/\/justvape.nu\/wp-content\/uploads\/2018\/02\/tilbehr-diy-efest-lush-q2-intelligent-led-oplader.jpg",800,800,false],"thumbnail":["https:\/\/justvape.nu\/wp-content\/uploads\/2018\/02\/tilbehr-diy-efest-lush-q2-intelligent-led-oplader-150x150.jpg",150,150,true],"medium":["https:\/\/justvape.nu\/wp-content\/uploads\/2018\/02\/tilbehr-diy-efest-lush-q2-intelligent-led-oplader-300x300.jpg",300,300,true],"medium_large":["https:\/\/justvape.nu\/wp-content\/uploads\/2018\/02\/tilbehr-diy-efest-lush-q2-intelligent-led-oplader-768x768.jpg",768,768,true],"large":["https:\/\/justvape.nu\/wp-content\/uploads\/2018\/02\/tilbehr-diy-efest-lush-q2-intelligent-led-oplader.jpg",800,800,false],"1536x1536":["https:\/\/justvape.nu\/wp-content\/uploads\/2018\/02\/tilbehr-diy-efest-lush-q2-intelligent-led-oplader.jpg",800,800,false],"2048x2048":["https:\/\/justvape.nu\/wp-content\/uploads\/2018\/02\/tilbehr-diy-efest-lush-q2-intelligent-led-oplader.jpg",800,800,false],"woocommerce_thumbnail":["https:\/\/justvape.nu\/wp-content\/uploads\/2018\/02\/tilbehr-diy-efest-lush-q2-intelligent-led-oplader-300x300.jpg",300,300,true],"woocommerce_single":["https:\/\/justvape.nu\/wp-content\/uploads\/2018\/02\/tilbehr-diy-efest-lush-q2-intelligent-led-oplader-600x600.jpg",600,600,true],"woocommerce_gallery_thumbnail":["https:\/\/justvape.nu\/wp-content\/uploads\/2018\/02\/tilbehr-diy-efest-lush-q2-intelligent-led-oplader-100x100.jpg",100,100,true],"dgwt-wcas-product-suggestion":["https:\/\/justvape.nu\/wp-content\/uploads\/2018\/02\/tilbehr-diy-efest-lush-q2-intelligent-led-oplader-64x64.jpg",64,64,true]},"uagb_author_info":{"display_name":"dsadmin","author_link":"https:\/\/justvape.nu\/de\/author\/"},"uagb_comment_info":0,"uagb_excerpt":"Efest LUSH Q2 Intelligent LED Charger","_links":{"self":[{"href":"https:\/\/justvape.nu\/de\/wp-json\/wp\/v2\/product\/380104","targetHints":{"allow":["GET"]}}],"collection":[{"href":"https:\/\/justvape.nu\/de\/wp-json\/wp\/v2\/product"}],"about":[{"href":"https:\/\/justvape.nu\/de\/wp-json\/wp\/v2\/types\/product"}],"replies":[{"embeddable":true,"href":"https:\/\/justvape.nu\/de\/wp-json\/wp\/v2\/comments?post=380104"}],"wp:featuredmedia":[{"embeddable":true,"href":"https:\/\/justvape.nu\/de\/wp-json\/wp\/v2\/media\/239073"}],"wp:attachment":[{"href":"https:\/\/justvape.nu\/de\/wp-json\/wp\/v2\/media?parent=380104"}],"wp:term":[{"taxonomy":"product_brand","embeddable":true,"href":"https:\/\/justvape.nu\/de\/wp-json\/wp\/v2\/product_brand?post=380104"},{"taxonomy":"product_cat","embeddable":true,"href":"https:\/\/justvape.nu\/de\/wp-json\/wp\/v2\/product_cat?post=380104"},{"taxonomy":"product_tag","embeddable":true,"href":"https:\/\/justvape.nu\/de\/wp-json\/wp\/v2\/product_tag?post=380104"}],"curies":[{"name":"wp","href":"https:\/\/api.w.org\/{rel}","templated":true}]}}