{"id":380081,"date":"2018-02-02T19:43:22","date_gmt":"2018-02-02T18:43:22","guid":{"rendered":"https:\/\/www.justvape.nu\/produkt\/efest-slim-k1-intelligentes-ladegeraet\/"},"modified":"2024-02-18T17:28:07","modified_gmt":"2024-02-18T16:28:07","slug":"efest-slim-k1-intelligent-charger","status":"publish","type":"product","link":"https:\/\/justvape.nu\/de\/produkt\/efest-slim-k1-intelligent-charger\/","title":{"rendered":"Efest SLIM K1 Intelligentes Ladeger\u00e4t"},"content":{"rendered":"<h2>Efest SLIM K1 Intelligentes Ladeger\u00e4t<\/h2>\n<p>&nbsp;<\/p>\n<p>Das Efest Slim K1 Single Bay Battery Charger ist ein intelligentes Batterieladeger\u00e4t, das eine einzelne Zelle laden kann. Der Batterieschacht ist mit einer Feder aus Klavierdraht ausgestattet, die beim Einsetzen und Entnehmen der Batterien f\u00fcr ein reibungsloses Gleiten sorgt. Wie bei allen Ger\u00e4ten von Efest gibt es auch hier eine anschauliche und intuitive LED-Anzeige, die dem Benutzer anzeigt, wann die Akkus geladen werden und wann sie vollst\u00e4ndig geladen sind, mit automatischer Abschaltfunktion. Das Efest Slim K1 Ladeger\u00e4t verf\u00fcgt \u00fcber Verpolungs-, Kurzschluss- und \u00dcberladeschutz sowie viele weitere Sicherheitsfunktionen. Entdecken Sie unser Angebot an wiederaufladbaren Batterien und dampfen Sie weiter!<\/p>\n<p>Kompatibel mit: 10440, 14500, 14650, 16340, 16650, 17650, 17670, 18350, 18490, 18500, 18650, 20700, 21700, 26500, 26650<\/p>\n<p>Bitte beachten Sie: Im Lieferumfang dieses Ladeger\u00e4ts sind keine Batterien enthalten. Die Batterien k\u00f6nnen separat auf unserer Zubeh\u00f6rseite oder \u00fcber diesen Link erworben werden.<\/p>\n<p><strong>Inhalt des Kits:<\/strong><\/p>\n<p>Inhalt:<br \/>\n&#8211; 1 x Efest Slim K1 Ladeger\u00e4t<br \/>\n&#8211; 1 x USB-Kabel<\/p>\n<p><strong>Eigenschaften:<\/strong><\/p>\n<p>&#8211; Schnelllade-Modus: 1.0A<br \/>\n&#8211; Geeignet f\u00fcr verschiedene 3,6V und 3,7V Li-Ion-Akkus<br \/>\n&#8211; Schutz vor Verpolung<br \/>\n&#8211; Aktivierungsfunktion<br \/>\n&#8211; Auto-Detect-Ladefunktion<br \/>\n&#8211; \u00dcberladungsschutz<br \/>\n&#8211; Kurzschlussschutz<br \/>\n&#8211; CE- und RoHS-zertifiziert<br \/>\n&#8211; Die Feder aus Klavierdraht sorgt f\u00fcr ein leichtes Gleiten beim Einsetzen und Herausnehmen der Batterie<br \/>\n&#8211; Stahlkathode mit geringem Widerstand und Hartverchromung zur Erzielung einer pr\u00e4ziseren Ladespannung<br \/>\n&#8211; AC-Eingangsleistung: AC 100~240V 50\/60Hz<br \/>\n&#8211; DC-Ausgangsleistung: DC 5V 1A<br \/>\n&#8211; Automatische Abschaltspannung: 4,20+\/-0,5V<br \/>\n&#8211; Standby-Strom: &lt;20mA<br \/>\n&#8211; Automatische Aufladespannung: 4,10+\/-0,10V<br \/>\n&#8211; Lagertemperatur: 40-70 C<br \/>\n&#8211; DC-Eingangsleistung: DC 5V 1A<br \/>\n&#8211; 1A CC-Strom: 1000mA+\/-10%<br \/>\n&#8211; CV-Abschaltstrom: ,100mA<br \/>\n&#8211; Aktivierungsstrom: 50mA~100mA<br \/>\n&#8211; Betriebstemperatur: 0-40C<\/p>\n<p><strong>Kompatibilit\u00e4t:<\/strong><br \/>\nKompatibel mit 18650 vaping mod Batterien. Auch kompatibel mit 10440\/14500\/14650\/16340\/17335\/17500\/17670\/18350\/18490\/18500\/18650\/18700\/20700\/21700\/22650\/25500\/26650 3.6V\/3.7V Li-Ion Batterien<\/p>\n","protected":false},"excerpt":{"rendered":"<p>Efest SLIM K1 Intelligentes Ladeger\u00e4t<\/p>\n","protected":false},"featured_media":239163,"comment_status":"open","ping_status":"closed","template":"","meta":{"_acf_changed":false,"_uag_custom_page_level_css":"","site-sidebar-layout":"default","site-content-layout":"default","ast-site-content-layout":"default","site-content-style":"default","site-sidebar-style":"default","ast-global-header-display":"","ast-banner-title-visibility":"","ast-main-header-display":"","ast-hfb-above-header-display":"","ast-hfb-below-header-display":"","ast-hfb-mobile-header-display":"","site-post-title":"","ast-breadcrumbs-content":"","ast-featured-img":"","footer-sml-layout":"","ast-disable-related-posts":"","theme-transparent-header-meta":"default","adv-header-id-meta":"","stick-header-meta":"default","header-above-stick-meta":"","header-main-stick-meta":"","header-below-stick-meta":"","astra-migrate-meta-layouts":"default","ast-page-background-enabled":"default","ast-page-background-meta":{"desktop":{"background-color":"","background-image":"","background-repeat":"repeat","background-position":"center center","background-size":"auto","background-attachment":"scroll","background-type":"","background-media":"","overlay-type":"","overlay-color":"","overlay-opacity":"","overlay-gradient":""},"tablet":{"background-color":"","background-image":"","background-repeat":"repeat","background-position":"center center","background-size":"auto","background-attachment":"scroll","background-type":"","background-media":"","overlay-type":"","overlay-color":"","overlay-opacity":"","overlay-gradient":""},"mobile":{"background-color":"","background-image":"","background-repeat":"repeat","background-position":"center center","background-size":"auto","background-attachment":"scroll","background-type":"","background-media":"","overlay-type":"","overlay-color":"","overlay-opacity":"","overlay-gradient":""}},"ast-content-background-meta":{"desktop":{"background-color":"var(--ast-global-color-5)","background-image":"","background-repeat":"repeat","background-position":"center center","background-size":"auto","background-attachment":"scroll","background-type":"","background-media":"","overlay-type":"","overlay-color":"","overlay-opacity":"","overlay-gradient":""},"tablet":{"background-color":"var(--ast-global-color-5)","background-image":"","background-repeat":"repeat","background-position":"center center","background-size":"auto","background-attachment":"scroll","background-type":"","background-media":"","overlay-type":"","overlay-color":"","overlay-opacity":"","overlay-gradient":""},"mobile":{"background-color":"var(--ast-global-color-5)","background-image":"","background-repeat":"repeat","background-position":"center center","background-size":"auto","background-attachment":"scroll","background-type":"","background-media":"","overlay-type":"","overlay-color":"","overlay-opacity":"","overlay-gradient":""}}},"product_brand":[],"product_cat":[3207,2511,2191,2512,1907],"product_tag":[],"class_list":{"0":"post-380081","1":"product","2":"type-product","3":"status-publish","4":"has-post-thumbnail","6":"product_cat-efest-de-2","7":"product_cat-hardware-de","8":"product_cat-ladegeraete","9":"product_cat-shop-by-brand-de","10":"product_cat-zubehoer","11":"desktop-align-center","12":"tablet-align-center","13":"mobile-align-center","14":"ast-product-gallery-layout-horizontal-slider","15":"ast-product-gallery-with-no-image","16":"ast-product-tabs-layout-horizontal","18":"first","19":"instock","20":"sale","21":"taxable","22":"shipping-taxable","23":"purchasable","24":"product-type-simple"},"acf":[],"uagb_featured_image_src":{"full":["https:\/\/justvape.nu\/wp-content\/uploads\/2018\/02\/efest-slim-k1-intelligent-charger.jpg",800,800,false],"thumbnail":["https:\/\/justvape.nu\/wp-content\/uploads\/2018\/02\/efest-slim-k1-intelligent-charger-150x150.jpg",150,150,true],"medium":["https:\/\/justvape.nu\/wp-content\/uploads\/2018\/02\/efest-slim-k1-intelligent-charger-300x300.jpg",300,300,true],"medium_large":["https:\/\/justvape.nu\/wp-content\/uploads\/2018\/02\/efest-slim-k1-intelligent-charger-768x768.jpg",768,768,true],"large":["https:\/\/justvape.nu\/wp-content\/uploads\/2018\/02\/efest-slim-k1-intelligent-charger.jpg",800,800,false],"1536x1536":["https:\/\/justvape.nu\/wp-content\/uploads\/2018\/02\/efest-slim-k1-intelligent-charger.jpg",800,800,false],"2048x2048":["https:\/\/justvape.nu\/wp-content\/uploads\/2018\/02\/efest-slim-k1-intelligent-charger.jpg",800,800,false],"woocommerce_thumbnail":["https:\/\/justvape.nu\/wp-content\/uploads\/2018\/02\/efest-slim-k1-intelligent-charger-300x300.jpg",300,300,true],"woocommerce_single":["https:\/\/justvape.nu\/wp-content\/uploads\/2018\/02\/efest-slim-k1-intelligent-charger-600x600.jpg",600,600,true],"woocommerce_gallery_thumbnail":["https:\/\/justvape.nu\/wp-content\/uploads\/2018\/02\/efest-slim-k1-intelligent-charger-100x100.jpg",100,100,true],"dgwt-wcas-product-suggestion":["https:\/\/justvape.nu\/wp-content\/uploads\/2018\/02\/efest-slim-k1-intelligent-charger-64x64.jpg",64,64,true]},"uagb_author_info":{"display_name":"dsadmin","author_link":"https:\/\/justvape.nu\/de\/author\/"},"uagb_comment_info":0,"uagb_excerpt":"Efest SLIM K1 Intelligentes Ladeger\u00e4t","_links":{"self":[{"href":"https:\/\/justvape.nu\/de\/wp-json\/wp\/v2\/product\/380081","targetHints":{"allow":["GET"]}}],"collection":[{"href":"https:\/\/justvape.nu\/de\/wp-json\/wp\/v2\/product"}],"about":[{"href":"https:\/\/justvape.nu\/de\/wp-json\/wp\/v2\/types\/product"}],"replies":[{"embeddable":true,"href":"https:\/\/justvape.nu\/de\/wp-json\/wp\/v2\/comments?post=380081"}],"wp:featuredmedia":[{"embeddable":true,"href":"https:\/\/justvape.nu\/de\/wp-json\/wp\/v2\/media\/239163"}],"wp:attachment":[{"href":"https:\/\/justvape.nu\/de\/wp-json\/wp\/v2\/media?parent=380081"}],"wp:term":[{"taxonomy":"product_brand","embeddable":true,"href":"https:\/\/justvape.nu\/de\/wp-json\/wp\/v2\/product_brand?post=380081"},{"taxonomy":"product_cat","embeddable":true,"href":"https:\/\/justvape.nu\/de\/wp-json\/wp\/v2\/product_cat?post=380081"},{"taxonomy":"product_tag","embeddable":true,"href":"https:\/\/justvape.nu\/de\/wp-json\/wp\/v2\/product_tag?post=380081"}],"curies":[{"name":"wp","href":"https:\/\/api.w.org\/{rel}","templated":true}]}}