{"id":380016,"date":"2018-02-02T19:43:22","date_gmt":"2018-02-02T18:43:22","guid":{"rendered":"https:\/\/www.justvape.nu\/produkt\/efest-lush-q4-intelligentes-led-ladegeraet\/"},"modified":"2025-07-06T21:12:21","modified_gmt":"2025-07-06T19:12:21","slug":"efest-lush-q4-intelligent-led-oplader","status":"publish","type":"product","link":"https:\/\/justvape.nu\/de\/produkt\/efest-lush-q4-intelligent-led-oplader\/","title":{"rendered":"Efest LUSH Q4 Intelligent LED Charger"},"content":{"rendered":"<h2>Efest LUSH Q4 Intelligent LED Charger<\/h2>\n<p>&nbsp;<\/p>\n<p>Mit dem LUSH Q4-Ladeger\u00e4t von Efest k\u00f6nnen Sie 4 Akkus gleichzeitig aufladen.<\/p>\n<p>Sie k\u00f6nnen zwischen 10440 und 26650 Batterien aufladen.<\/p>\n<p>Die Stangen bestehen aus Stahl und sind mit hartem Chrom1 beschichtet, das beim Laden ein sehr genaues Volt liefert.<\/p>\n<p>Das Ladeger\u00e4t l\u00e4dt mit 0,5 Ampere mit 3 oder 4 Batterien, 1 Ampere mit 2 Batterien und 2 Ampere, wenn Sie eine Batterie koppeln. Mit anderen Worten, eine sehr schnelle Ladezeit.<br \/>\nNat\u00fcrlich verf\u00fcgt der HUSH Q4 \u00fcber alle Schutzfunktionen, die von einem modernen Ladeger\u00e4t erwartet werden.<\/p>\n<p>Mit der integrierten Wiederbelebungsfunktion k\u00f6nnen Sie \u00fcberladene \/ entladene Batterien wiederbeleben.<\/p>\n<p><strong>Einzelheiten:<\/strong><\/p>\n<p>L\u00e4dt die folgenden Batterietypen auf: 10440, 14500, 14650, 16340, 16650, 17650, 17670, 18350, 18490, 18500, 18650, 20700, 22650, 26500, 26650.<br \/>\nLadeger\u00e4t mit 4 Steckpl\u00e4tzen.<br \/>\nWird mit 0,5 Ampere mit 3 und 4 Batterien, 1 Ampere mit 2 Batterien und 2 Ampere aufgeladen, wenn Sie jeweils nur eine Batterie aufladen.<br \/>\nDie LED-Anzeige f\u00fcr jeden Akku zeigt den aktuellen Ladestatus an.<br \/>\nDie verbesserte Feder durch die Batterieeinstellspule erleichtert das Entfernen und Einlegen der Batterien.<br \/>\nDie Stangen bestehen aus Stahl und sind mit Chrom1 beschichtet, das beim Laden des Akkus eine genauere Spannung liefert.<br \/>\nKann einige Batterien wiederbeleben, selbst wenn sie vollst\u00e4ndig entladen sind. (mindestens 0,6 Volt)<br \/>\nGesch\u00fctzt gegen \u00dcberladung.<br \/>\nGesch\u00fctzt gegen Kurzschluss.<br \/>\nVerpolungsschutz.<br \/>\nBeendet den Ladevorgang automatisch, wenn der Akku vollst\u00e4ndig aufgeladen ist.<br \/>\nEingangsspannung: 220 Volt.<\/p>\n","protected":false},"excerpt":{"rendered":"<p>Efest LUSH Q4 Intelligenter LED-Oplader<\/p>\n","protected":false},"featured_media":239093,"comment_status":"open","ping_status":"closed","template":"","meta":{"_acf_changed":false,"_uag_custom_page_level_css":"","site-sidebar-layout":"default","site-content-layout":"default","ast-site-content-layout":"default","site-content-style":"default","site-sidebar-style":"default","ast-global-header-display":"","ast-banner-title-visibility":"","ast-main-header-display":"","ast-hfb-above-header-display":"","ast-hfb-below-header-display":"","ast-hfb-mobile-header-display":"","site-post-title":"","ast-breadcrumbs-content":"","ast-featured-img":"","footer-sml-layout":"","ast-disable-related-posts":"","theme-transparent-header-meta":"default","adv-header-id-meta":"","stick-header-meta":"default","header-above-stick-meta":"","header-main-stick-meta":"","header-below-stick-meta":"","astra-migrate-meta-layouts":"default","ast-page-background-enabled":"default","ast-page-background-meta":{"desktop":{"background-color":"","background-image":"","background-repeat":"repeat","background-position":"center center","background-size":"auto","background-attachment":"scroll","background-type":"","background-media":"","overlay-type":"","overlay-color":"","overlay-opacity":"","overlay-gradient":""},"tablet":{"background-color":"","background-image":"","background-repeat":"repeat","background-position":"center center","background-size":"auto","background-attachment":"scroll","background-type":"","background-media":"","overlay-type":"","overlay-color":"","overlay-opacity":"","overlay-gradient":""},"mobile":{"background-color":"","background-image":"","background-repeat":"repeat","background-position":"center center","background-size":"auto","background-attachment":"scroll","background-type":"","background-media":"","overlay-type":"","overlay-color":"","overlay-opacity":"","overlay-gradient":""}},"ast-content-background-meta":{"desktop":{"background-color":"var(--ast-global-color-5)","background-image":"","background-repeat":"repeat","background-position":"center center","background-size":"auto","background-attachment":"scroll","background-type":"","background-media":"","overlay-type":"","overlay-color":"","overlay-opacity":"","overlay-gradient":""},"tablet":{"background-color":"var(--ast-global-color-5)","background-image":"","background-repeat":"repeat","background-position":"center center","background-size":"auto","background-attachment":"scroll","background-type":"","background-media":"","overlay-type":"","overlay-color":"","overlay-opacity":"","overlay-gradient":""},"mobile":{"background-color":"var(--ast-global-color-5)","background-image":"","background-repeat":"repeat","background-position":"center center","background-size":"auto","background-attachment":"scroll","background-type":"","background-media":"","overlay-type":"","overlay-color":"","overlay-opacity":"","overlay-gradient":""}}},"product_brand":[],"product_cat":[3207,2511,2191,2512,1907],"product_tag":[],"class_list":{"0":"post-380016","1":"product","2":"type-product","3":"status-publish","4":"has-post-thumbnail","6":"product_cat-efest-de-2","7":"product_cat-hardware-de","8":"product_cat-ladegeraete","9":"product_cat-shop-by-brand-de","10":"product_cat-zubehoer","11":"desktop-align-center","12":"tablet-align-center","13":"mobile-align-center","14":"ast-product-gallery-layout-horizontal-slider","15":"ast-product-tabs-layout-horizontal","17":"first","18":"instock","19":"sale","20":"taxable","21":"shipping-taxable","22":"purchasable","23":"product-type-simple"},"acf":[],"uagb_featured_image_src":{"full":["https:\/\/justvape.nu\/wp-content\/uploads\/2018\/02\/LUSHQ4.jpg",1000,1000,false],"thumbnail":["https:\/\/justvape.nu\/wp-content\/uploads\/2018\/02\/LUSHQ4-150x150.jpg",150,150,true],"medium":["https:\/\/justvape.nu\/wp-content\/uploads\/2018\/02\/LUSHQ4-300x300.jpg",300,300,true],"medium_large":["https:\/\/justvape.nu\/wp-content\/uploads\/2018\/02\/LUSHQ4-768x768.jpg",768,768,true],"large":["https:\/\/justvape.nu\/wp-content\/uploads\/2018\/02\/LUSHQ4.jpg",1000,1000,false],"1536x1536":["https:\/\/justvape.nu\/wp-content\/uploads\/2018\/02\/LUSHQ4.jpg",1000,1000,false],"2048x2048":["https:\/\/justvape.nu\/wp-content\/uploads\/2018\/02\/LUSHQ4.jpg",1000,1000,false],"woocommerce_thumbnail":["https:\/\/justvape.nu\/wp-content\/uploads\/2018\/02\/LUSHQ4-300x300.jpg",300,300,true],"woocommerce_single":["https:\/\/justvape.nu\/wp-content\/uploads\/2018\/02\/LUSHQ4-600x600.jpg",600,600,true],"woocommerce_gallery_thumbnail":["https:\/\/justvape.nu\/wp-content\/uploads\/2018\/02\/LUSHQ4-100x100.jpg",100,100,true],"dgwt-wcas-product-suggestion":["https:\/\/justvape.nu\/wp-content\/uploads\/2018\/02\/LUSHQ4-64x64.jpg",64,64,true]},"uagb_author_info":{"display_name":"dsadmin","author_link":"https:\/\/justvape.nu\/de\/author\/"},"uagb_comment_info":0,"uagb_excerpt":"Efest LUSH Q4 Intelligenter LED-Oplader","_links":{"self":[{"href":"https:\/\/justvape.nu\/de\/wp-json\/wp\/v2\/product\/380016","targetHints":{"allow":["GET"]}}],"collection":[{"href":"https:\/\/justvape.nu\/de\/wp-json\/wp\/v2\/product"}],"about":[{"href":"https:\/\/justvape.nu\/de\/wp-json\/wp\/v2\/types\/product"}],"replies":[{"embeddable":true,"href":"https:\/\/justvape.nu\/de\/wp-json\/wp\/v2\/comments?post=380016"}],"wp:featuredmedia":[{"embeddable":true,"href":"https:\/\/justvape.nu\/de\/wp-json\/wp\/v2\/media\/239093"}],"wp:attachment":[{"href":"https:\/\/justvape.nu\/de\/wp-json\/wp\/v2\/media?parent=380016"}],"wp:term":[{"taxonomy":"product_brand","embeddable":true,"href":"https:\/\/justvape.nu\/de\/wp-json\/wp\/v2\/product_brand?post=380016"},{"taxonomy":"product_cat","embeddable":true,"href":"https:\/\/justvape.nu\/de\/wp-json\/wp\/v2\/product_cat?post=380016"},{"taxonomy":"product_tag","embeddable":true,"href":"https:\/\/justvape.nu\/de\/wp-json\/wp\/v2\/product_tag?post=380016"}],"curies":[{"name":"wp","href":"https:\/\/api.w.org\/{rel}","templated":true}]}}