{"id":376799,"date":"2019-03-22T23:25:28","date_gmt":"2019-03-22T22:25:28","guid":{"rendered":"https:\/\/www.justvape.nu\/produkt\/ofrf-nexmesh-spule\/"},"modified":"2024-12-03T22:00:48","modified_gmt":"2024-12-03T21:00:48","slug":"ofrf-nexmesh-spule","status":"publish","type":"product","link":"https:\/\/justvape.nu\/de\/produkt\/ofrf-nexmesh-spule\/","title":{"rendered":"OFRF &#8211; NexMesh Coil"},"content":{"rendered":"<h2>OFRF &#8211; NexMesh Coil 0.13 Ohm<\/h2>\n<p>Die OFRF nexMESH Coils sind vorgefertigte Lochbleche aus Kanthal A1 und wurden speziell f\u00fcr das WOTOFO Profile RDA entwickelt. Jede nexMESH-Spule hat einen Widerstand von 0,13 \u03a9 mit einem empfohlenen Leistungsbereich zwischen 60 W und 70 W. Die nexMESH-Spule verf\u00fcgt \u00fcber ein einzigartiges Mikro-Webnetz mit dreimal mehr L\u00f6chern als die WOTOFO Mesh Style-Spule, was zu schnelleren Hochlaufzeiten und weniger R\u00fcckspucken f\u00fchrt.<\/p>\n<p><strong>Spezifikationen:<\/strong><\/p>\n<ul>\n<li>Material: Kanthal A1<\/li>\n<li>16 mm x 6,8 mm Durchmesser<\/li>\n<li>0,13 \u03a9<\/li>\n<li>Empfohlener Leistungsbereich: 60W &#8211; 70W<\/li>\n<\/ul>\n<p>https:\/\/www.youtube.com\/watch?time_continue=90&#038;v=oKQzG64jtrU<\/p>\n","protected":false},"excerpt":{"rendered":"<p>OFRF &#8211; NexMesh Coil<\/p>\n","protected":false},"featured_media":266086,"comment_status":"open","ping_status":"closed","template":"","meta":{"_acf_changed":false,"_uag_custom_page_level_css":"","site-sidebar-layout":"default","site-content-layout":"","ast-site-content-layout":"default","site-content-style":"default","site-sidebar-style":"default","ast-global-header-display":"","ast-banner-title-visibility":"","ast-main-header-display":"","ast-hfb-above-header-display":"","ast-hfb-below-header-display":"","ast-hfb-mobile-header-display":"","site-post-title":"","ast-breadcrumbs-content":"","ast-featured-img":"","footer-sml-layout":"","ast-disable-related-posts":"","theme-transparent-header-meta":"default","adv-header-id-meta":"","stick-header-meta":"default","header-above-stick-meta":"","header-main-stick-meta":"","header-below-stick-meta":"","astra-migrate-meta-layouts":"default","ast-page-background-enabled":"default","ast-page-background-meta":{"desktop":{"background-color":"","background-image":"","background-repeat":"repeat","background-position":"center center","background-size":"auto","background-attachment":"scroll","background-type":"","background-media":"","overlay-type":"","overlay-color":"","overlay-opacity":"","overlay-gradient":""},"tablet":{"background-color":"","background-image":"","background-repeat":"repeat","background-position":"center center","background-size":"auto","background-attachment":"scroll","background-type":"","background-media":"","overlay-type":"","overlay-color":"","overlay-opacity":"","overlay-gradient":""},"mobile":{"background-color":"","background-image":"","background-repeat":"repeat","background-position":"center center","background-size":"auto","background-attachment":"scroll","background-type":"","background-media":"","overlay-type":"","overlay-color":"","overlay-opacity":"","overlay-gradient":""}},"ast-content-background-meta":{"desktop":{"background-color":"var(--ast-global-color-5)","background-image":"","background-repeat":"repeat","background-position":"center center","background-size":"auto","background-attachment":"scroll","background-type":"","background-media":"","overlay-type":"","overlay-color":"","overlay-opacity":"","overlay-gradient":""},"tablet":{"background-color":"var(--ast-global-color-5)","background-image":"","background-repeat":"repeat","background-position":"center center","background-size":"auto","background-attachment":"scroll","background-type":"","background-media":"","overlay-type":"","overlay-color":"","overlay-opacity":"","overlay-gradient":""},"mobile":{"background-color":"var(--ast-global-color-5)","background-image":"","background-repeat":"repeat","background-position":"center center","background-size":"auto","background-attachment":"scroll","background-type":"","background-media":"","overlay-type":"","overlay-color":"","overlay-opacity":"","overlay-gradient":""}}},"product_brand":[],"product_cat":[1917,2057,1977,2291,2261],"product_tag":[],"class_list":{"0":"post-376799","1":"product","2":"type-product","3":"status-publish","4":"has-post-thumbnail","6":"product_cat-diy-de","7":"product_cat-spulen-huelsen","8":"product_cat-tanks-spulen","9":"product_cat-vape-draehte","10":"product_cat-vorgefertigte-spulen","11":"desktop-align-center","12":"tablet-align-center","13":"mobile-align-center","14":"ast-product-gallery-layout-horizontal-slider","15":"ast-product-gallery-with-no-image","16":"ast-product-tabs-layout-horizontal","18":"first","19":"instock","20":"sale","21":"taxable","22":"shipping-taxable","23":"purchasable","24":"product-type-simple"},"acf":[],"uagb_featured_image_src":{"full":["https:\/\/justvape.nu\/wp-content\/uploads\/2019\/03\/nexmesh__35890.1543372706.jpg",800,800,false],"thumbnail":["https:\/\/justvape.nu\/wp-content\/uploads\/2019\/03\/nexmesh__35890.1543372706-150x150.jpg",150,150,true],"medium":["https:\/\/justvape.nu\/wp-content\/uploads\/2019\/03\/nexmesh__35890.1543372706-300x300.jpg",300,300,true],"medium_large":["https:\/\/justvape.nu\/wp-content\/uploads\/2019\/03\/nexmesh__35890.1543372706-768x768.jpg",768,768,true],"large":["https:\/\/justvape.nu\/wp-content\/uploads\/2019\/03\/nexmesh__35890.1543372706.jpg",800,800,false],"1536x1536":["https:\/\/justvape.nu\/wp-content\/uploads\/2019\/03\/nexmesh__35890.1543372706.jpg",800,800,false],"2048x2048":["https:\/\/justvape.nu\/wp-content\/uploads\/2019\/03\/nexmesh__35890.1543372706.jpg",800,800,false],"woocommerce_thumbnail":["https:\/\/justvape.nu\/wp-content\/uploads\/2019\/03\/nexmesh__35890.1543372706-300x300.jpg",300,300,true],"woocommerce_single":["https:\/\/justvape.nu\/wp-content\/uploads\/2019\/03\/nexmesh__35890.1543372706-600x600.jpg",600,600,true],"woocommerce_gallery_thumbnail":["https:\/\/justvape.nu\/wp-content\/uploads\/2019\/03\/nexmesh__35890.1543372706-100x100.jpg",100,100,true],"dgwt-wcas-product-suggestion":["https:\/\/justvape.nu\/wp-content\/uploads\/2019\/03\/nexmesh__35890.1543372706-64x64.jpg",64,64,true]},"uagb_author_info":{"display_name":"JustVape.nu","author_link":"https:\/\/justvape.nu\/de\/author\/"},"uagb_comment_info":0,"uagb_excerpt":"OFRF - NexMesh Coil","_links":{"self":[{"href":"https:\/\/justvape.nu\/de\/wp-json\/wp\/v2\/product\/376799","targetHints":{"allow":["GET"]}}],"collection":[{"href":"https:\/\/justvape.nu\/de\/wp-json\/wp\/v2\/product"}],"about":[{"href":"https:\/\/justvape.nu\/de\/wp-json\/wp\/v2\/types\/product"}],"replies":[{"embeddable":true,"href":"https:\/\/justvape.nu\/de\/wp-json\/wp\/v2\/comments?post=376799"}],"wp:featuredmedia":[{"embeddable":true,"href":"https:\/\/justvape.nu\/de\/wp-json\/wp\/v2\/media\/266086"}],"wp:attachment":[{"href":"https:\/\/justvape.nu\/de\/wp-json\/wp\/v2\/media?parent=376799"}],"wp:term":[{"taxonomy":"product_brand","embeddable":true,"href":"https:\/\/justvape.nu\/de\/wp-json\/wp\/v2\/product_brand?post=376799"},{"taxonomy":"product_cat","embeddable":true,"href":"https:\/\/justvape.nu\/de\/wp-json\/wp\/v2\/product_cat?post=376799"},{"taxonomy":"product_tag","embeddable":true,"href":"https:\/\/justvape.nu\/de\/wp-json\/wp\/v2\/product_tag?post=376799"}],"curies":[{"name":"wp","href":"https:\/\/api.w.org\/{rel}","templated":true}]}}