{"id":376243,"date":"2019-06-14T10:53:26","date_gmt":"2019-06-14T08:53:26","guid":{"rendered":"https:\/\/www.justvape.nu\/produkt\/samsung-40t-21700-4000mah-35a-akku-inr21700-40t\/"},"modified":"2026-03-19T20:05:46","modified_gmt":"2026-03-19T19:05:46","slug":"samsung-40t-inr21700-4000mah","status":"publish","type":"product","link":"https:\/\/justvape.nu\/de\/produkt\/samsung-40t-inr21700-4000mah\/","title":{"rendered":"Samsung 40T 21700 4000mAh 35A Batteri &#8211; INR21700-40T"},"content":{"rendered":"<h2 class=\"product_name\">Samsung 40T 21700 4000mAh 35A Battery &#8211; INR21700-40T<\/h2>\n<p>Samsung hat in den letzten Jahren mit Li-Ion-Zellen wirklich einige &#8222;Grand Slams&#8220; erreicht. Dieses Samsung 40T ist nur eines dieser Beispiele. Was diese Zelle so besonders macht, ist ihre F\u00e4higkeit, ein &#8222;maximales Gleichgewicht&#8220; mit sehr hoher Kapazit\u00e4t zu haben, und obwohl sie kompromisslos \u00fcber extrem hohe Entlade- \/ Entleerungsf\u00e4higkeiten verf\u00fcgt, wurde dies bisher als unm\u00f6glich angesehen, da Sie nur so viel Platz in einer Zelle haben f\u00fcr Kapazit\u00e4t oder hohen Abfluss nicht beide. Samsung ist seit kurzem f\u00fchrend in der Forschungs- und Entwicklungsabteilung. Dieses Samsung 40T ist nur ein leuchtendes Beispiel daf\u00fcr. Eine legitime Kapazit\u00e4t von 4.000 mAh mit einer wahren konstanten Entladungsbewertung von 35 Ampere zu haben, ohne dass ein Grenzwert f\u00fcr die Temperaturbegrenzung erforderlich ist und die Zelle nicht \u00fcberarbeitet wird, ist geradezu erstaunlich.<\/p>\n<p>Dies ist die am h\u00e4rtesten hergestellte Anfangszelle mit einer legitimen Kapazit\u00e4t von 4.000 mAh oder mehr. Mit dieser Zelle k\u00f6nnen Sie einen echten &#8222;Seelenfrieden&#8220; haben, bei dem Ihre anspruchsvollen Bed\u00fcrfnisse und W\u00fcnsche mehr als befriedigt und ohne Probleme erf\u00fcllt werden. Dies ist eine wahrhaft ph\u00e4nomenale Zelle in der Formfaktorgr\u00f6\u00dfe 21700.<\/p>\n<h4>Spezifikationen:<\/h4>\n<ul>\n<li>Modell: INR21700-40T<\/li>\n<li>Gr\u00f6\u00dfe: 21700<\/li>\n<li>Stil: Flat Top<\/li>\n<li>Nennkapazit\u00e4t: 4000mAh<\/li>\n<li>Dauerentladungsleistung: 35 A ohne Temperaturabsenkung \/ 45 A mit 80 \u00b0 C Temperaturabsenkung<\/li>\n<li>Nennspannung: 3,6V<\/li>\n<li>Gesch\u00fctzt: Nein<\/li>\n<li>Wiederaufladbar: Ja<\/li>\n<li>Ungef\u00e4hre Abmessungen: 21,1 mm x 70,4 mm<\/li>\n<li>Ungef\u00e4hres Gewicht: 66,8 g<\/li>\n<\/ul>\n<hr>\n<h4>Samsung SDI Sicherheitsinformationen<br \/>\n<a href=\"https:\/\/www.samsungsdi.com\/lithium-ion-battery\/safe-information.html\" target=\"_blank\" rel=\"noopener noreferrer\">&#8222;Laden, Verwenden und Handhaben von kleinen Lithium-Ionen-Batterien&#8220;<\/a><\/h4>\n<h4><\/h4>\n<h4>WARNUNG:<\/h4>\n<div>Der Benutzer muss vor dem Kauf \u00fcber ein angemessenes Verst\u00e4ndnis der Lithium-Ionen-Batterien verf\u00fcgen. Seien Sie vorsichtig, wenn Sie mit Lithium-Ionen-Batterien arbeiten und diese verwenden, da diese sehr empfindlich auf Ladeeigenschaften reagieren und bei Missbrauch oder unsachgem\u00e4\u00dfer Verwendung explodieren, brennen oder einen Brand verursachen k\u00f6nnen. Laden Sie immer in oder auf einer feuerfesten Oberfl\u00e4che auf. Lassen Sie die Batterien niemals unbeaufsichtigt aufladen. Diese Batterie wird f\u00fcr die Verwendung von Systemintegrationen mit geeigneten Schutzschaltungen oder Batteriepacks mit einem Batteriemanagementsystem oder einer Leiterplatte (Leiterplatte \/ Modul) verkauft. Der K\u00e4ufer ist f\u00fcr Sch\u00e4den oder Verletzungen verantwortlich, die durch Missbrauch oder unsachgem\u00e4\u00dfen Umgang mit Lithium-Ionen-Akkus und Ladeger\u00e4ten verursacht werden. Laden Sie das Ger\u00e4t nur mit einem intelligenten Ladeger\u00e4t auf, das f\u00fcr diesen speziellen Lithium-Ionen-Akkutyp ausgelegt ist.<\/div>\n<ul>\n<li>Der Missbrauch oder die falsche Handhabung von LITHIUM-IONEN-BATTERIEN kann ein ernstes Risiko f\u00fcr Personensch\u00e4den, Sachsch\u00e4den oder Tod darstellen<\/li>\n<li>BATTERIEN k\u00f6nnen explodieren, verbrennen oder ein Feuer verursachen, wenn sie missbraucht oder misshandelt werden<\/li>\n<li>NUR MIT RICHTIGER SCHALTUNG IN EINEM GESCH\u00dcTZTEN BATTERIEPAKET VERWENDEN<\/li>\n<li>NUR IN DEN VON HERSTELLERN AUFGEF\u00dcHRTEN SPEZIFIKATIONEN VERWENDEN<\/li>\n<li>LOSE BATTERIE NICHT IN EINER TASCHE AUFBEWAHREN, ETC. &#8211; VERWENDEN SIE IMMER EINEN SCHUTZKOFFER ODER EINE SCHACHTEL<\/li>\n<li>Von Metallgegenst\u00e4nden fernhalten, um Kurzschl\u00fcsse zu vermeiden<\/li>\n<li>Nicht kurzschlie\u00dfen<\/li>\n<li>NICHT verwenden, wenn die H\u00fclle oder der Isolator besch\u00e4digt oder zerrissen ist<\/li>\n<li>NICHT verwenden, wenn es in irgendeiner Weise besch\u00e4digt ist<\/li>\n<li>NICHT \u00fcberladen oder entladen<\/li>\n<li>NICHT modifizieren, zerlegen, durchstechen, schneiden, zerdr\u00fccken oder verbrennen<\/li>\n<li>NICHT Fl\u00fcssigkeiten oder hohen Temperaturen aussetzen<\/li>\n<li>NICHT l\u00f6ten, nur punktschwei\u00dfen<\/li>\n<li>Der Benutzer muss vor dem Kauf mit dem Umgang mit Lithium-Ionen-Batterien vertraut sein<\/li>\n<li>Die Verwendung von Batterien erfolgt auf EIGENES RISIKO<\/li>\n<li>Laden Sie IMMER in oder auf einer feuerfesten Oberfl\u00e4che und lassen Sie Ladebatterien niemals unbeaufsichtigt<\/li>\n<li>Wiederverk\u00e4ufer m\u00fcssen alle Warnungen an alle Kunden weiterleiten, um ihre Referenz und Sicherheit zu gew\u00e4hrleisten<\/li>\n<\/ul>\n","protected":false},"excerpt":{"rendered":"<p>Samsung 40T 21700 4000mAh 35A Battery &#8211; INR21700-40T<\/p>\n","protected":false},"featured_media":269906,"comment_status":"open","ping_status":"closed","template":"","meta":{"_acf_changed":false,"_uag_custom_page_level_css":"","site-sidebar-layout":"default","site-content-layout":"default","ast-site-content-layout":"default","site-content-style":"default","site-sidebar-style":"default","ast-global-header-display":"","ast-banner-title-visibility":"","ast-main-header-display":"","ast-hfb-above-header-display":"","ast-hfb-below-header-display":"","ast-hfb-mobile-header-display":"","site-post-title":"","ast-breadcrumbs-content":"","ast-featured-img":"","footer-sml-layout":"","ast-disable-related-posts":"","theme-transparent-header-meta":"default","adv-header-id-meta":"","stick-header-meta":"default","header-above-stick-meta":"","header-main-stick-meta":"","header-below-stick-meta":"","astra-migrate-meta-layouts":"default","ast-page-background-enabled":"default","ast-page-background-meta":{"desktop":{"background-color":"","background-image":"","background-repeat":"repeat","background-position":"center center","background-size":"auto","background-attachment":"scroll","background-type":"","background-media":"","overlay-type":"","overlay-color":"","overlay-opacity":"","overlay-gradient":""},"tablet":{"background-color":"","background-image":"","background-repeat":"repeat","background-position":"center center","background-size":"auto","background-attachment":"scroll","background-type":"","background-media":"","overlay-type":"","overlay-color":"","overlay-opacity":"","overlay-gradient":""},"mobile":{"background-color":"","background-image":"","background-repeat":"repeat","background-position":"center center","background-size":"auto","background-attachment":"scroll","background-type":"","background-media":"","overlay-type":"","overlay-color":"","overlay-opacity":"","overlay-gradient":""}},"ast-content-background-meta":{"desktop":{"background-color":"var(--ast-global-color-5)","background-image":"","background-repeat":"repeat","background-position":"center center","background-size":"auto","background-attachment":"scroll","background-type":"","background-media":"","overlay-type":"","overlay-color":"","overlay-opacity":"","overlay-gradient":""},"tablet":{"background-color":"var(--ast-global-color-5)","background-image":"","background-repeat":"repeat","background-position":"center center","background-size":"auto","background-attachment":"scroll","background-type":"","background-media":"","overlay-type":"","overlay-color":"","overlay-opacity":"","overlay-gradient":""},"mobile":{"background-color":"var(--ast-global-color-5)","background-image":"","background-repeat":"repeat","background-position":"center center","background-size":"auto","background-attachment":"scroll","background-type":"","background-media":"","overlay-type":"","overlay-color":"","overlay-opacity":"","overlay-gradient":""}}},"product_brand":[],"product_cat":[2380,2171,2511,3355,2512,1907],"product_tag":[],"class_list":{"0":"post-376243","1":"product","2":"type-product","3":"status-publish","4":"has-post-thumbnail","6":"product_cat-21700-de","7":"product_cat-batteriezellen","8":"product_cat-hardware-de","9":"product_cat-samsung-de-2","10":"product_cat-shop-by-brand-de","11":"product_cat-zubehoer","12":"product_shipping_class-batteries-de","13":"desktop-align-center","14":"tablet-align-center","15":"mobile-align-center","16":"ast-product-gallery-layout-horizontal-slider","17":"ast-product-gallery-with-no-image","18":"ast-product-tabs-layout-horizontal","20":"first","21":"instock","22":"sale","23":"taxable","24":"shipping-taxable","25":"purchasable","26":"product-type-simple"},"acf":[],"uagb_featured_image_src":{"full":["https:\/\/justvape.nu\/wp-content\/uploads\/2019\/06\/samsung-40t-inr21700-4000m23ah-37v-1480wh.png",800,800,false],"thumbnail":["https:\/\/justvape.nu\/wp-content\/uploads\/2019\/06\/samsung-40t-inr21700-4000m23ah-37v-1480wh-150x150.png",150,150,true],"medium":["https:\/\/justvape.nu\/wp-content\/uploads\/2019\/06\/samsung-40t-inr21700-4000m23ah-37v-1480wh-300x300.png",300,300,true],"medium_large":["https:\/\/justvape.nu\/wp-content\/uploads\/2019\/06\/samsung-40t-inr21700-4000m23ah-37v-1480wh-768x768.png",768,768,true],"large":["https:\/\/justvape.nu\/wp-content\/uploads\/2019\/06\/samsung-40t-inr21700-4000m23ah-37v-1480wh.png",800,800,false],"1536x1536":["https:\/\/justvape.nu\/wp-content\/uploads\/2019\/06\/samsung-40t-inr21700-4000m23ah-37v-1480wh.png",800,800,false],"2048x2048":["https:\/\/justvape.nu\/wp-content\/uploads\/2019\/06\/samsung-40t-inr21700-4000m23ah-37v-1480wh.png",800,800,false],"woocommerce_thumbnail":["https:\/\/justvape.nu\/wp-content\/uploads\/2019\/06\/samsung-40t-inr21700-4000m23ah-37v-1480wh-300x300.png",300,300,true],"woocommerce_single":["https:\/\/justvape.nu\/wp-content\/uploads\/2019\/06\/samsung-40t-inr21700-4000m23ah-37v-1480wh-600x600.png",600,600,true],"woocommerce_gallery_thumbnail":["https:\/\/justvape.nu\/wp-content\/uploads\/2019\/06\/samsung-40t-inr21700-4000m23ah-37v-1480wh-100x100.png",100,100,true],"dgwt-wcas-product-suggestion":["https:\/\/justvape.nu\/wp-content\/uploads\/2019\/06\/samsung-40t-inr21700-4000m23ah-37v-1480wh-64x64.png",64,64,true]},"uagb_author_info":{"display_name":"JustVape.nu","author_link":"https:\/\/justvape.nu\/de\/author\/"},"uagb_comment_info":0,"uagb_excerpt":"Samsung 40T 21700 4000mAh 35A Battery - INR21700-40T","_links":{"self":[{"href":"https:\/\/justvape.nu\/de\/wp-json\/wp\/v2\/product\/376243","targetHints":{"allow":["GET"]}}],"collection":[{"href":"https:\/\/justvape.nu\/de\/wp-json\/wp\/v2\/product"}],"about":[{"href":"https:\/\/justvape.nu\/de\/wp-json\/wp\/v2\/types\/product"}],"replies":[{"embeddable":true,"href":"https:\/\/justvape.nu\/de\/wp-json\/wp\/v2\/comments?post=376243"}],"wp:featuredmedia":[{"embeddable":true,"href":"https:\/\/justvape.nu\/de\/wp-json\/wp\/v2\/media\/269906"}],"wp:attachment":[{"href":"https:\/\/justvape.nu\/de\/wp-json\/wp\/v2\/media?parent=376243"}],"wp:term":[{"taxonomy":"product_brand","embeddable":true,"href":"https:\/\/justvape.nu\/de\/wp-json\/wp\/v2\/product_brand?post=376243"},{"taxonomy":"product_cat","embeddable":true,"href":"https:\/\/justvape.nu\/de\/wp-json\/wp\/v2\/product_cat?post=376243"},{"taxonomy":"product_tag","embeddable":true,"href":"https:\/\/justvape.nu\/de\/wp-json\/wp\/v2\/product_tag?post=376243"}],"curies":[{"name":"wp","href":"https:\/\/api.w.org\/{rel}","templated":true}]}}