{"id":375547,"date":"2019-12-05T13:58:51","date_gmt":"2019-12-05T12:58:51","guid":{"rendered":"https:\/\/www.justvape.nu\/produkt\/wotofo-dual-fused-clapton-coils-0-62%cf%89\/"},"modified":"2024-12-18T16:51:32","modified_gmt":"2024-12-18T15:51:32","slug":"wotofo-fused-clapton-coils-kopier","status":"publish","type":"product","link":"https:\/\/justvape.nu\/de\/produkt\/wotofo-fused-clapton-coils-kopier\/","title":{"rendered":"WOTOFO &#8211; DUAL FUSED CLAPTON COILS 0.62\u03a9"},"content":{"rendered":"<h2>WOTOFO &#8211; DUAL FUSED CLAPTON COILS 0,62 \u03a9 &#8211; 10 Stk<\/h2>\n<p>Die vorgefertigten doppelt verschmolzenen Clapton-Spulen von Wotofo bestehen aus zwei verschmolzenen Kerndr\u00e4hten, um die ein Draht gewickelt ist. Diese Spule bietet ein Gleichgewicht zwischen Wolken- und Geschmacksproduktion und ist mit ihrem Widerstand von 0,62 Ohm f\u00fcr das Verdampfen unter Ohm ausgelegt.<\/p>\n<p>Diese Spulen wurden f\u00fcr die Verwendung mit wiederaufbaubaren Zerst\u00e4ubern wie RDAs, RTAs und RDTAs entwickelt. Diese Spule verwendet einen NI80-Draht, der einen schnelleren Hochlauf als herk\u00f6mmliches Kanthal bietet.<\/p>\n<p>&nbsp;<\/p>\n<p><strong>Spezifikationen:<\/strong><\/p>\n<p>28GAX2 + 38GA N80 \u00d8 3 mm = 0,62 Ohm<\/p>\n<p><strong>Enth\u00e4lt:<\/strong><\/p>\n<ul>\n<li>10 x 0,62 Ohm doppelt abgesicherte Clapton-Spulen (28G x2 &amp; 38G)<\/li>\n<\/ul>\n<p><strong>Verschiedene Arten von Spulen k\u00f6nnen nicht gemischt und angepasst werden.<\/strong><\/p>\n<p><strong>Bitte beachten Sie:<\/strong> Dieser Artikel erfordert ein umfassendes Verst\u00e4ndnis der technischen Aspekte des Dampfens sowie Kenntnisse der Elektronik und des Ohmschen Rechts. Wir raten Anf\u00e4ngern nicht, mit dem Wiederaufbau von Spulen zu beginnen, ohne mit einem sachkundigen Gesch\u00e4ft zu sprechen. Wir empfehlen, diese Art von Produkt nicht mit einem mechanischen Mod jeglicher Art zu verwenden.<\/p>\n<p>Eine wiederaufbaubare Spule muss sorgf\u00e4ltig auf einem Ohm-Leseger\u00e4t getestet werden, bevor sie an einem Ger\u00e4t verwendet wird. Wenn dies nicht ordnungsgem\u00e4\u00df getestet wird, kann dies ein Sicherheitsrisiko f\u00fcr den Benutzer darstellen. Es sollten keine neuen Spulen an einem elektronischen Dampfger\u00e4t verwendet werden, bis bekannt ist, dass die Spule sicher ist.<\/p>\n","protected":false},"excerpt":{"rendered":"<p>WOTOFO &#8211; DUAL FUSED CLAPTON COILS 10 Stk<\/p>\n<p>&nbsp;<\/p>\n","protected":false},"featured_media":281116,"comment_status":"open","ping_status":"closed","template":"","meta":{"_acf_changed":false,"_uag_custom_page_level_css":"","site-sidebar-layout":"default","site-content-layout":"default","ast-site-content-layout":"default","site-content-style":"default","site-sidebar-style":"default","ast-global-header-display":"","ast-banner-title-visibility":"","ast-main-header-display":"","ast-hfb-above-header-display":"","ast-hfb-below-header-display":"","ast-hfb-mobile-header-display":"","site-post-title":"","ast-breadcrumbs-content":"","ast-featured-img":"","footer-sml-layout":"","ast-disable-related-posts":"","theme-transparent-header-meta":"default","adv-header-id-meta":"","stick-header-meta":"default","header-above-stick-meta":"","header-main-stick-meta":"","header-below-stick-meta":"","astra-migrate-meta-layouts":"default","ast-page-background-enabled":"default","ast-page-background-meta":{"desktop":{"background-color":"","background-image":"","background-repeat":"repeat","background-position":"center center","background-size":"auto","background-attachment":"scroll","background-type":"","background-media":"","overlay-type":"","overlay-color":"","overlay-opacity":"","overlay-gradient":""},"tablet":{"background-color":"","background-image":"","background-repeat":"repeat","background-position":"center center","background-size":"auto","background-attachment":"scroll","background-type":"","background-media":"","overlay-type":"","overlay-color":"","overlay-opacity":"","overlay-gradient":""},"mobile":{"background-color":"","background-image":"","background-repeat":"repeat","background-position":"center center","background-size":"auto","background-attachment":"scroll","background-type":"","background-media":"","overlay-type":"","overlay-color":"","overlay-opacity":"","overlay-gradient":""}},"ast-content-background-meta":{"desktop":{"background-color":"var(--ast-global-color-5)","background-image":"","background-repeat":"repeat","background-position":"center center","background-size":"auto","background-attachment":"scroll","background-type":"","background-media":"","overlay-type":"","overlay-color":"","overlay-opacity":"","overlay-gradient":""},"tablet":{"background-color":"var(--ast-global-color-5)","background-image":"","background-repeat":"repeat","background-position":"center center","background-size":"auto","background-attachment":"scroll","background-type":"","background-media":"","overlay-type":"","overlay-color":"","overlay-opacity":"","overlay-gradient":""},"mobile":{"background-color":"var(--ast-global-color-5)","background-image":"","background-repeat":"repeat","background-position":"center center","background-size":"auto","background-attachment":"scroll","background-type":"","background-media":"","overlay-type":"","overlay-color":"","overlay-opacity":"","overlay-gradient":""}}},"product_brand":[],"product_cat":[1917,2261,3499],"product_tag":[],"class_list":{"0":"post-375547","1":"product","2":"type-product","3":"status-publish","4":"has-post-thumbnail","6":"product_cat-diy-de","7":"product_cat-vorgefertigte-spulen","8":"product_cat-wotofo-de","9":"desktop-align-center","10":"tablet-align-center","11":"mobile-align-center","12":"ast-product-gallery-layout-horizontal-slider","13":"ast-product-gallery-with-no-image","14":"ast-product-tabs-layout-horizontal","16":"first","17":"instock","18":"sale","19":"taxable","20":"shipping-taxable","21":"purchasable","22":"product-type-simple"},"acf":[],"uagb_featured_image_src":{"full":["https:\/\/justvape.nu\/wp-content\/uploads\/2019\/12\/wotofo-dual-core-fused-clapton-prebuilt-coils-n80-3mm-062ohm-10stk.jpg",800,800,false],"thumbnail":["https:\/\/justvape.nu\/wp-content\/uploads\/2019\/12\/wotofo-dual-core-fused-clapton-prebuilt-coils-n80-3mm-062ohm-10stk-150x150.jpg",150,150,true],"medium":["https:\/\/justvape.nu\/wp-content\/uploads\/2019\/12\/wotofo-dual-core-fused-clapton-prebuilt-coils-n80-3mm-062ohm-10stk-300x300.jpg",300,300,true],"medium_large":["https:\/\/justvape.nu\/wp-content\/uploads\/2019\/12\/wotofo-dual-core-fused-clapton-prebuilt-coils-n80-3mm-062ohm-10stk-768x768.jpg",768,768,true],"large":["https:\/\/justvape.nu\/wp-content\/uploads\/2019\/12\/wotofo-dual-core-fused-clapton-prebuilt-coils-n80-3mm-062ohm-10stk.jpg",800,800,false],"1536x1536":["https:\/\/justvape.nu\/wp-content\/uploads\/2019\/12\/wotofo-dual-core-fused-clapton-prebuilt-coils-n80-3mm-062ohm-10stk.jpg",800,800,false],"2048x2048":["https:\/\/justvape.nu\/wp-content\/uploads\/2019\/12\/wotofo-dual-core-fused-clapton-prebuilt-coils-n80-3mm-062ohm-10stk.jpg",800,800,false],"woocommerce_thumbnail":["https:\/\/justvape.nu\/wp-content\/uploads\/2019\/12\/wotofo-dual-core-fused-clapton-prebuilt-coils-n80-3mm-062ohm-10stk-300x300.jpg",300,300,true],"woocommerce_single":["https:\/\/justvape.nu\/wp-content\/uploads\/2019\/12\/wotofo-dual-core-fused-clapton-prebuilt-coils-n80-3mm-062ohm-10stk-600x600.jpg",600,600,true],"woocommerce_gallery_thumbnail":["https:\/\/justvape.nu\/wp-content\/uploads\/2019\/12\/wotofo-dual-core-fused-clapton-prebuilt-coils-n80-3mm-062ohm-10stk-100x100.jpg",100,100,true],"dgwt-wcas-product-suggestion":["https:\/\/justvape.nu\/wp-content\/uploads\/2019\/12\/wotofo-dual-core-fused-clapton-prebuilt-coils-n80-3mm-062ohm-10stk-64x64.jpg",64,64,true]},"uagb_author_info":{"display_name":"JustVape.nu","author_link":"https:\/\/justvape.nu\/de\/author\/"},"uagb_comment_info":0,"uagb_excerpt":"WOTOFO - DUAL FUSED CLAPTON COILS 10 Stk &nbsp;","_links":{"self":[{"href":"https:\/\/justvape.nu\/de\/wp-json\/wp\/v2\/product\/375547","targetHints":{"allow":["GET"]}}],"collection":[{"href":"https:\/\/justvape.nu\/de\/wp-json\/wp\/v2\/product"}],"about":[{"href":"https:\/\/justvape.nu\/de\/wp-json\/wp\/v2\/types\/product"}],"replies":[{"embeddable":true,"href":"https:\/\/justvape.nu\/de\/wp-json\/wp\/v2\/comments?post=375547"}],"wp:featuredmedia":[{"embeddable":true,"href":"https:\/\/justvape.nu\/de\/wp-json\/wp\/v2\/media\/281116"}],"wp:attachment":[{"href":"https:\/\/justvape.nu\/de\/wp-json\/wp\/v2\/media?parent=375547"}],"wp:term":[{"taxonomy":"product_brand","embeddable":true,"href":"https:\/\/justvape.nu\/de\/wp-json\/wp\/v2\/product_brand?post=375547"},{"taxonomy":"product_cat","embeddable":true,"href":"https:\/\/justvape.nu\/de\/wp-json\/wp\/v2\/product_cat?post=375547"},{"taxonomy":"product_tag","embeddable":true,"href":"https:\/\/justvape.nu\/de\/wp-json\/wp\/v2\/product_tag?post=375547"}],"curies":[{"name":"wp","href":"https:\/\/api.w.org\/{rel}","templated":true}]}}