{"id":374605,"date":"2020-05-31T08:59:34","date_gmt":"2020-05-31T06:59:34","guid":{"rendered":"https:\/\/www.justvape.nu\/produkt\/efest-slim-k4-usb-c-ladegeraet\/"},"modified":"2024-12-26T22:17:26","modified_gmt":"2024-12-26T21:17:26","slug":"efest-slim-k4-usb-c-ladegerat","status":"publish","type":"product","link":"https:\/\/justvape.nu\/de\/produkt\/efest-slim-k4-usb-c-ladegerat\/","title":{"rendered":"Efest &#8211; SLIM K4 USB-C Charger"},"content":{"rendered":"<h2>Efest &#8211; SLIM K4 USB-C Charger<\/h2>\n<p>Das kosteng\u00fcnstige und einfach zu bedienende Efest SLIM K4-Ladeger\u00e4t wird mit einer neuartigen 7-Sprachen-Verpackung und einer Bedienungsanleitung geliefert! Unglaublich leicht und bequem zu transportieren.<\/p>\n<div><img loading=\"lazy\" decoding=\"async\" class=\"alignnone size-full wp-image-288744\" src=\"https:\/\/www.justvape.nu\/wp-content\/uploads\/2020\/05\/be45f494c972577c365a623e6d864593.jpg\" alt=\"\" width=\"950\" height=\"1472\" title=\"\" srcset=\"https:\/\/justvape.nu\/wp-content\/uploads\/2020\/05\/be45f494c972577c365a623e6d864593.jpg 950w, https:\/\/justvape.nu\/wp-content\/uploads\/2020\/05\/be45f494c972577c365a623e6d864593-600x930.jpg 600w, https:\/\/justvape.nu\/wp-content\/uploads\/2020\/05\/be45f494c972577c365a623e6d864593-64x99.jpg 64w, https:\/\/justvape.nu\/wp-content\/uploads\/2020\/05\/be45f494c972577c365a623e6d864593-194x300.jpg 194w, https:\/\/justvape.nu\/wp-content\/uploads\/2020\/05\/be45f494c972577c365a623e6d864593-661x1024.jpg 661w, https:\/\/justvape.nu\/wp-content\/uploads\/2020\/05\/be45f494c972577c365a623e6d864593-768x1190.jpg 768w\" sizes=\"auto, (max-width: 950px) 100vw, 950px\" \/><\/div>\n<div><img loading=\"lazy\" decoding=\"async\" class=\"alignnone size-full wp-image-288756\" src=\"https:\/\/www.justvape.nu\/wp-content\/uploads\/2020\/05\/435e7e41839d2770ec512d94962b7245.jpg\" alt=\"\" width=\"950\" height=\"1622\" title=\"\" srcset=\"https:\/\/justvape.nu\/wp-content\/uploads\/2020\/05\/435e7e41839d2770ec512d94962b7245.jpg 950w, https:\/\/justvape.nu\/wp-content\/uploads\/2020\/05\/435e7e41839d2770ec512d94962b7245-600x1024.jpg 600w, https:\/\/justvape.nu\/wp-content\/uploads\/2020\/05\/435e7e41839d2770ec512d94962b7245-64x109.jpg 64w, https:\/\/justvape.nu\/wp-content\/uploads\/2020\/05\/435e7e41839d2770ec512d94962b7245-176x300.jpg 176w, https:\/\/justvape.nu\/wp-content\/uploads\/2020\/05\/435e7e41839d2770ec512d94962b7245-768x1311.jpg 768w\" sizes=\"auto, (max-width: 950px) 100vw, 950px\" \/><\/div>\n<p><strong>Verpackungsdetails:<\/strong><br \/>\n1 St\u00fcck &#8211; Efest SLIM K4 USB-C Ladeger\u00e4t<\/p>\n<p><strong>Parameter:<\/strong><br \/>\n\u2022 Eingang: DC 5V 2A<br \/>\n\u2022 ABS-feuerfeste Materialien<br \/>\n\u2022 USB-Leitung Typ C.<br \/>\n\u2022 Aufladen von 1A x 2 oder 4 x 0,5A<br \/>\n\u2022 Lithiumzelle von 10440 bis 18650 21700 20700 26650<br \/>\n\u2022 Betriebstemperatur: -40 \u00b0 C &#8211; + 70 \u00b0 C.<\/p>\n<p><strong>Eigenschaften:<\/strong><br \/>\n1. Beschreibung der LED-Anzeige<br \/>\n2. Ladestrom automatisch erkennen: 2 x 1,0 A \/ 1 x 1 -OA \/ 4 x 0,5 A \/ 3 x 0,5 A.<br \/>\n3. Sicherer Lademodus: CC &amp; CV<br \/>\n4. Sicheres und praktisches USB-Ladeger\u00e4t (5V 2A)<br \/>\n5. \u00dcberwacht und l\u00e4dt jeden Steckplatz unabh\u00e4ngig auf<br \/>\n6. Niederspannungs-Smart-Aktivierungs-Wiederherstellungsfunktion<br \/>\n7. Unglaublich leicht und bequem zu transportieren<\/p>\n<p><strong>Tipps:<\/strong><br \/>\n&#8211; Kompatibel mit Lithium IMR 3.6V \/ 3.7V Batterien<\/p>\n","protected":false},"excerpt":{"rendered":"<p>Efest &#8211; SLIM K4 USB-C Charger<\/p>\n","protected":false},"featured_media":288772,"comment_status":"open","ping_status":"closed","template":"","meta":{"_acf_changed":false,"_uag_custom_page_level_css":"","site-sidebar-layout":"default","site-content-layout":"default","ast-site-content-layout":"default","site-content-style":"default","site-sidebar-style":"default","ast-global-header-display":"","ast-banner-title-visibility":"","ast-main-header-display":"","ast-hfb-above-header-display":"","ast-hfb-below-header-display":"","ast-hfb-mobile-header-display":"","site-post-title":"","ast-breadcrumbs-content":"","ast-featured-img":"","footer-sml-layout":"","ast-disable-related-posts":"","theme-transparent-header-meta":"default","adv-header-id-meta":"","stick-header-meta":"default","header-above-stick-meta":"","header-main-stick-meta":"","header-below-stick-meta":"","astra-migrate-meta-layouts":"default","ast-page-background-enabled":"default","ast-page-background-meta":{"desktop":{"background-color":"","background-image":"","background-repeat":"repeat","background-position":"center center","background-size":"auto","background-attachment":"scroll","background-type":"","background-media":"","overlay-type":"","overlay-color":"","overlay-opacity":"","overlay-gradient":""},"tablet":{"background-color":"","background-image":"","background-repeat":"repeat","background-position":"center center","background-size":"auto","background-attachment":"scroll","background-type":"","background-media":"","overlay-type":"","overlay-color":"","overlay-opacity":"","overlay-gradient":""},"mobile":{"background-color":"","background-image":"","background-repeat":"repeat","background-position":"center center","background-size":"auto","background-attachment":"scroll","background-type":"","background-media":"","overlay-type":"","overlay-color":"","overlay-opacity":"","overlay-gradient":""}},"ast-content-background-meta":{"desktop":{"background-color":"var(--ast-global-color-5)","background-image":"","background-repeat":"repeat","background-position":"center center","background-size":"auto","background-attachment":"scroll","background-type":"","background-media":"","overlay-type":"","overlay-color":"","overlay-opacity":"","overlay-gradient":""},"tablet":{"background-color":"var(--ast-global-color-5)","background-image":"","background-repeat":"repeat","background-position":"center center","background-size":"auto","background-attachment":"scroll","background-type":"","background-media":"","overlay-type":"","overlay-color":"","overlay-opacity":"","overlay-gradient":""},"mobile":{"background-color":"var(--ast-global-color-5)","background-image":"","background-repeat":"repeat","background-position":"center center","background-size":"auto","background-attachment":"scroll","background-type":"","background-media":"","overlay-type":"","overlay-color":"","overlay-opacity":"","overlay-gradient":""}}},"product_brand":[],"product_cat":[3207,2511,2191,2512,1907],"product_tag":[],"class_list":{"0":"post-374605","1":"product","2":"type-product","3":"status-publish","4":"has-post-thumbnail","6":"product_cat-efest-de-2","7":"product_cat-hardware-de","8":"product_cat-ladegeraete","9":"product_cat-shop-by-brand-de","10":"product_cat-zubehoer","11":"desktop-align-center","12":"tablet-align-center","13":"mobile-align-center","14":"ast-product-gallery-layout-horizontal-slider","15":"ast-product-gallery-with-no-image","16":"ast-product-tabs-layout-horizontal","18":"first","19":"instock","20":"sale","21":"taxable","22":"shipping-taxable","23":"purchasable","24":"product-type-simple"},"acf":[],"uagb_featured_image_src":{"full":["https:\/\/justvape.nu\/wp-content\/uploads\/2020\/05\/efest-slim-k4-usb-c-charger-1.jpg",800,800,false],"thumbnail":["https:\/\/justvape.nu\/wp-content\/uploads\/2020\/05\/efest-slim-k4-usb-c-charger-1-150x150.jpg",150,150,true],"medium":["https:\/\/justvape.nu\/wp-content\/uploads\/2020\/05\/efest-slim-k4-usb-c-charger-1-300x300.jpg",300,300,true],"medium_large":["https:\/\/justvape.nu\/wp-content\/uploads\/2020\/05\/efest-slim-k4-usb-c-charger-1-768x768.jpg",768,768,true],"large":["https:\/\/justvape.nu\/wp-content\/uploads\/2020\/05\/efest-slim-k4-usb-c-charger-1.jpg",800,800,false],"1536x1536":["https:\/\/justvape.nu\/wp-content\/uploads\/2020\/05\/efest-slim-k4-usb-c-charger-1.jpg",800,800,false],"2048x2048":["https:\/\/justvape.nu\/wp-content\/uploads\/2020\/05\/efest-slim-k4-usb-c-charger-1.jpg",800,800,false],"woocommerce_thumbnail":["https:\/\/justvape.nu\/wp-content\/uploads\/2020\/05\/efest-slim-k4-usb-c-charger-1-300x300.jpg",300,300,true],"woocommerce_single":["https:\/\/justvape.nu\/wp-content\/uploads\/2020\/05\/efest-slim-k4-usb-c-charger-1-600x600.jpg",600,600,true],"woocommerce_gallery_thumbnail":["https:\/\/justvape.nu\/wp-content\/uploads\/2020\/05\/efest-slim-k4-usb-c-charger-1-100x100.jpg",100,100,true],"dgwt-wcas-product-suggestion":["https:\/\/justvape.nu\/wp-content\/uploads\/2020\/05\/efest-slim-k4-usb-c-charger-1-64x64.jpg",64,64,true]},"uagb_author_info":{"display_name":"JustVape.nu","author_link":"https:\/\/justvape.nu\/de\/author\/"},"uagb_comment_info":0,"uagb_excerpt":"Efest - SLIM K4 USB-C Charger","_links":{"self":[{"href":"https:\/\/justvape.nu\/de\/wp-json\/wp\/v2\/product\/374605","targetHints":{"allow":["GET"]}}],"collection":[{"href":"https:\/\/justvape.nu\/de\/wp-json\/wp\/v2\/product"}],"about":[{"href":"https:\/\/justvape.nu\/de\/wp-json\/wp\/v2\/types\/product"}],"replies":[{"embeddable":true,"href":"https:\/\/justvape.nu\/de\/wp-json\/wp\/v2\/comments?post=374605"}],"wp:featuredmedia":[{"embeddable":true,"href":"https:\/\/justvape.nu\/de\/wp-json\/wp\/v2\/media\/288772"}],"wp:attachment":[{"href":"https:\/\/justvape.nu\/de\/wp-json\/wp\/v2\/media?parent=374605"}],"wp:term":[{"taxonomy":"product_brand","embeddable":true,"href":"https:\/\/justvape.nu\/de\/wp-json\/wp\/v2\/product_brand?post=374605"},{"taxonomy":"product_cat","embeddable":true,"href":"https:\/\/justvape.nu\/de\/wp-json\/wp\/v2\/product_cat?post=374605"},{"taxonomy":"product_tag","embeddable":true,"href":"https:\/\/justvape.nu\/de\/wp-json\/wp\/v2\/product_tag?post=374605"}],"curies":[{"name":"wp","href":"https:\/\/api.w.org\/{rel}","templated":true}]}}