{"id":372834,"date":"2020-04-02T12:16:19","date_gmt":"2020-04-02T10:16:19","guid":{"rendered":"https:\/\/www.justvape.nu\/produkt\/horizontech-falcon-ii-tank-2ml\/"},"modified":"2025-04-02T16:52:07","modified_gmt":"2025-04-02T14:52:07","slug":"horizontech-falcon-ii-tank-2ml","status":"publish","type":"product","link":"https:\/\/justvape.nu\/de\/produkt\/horizontech-falcon-ii-tank-2ml\/","title":{"rendered":"HorizonTech &#8211; Falcon II Tank 2ml"},"content":{"rendered":"<h2>HorizonTech &#8211; Falcon II Tank 2ml<\/h2>\n<p>Der HorizonTech Falcon II Panzer ist die aktualisierte Version von<strong><a href=\"https:\/\/www.vaporl.com\/horizon-falcon-sub-ohm-tank-atomizer.html\" target=\"_blank\" rel=\"noopener noreferrer\"><\/a><a href=\"https:\/\/www.justvape.nu\/en\/produkt\/horizon-falcon-king-tank\/\" target=\"_blank\" rel=\"noopener noreferrer\"> Falcon Panzerserie<\/a> mit einer E-Liquid-Kapazit\u00e4t von 2,0 ml.<\/strong> Der Sub-Ohm-Tank HorizonTech Falcon II optimiert die Kernwechselmethode: Der fr\u00fchere Kern hat ein Gewinde und muss ersetzt werden, nachdem das Rauch\u00f6l vollst\u00e4ndig aufgebraucht ist. Schrauben Sie nun einfach den Boden ab und ziehen Sie den Zerst\u00e4ubungskern direkt, ohne die Hand zu verschmieren. Es besteht aus Pyrex-Glas und Edelstahl, die Ihr Ger\u00e4t langlebig machen. Der HorizonTech Falcon II-Ersatztank verf\u00fcgt \u00fcber einen einstellbaren Luftstrom und eine Harztropfspitze, die Ihnen einen reinsten und fantastischen Dampfgeschmack verleihen. Dar\u00fcber hinaus verf\u00fcgt es \u00fcber eine neue f\u00e4cherf\u00f6rmige Spule. Die sich verj\u00fcngende Struktur bildet einen Dampfkompressionspfad von unten nach oben, wodurch der Geschmack dichter und der Dampf glatter wird. Der Austausch der Spule ist bequem und einfach zu bedienen. Vielleicht brauchst du es einfach!<\/p>\n<figure class=\"figure\"><img loading=\"lazy\" decoding=\"async\" class=\"alignnone size-full wp-image-191205\" src=\"https:\/\/www.justvape.nu\/wp-content\/uploads\/2020\/04\/horizontech-falcon-II-vape-tank-uk-1.jpg\" alt=\"\" width=\"900\" height=\"417\" title=\"\" srcset=\"https:\/\/justvape.nu\/wp-content\/uploads\/2020\/04\/horizontech-falcon-II-vape-tank-uk-1.jpg 900w, https:\/\/justvape.nu\/wp-content\/uploads\/2020\/04\/horizontech-falcon-II-vape-tank-uk-1-300x139.jpg 300w, https:\/\/justvape.nu\/wp-content\/uploads\/2020\/04\/horizontech-falcon-II-vape-tank-uk-1-768x356.jpg 768w, https:\/\/justvape.nu\/wp-content\/uploads\/2020\/04\/horizontech-falcon-II-vape-tank-uk-1-555x257.jpg 555w, https:\/\/justvape.nu\/wp-content\/uploads\/2020\/04\/horizontech-falcon-II-vape-tank-uk-1-64x30.jpg 64w\" sizes=\"auto, (max-width: 900px) 100vw, 900px\" \/><figcaption class=\"figure-caption text-center\">Erleben Sie mit dem HorizonTech Falcon II-Dampftank ein verbessertes Dampfen unter Ohm.<\/figcaption><\/figure>\n<p>&nbsp;<\/p>\n<figure class=\"figure\"><img loading=\"lazy\" decoding=\"async\" class=\"alignnone size-full wp-image-191204\" src=\"https:\/\/www.justvape.nu\/wp-content\/uploads\/2020\/04\/horizontech-falcon-II-vape-tank-uk-2.jpg\" alt=\"\" width=\"900\" height=\"375\" title=\"\" srcset=\"https:\/\/justvape.nu\/wp-content\/uploads\/2020\/04\/horizontech-falcon-II-vape-tank-uk-2.jpg 900w, https:\/\/justvape.nu\/wp-content\/uploads\/2020\/04\/horizontech-falcon-II-vape-tank-uk-2-300x125.jpg 300w, https:\/\/justvape.nu\/wp-content\/uploads\/2020\/04\/horizontech-falcon-II-vape-tank-uk-2-768x320.jpg 768w, https:\/\/justvape.nu\/wp-content\/uploads\/2020\/04\/horizontech-falcon-II-vape-tank-uk-2-555x231.jpg 555w, https:\/\/justvape.nu\/wp-content\/uploads\/2020\/04\/horizontech-falcon-II-vape-tank-uk-2-64x27.jpg 64w\" sizes=\"auto, (max-width: 900px) 100vw, 900px\" \/><figcaption class=\"figure-caption text-center\">Der 2 ml Falcon II-Tank ist einfach nachzuf\u00fcllen und verf\u00fcgt \u00fcber einen verschiebbaren F\u00fcllmechanismus f\u00fcr den schnellen Zugriff.<\/figcaption><\/figure>\n<p>&nbsp;<\/p>\n<figure class=\"figure\"><img loading=\"lazy\" decoding=\"async\" class=\"alignnone size-full wp-image-191203\" src=\"https:\/\/www.justvape.nu\/wp-content\/uploads\/2020\/04\/horizontech-falcon-II-vape-tank-uk-3.jpg\" alt=\"\" width=\"900\" height=\"407\" title=\"\" srcset=\"https:\/\/justvape.nu\/wp-content\/uploads\/2020\/04\/horizontech-falcon-II-vape-tank-uk-3.jpg 900w, https:\/\/justvape.nu\/wp-content\/uploads\/2020\/04\/horizontech-falcon-II-vape-tank-uk-3-300x136.jpg 300w, https:\/\/justvape.nu\/wp-content\/uploads\/2020\/04\/horizontech-falcon-II-vape-tank-uk-3-768x347.jpg 768w, https:\/\/justvape.nu\/wp-content\/uploads\/2020\/04\/horizontech-falcon-II-vape-tank-uk-3-555x251.jpg 555w, https:\/\/justvape.nu\/wp-content\/uploads\/2020\/04\/horizontech-falcon-II-vape-tank-uk-3-64x29.jpg 64w\" sizes=\"auto, (max-width: 900px) 100vw, 900px\" \/><figcaption class=\"figure-caption text-center\">Die Sector-Spulen wurden speziell f\u00fcr den Falcon II-Tank entwickelt und verf\u00fcgen \u00fcber einen Netzaufbau f\u00fcr eine verbesserte Geschmacksproduktion.<\/figcaption><\/figure>\n<p>&nbsp;<\/p>\n<figure class=\"figure\"><img loading=\"lazy\" decoding=\"async\" class=\"alignnone size-full wp-image-191202\" src=\"https:\/\/www.justvape.nu\/wp-content\/uploads\/2020\/04\/horizontech-falcon-II-vape-tank-uk-4.jpg\" alt=\"\" width=\"900\" height=\"407\" title=\"\" srcset=\"https:\/\/justvape.nu\/wp-content\/uploads\/2020\/04\/horizontech-falcon-II-vape-tank-uk-4.jpg 900w, https:\/\/justvape.nu\/wp-content\/uploads\/2020\/04\/horizontech-falcon-II-vape-tank-uk-4-300x136.jpg 300w, https:\/\/justvape.nu\/wp-content\/uploads\/2020\/04\/horizontech-falcon-II-vape-tank-uk-4-768x347.jpg 768w, https:\/\/justvape.nu\/wp-content\/uploads\/2020\/04\/horizontech-falcon-II-vape-tank-uk-4-555x251.jpg 555w, https:\/\/justvape.nu\/wp-content\/uploads\/2020\/04\/horizontech-falcon-II-vape-tank-uk-4-64x29.jpg 64w\" sizes=\"auto, (max-width: 900px) 100vw, 900px\" \/><figcaption class=\"figure-caption text-center\">Ein f\u00e4chergewebtes Spulendesign des Sektors f\u00f6rdert einen besseren Dampfstrom, was zu einer erh\u00f6hten Dampfproduktion f\u00fchrt.<br \/>\n<img loading=\"lazy\" decoding=\"async\" class=\"alignnone size-full wp-image-18999\" src=\"https:\/\/www.justvape.nu\/wp-content\/uploads\/2018\/04\/Packing-List.png\" alt=\"\" width=\"950\" height=\"64\" title=\"\" srcset=\"https:\/\/justvape.nu\/wp-content\/uploads\/2018\/04\/Packing-List.png 950w, https:\/\/justvape.nu\/wp-content\/uploads\/2018\/04\/Packing-List-555x37.png 555w, https:\/\/justvape.nu\/wp-content\/uploads\/2018\/04\/Packing-List-64x4.png 64w, https:\/\/justvape.nu\/wp-content\/uploads\/2018\/04\/Packing-List-300x20.png 300w, https:\/\/justvape.nu\/wp-content\/uploads\/2018\/04\/Packing-List-768x52.png 768w\" sizes=\"auto, (max-width: 950px) 100vw, 950px\" \/><br \/>\n1 x Falcon II-Tank1 x Im Tank installierte Sektorspule<br \/>\n1 x Ersatzsektorspule<br \/>\n1 x Satz Ringe<\/p>\n<div class=\"ast-oembed-container \" style=\"height: 100%;\"><iframe loading=\"lazy\" title=\"The Falcon 2 SubOhm Tank By Horizontech!\" width=\"500\" height=\"281\" src=\"https:\/\/www.youtube.com\/embed\/rAmmKCpD5l0?feature=oembed\" frameborder=\"0\" allow=\"accelerometer; autoplay; clipboard-write; encrypted-media; gyroscope; picture-in-picture; web-share\" referrerpolicy=\"strict-origin-when-cross-origin\" allowfullscreen><\/iframe><\/div>\n<\/figcaption><\/figure>\n","protected":false},"excerpt":{"rendered":"<p>HorizonTech &#8211; Falcon II Tank 2ml<\/p>\n","protected":false},"featured_media":285726,"comment_status":"open","ping_status":"closed","template":"","meta":{"_acf_changed":false,"_uag_custom_page_level_css":"","site-sidebar-layout":"default","site-content-layout":"default","ast-site-content-layout":"default","site-content-style":"default","site-sidebar-style":"default","ast-global-header-display":"","ast-banner-title-visibility":"","ast-main-header-display":"","ast-hfb-above-header-display":"","ast-hfb-below-header-display":"","ast-hfb-mobile-header-display":"","site-post-title":"","ast-breadcrumbs-content":"","ast-featured-img":"","footer-sml-layout":"","ast-disable-related-posts":"","theme-transparent-header-meta":"default","adv-header-id-meta":"","stick-header-meta":"default","header-above-stick-meta":"","header-main-stick-meta":"","header-below-stick-meta":"","astra-migrate-meta-layouts":"default","ast-page-background-enabled":"default","ast-page-background-meta":{"desktop":{"background-color":"","background-image":"","background-repeat":"repeat","background-position":"center center","background-size":"auto","background-attachment":"scroll","background-type":"","background-media":"","overlay-type":"","overlay-color":"","overlay-opacity":"","overlay-gradient":""},"tablet":{"background-color":"","background-image":"","background-repeat":"repeat","background-position":"center center","background-size":"auto","background-attachment":"scroll","background-type":"","background-media":"","overlay-type":"","overlay-color":"","overlay-opacity":"","overlay-gradient":""},"mobile":{"background-color":"","background-image":"","background-repeat":"repeat","background-position":"center center","background-size":"auto","background-attachment":"scroll","background-type":"","background-media":"","overlay-type":"","overlay-color":"","overlay-opacity":"","overlay-gradient":""}},"ast-content-background-meta":{"desktop":{"background-color":"var(--ast-global-color-5)","background-image":"","background-repeat":"repeat","background-position":"center center","background-size":"auto","background-attachment":"scroll","background-type":"","background-media":"","overlay-type":"","overlay-color":"","overlay-opacity":"","overlay-gradient":""},"tablet":{"background-color":"var(--ast-global-color-5)","background-image":"","background-repeat":"repeat","background-position":"center center","background-size":"auto","background-attachment":"scroll","background-type":"","background-media":"","overlay-type":"","overlay-color":"","overlay-opacity":"","overlay-gradient":""},"mobile":{"background-color":"var(--ast-global-color-5)","background-image":"","background-repeat":"repeat","background-position":"center center","background-size":"auto","background-attachment":"scroll","background-type":"","background-media":"","overlay-type":"","overlay-color":"","overlay-opacity":"","overlay-gradient":""}}},"product_brand":[],"product_cat":[2511,3260,2037,2512,1977],"product_tag":[],"class_list":{"0":"post-372834","1":"product","2":"type-product","3":"status-publish","4":"has-post-thumbnail","6":"product_cat-hardware-de","7":"product_cat-horizontech-falcon-de-2","8":"product_cat-panzer","9":"product_cat-shop-by-brand-de","10":"product_cat-tanks-spulen","11":"desktop-align-center","12":"tablet-align-center","13":"mobile-align-center","14":"ast-product-gallery-layout-horizontal-slider","15":"ast-product-gallery-with-no-image","16":"ast-product-single-variable","17":"ast-product-tabs-layout-horizontal","19":"first","20":"instock","21":"sale","22":"taxable","23":"shipping-taxable","24":"purchasable","25":"product-type-variable"},"acf":[],"uagb_featured_image_src":{"full":["https:\/\/justvape.nu\/wp-content\/uploads\/2020\/04\/falcon_ii_tank_config_109_800x.jpg",800,800,false],"thumbnail":["https:\/\/justvape.nu\/wp-content\/uploads\/2020\/04\/falcon_ii_tank_config_109_800x-150x150.jpg",150,150,true],"medium":["https:\/\/justvape.nu\/wp-content\/uploads\/2020\/04\/falcon_ii_tank_config_109_800x-300x300.jpg",300,300,true],"medium_large":["https:\/\/justvape.nu\/wp-content\/uploads\/2020\/04\/falcon_ii_tank_config_109_800x-768x768.jpg",768,768,true],"large":["https:\/\/justvape.nu\/wp-content\/uploads\/2020\/04\/falcon_ii_tank_config_109_800x.jpg",800,800,false],"1536x1536":["https:\/\/justvape.nu\/wp-content\/uploads\/2020\/04\/falcon_ii_tank_config_109_800x.jpg",800,800,false],"2048x2048":["https:\/\/justvape.nu\/wp-content\/uploads\/2020\/04\/falcon_ii_tank_config_109_800x.jpg",800,800,false],"woocommerce_thumbnail":["https:\/\/justvape.nu\/wp-content\/uploads\/2020\/04\/falcon_ii_tank_config_109_800x-300x300.jpg",300,300,true],"woocommerce_single":["https:\/\/justvape.nu\/wp-content\/uploads\/2020\/04\/falcon_ii_tank_config_109_800x-600x600.jpg",600,600,true],"woocommerce_gallery_thumbnail":["https:\/\/justvape.nu\/wp-content\/uploads\/2020\/04\/falcon_ii_tank_config_109_800x-100x100.jpg",100,100,true],"dgwt-wcas-product-suggestion":["https:\/\/justvape.nu\/wp-content\/uploads\/2020\/04\/falcon_ii_tank_config_109_800x-64x64.jpg",64,64,true]},"uagb_author_info":{"display_name":"JustVape.nu","author_link":"https:\/\/justvape.nu\/de\/author\/"},"uagb_comment_info":0,"uagb_excerpt":"HorizonTech - Falcon II Tank 2ml","_links":{"self":[{"href":"https:\/\/justvape.nu\/de\/wp-json\/wp\/v2\/product\/372834","targetHints":{"allow":["GET"]}}],"collection":[{"href":"https:\/\/justvape.nu\/de\/wp-json\/wp\/v2\/product"}],"about":[{"href":"https:\/\/justvape.nu\/de\/wp-json\/wp\/v2\/types\/product"}],"replies":[{"embeddable":true,"href":"https:\/\/justvape.nu\/de\/wp-json\/wp\/v2\/comments?post=372834"}],"wp:featuredmedia":[{"embeddable":true,"href":"https:\/\/justvape.nu\/de\/wp-json\/wp\/v2\/media\/285726"}],"wp:attachment":[{"href":"https:\/\/justvape.nu\/de\/wp-json\/wp\/v2\/media?parent=372834"}],"wp:term":[{"taxonomy":"product_brand","embeddable":true,"href":"https:\/\/justvape.nu\/de\/wp-json\/wp\/v2\/product_brand?post=372834"},{"taxonomy":"product_cat","embeddable":true,"href":"https:\/\/justvape.nu\/de\/wp-json\/wp\/v2\/product_cat?post=372834"},{"taxonomy":"product_tag","embeddable":true,"href":"https:\/\/justvape.nu\/de\/wp-json\/wp\/v2\/product_tag?post=372834"}],"curies":[{"name":"wp","href":"https:\/\/api.w.org\/{rel}","templated":true}]}}