{"id":371801,"date":"2019-12-16T19:46:44","date_gmt":"2019-12-16T18:46:44","guid":{"rendered":"https:\/\/www.justvape.nu\/produkt\/wotofo-nexmesh-strips\/"},"modified":"2025-02-12T16:19:59","modified_gmt":"2025-02-12T15:19:59","slug":"wotofo-nexmesh-streifen","status":"publish","type":"product","link":"https:\/\/justvape.nu\/de\/produkt\/wotofo-nexmesh-streifen\/","title":{"rendered":"Wotofo nexMESH Strips"},"content":{"rendered":"<h2>Wotofo nexMESH Strips<\/h2>\n<p>Als Heizkern spielt das Netz eine wichtige Rolle. Jede winzige Struktur\u00e4nderung ist wichtig. Genau wie ein ma\u00dfgeschneiderter Anzug, der perfekt zu Ihnen passen sollte, wurde das Netz f\u00fcr das Profile 1.5 immer wieder getestet, um das beste Ergebnis zu erzielen. Alle \u00c4nderungen zielten auf dasselbe Ziel ab, die Geschmacksproduktion.<\/p>\n<p>Um mehr Vapern gerecht zu werden, wurden 3 Optionen f\u00fcr Mesh-Spulen hinzugef\u00fcgt: nexMESH CHILL, nexMESH TURBO und nexMESH EXTREME. Bitte beachten Sie, dass das neue Netz nicht mit dem urspr\u00fcnglichen Profil-RDA-Netz austauschbar ist, da es das 1,4-fache der Fl\u00e4che des urspr\u00fcnglichen Netzes betr\u00e4gt.<\/p>\n<p>&nbsp;<\/p>\n<div><img loading=\"lazy\" decoding=\"async\" class=\"alignnone size-full wp-image-153384\" src=\"https:\/\/www.justvape.nu\/wp-content\/uploads\/2019\/11\/wotofo-profile-1.5-rda-nexMASH.jpg\" alt=\"\" width=\"800\" height=\"500\" title=\"\" srcset=\"https:\/\/justvape.nu\/wp-content\/uploads\/2019\/11\/wotofo-profile-1.5-rda-nexMASH.jpg 800w, https:\/\/justvape.nu\/wp-content\/uploads\/2019\/11\/wotofo-profile-1.5-rda-nexMASH-555x347.jpg 555w, https:\/\/justvape.nu\/wp-content\/uploads\/2019\/11\/wotofo-profile-1.5-rda-nexMASH-64x40.jpg 64w, https:\/\/justvape.nu\/wp-content\/uploads\/2019\/11\/wotofo-profile-1.5-rda-nexMASH-300x188.jpg 300w, https:\/\/justvape.nu\/wp-content\/uploads\/2019\/11\/wotofo-profile-1.5-rda-nexMASH-768x480.jpg 768w\" sizes=\"auto, (max-width: 800px) 100vw, 800px\" \/><\/div>\n<h2><strong>NEXMESH EXTREM (A1 0,16 OHM)<\/strong><\/h2>\n<p>nexMESH Extreme ist das raffinierte gewebte Drahtgeflecht, das vom urspr\u00fcnglichen Drahtgeflecht abgeleitet ist. Sein Geheimnis liegt in der genauen Verwendung von Dr\u00e4hten. Die Geschmacksproduktion kann drastisch variieren, wobei sich die Maschenmuster, einschlie\u00dflich des Webens, des Crimpen, des Abstands und des Drahtes, kaum unterscheiden. Um weiter zu verstehen, welche Leistung nexMESH Extreme hat, verwenden wir eine Analogie:<strong> nexMESH Extreme ist zu vernetzen, wie komplex Clapton zu einer Einzelstrangspule ist.<\/strong> Im Wesentlichen bietet nexMESH Extreme auf mikroartige Weise eine gr\u00f6\u00dfere Wickelfl\u00e4che als normale Netzstreifen, erh\u00f6ht somit die Dampfproduktion und verbessert die Geschmacksproduktion.<\/p>\n<p><strong>Performance:<\/strong> Robust und stark, ein kr\u00e4ftig w\u00e4rmeres Geschmackserlebnis, starke Dampfproduktion.<\/p>\n<div><img loading=\"lazy\" decoding=\"async\" class=\"alignnone size-full wp-image-153381\" src=\"https:\/\/www.justvape.nu\/wp-content\/uploads\/2019\/11\/wotofo-profile-1.5-rda-nexMASH-EXTREME.jpg\" alt=\"\" width=\"500\" height=\"300\" title=\"\" srcset=\"https:\/\/justvape.nu\/wp-content\/uploads\/2019\/11\/wotofo-profile-1.5-rda-nexMASH-EXTREME.jpg 500w, https:\/\/justvape.nu\/wp-content\/uploads\/2019\/11\/wotofo-profile-1.5-rda-nexMASH-EXTREME-64x38.jpg 64w, https:\/\/justvape.nu\/wp-content\/uploads\/2019\/11\/wotofo-profile-1.5-rda-nexMASH-EXTREME-300x180.jpg 300w\" sizes=\"auto, (max-width: 500px) 100vw, 500px\" \/><\/div>\n<h2><strong>NEXMESH TURBO (A1 0,13 OHM)<\/strong><\/h2>\n<p>nexMESH Turbo ist der hochdichte perforierte Netzstreifen \u00e4hnlich wie nexMESH Chill. Es bietet eine schnellere Hochlaufzeit und eine gro\u00dfe Kontaktfl\u00e4che zur E-Fl\u00fcssigkeit. Das Ergebnis? Mehr Dampf mit mehr M\u00f6glichkeiten, in k\u00fcrzerer Zeit mehr Noten in E-Liquids zu schmecken.<\/p>\n<p><strong>Performance:<\/strong> Fett und klar, ein gesteigertes Geschmackserlebnis, dicke Dampferzeugung.<\/p>\n<div><img loading=\"lazy\" decoding=\"async\" class=\"alignnone size-full wp-image-153382\" src=\"https:\/\/www.justvape.nu\/wp-content\/uploads\/2019\/11\/wotofo-profile-1.5-rda-nexMASH-TURBO.jpg\" alt=\"\" width=\"500\" height=\"300\" title=\"\" srcset=\"https:\/\/justvape.nu\/wp-content\/uploads\/2019\/11\/wotofo-profile-1.5-rda-nexMASH-TURBO.jpg 500w, https:\/\/justvape.nu\/wp-content\/uploads\/2019\/11\/wotofo-profile-1.5-rda-nexMASH-TURBO-300x180.jpg 300w, https:\/\/justvape.nu\/wp-content\/uploads\/2019\/11\/wotofo-profile-1.5-rda-nexMASH-TURBO-64x38.jpg 64w\" sizes=\"auto, (max-width: 500px) 100vw, 500px\" \/><\/div>\n<h2><strong>NEXMESH CHILL (A1 0,15 OHM)<\/strong><\/h2>\n<p>nexMESH Chill ist ein Streifen aus Vape-Metall mit richtig gestanzten L\u00f6chern, um eine netzartige Struktur zu bilden. Es bietet eine gleichm\u00e4\u00dfige W\u00e4rmeverteilung und eine schnelle Heizgeschwindigkeit. Mit der pr\u00e4zisen Kontrolle des Eingriffs kann nexMESH Chill das Geschmacksprofil in der E-Fl\u00fcssigkeit aufl\u00f6sen und ein deutlicheres Geschmackserlebnis erm\u00f6glichen.<\/p>\n<p><strong>Performance:<\/strong> Geschmeidig und weich, ein entspannteres Geschmackserlebnis, gro\u00dfartige Dampfproduktion.<\/p>\n<div><img loading=\"lazy\" decoding=\"async\" class=\"alignnone size-full wp-image-153383\" src=\"https:\/\/www.justvape.nu\/wp-content\/uploads\/2019\/11\/wotofo-profile-1.5-rda-nexMASH-CHILL.jpg\" alt=\"\" width=\"500\" height=\"300\" title=\"\" srcset=\"https:\/\/justvape.nu\/wp-content\/uploads\/2019\/11\/wotofo-profile-1.5-rda-nexMASH-CHILL.jpg 500w, https:\/\/justvape.nu\/wp-content\/uploads\/2019\/11\/wotofo-profile-1.5-rda-nexMASH-CHILL-64x38.jpg 64w, https:\/\/justvape.nu\/wp-content\/uploads\/2019\/11\/wotofo-profile-1.5-rda-nexMASH-CHILL-300x180.jpg 300w\" sizes=\"auto, (max-width: 500px) 100vw, 500px\" \/><\/div>\n<div><\/div>\n<div>\n<div class=\"ast-oembed-container \" style=\"height: 100%;\"><iframe loading=\"lazy\" title=\"Vaping At 100 Watts With The Profile v1.5 RDA By Wotofo &amp; #MRJUSTRIGHT1\" width=\"500\" height=\"281\" src=\"https:\/\/www.youtube.com\/embed\/GHrDLwgEuGM?start=615&#038;feature=oembed\" frameborder=\"0\" allow=\"accelerometer; autoplay; clipboard-write; encrypted-media; gyroscope; picture-in-picture; web-share\" referrerpolicy=\"strict-origin-when-cross-origin\" allowfullscreen><\/iframe><\/div>\n<\/div>\n","protected":false},"excerpt":{"rendered":"<p>Wotofo nexMESH Strips<\/p>\n","protected":false},"featured_media":281806,"comment_status":"open","ping_status":"closed","template":"","meta":{"_acf_changed":false,"_uag_custom_page_level_css":"","site-sidebar-layout":"default","site-content-layout":"default","ast-site-content-layout":"default","site-content-style":"default","site-sidebar-style":"default","ast-global-header-display":"","ast-banner-title-visibility":"","ast-main-header-display":"","ast-hfb-above-header-display":"","ast-hfb-below-header-display":"","ast-hfb-mobile-header-display":"","site-post-title":"","ast-breadcrumbs-content":"","ast-featured-img":"","footer-sml-layout":"","ast-disable-related-posts":"","theme-transparent-header-meta":"default","adv-header-id-meta":"","stick-header-meta":"default","header-above-stick-meta":"","header-main-stick-meta":"","header-below-stick-meta":"","astra-migrate-meta-layouts":"default","ast-page-background-enabled":"default","ast-page-background-meta":{"desktop":{"background-color":"","background-image":"","background-repeat":"repeat","background-position":"center center","background-size":"auto","background-attachment":"scroll","background-type":"","background-media":"","overlay-type":"","overlay-color":"","overlay-opacity":"","overlay-gradient":""},"tablet":{"background-color":"","background-image":"","background-repeat":"repeat","background-position":"center center","background-size":"auto","background-attachment":"scroll","background-type":"","background-media":"","overlay-type":"","overlay-color":"","overlay-opacity":"","overlay-gradient":""},"mobile":{"background-color":"","background-image":"","background-repeat":"repeat","background-position":"center center","background-size":"auto","background-attachment":"scroll","background-type":"","background-media":"","overlay-type":"","overlay-color":"","overlay-opacity":"","overlay-gradient":""}},"ast-content-background-meta":{"desktop":{"background-color":"var(--ast-global-color-5)","background-image":"","background-repeat":"repeat","background-position":"center center","background-size":"auto","background-attachment":"scroll","background-type":"","background-media":"","overlay-type":"","overlay-color":"","overlay-opacity":"","overlay-gradient":""},"tablet":{"background-color":"var(--ast-global-color-5)","background-image":"","background-repeat":"repeat","background-position":"center center","background-size":"auto","background-attachment":"scroll","background-type":"","background-media":"","overlay-type":"","overlay-color":"","overlay-opacity":"","overlay-gradient":""},"mobile":{"background-color":"var(--ast-global-color-5)","background-image":"","background-repeat":"repeat","background-position":"center center","background-size":"auto","background-attachment":"scroll","background-type":"","background-media":"","overlay-type":"","overlay-color":"","overlay-opacity":"","overlay-gradient":""}}},"product_brand":[],"product_cat":[1917,2261,3499],"product_tag":[],"class_list":{"0":"post-371801","1":"product","2":"type-product","3":"status-publish","4":"has-post-thumbnail","6":"product_cat-diy-de","7":"product_cat-vorgefertigte-spulen","8":"product_cat-wotofo-de","9":"desktop-align-center","10":"tablet-align-center","11":"mobile-align-center","12":"ast-product-gallery-layout-horizontal-slider","13":"ast-product-gallery-with-no-image","14":"ast-product-single-variable","15":"ast-product-tabs-layout-horizontal","17":"first","18":"instock","19":"sale","20":"taxable","21":"shipping-taxable","22":"purchasable","23":"product-type-variable"},"acf":[],"uagb_featured_image_src":{"full":["https:\/\/justvape.nu\/wp-content\/uploads\/2019\/12\/nexmesh_extreme_700x700.jpg",800,800,false],"thumbnail":["https:\/\/justvape.nu\/wp-content\/uploads\/2019\/12\/nexmesh_extreme_700x700-150x150.jpg",150,150,true],"medium":["https:\/\/justvape.nu\/wp-content\/uploads\/2019\/12\/nexmesh_extreme_700x700-300x300.jpg",300,300,true],"medium_large":["https:\/\/justvape.nu\/wp-content\/uploads\/2019\/12\/nexmesh_extreme_700x700-768x768.jpg",768,768,true],"large":["https:\/\/justvape.nu\/wp-content\/uploads\/2019\/12\/nexmesh_extreme_700x700.jpg",800,800,false],"1536x1536":["https:\/\/justvape.nu\/wp-content\/uploads\/2019\/12\/nexmesh_extreme_700x700.jpg",800,800,false],"2048x2048":["https:\/\/justvape.nu\/wp-content\/uploads\/2019\/12\/nexmesh_extreme_700x700.jpg",800,800,false],"woocommerce_thumbnail":["https:\/\/justvape.nu\/wp-content\/uploads\/2019\/12\/nexmesh_extreme_700x700-300x300.jpg",300,300,true],"woocommerce_single":["https:\/\/justvape.nu\/wp-content\/uploads\/2019\/12\/nexmesh_extreme_700x700-600x600.jpg",600,600,true],"woocommerce_gallery_thumbnail":["https:\/\/justvape.nu\/wp-content\/uploads\/2019\/12\/nexmesh_extreme_700x700-100x100.jpg",100,100,true],"dgwt-wcas-product-suggestion":["https:\/\/justvape.nu\/wp-content\/uploads\/2019\/12\/nexmesh_extreme_700x700-64x64.jpg",64,64,true]},"uagb_author_info":{"display_name":"JustVape.nu","author_link":"https:\/\/justvape.nu\/de\/author\/"},"uagb_comment_info":0,"uagb_excerpt":"Wotofo nexMESH Strips","_links":{"self":[{"href":"https:\/\/justvape.nu\/de\/wp-json\/wp\/v2\/product\/371801","targetHints":{"allow":["GET"]}}],"collection":[{"href":"https:\/\/justvape.nu\/de\/wp-json\/wp\/v2\/product"}],"about":[{"href":"https:\/\/justvape.nu\/de\/wp-json\/wp\/v2\/types\/product"}],"replies":[{"embeddable":true,"href":"https:\/\/justvape.nu\/de\/wp-json\/wp\/v2\/comments?post=371801"}],"wp:featuredmedia":[{"embeddable":true,"href":"https:\/\/justvape.nu\/de\/wp-json\/wp\/v2\/media\/281806"}],"wp:attachment":[{"href":"https:\/\/justvape.nu\/de\/wp-json\/wp\/v2\/media?parent=371801"}],"wp:term":[{"taxonomy":"product_brand","embeddable":true,"href":"https:\/\/justvape.nu\/de\/wp-json\/wp\/v2\/product_brand?post=371801"},{"taxonomy":"product_cat","embeddable":true,"href":"https:\/\/justvape.nu\/de\/wp-json\/wp\/v2\/product_cat?post=371801"},{"taxonomy":"product_tag","embeddable":true,"href":"https:\/\/justvape.nu\/de\/wp-json\/wp\/v2\/product_tag?post=371801"}],"curies":[{"name":"wp","href":"https:\/\/api.w.org\/{rel}","templated":true}]}}