{"id":322078,"date":"2020-08-31T21:11:50","date_gmt":"2020-08-31T19:11:50","guid":{"rendered":"https:\/\/www.justvape.nu\/produkt\/hohm-tech-schulbatterie-ladegeraet-4-slots\/"},"modified":"2022-02-18T09:22:36","modified_gmt":"2022-02-18T08:22:36","slug":"hohm-tech-school-batterieladegerat-4-steckplatze","status":"publish","type":"product","link":"https:\/\/justvape.nu\/de\/produkt\/hohm-tech-school-batterieladegerat-4-steckplatze\/","title":{"rendered":"HOHM TECH &#8211; SCHOOL BATTERY CHARGER 4 SLOTS"},"content":{"rendered":"<h2>HOHM TECH &#8211; SCHOOL BATTERY CHARGER 4 SLOTS<\/h2>\n<p>Diese Hohm School-Batterieladeger\u00e4te von Hohm Tech sind vollst\u00e4ndig autonom und bieten zahlreiche Sicherheitsfunktionen. Die Ladeger\u00e4te enthalten zwei oder vier Batterien und sind mit 18650, 20700, 2100 kompatibel.<\/p>\n<p>Das Hohm School Batterieladeger\u00e4t von Hohm Tech ist vollautomatisch und mit dem BLD1-System ausgestattet, das den Step-Up \/ Down-Ausgang automatisiert, sodass sowohl kleine als auch gr\u00f6\u00dfere Zellen mit der richtigen Geschwindigkeit geladen werden. Selbst Li-Ionen-Batterien mit oder ohne PCB \/ PCM3 lassen sich leicht auf die richtige Spannung ausgleichen. Dies stellt sicher, dass die chemische Integrit\u00e4t der heutigen kleinen Li-Ionen-Batterien nicht beeintr\u00e4chtigt wird, sodass sie einen vollst\u00e4ndigen Lebenszyklus erhalten.<\/p>\n<h4>4BAY-FUNKTIONEN:<\/h4>\n<p>&nbsp;<\/p>\n<ul>\n<li>BLD1-System &#8211; Automatisiert die Ladungsverst\u00e4rkung und -reduzierung auf Li-Ionen-Zellen<\/li>\n<li>Integration des autonomen Eingangsleistungsreglers (keine Belastung mehr f\u00fcr USB-Netzteile oder -Anschl\u00fcsse)<\/li>\n<li>Kompatibel mit ALLEN Li-Ionen-Zellen von nur 30 mm bis 73 mm<\/li>\n<li>LED-Anzeige, die Farb- und Blinkschwankungen zum schnellen \/ einfachen Auslesen anzeigt<\/li>\n<li>PCB \/ PCM3-kompatibel, damit auch gesch\u00fctzte Zellen nicht im Dunkeln gelassen werden<\/li>\n<li>Schutz 101: A] \u00dcberladung; B] Kurzschluss; C] falsche Erkennung des Batterietyps; D] Verpolung<\/li>\n<\/ul>\n<h4><\/h4>\n<p><em><strong>Spezifikationen<\/strong><\/em><br \/>\n4 Bay Ladeger\u00e4t<br \/>\n2,0 A x 2, 1,0 A x 4\/1 A x 2 und 0,5 A x 2 (4 A maximale kombinierte Leistung)<br \/>\nKomplett automatisiert mit LED-Ladestatusanzeigen<br \/>\nKompatibel sind alle Li-Ionen-Zellen von 30 mm bis 73 mm<br \/>\nMehrere Schutzfunktionen (\u00dcberladung, Kurzschluss, Erkennung falscher Batterietypen und Verpolung<\/p>\n<p>https:\/\/www.youtube.com\/watch?v=HS8hXfwGyLM<\/p>\n","protected":false},"excerpt":{"rendered":"<p>HOHM TECH &#8211; SCHOOL BATTERY CHARGER 4 SLOTS<\/p>\n","protected":false},"featured_media":300558,"comment_status":"open","ping_status":"closed","template":"","meta":{"_acf_changed":false,"_uag_custom_page_level_css":"","site-sidebar-layout":"default","site-content-layout":"default","ast-site-content-layout":"default","site-content-style":"default","site-sidebar-style":"default","ast-global-header-display":"","ast-banner-title-visibility":"","ast-main-header-display":"","ast-hfb-above-header-display":"","ast-hfb-below-header-display":"","ast-hfb-mobile-header-display":"","site-post-title":"","ast-breadcrumbs-content":"","ast-featured-img":"","footer-sml-layout":"","ast-disable-related-posts":"","theme-transparent-header-meta":"default","adv-header-id-meta":"","stick-header-meta":"default","header-above-stick-meta":"","header-main-stick-meta":"","header-below-stick-meta":"","astra-migrate-meta-layouts":"default","ast-page-background-enabled":"default","ast-page-background-meta":{"desktop":{"background-color":"","background-image":"","background-repeat":"repeat","background-position":"center center","background-size":"auto","background-attachment":"scroll","background-type":"","background-media":"","overlay-type":"","overlay-color":"","overlay-opacity":"","overlay-gradient":""},"tablet":{"background-color":"","background-image":"","background-repeat":"repeat","background-position":"center center","background-size":"auto","background-attachment":"scroll","background-type":"","background-media":"","overlay-type":"","overlay-color":"","overlay-opacity":"","overlay-gradient":""},"mobile":{"background-color":"","background-image":"","background-repeat":"repeat","background-position":"center center","background-size":"auto","background-attachment":"scroll","background-type":"","background-media":"","overlay-type":"","overlay-color":"","overlay-opacity":"","overlay-gradient":""}},"ast-content-background-meta":{"desktop":{"background-color":"var(--ast-global-color-5)","background-image":"","background-repeat":"repeat","background-position":"center center","background-size":"auto","background-attachment":"scroll","background-type":"","background-media":"","overlay-type":"","overlay-color":"","overlay-opacity":"","overlay-gradient":""},"tablet":{"background-color":"var(--ast-global-color-5)","background-image":"","background-repeat":"repeat","background-position":"center center","background-size":"auto","background-attachment":"scroll","background-type":"","background-media":"","overlay-type":"","overlay-color":"","overlay-opacity":"","overlay-gradient":""},"mobile":{"background-color":"var(--ast-global-color-5)","background-image":"","background-repeat":"repeat","background-position":"center center","background-size":"auto","background-attachment":"scroll","background-type":"","background-media":"","overlay-type":"","overlay-color":"","overlay-opacity":"","overlay-gradient":""}}},"product_brand":[],"product_cat":[2511,4578,2191,2512,1907],"product_tag":[],"class_list":{"0":"post-322078","1":"product","2":"type-product","3":"status-publish","4":"has-post-thumbnail","6":"product_cat-hardware-de","7":"product_cat-hohm-tech-de","8":"product_cat-ladegeraete","9":"product_cat-shop-by-brand-de","10":"product_cat-zubehoer","11":"desktop-align-center","12":"tablet-align-center","13":"mobile-align-center","14":"ast-product-gallery-layout-horizontal-slider","15":"ast-product-gallery-with-no-image","16":"ast-product-tabs-layout-horizontal","18":"first","19":"instock","20":"sale","21":"taxable","22":"shipping-taxable","23":"purchasable","24":"product-type-simple"},"acf":[],"uagb_featured_image_src":{"full":["https:\/\/justvape.nu\/wp-content\/uploads\/2020\/08\/HOHM_SCHOOL-4-4A-BLD-USB-C-CHARGER_PA.jpg",800,800,false],"thumbnail":["https:\/\/justvape.nu\/wp-content\/uploads\/2020\/08\/HOHM_SCHOOL-4-4A-BLD-USB-C-CHARGER_PA-150x150.jpg",150,150,true],"medium":["https:\/\/justvape.nu\/wp-content\/uploads\/2020\/08\/HOHM_SCHOOL-4-4A-BLD-USB-C-CHARGER_PA-300x300.jpg",300,300,true],"medium_large":["https:\/\/justvape.nu\/wp-content\/uploads\/2020\/08\/HOHM_SCHOOL-4-4A-BLD-USB-C-CHARGER_PA-768x768.jpg",768,768,true],"large":["https:\/\/justvape.nu\/wp-content\/uploads\/2020\/08\/HOHM_SCHOOL-4-4A-BLD-USB-C-CHARGER_PA.jpg",800,800,false],"1536x1536":["https:\/\/justvape.nu\/wp-content\/uploads\/2020\/08\/HOHM_SCHOOL-4-4A-BLD-USB-C-CHARGER_PA.jpg",800,800,false],"2048x2048":["https:\/\/justvape.nu\/wp-content\/uploads\/2020\/08\/HOHM_SCHOOL-4-4A-BLD-USB-C-CHARGER_PA.jpg",800,800,false],"woocommerce_thumbnail":["https:\/\/justvape.nu\/wp-content\/uploads\/2020\/08\/HOHM_SCHOOL-4-4A-BLD-USB-C-CHARGER_PA-300x300.jpg",300,300,true],"woocommerce_single":["https:\/\/justvape.nu\/wp-content\/uploads\/2020\/08\/HOHM_SCHOOL-4-4A-BLD-USB-C-CHARGER_PA-600x600.jpg",600,600,true],"woocommerce_gallery_thumbnail":["https:\/\/justvape.nu\/wp-content\/uploads\/2020\/08\/HOHM_SCHOOL-4-4A-BLD-USB-C-CHARGER_PA-100x100.jpg",100,100,true],"dgwt-wcas-product-suggestion":["https:\/\/justvape.nu\/wp-content\/uploads\/2020\/08\/HOHM_SCHOOL-4-4A-BLD-USB-C-CHARGER_PA-64x64.jpg",64,64,true]},"uagb_author_info":{"display_name":"JustVape.nu","author_link":"https:\/\/justvape.nu\/de\/author\/"},"uagb_comment_info":0,"uagb_excerpt":"HOHM TECH - SCHOOL BATTERY CHARGER 4 SLOTS","_links":{"self":[{"href":"https:\/\/justvape.nu\/de\/wp-json\/wp\/v2\/product\/322078","targetHints":{"allow":["GET"]}}],"collection":[{"href":"https:\/\/justvape.nu\/de\/wp-json\/wp\/v2\/product"}],"about":[{"href":"https:\/\/justvape.nu\/de\/wp-json\/wp\/v2\/types\/product"}],"replies":[{"embeddable":true,"href":"https:\/\/justvape.nu\/de\/wp-json\/wp\/v2\/comments?post=322078"}],"wp:featuredmedia":[{"embeddable":true,"href":"https:\/\/justvape.nu\/de\/wp-json\/wp\/v2\/media\/300558"}],"wp:attachment":[{"href":"https:\/\/justvape.nu\/de\/wp-json\/wp\/v2\/media?parent=322078"}],"wp:term":[{"taxonomy":"product_brand","embeddable":true,"href":"https:\/\/justvape.nu\/de\/wp-json\/wp\/v2\/product_brand?post=322078"},{"taxonomy":"product_cat","embeddable":true,"href":"https:\/\/justvape.nu\/de\/wp-json\/wp\/v2\/product_cat?post=322078"},{"taxonomy":"product_tag","embeddable":true,"href":"https:\/\/justvape.nu\/de\/wp-json\/wp\/v2\/product_tag?post=322078"}],"curies":[{"name":"wp","href":"https:\/\/api.w.org\/{rel}","templated":true}]}}