{"id":322011,"date":"2020-08-27T12:22:56","date_gmt":"2020-08-27T10:22:56","guid":{"rendered":"https:\/\/www.justvape.nu\/produkt\/molicel-inr-20700a-20700-3000mah-35a-batterie-2\/"},"modified":"2025-08-11T12:34:12","modified_gmt":"2025-08-11T10:34:12","slug":"molicel-inr-20700a-20700-3000mah-35a-batterie","status":"publish","type":"product","link":"https:\/\/justvape.nu\/de\/produkt\/molicel-inr-20700a-20700-3000mah-35a-batterie\/","title":{"rendered":"Molicel &#8211; INR-20700A 20700 3000mAh 35A Battery"},"content":{"rendered":"<div id=\"ProductDetail_ProductDetails_div\">\n<h2>Molicel &#8211; INR-20700A 20700 3000mAh 35A Battery<\/h2>\n<p>Die beste Formfaktor 20700-Zelle, die es bisher auf dem Markt gibt.<\/p>\n<h4>Spezifikationen:<\/h4>\n<ul>\n<li>Modell: INR-20700A<\/li>\n<li>Gr\u00f6\u00dfe: 20700<\/li>\n<li>Stil: Flat Top<\/li>\n<li>Nennkapazit\u00e4t: 3000mAh<\/li>\n<li>Dauerleistung: 35A<\/li>\n<li>Nennspannung: 3,6V<\/li>\n<li>Gesch\u00fctzt: Nein<\/li>\n<li>Wiederaufladbar: Ja<\/li>\n<li>Ungef\u00e4hre Abmessungen: 20,50 mm x 70,00 mm<\/li>\n<li>Ungef\u00e4hres Gewicht: 57,8 g<\/li>\n<\/ul>\n<div><\/div>\n<p><img loading=\"lazy\" decoding=\"async\" class=\"alignnone size-full wp-image-300202\" src=\"https:\/\/www.justvape.nu\/wp-content\/uploads\/2020\/08\/moli_20700a.jpg\" alt=\"\" width=\"1329\" height=\"821\" title=\"\" srcset=\"https:\/\/justvape.nu\/wp-content\/uploads\/2020\/08\/moli_20700a.jpg 1329w, https:\/\/justvape.nu\/wp-content\/uploads\/2020\/08\/moli_20700a-600x371.jpg 600w, https:\/\/justvape.nu\/wp-content\/uploads\/2020\/08\/moli_20700a-64x40.jpg 64w, https:\/\/justvape.nu\/wp-content\/uploads\/2020\/08\/moli_20700a-300x185.jpg 300w, https:\/\/justvape.nu\/wp-content\/uploads\/2020\/08\/moli_20700a-1024x633.jpg 1024w, https:\/\/justvape.nu\/wp-content\/uploads\/2020\/08\/moli_20700a-768x474.jpg 768w\" sizes=\"auto, (max-width: 1329px) 100vw, 1329px\" \/><\/p>\n<div>\n<p>Alle Batterien enthalten einen Aufkleber mit der ungef\u00e4hren Spannung und Kapazit\u00e4t. Dieses Etikett kann leicht entfernt werden, um den Herstellerdruck anzuzeigen. Das Etikett ist eine Anforderung der US-Regierung (IATA), die den Versand von Lithium-Ionen-Batterien regelt.<\/p>\n<\/div>\n<div><\/div>\n<h4>WARNUNG:<\/h4>\n<div>Der Benutzer muss vor dem Kauf \u00fcber ein angemessenes Verst\u00e4ndnis der Lithium-Ionen-Batterien verf\u00fcgen. Seien Sie vorsichtig, wenn Sie mit Lithium-Ionen-Batterien arbeiten und diese verwenden, da diese sehr empfindlich auf Ladeeigenschaften reagieren und bei Missbrauch oder unsachgem\u00e4\u00dfer Verwendung explodieren, brennen oder einen Brand verursachen k\u00f6nnen. Laden Sie immer in oder auf einer feuerfesten Oberfl\u00e4che auf. Lassen Sie die Batterien niemals unbeaufsichtigt aufladen. Diese Batterie wird f\u00fcr die Verwendung von Systemintegrationen mit geeigneten Schutzschaltungen oder Batteriepacks mit einem Batteriemanagementsystem oder einer Leiterplatte (Leiterplatte \/ Modul) verkauft. Der K\u00e4ufer ist f\u00fcr Sch\u00e4den oder Verletzungen verantwortlich, die durch Missbrauch oder unsachgem\u00e4\u00dfen Umgang mit Lithium-Ionen-Akkus und Ladeger\u00e4ten verursacht werden. Laden Sie das Ger\u00e4t nur mit einem intelligenten Ladeger\u00e4t auf, das f\u00fcr diesen speziellen Lithium-Ionen-Akkutyp ausgelegt ist.<\/div>\n<div><\/div>\n<ul>\n<li>Der Missbrauch oder die falsche Handhabung von Lithium-Ionen-Batterien kann ein ernstes Risiko f\u00fcr Personensch\u00e4den, Sachsch\u00e4den oder den Tod darstellen<\/li>\n<li>BATTERIEN k\u00f6nnen explodieren, verbrennen oder ein Feuer verursachen, wenn sie missbraucht oder misshandelt werden<\/li>\n<li>NUR mit geeigneten Schutzschaltungen verwenden<\/li>\n<li>NUR innerhalb der Herstellerspezifikation verwenden<\/li>\n<li>NICHT lose in Tasche, Geldb\u00f6rse usw. aufbewahren. &#8211; Verwenden Sie immer eine Schutzh\u00fclle<\/li>\n<li>Von Metallgegenst\u00e4nden fernhalten, um Kurzschl\u00fcsse zu vermeiden<\/li>\n<li>Nicht kurzschlie\u00dfen<\/li>\n<li>NICHT verwenden, wenn die H\u00fclle oder der Isolator besch\u00e4digt oder zerrissen ist<\/li>\n<li>NICHT verwenden, wenn es in irgendeiner Weise besch\u00e4digt ist<\/li>\n<li>NICHT \u00fcberladen oder entladen<\/li>\n<li>NICHT modifizieren, zerlegen, durchstechen, schneiden, zerdr\u00fccken oder verbrennen<\/li>\n<li>NICHT Fl\u00fcssigkeiten oder hohen Temperaturen aussetzen<\/li>\n<li>NICHT l\u00f6ten<\/li>\n<li>Der Benutzer muss vor dem Kauf mit dem Umgang mit Lithium-Ionen-Batterien vertraut sein<\/li>\n<li>Die Verwendung von Batterien erfolgt auf EIGENES RISIKO<\/li>\n<\/ul>\n<div><\/div>\n<div>Die \u00f6rtlichen Vorschriften und Gesetze zum Recycling und zur Entsorgung von Lithium-Ionen-Batterien variieren. Wenden Sie sich daher bez\u00fcglich der geeigneten Entsorgung an Ihre \u00f6rtliche Gerichtsbarkeit. Viele Einzelhandelsgesch\u00e4fte bieten das kostenlose Recycling von wiederaufladbaren Batterien an.<\/div>\n<div><\/div>\n<\/div>\n","protected":false},"excerpt":{"rendered":"<p>Molicel &#8211; INR-20700A 20700 3000mAh 35A Battery<\/p>\n","protected":false},"featured_media":300217,"comment_status":"open","ping_status":"closed","template":"","meta":{"_acf_changed":false,"_uag_custom_page_level_css":"","site-sidebar-layout":"default","site-content-layout":"default","ast-site-content-layout":"default","site-content-style":"default","site-sidebar-style":"default","ast-global-header-display":"","ast-banner-title-visibility":"","ast-main-header-display":"","ast-hfb-above-header-display":"","ast-hfb-below-header-display":"","ast-hfb-mobile-header-display":"","site-post-title":"","ast-breadcrumbs-content":"","ast-featured-img":"","footer-sml-layout":"","ast-disable-related-posts":"","theme-transparent-header-meta":"default","adv-header-id-meta":"","stick-header-meta":"default","header-above-stick-meta":"","header-main-stick-meta":"","header-below-stick-meta":"","astra-migrate-meta-layouts":"default","ast-page-background-enabled":"default","ast-page-background-meta":{"desktop":{"background-color":"","background-image":"","background-repeat":"repeat","background-position":"center center","background-size":"auto","background-attachment":"scroll","background-type":"","background-media":"","overlay-type":"","overlay-color":"","overlay-opacity":"","overlay-gradient":""},"tablet":{"background-color":"","background-image":"","background-repeat":"repeat","background-position":"center center","background-size":"auto","background-attachment":"scroll","background-type":"","background-media":"","overlay-type":"","overlay-color":"","overlay-opacity":"","overlay-gradient":""},"mobile":{"background-color":"","background-image":"","background-repeat":"repeat","background-position":"center center","background-size":"auto","background-attachment":"scroll","background-type":"","background-media":"","overlay-type":"","overlay-color":"","overlay-opacity":"","overlay-gradient":""}},"ast-content-background-meta":{"desktop":{"background-color":"var(--ast-global-color-5)","background-image":"","background-repeat":"repeat","background-position":"center center","background-size":"auto","background-attachment":"scroll","background-type":"","background-media":"","overlay-type":"","overlay-color":"","overlay-opacity":"","overlay-gradient":""},"tablet":{"background-color":"var(--ast-global-color-5)","background-image":"","background-repeat":"repeat","background-position":"center center","background-size":"auto","background-attachment":"scroll","background-type":"","background-media":"","overlay-type":"","overlay-color":"","overlay-opacity":"","overlay-gradient":""},"mobile":{"background-color":"var(--ast-global-color-5)","background-image":"","background-repeat":"repeat","background-position":"center center","background-size":"auto","background-attachment":"scroll","background-type":"","background-media":"","overlay-type":"","overlay-color":"","overlay-opacity":"","overlay-gradient":""}}},"product_brand":[],"product_cat":[2341,2171,1907],"product_tag":[],"class_list":{"0":"post-322011","1":"product","2":"type-product","3":"status-publish","4":"has-post-thumbnail","6":"product_cat-20700-de","7":"product_cat-batteriezellen","8":"product_cat-zubehoer","9":"product_shipping_class-batteries-de","10":"desktop-align-center","11":"tablet-align-center","12":"mobile-align-center","13":"ast-product-gallery-layout-horizontal-slider","14":"ast-product-gallery-with-no-image","15":"ast-product-tabs-layout-horizontal","17":"first","18":"instock","19":"sale","20":"taxable","21":"shipping-taxable","22":"purchasable","23":"product-type-simple"},"acf":[],"uagb_featured_image_src":{"full":["https:\/\/justvape.nu\/wp-content\/uploads\/2020\/08\/OEM-INR20700A-2.jpg",1200,1200,false],"thumbnail":["https:\/\/justvape.nu\/wp-content\/uploads\/2020\/08\/OEM-INR20700A-2-150x150.jpg",150,150,true],"medium":["https:\/\/justvape.nu\/wp-content\/uploads\/2020\/08\/OEM-INR20700A-2-300x300.jpg",300,300,true],"medium_large":["https:\/\/justvape.nu\/wp-content\/uploads\/2020\/08\/OEM-INR20700A-2-768x768.jpg",768,768,true],"large":["https:\/\/justvape.nu\/wp-content\/uploads\/2020\/08\/OEM-INR20700A-2-1024x1024.jpg",1024,1024,true],"1536x1536":["https:\/\/justvape.nu\/wp-content\/uploads\/2020\/08\/OEM-INR20700A-2.jpg",1200,1200,false],"2048x2048":["https:\/\/justvape.nu\/wp-content\/uploads\/2020\/08\/OEM-INR20700A-2.jpg",1200,1200,false],"woocommerce_thumbnail":["https:\/\/justvape.nu\/wp-content\/uploads\/2020\/08\/OEM-INR20700A-2-300x300.jpg",300,300,true],"woocommerce_single":["https:\/\/justvape.nu\/wp-content\/uploads\/2020\/08\/OEM-INR20700A-2-600x600.jpg",600,600,true],"woocommerce_gallery_thumbnail":["https:\/\/justvape.nu\/wp-content\/uploads\/2020\/08\/OEM-INR20700A-2-100x100.jpg",100,100,true],"dgwt-wcas-product-suggestion":["https:\/\/justvape.nu\/wp-content\/uploads\/2020\/08\/OEM-INR20700A-2-64x64.jpg",64,64,true]},"uagb_author_info":{"display_name":"JustVape.nu","author_link":"https:\/\/justvape.nu\/de\/author\/"},"uagb_comment_info":0,"uagb_excerpt":"Molicel - INR-20700A 20700 3000mAh 35A Battery","_links":{"self":[{"href":"https:\/\/justvape.nu\/de\/wp-json\/wp\/v2\/product\/322011","targetHints":{"allow":["GET"]}}],"collection":[{"href":"https:\/\/justvape.nu\/de\/wp-json\/wp\/v2\/product"}],"about":[{"href":"https:\/\/justvape.nu\/de\/wp-json\/wp\/v2\/types\/product"}],"replies":[{"embeddable":true,"href":"https:\/\/justvape.nu\/de\/wp-json\/wp\/v2\/comments?post=322011"}],"wp:featuredmedia":[{"embeddable":true,"href":"https:\/\/justvape.nu\/de\/wp-json\/wp\/v2\/media\/300217"}],"wp:attachment":[{"href":"https:\/\/justvape.nu\/de\/wp-json\/wp\/v2\/media?parent=322011"}],"wp:term":[{"taxonomy":"product_brand","embeddable":true,"href":"https:\/\/justvape.nu\/de\/wp-json\/wp\/v2\/product_brand?post=322011"},{"taxonomy":"product_cat","embeddable":true,"href":"https:\/\/justvape.nu\/de\/wp-json\/wp\/v2\/product_cat?post=322011"},{"taxonomy":"product_tag","embeddable":true,"href":"https:\/\/justvape.nu\/de\/wp-json\/wp\/v2\/product_tag?post=322011"}],"curies":[{"name":"wp","href":"https:\/\/api.w.org\/{rel}","templated":true}]}}