{"id":321929,"date":"2021-01-14T12:29:17","date_gmt":"2021-01-14T11:29:17","guid":{"rendered":"https:\/\/www.justvape.nu\/produkt\/uwell-caliburn-g-ersatzpods\/"},"modified":"2025-09-05T16:52:07","modified_gmt":"2025-09-05T14:52:07","slug":"uwell-caliburn-g-ersatz-pods","status":"publish","type":"product","link":"https:\/\/justvape.nu\/de\/produkt\/uwell-caliburn-g-ersatz-pods\/","title":{"rendered":"UWELL &#8211; CALIBURN G ERSATZPODS"},"content":{"rendered":"<h2>UWELL &#8211; CALIBURN G ERSATZPODS<\/h2>\n<p>Die Uwell Caliburn G-Ersatzgeh\u00e4use wurden nur f\u00fcr die Verwendung mit dem Uwell Caliburn G-Pod-Kit entwickelt. Mit einer E-Liquid-Kapazit\u00e4t von 2 ml verwenden diese Pods eine abnehmbare Spulenmethode f\u00fcr einen umweltfreundlichen und kosteng\u00fcnstigen Ansatz. Ein einfaches Design mit oberer F\u00fcllung erleichtert die Verwendung, w\u00e4hrend Benutzer die Wahl haben, diese Pods mit den Caliburn G-Spulen (separat erh\u00e4ltlich) zu kombinieren, um sie an ihre ideale Dampfpr\u00e4ferenz anzupassen.<\/p>\n<p><img loading=\"lazy\" decoding=\"async\" class=\"alignnone size-full wp-image-18993\" src=\"https:\/\/www.justvape.nu\/wp-content\/uploads\/2018\/05\/Specifications.png\" alt=\"\" width=\"950\" height=\"64\" title=\"\" srcset=\"https:\/\/justvape.nu\/wp-content\/uploads\/2018\/05\/Specifications.png 950w, https:\/\/justvape.nu\/wp-content\/uploads\/2018\/05\/Specifications-555x37.png 555w, https:\/\/justvape.nu\/wp-content\/uploads\/2018\/05\/Specifications-64x4.png 64w, https:\/\/justvape.nu\/wp-content\/uploads\/2018\/05\/Specifications-300x20.png 300w, https:\/\/justvape.nu\/wp-content\/uploads\/2018\/05\/Specifications-768x52.png 768w\" sizes=\"auto, (max-width: 950px) 100vw, 950px\" \/><\/p>\n<p><strong>Parameter<\/strong><\/p>\n<ul>\n<li>2 ml E-Liquid-Kapazit\u00e4t<\/li>\n<li>Abnehmbare Spulen<\/li>\n<li>Top-Fill-Methode<\/li>\n<li>Plug &amp; Play-Spulendesign<\/li>\n<li>0,8 Ohm Mesh \/ 1,0 Ohm Spule kompatibel<\/li>\n<li>Geeignet f\u00fcr E-Fl\u00fcssigkeiten mit hohem PG<\/li>\n<\/ul>\n<p><img loading=\"lazy\" decoding=\"async\" class=\"alignnone size-full wp-image-18994\" src=\"https:\/\/www.justvape.nu\/wp-content\/uploads\/2018\/05\/Features.png\" alt=\"\" width=\"950\" height=\"64\" title=\"\" srcset=\"https:\/\/justvape.nu\/wp-content\/uploads\/2018\/05\/Features.png 950w, https:\/\/justvape.nu\/wp-content\/uploads\/2018\/05\/Features-555x37.png 555w, https:\/\/justvape.nu\/wp-content\/uploads\/2018\/05\/Features-64x4.png 64w, https:\/\/justvape.nu\/wp-content\/uploads\/2018\/05\/Features-300x20.png 300w, https:\/\/justvape.nu\/wp-content\/uploads\/2018\/05\/Features-768x52.png 768w\" sizes=\"auto, (max-width: 950px) 100vw, 950px\" \/><\/p>\n<p>Diese Pods bieten ein gebogenes Mundst\u00fcckdesign und passen bequem um die Lippen, um eine ergonomische Bedienung zu gew\u00e4hrleisten. Zum Nachf\u00fcllen ziehen Sie einfach den Silikonstopfen oben auf den Schalen ab und f\u00fcllen Sie eine E-Fl\u00fcssigkeit Ihrer Wahl ein, bevor Sie sie wieder einsetzen, um das Risiko von Leckagen zu verringern. Das Installieren und Entfernen von Spulen wird durch ein Plug-and-Play-Design ebenfalls vereinfacht. Kompatibel mit den Caliburn G-Spulen, die in einer 0,8-Ohm-Maschenspule oder als 1,0-Ohm-Standardspule erh\u00e4ltlich sind, empfehlen wir, diese Pods mit PG-E-Fl\u00fcssigkeiten von 50% oder mehr zu kombinieren, um optimale Ergebnisse zu erzielen.<\/p>\n<p><img loading=\"lazy\" decoding=\"async\" class=\"alignnone size-full wp-image-18999\" src=\"https:\/\/www.justvape.nu\/wp-content\/uploads\/2018\/04\/Packing-List.png\" alt=\"\" width=\"950\" height=\"64\" title=\"\" srcset=\"https:\/\/justvape.nu\/wp-content\/uploads\/2018\/04\/Packing-List.png 950w, https:\/\/justvape.nu\/wp-content\/uploads\/2018\/04\/Packing-List-555x37.png 555w, https:\/\/justvape.nu\/wp-content\/uploads\/2018\/04\/Packing-List-64x4.png 64w, https:\/\/justvape.nu\/wp-content\/uploads\/2018\/04\/Packing-List-300x20.png 300w, https:\/\/justvape.nu\/wp-content\/uploads\/2018\/04\/Packing-List-768x52.png 768w\" sizes=\"auto, (max-width: 950px) 100vw, 950px\" \/><\/p>\n<ul>\n<li>2 x Uwell Caliburn G 2 ml Ersatzkapseln<\/li>\n<\/ul>\n","protected":false},"excerpt":{"rendered":"<p>UWELL &#8211; CALIBURN G ERSATZPODS<\/p>\n","protected":false},"featured_media":313789,"comment_status":"open","ping_status":"closed","template":"","meta":{"_acf_changed":false,"_uag_custom_page_level_css":"","site-sidebar-layout":"default","site-content-layout":"default","ast-site-content-layout":"default","site-content-style":"default","site-sidebar-style":"default","ast-global-header-display":"","ast-banner-title-visibility":"","ast-main-header-display":"","ast-hfb-above-header-display":"","ast-hfb-below-header-display":"","ast-hfb-mobile-header-display":"","site-post-title":"","ast-breadcrumbs-content":"","ast-featured-img":"","footer-sml-layout":"","ast-disable-related-posts":"","theme-transparent-header-meta":"default","adv-header-id-meta":"","stick-header-meta":"default","header-above-stick-meta":"","header-main-stick-meta":"","header-below-stick-meta":"","astra-migrate-meta-layouts":"default","ast-page-background-enabled":"default","ast-page-background-meta":{"desktop":{"background-color":"","background-image":"","background-repeat":"repeat","background-position":"center center","background-size":"auto","background-attachment":"scroll","background-type":"","background-media":"","overlay-type":"","overlay-color":"","overlay-opacity":"","overlay-gradient":""},"tablet":{"background-color":"","background-image":"","background-repeat":"repeat","background-position":"center center","background-size":"auto","background-attachment":"scroll","background-type":"","background-media":"","overlay-type":"","overlay-color":"","overlay-opacity":"","overlay-gradient":""},"mobile":{"background-color":"","background-image":"","background-repeat":"repeat","background-position":"center center","background-size":"auto","background-attachment":"scroll","background-type":"","background-media":"","overlay-type":"","overlay-color":"","overlay-opacity":"","overlay-gradient":""}},"ast-content-background-meta":{"desktop":{"background-color":"var(--ast-global-color-5)","background-image":"","background-repeat":"repeat","background-position":"center center","background-size":"auto","background-attachment":"scroll","background-type":"","background-media":"","overlay-type":"","overlay-color":"","overlay-opacity":"","overlay-gradient":""},"tablet":{"background-color":"var(--ast-global-color-5)","background-image":"","background-repeat":"repeat","background-position":"center center","background-size":"auto","background-attachment":"scroll","background-type":"","background-media":"","overlay-type":"","overlay-color":"","overlay-opacity":"","overlay-gradient":""},"mobile":{"background-color":"var(--ast-global-color-5)","background-image":"","background-repeat":"repeat","background-position":"center center","background-size":"auto","background-attachment":"scroll","background-type":"","background-media":"","overlay-type":"","overlay-color":"","overlay-opacity":"","overlay-gradient":""}}},"product_brand":[],"product_cat":[2511,2512,2057,1977],"product_tag":[],"class_list":{"0":"post-321929","1":"product","2":"type-product","3":"status-publish","4":"has-post-thumbnail","6":"product_cat-hardware-de","7":"product_cat-shop-by-brand-de","8":"product_cat-spulen-huelsen","9":"product_cat-tanks-spulen","10":"desktop-align-center","11":"tablet-align-center","12":"mobile-align-center","13":"ast-product-gallery-layout-horizontal-slider","14":"ast-product-gallery-with-no-image","15":"ast-product-tabs-layout-horizontal","17":"first","18":"instock","19":"sale","20":"taxable","21":"shipping-taxable","22":"purchasable","23":"product-type-simple"},"acf":[],"uagb_featured_image_src":{"full":["https:\/\/justvape.nu\/wp-content\/uploads\/2021\/01\/uwell-caliburn-g-replacement-pods-pack-of-2_justvape.jpg",800,800,false],"thumbnail":["https:\/\/justvape.nu\/wp-content\/uploads\/2021\/01\/uwell-caliburn-g-replacement-pods-pack-of-2_justvape-150x150.jpg",150,150,true],"medium":["https:\/\/justvape.nu\/wp-content\/uploads\/2021\/01\/uwell-caliburn-g-replacement-pods-pack-of-2_justvape-300x300.jpg",300,300,true],"medium_large":["https:\/\/justvape.nu\/wp-content\/uploads\/2021\/01\/uwell-caliburn-g-replacement-pods-pack-of-2_justvape-768x768.jpg",768,768,true],"large":["https:\/\/justvape.nu\/wp-content\/uploads\/2021\/01\/uwell-caliburn-g-replacement-pods-pack-of-2_justvape.jpg",800,800,false],"1536x1536":["https:\/\/justvape.nu\/wp-content\/uploads\/2021\/01\/uwell-caliburn-g-replacement-pods-pack-of-2_justvape.jpg",800,800,false],"2048x2048":["https:\/\/justvape.nu\/wp-content\/uploads\/2021\/01\/uwell-caliburn-g-replacement-pods-pack-of-2_justvape.jpg",800,800,false],"woocommerce_thumbnail":["https:\/\/justvape.nu\/wp-content\/uploads\/2021\/01\/uwell-caliburn-g-replacement-pods-pack-of-2_justvape-300x300.jpg",300,300,true],"woocommerce_single":["https:\/\/justvape.nu\/wp-content\/uploads\/2021\/01\/uwell-caliburn-g-replacement-pods-pack-of-2_justvape-600x600.jpg",600,600,true],"woocommerce_gallery_thumbnail":["https:\/\/justvape.nu\/wp-content\/uploads\/2021\/01\/uwell-caliburn-g-replacement-pods-pack-of-2_justvape-100x100.jpg",100,100,true],"dgwt-wcas-product-suggestion":["https:\/\/justvape.nu\/wp-content\/uploads\/2021\/01\/uwell-caliburn-g-replacement-pods-pack-of-2_justvape-64x64.jpg",64,64,true]},"uagb_author_info":{"display_name":"JustVape.nu","author_link":"https:\/\/justvape.nu\/de\/author\/"},"uagb_comment_info":0,"uagb_excerpt":"UWELL - CALIBURN G ERSATZPODS","_links":{"self":[{"href":"https:\/\/justvape.nu\/de\/wp-json\/wp\/v2\/product\/321929","targetHints":{"allow":["GET"]}}],"collection":[{"href":"https:\/\/justvape.nu\/de\/wp-json\/wp\/v2\/product"}],"about":[{"href":"https:\/\/justvape.nu\/de\/wp-json\/wp\/v2\/types\/product"}],"replies":[{"embeddable":true,"href":"https:\/\/justvape.nu\/de\/wp-json\/wp\/v2\/comments?post=321929"}],"wp:featuredmedia":[{"embeddable":true,"href":"https:\/\/justvape.nu\/de\/wp-json\/wp\/v2\/media\/313789"}],"wp:attachment":[{"href":"https:\/\/justvape.nu\/de\/wp-json\/wp\/v2\/media?parent=321929"}],"wp:term":[{"taxonomy":"product_brand","embeddable":true,"href":"https:\/\/justvape.nu\/de\/wp-json\/wp\/v2\/product_brand?post=321929"},{"taxonomy":"product_cat","embeddable":true,"href":"https:\/\/justvape.nu\/de\/wp-json\/wp\/v2\/product_cat?post=321929"},{"taxonomy":"product_tag","embeddable":true,"href":"https:\/\/justvape.nu\/de\/wp-json\/wp\/v2\/product_tag?post=321929"}],"curies":[{"name":"wp","href":"https:\/\/api.w.org\/{rel}","templated":true}]}}