{"id":319072,"date":"2021-02-22T12:31:06","date_gmt":"2021-02-22T11:31:06","guid":{"rendered":"https:\/\/www.justvape.nu\/produkt\/aspire-guroo-tank-2ml\/"},"modified":"2024-04-09T15:49:06","modified_gmt":"2024-04-09T13:49:06","slug":"aspire-guroo-tank-2ml","status":"publish","type":"product","link":"https:\/\/justvape.nu\/de\/produkt\/aspire-guroo-tank-2ml\/","title":{"rendered":"ASPIRE &#8211; GUROO TANK 2ML"},"content":{"rendered":"<h2>ASPIRE &#8211; GUROO TANK 2ML<\/h2>\n<p>Der Aspire Guroo-Dampftank wurde f\u00fcr die Unterst\u00fctzung von Sub-Ohm-D\u00e4mpfen entwickelt und unterst\u00fctzt eine hohe Ausgangsleistung, bei der ein gro\u00dfes Dampfvolumen erzeugt wird. Es kann bis zu 2 ml Ihrer Lieblings-E-Fl\u00fcssigkeit aufnehmen und verf\u00fcgt \u00fcber moderne Zus\u00e4tze wie eine obere F\u00fcllung und einen einstellbaren Luftstrom. Um die Kompatibilit\u00e4t zu verbessern, stehen zwei Spulentypen und eine 510-Verbindung zur Verf\u00fcgung, sodass sie mit einer Reihe von Vape-Ger\u00e4ten verwendet werden kann.<\/p>\n<p>Der obere F\u00fcllmechanismus dieses Tanks bedeutet, dass das Nachf\u00fcllen einer einfachen Aufgabe und der Schiebemechanismus einen gro\u00dfen Saftanschluss freigeben, der f\u00fcr die meisten E-Liquid-Flaschenfedern geeignet ist. Der einstellbare Luftstrom gibt Ihnen die volle Kontrolle \u00fcber den Dampfstrom f\u00fcr ein engeres oder lockeres Einatmen. Diese Merkmale stellen sicher, dass die t\u00e4gliche Wartung und die erstmalige Einrichtung einfach sind, w\u00e4hrend die hochwertige Bearbeitung dieses Tanks die Demontage f\u00fcr die Reinigung sehr reibungslos macht.<\/p>\n<p>Jeder Tank enth\u00e4lt zwei Aspire Guroo-Spulen, die beide ein Popup-Design aufweisen, was bedeutet, dass sie installiert werden k\u00f6nnen, ohne in ein Gewinde eingeschraubt werden zu m\u00fcssen. Die Spulen selbst verf\u00fcgen beide \u00fcber einen Maschenaufbau, der mehr E-Fl\u00fcssigkeit schneller erw\u00e4rmt, um die Dampf- und Geschmacksproduktion zu steigern. Diese Spulen wurden f\u00fcr DTL-D\u00e4mpfe entwickelt und sind entweder mit einem Widerstand von 0,15 Ohm oder 0,3 Ohm erh\u00e4ltlich. Wir empfehlen eine E-Fl\u00fcssigkeit mit 70% VG oder h\u00f6her, um sie zu unterst\u00fctzen.<\/p>\n<p>Der Guroo-Tank kann aufgrund einer 510-Verbindung mit den meisten Vape-Mods kombiniert werden. Er ist ein 2-ml-Sub-Ohm-Tank, der Qualit\u00e4tsleistung f\u00fcr Vaping mit hoher Leistung bietet.<\/p>\n<p>Um den Guroo-Tank wieder aufzuf\u00fcllen, drehen Sie das Mundst\u00fcck mit der oberen Kappe, um den Saftanschluss zu entfernen und mit einer E-Fl\u00fcssigkeit Ihrer Wahl zu f\u00fcllen, bevor Sie ihn wieder befestigen.<img loading=\"lazy\" decoding=\"async\" class=\"alignnone size-full wp-image-19187\" src=\"https:\/\/www.justvape.nu\/wp-content\/uploads\/2018\/05\/Color-Schemes.png\" alt=\"\" width=\"950\" height=\"64\" title=\"\" srcset=\"https:\/\/justvape.nu\/wp-content\/uploads\/2018\/05\/Color-Schemes.png 950w, https:\/\/justvape.nu\/wp-content\/uploads\/2018\/05\/Color-Schemes-555x37.png 555w, https:\/\/justvape.nu\/wp-content\/uploads\/2018\/05\/Color-Schemes-64x4.png 64w, https:\/\/justvape.nu\/wp-content\/uploads\/2018\/05\/Color-Schemes-300x20.png 300w, https:\/\/justvape.nu\/wp-content\/uploads\/2018\/05\/Color-Schemes-768x52.png 768w\" sizes=\"auto, (max-width: 950px) 100vw, 950px\" \/><\/p>\n<p><img loading=\"lazy\" decoding=\"async\" class=\"alignnone size-full wp-image-318302\" src=\"https:\/\/www.justvape.nu\/wp-content\/uploads\/2021\/02\/aspire-guroo-tank-color-justvape.jpg\" alt=\"\" width=\"950\" height=\"422\" title=\"\" srcset=\"https:\/\/justvape.nu\/wp-content\/uploads\/2021\/02\/aspire-guroo-tank-color-justvape.jpg 950w, https:\/\/justvape.nu\/wp-content\/uploads\/2021\/02\/aspire-guroo-tank-color-justvape-600x267.jpg 600w, https:\/\/justvape.nu\/wp-content\/uploads\/2021\/02\/aspire-guroo-tank-color-justvape-64x28.jpg 64w, https:\/\/justvape.nu\/wp-content\/uploads\/2021\/02\/aspire-guroo-tank-color-justvape-300x133.jpg 300w, https:\/\/justvape.nu\/wp-content\/uploads\/2021\/02\/aspire-guroo-tank-color-justvape-768x341.jpg 768w\" sizes=\"auto, (max-width: 950px) 100vw, 950px\" \/><\/p>\n<p><img loading=\"lazy\" decoding=\"async\" class=\"alignnone size-full wp-image-18994\" src=\"https:\/\/www.justvape.nu\/wp-content\/uploads\/2018\/05\/Features.png\" alt=\"\" width=\"950\" height=\"64\" title=\"\" srcset=\"https:\/\/justvape.nu\/wp-content\/uploads\/2018\/05\/Features.png 950w, https:\/\/justvape.nu\/wp-content\/uploads\/2018\/05\/Features-555x37.png 555w, https:\/\/justvape.nu\/wp-content\/uploads\/2018\/05\/Features-64x4.png 64w, https:\/\/justvape.nu\/wp-content\/uploads\/2018\/05\/Features-300x20.png 300w, https:\/\/justvape.nu\/wp-content\/uploads\/2018\/05\/Features-768x52.png 768w\" sizes=\"auto, (max-width: 950px) 100vw, 950px\" \/><\/p>\n<p>1. 810 austauschbare Tropfspitze<br \/>\n2. 2 ml Tankinhalt<br \/>\n3. Bequeme obere F\u00fcllung<br \/>\n4. Austausch der Popup-Spule<br \/>\n5. Boden einstellbarer Luftstrom<br \/>\n6. Intensiver Geschmack und dichter Dampf<\/p>\n<h2><\/h2>\n<figure class=\"figure\"><img loading=\"lazy\" decoding=\"async\" class=\"alignnone size-full wp-image-318329\" src=\"https:\/\/www.justvape.nu\/wp-content\/uploads\/2021\/02\/aspire-guroo-vape-tank-components-justvape.jpg\" alt=\"\" width=\"900\" height=\"900\" title=\"\" srcset=\"https:\/\/justvape.nu\/wp-content\/uploads\/2021\/02\/aspire-guroo-vape-tank-components-justvape.jpg 900w, https:\/\/justvape.nu\/wp-content\/uploads\/2021\/02\/aspire-guroo-vape-tank-components-justvape-300x300.jpg 300w, https:\/\/justvape.nu\/wp-content\/uploads\/2021\/02\/aspire-guroo-vape-tank-components-justvape-100x100.jpg 100w, https:\/\/justvape.nu\/wp-content\/uploads\/2021\/02\/aspire-guroo-vape-tank-components-justvape-600x600.jpg 600w, https:\/\/justvape.nu\/wp-content\/uploads\/2021\/02\/aspire-guroo-vape-tank-components-justvape-64x64.jpg 64w, https:\/\/justvape.nu\/wp-content\/uploads\/2021\/02\/aspire-guroo-vape-tank-components-justvape-150x150.jpg 150w, https:\/\/justvape.nu\/wp-content\/uploads\/2021\/02\/aspire-guroo-vape-tank-components-justvape-768x768.jpg 768w\" sizes=\"auto, (max-width: 900px) 100vw, 900px\" \/><figcaption class=\"figure-caption text-center\"><\/figcaption><\/figure>\n<figure class=\"figure\"><img loading=\"lazy\" decoding=\"async\" class=\"alignnone size-full wp-image-318320\" src=\"https:\/\/www.justvape.nu\/wp-content\/uploads\/2021\/02\/aspire-guroo-vape-tank-refill-justvape.jpg\" alt=\"\" width=\"950\" height=\"505\" title=\"\" srcset=\"https:\/\/justvape.nu\/wp-content\/uploads\/2021\/02\/aspire-guroo-vape-tank-refill-justvape.jpg 950w, https:\/\/justvape.nu\/wp-content\/uploads\/2021\/02\/aspire-guroo-vape-tank-refill-justvape-600x319.jpg 600w, https:\/\/justvape.nu\/wp-content\/uploads\/2021\/02\/aspire-guroo-vape-tank-refill-justvape-64x34.jpg 64w, https:\/\/justvape.nu\/wp-content\/uploads\/2021\/02\/aspire-guroo-vape-tank-refill-justvape-300x159.jpg 300w, https:\/\/justvape.nu\/wp-content\/uploads\/2021\/02\/aspire-guroo-vape-tank-refill-justvape-768x408.jpg 768w\" sizes=\"auto, (max-width: 950px) 100vw, 950px\" \/><\/figure>\n<figure class=\"figure\"><img loading=\"lazy\" decoding=\"async\" class=\"alignnone size-full wp-image-318311\" src=\"https:\/\/www.justvape.nu\/wp-content\/uploads\/2021\/02\/aspire-guroo-vape-tank-airflow-justvape.jpg\" alt=\"\" width=\"950\" height=\"487\" title=\"\" srcset=\"https:\/\/justvape.nu\/wp-content\/uploads\/2021\/02\/aspire-guroo-vape-tank-airflow-justvape.jpg 950w, https:\/\/justvape.nu\/wp-content\/uploads\/2021\/02\/aspire-guroo-vape-tank-airflow-justvape-600x308.jpg 600w, https:\/\/justvape.nu\/wp-content\/uploads\/2021\/02\/aspire-guroo-vape-tank-airflow-justvape-64x33.jpg 64w, https:\/\/justvape.nu\/wp-content\/uploads\/2021\/02\/aspire-guroo-vape-tank-airflow-justvape-300x154.jpg 300w, https:\/\/justvape.nu\/wp-content\/uploads\/2021\/02\/aspire-guroo-vape-tank-airflow-justvape-768x394.jpg 768w\" sizes=\"auto, (max-width: 950px) 100vw, 950px\" \/><\/figure>\n<p><strong><img loading=\"lazy\" decoding=\"async\" class=\"alignnone size-full wp-image-18999\" src=\"https:\/\/www.justvape.nu\/wp-content\/uploads\/2018\/04\/Packing-List.png\" alt=\"\" width=\"950\" height=\"64\" title=\"\" srcset=\"https:\/\/justvape.nu\/wp-content\/uploads\/2018\/04\/Packing-List.png 950w, https:\/\/justvape.nu\/wp-content\/uploads\/2018\/04\/Packing-List-555x37.png 555w, https:\/\/justvape.nu\/wp-content\/uploads\/2018\/04\/Packing-List-64x4.png 64w, https:\/\/justvape.nu\/wp-content\/uploads\/2018\/04\/Packing-List-300x20.png 300w, https:\/\/justvape.nu\/wp-content\/uploads\/2018\/04\/Packing-List-768x52.png 768w\" sizes=\"auto, (max-width: 950px) 100vw, 950px\" \/><\/strong><\/p>\n<ul>\n<li>Aspire Guroo 2ml Vape Tank<\/li>\n<li>Guroo 0,15 Ohm Mesh Coil<\/li>\n<li>Guroo 0,3 Ohm Mesh Coil<\/li>\n<li>Benutzerhandbuch<\/li>\n<\/ul>\n","protected":false},"excerpt":{"rendered":"<p>ASPIRE &#8211; GUROO TANK 2ML<\/p>\n","protected":false},"featured_media":318342,"comment_status":"open","ping_status":"closed","template":"","meta":{"_acf_changed":false,"_uag_custom_page_level_css":"","site-sidebar-layout":"default","site-content-layout":"default","ast-site-content-layout":"default","site-content-style":"default","site-sidebar-style":"default","ast-global-header-display":"","ast-banner-title-visibility":"","ast-main-header-display":"","ast-hfb-above-header-display":"","ast-hfb-below-header-display":"","ast-hfb-mobile-header-display":"","site-post-title":"","ast-breadcrumbs-content":"","ast-featured-img":"","footer-sml-layout":"","ast-disable-related-posts":"","theme-transparent-header-meta":"default","adv-header-id-meta":"","stick-header-meta":"default","header-above-stick-meta":"","header-main-stick-meta":"","header-below-stick-meta":"","astra-migrate-meta-layouts":"default","ast-page-background-enabled":"default","ast-page-background-meta":{"desktop":{"background-color":"","background-image":"","background-repeat":"repeat","background-position":"center center","background-size":"auto","background-attachment":"scroll","background-type":"","background-media":"","overlay-type":"","overlay-color":"","overlay-opacity":"","overlay-gradient":""},"tablet":{"background-color":"","background-image":"","background-repeat":"repeat","background-position":"center center","background-size":"auto","background-attachment":"scroll","background-type":"","background-media":"","overlay-type":"","overlay-color":"","overlay-opacity":"","overlay-gradient":""},"mobile":{"background-color":"","background-image":"","background-repeat":"repeat","background-position":"center center","background-size":"auto","background-attachment":"scroll","background-type":"","background-media":"","overlay-type":"","overlay-color":"","overlay-opacity":"","overlay-gradient":""}},"ast-content-background-meta":{"desktop":{"background-color":"var(--ast-global-color-5)","background-image":"","background-repeat":"repeat","background-position":"center center","background-size":"auto","background-attachment":"scroll","background-type":"","background-media":"","overlay-type":"","overlay-color":"","overlay-opacity":"","overlay-gradient":""},"tablet":{"background-color":"var(--ast-global-color-5)","background-image":"","background-repeat":"repeat","background-position":"center center","background-size":"auto","background-attachment":"scroll","background-type":"","background-media":"","overlay-type":"","overlay-color":"","overlay-opacity":"","overlay-gradient":""},"mobile":{"background-color":"var(--ast-global-color-5)","background-image":"","background-repeat":"repeat","background-position":"center center","background-size":"auto","background-attachment":"scroll","background-type":"","background-media":"","overlay-type":"","overlay-color":"","overlay-opacity":"","overlay-gradient":""}}},"product_brand":[],"product_cat":[1967,2511,2037,2512,3187,1977],"product_tag":[],"class_list":{"0":"post-319072","1":"product","2":"type-product","3":"status-publish","4":"has-post-thumbnail","6":"product_cat-bietet-an","7":"product_cat-hardware-de","8":"product_cat-panzer","9":"product_cat-shop-by-brand-de","10":"product_cat-streben","11":"product_cat-tanks-spulen","12":"desktop-align-center","13":"tablet-align-center","14":"mobile-align-center","15":"ast-product-gallery-layout-horizontal-slider","16":"ast-product-gallery-with-no-image","17":"ast-product-single-variable","18":"ast-product-tabs-layout-horizontal","20":"first","21":"instock","22":"sale","23":"taxable","24":"shipping-taxable","25":"purchasable","26":"product-type-variable"},"acf":[],"uagb_featured_image_src":{"full":["https:\/\/justvape.nu\/wp-content\/uploads\/2021\/02\/aspire-guroo-tank-justvape.jpg",800,800,false],"thumbnail":["https:\/\/justvape.nu\/wp-content\/uploads\/2021\/02\/aspire-guroo-tank-justvape-150x150.jpg",150,150,true],"medium":["https:\/\/justvape.nu\/wp-content\/uploads\/2021\/02\/aspire-guroo-tank-justvape-300x300.jpg",300,300,true],"medium_large":["https:\/\/justvape.nu\/wp-content\/uploads\/2021\/02\/aspire-guroo-tank-justvape-768x768.jpg",768,768,true],"large":["https:\/\/justvape.nu\/wp-content\/uploads\/2021\/02\/aspire-guroo-tank-justvape.jpg",800,800,false],"1536x1536":["https:\/\/justvape.nu\/wp-content\/uploads\/2021\/02\/aspire-guroo-tank-justvape.jpg",800,800,false],"2048x2048":["https:\/\/justvape.nu\/wp-content\/uploads\/2021\/02\/aspire-guroo-tank-justvape.jpg",800,800,false],"woocommerce_thumbnail":["https:\/\/justvape.nu\/wp-content\/uploads\/2021\/02\/aspire-guroo-tank-justvape-300x300.jpg",300,300,true],"woocommerce_single":["https:\/\/justvape.nu\/wp-content\/uploads\/2021\/02\/aspire-guroo-tank-justvape-600x600.jpg",600,600,true],"woocommerce_gallery_thumbnail":["https:\/\/justvape.nu\/wp-content\/uploads\/2021\/02\/aspire-guroo-tank-justvape-100x100.jpg",100,100,true],"dgwt-wcas-product-suggestion":["https:\/\/justvape.nu\/wp-content\/uploads\/2021\/02\/aspire-guroo-tank-justvape-64x64.jpg",64,64,true]},"uagb_author_info":{"display_name":"JustVape.nu","author_link":"https:\/\/justvape.nu\/de\/author\/"},"uagb_comment_info":0,"uagb_excerpt":"ASPIRE - GUROO TANK 2ML","_links":{"self":[{"href":"https:\/\/justvape.nu\/de\/wp-json\/wp\/v2\/product\/319072","targetHints":{"allow":["GET"]}}],"collection":[{"href":"https:\/\/justvape.nu\/de\/wp-json\/wp\/v2\/product"}],"about":[{"href":"https:\/\/justvape.nu\/de\/wp-json\/wp\/v2\/types\/product"}],"replies":[{"embeddable":true,"href":"https:\/\/justvape.nu\/de\/wp-json\/wp\/v2\/comments?post=319072"}],"wp:featuredmedia":[{"embeddable":true,"href":"https:\/\/justvape.nu\/de\/wp-json\/wp\/v2\/media\/318342"}],"wp:attachment":[{"href":"https:\/\/justvape.nu\/de\/wp-json\/wp\/v2\/media?parent=319072"}],"wp:term":[{"taxonomy":"product_brand","embeddable":true,"href":"https:\/\/justvape.nu\/de\/wp-json\/wp\/v2\/product_brand?post=319072"},{"taxonomy":"product_cat","embeddable":true,"href":"https:\/\/justvape.nu\/de\/wp-json\/wp\/v2\/product_cat?post=319072"},{"taxonomy":"product_tag","embeddable":true,"href":"https:\/\/justvape.nu\/de\/wp-json\/wp\/v2\/product_tag?post=319072"}],"curies":[{"name":"wp","href":"https:\/\/api.w.org\/{rel}","templated":true}]}}