{"id":318960,"date":"2021-02-15T22:28:55","date_gmt":"2021-02-15T21:28:55","guid":{"rendered":"https:\/\/www.justvape.nu\/produkt\/aspire-odan-evo-tank-2ml\/"},"modified":"2024-04-09T15:49:12","modified_gmt":"2024-04-09T13:49:12","slug":"aspire-odan-evo-2ml","status":"publish","type":"product","link":"https:\/\/justvape.nu\/de\/produkt\/aspire-odan-evo-2ml\/","title":{"rendered":"Aspire &#8211; Odan Evo Tank 2ml"},"content":{"rendered":"<h2>Aspire &#8211; Odan Evo Tank 2ml<\/h2>\n<p>&nbsp;<\/p>\n<p>Der Aspire Odan EVO Tank ist ein hochmoderner Sub-Ohm-Tank, der mit jedem Mod kompatibel ist. Der Tank hat ein E-Liquid-Fassungsverm\u00f6gen von 2 ml und verf\u00fcgt \u00fcber ein einfaches Top-Fill-System, das das Nachf\u00fcllen zum Kinderspiel macht. Mit einem bodenverstellbaren Luftstrom k\u00f6nnen Sie mit dem Odan evo-Tank Ihr Dampferlebnis individuell gestalten. Sie k\u00f6nnen zwischen einem engeren oder einem luftigeren Zug mit einer einfachen Drehung eines Rings w\u00e4hlen. In beiden F\u00e4llen erhalten Sie eine hervorragende Wolken- und Geschmacksproduktion. Der Odan EVO Tank ist mit Odan Coils kompatibel, die sich perfekt f\u00fcr das Dampfen unter Ohm eignen.<\/p>\n<p><img loading=\"lazy\" decoding=\"async\" class=\"alignnone size-full wp-image-19187\" src=\"https:\/\/www.justvape.nu\/wp-content\/uploads\/2018\/05\/Color-Schemes.png\" alt=\"\" width=\"950\" height=\"64\" title=\"\" srcset=\"https:\/\/justvape.nu\/wp-content\/uploads\/2018\/05\/Color-Schemes.png 950w, https:\/\/justvape.nu\/wp-content\/uploads\/2018\/05\/Color-Schemes-555x37.png 555w, https:\/\/justvape.nu\/wp-content\/uploads\/2018\/05\/Color-Schemes-64x4.png 64w, https:\/\/justvape.nu\/wp-content\/uploads\/2018\/05\/Color-Schemes-300x20.png 300w, https:\/\/justvape.nu\/wp-content\/uploads\/2018\/05\/Color-Schemes-768x52.png 768w\" sizes=\"auto, (max-width: 950px) 100vw, 950px\" \/><\/p>\n<p><img loading=\"lazy\" decoding=\"async\" class=\"alignnone size-full wp-image-317642\" src=\"https:\/\/www.justvape.nu\/wp-content\/uploads\/2021\/02\/aspire-odan-evo-color-justvape.jpg\" alt=\"\" width=\"950\" height=\"392\" title=\"\" srcset=\"https:\/\/justvape.nu\/wp-content\/uploads\/2021\/02\/aspire-odan-evo-color-justvape.jpg 950w, https:\/\/justvape.nu\/wp-content\/uploads\/2021\/02\/aspire-odan-evo-color-justvape-600x248.jpg 600w, https:\/\/justvape.nu\/wp-content\/uploads\/2021\/02\/aspire-odan-evo-color-justvape-64x26.jpg 64w, https:\/\/justvape.nu\/wp-content\/uploads\/2021\/02\/aspire-odan-evo-color-justvape-300x124.jpg 300w, https:\/\/justvape.nu\/wp-content\/uploads\/2021\/02\/aspire-odan-evo-color-justvape-768x317.jpg 768w\" sizes=\"auto, (max-width: 950px) 100vw, 950px\" \/><\/p>\n<p><img loading=\"lazy\" decoding=\"async\" class=\"alignnone size-full wp-image-18994\" src=\"https:\/\/www.justvape.nu\/wp-content\/uploads\/2018\/05\/Features.png\" alt=\"\" width=\"950\" height=\"64\" title=\"\" srcset=\"https:\/\/justvape.nu\/wp-content\/uploads\/2018\/05\/Features.png 950w, https:\/\/justvape.nu\/wp-content\/uploads\/2018\/05\/Features-555x37.png 555w, https:\/\/justvape.nu\/wp-content\/uploads\/2018\/05\/Features-64x4.png 64w, https:\/\/justvape.nu\/wp-content\/uploads\/2018\/05\/Features-300x20.png 300w, https:\/\/justvape.nu\/wp-content\/uploads\/2018\/05\/Features-768x52.png 768w\" sizes=\"auto, (max-width: 950px) 100vw, 950px\" \/><\/p>\n<p><strong>Eigenschaften:<\/strong><br \/>\n26mm Durchmesser<br \/>\n2 ml nachf\u00fcllbarer Tankinhalt<br \/>\nPyrex-Glasverst\u00e4rkung<br \/>\n\u00dcberlegene Edelstahlkonstruktion 304<br \/>\nTop Fill System &#8211; Vierteldrehung<br \/>\nAspire ODAN Coil Series<br \/>\n0,3 Ohm Maschenspulen<br \/>\n0,18 Ohm Maschenspulen<br \/>\nEinbau der Einpressspule<br \/>\nDoppelschlitz-Luftstromregelring unten<br \/>\n510-Gewindeanschluss<br \/>\nErh\u00e4ltlich in Edelstahl<\/p>\n<p><img loading=\"lazy\" decoding=\"async\" class=\"alignnone size-full wp-image-317651\" src=\"https:\/\/www.justvape.nu\/wp-content\/uploads\/2021\/02\/aspire-odan-evo-specification-justvape.png\" alt=\"\" width=\"950\" height=\"513\" title=\"\" srcset=\"https:\/\/justvape.nu\/wp-content\/uploads\/2021\/02\/aspire-odan-evo-specification-justvape.png 950w, https:\/\/justvape.nu\/wp-content\/uploads\/2021\/02\/aspire-odan-evo-specification-justvape-600x324.png 600w, https:\/\/justvape.nu\/wp-content\/uploads\/2021\/02\/aspire-odan-evo-specification-justvape-64x35.png 64w, https:\/\/justvape.nu\/wp-content\/uploads\/2021\/02\/aspire-odan-evo-specification-justvape-300x162.png 300w, https:\/\/justvape.nu\/wp-content\/uploads\/2021\/02\/aspire-odan-evo-specification-justvape-768x415.png 768w\" sizes=\"auto, (max-width: 950px) 100vw, 950px\" \/><\/p>\n<p><img loading=\"lazy\" decoding=\"async\" class=\"alignnone size-full wp-image-317660\" src=\"https:\/\/www.justvape.nu\/wp-content\/uploads\/2021\/02\/aspire-odan-evo-filling-justvape.jpg\" alt=\"\" width=\"950\" height=\"550\" title=\"\" srcset=\"https:\/\/justvape.nu\/wp-content\/uploads\/2021\/02\/aspire-odan-evo-filling-justvape.jpg 950w, https:\/\/justvape.nu\/wp-content\/uploads\/2021\/02\/aspire-odan-evo-filling-justvape-600x347.jpg 600w, https:\/\/justvape.nu\/wp-content\/uploads\/2021\/02\/aspire-odan-evo-filling-justvape-64x37.jpg 64w, https:\/\/justvape.nu\/wp-content\/uploads\/2021\/02\/aspire-odan-evo-filling-justvape-300x174.jpg 300w, https:\/\/justvape.nu\/wp-content\/uploads\/2021\/02\/aspire-odan-evo-filling-justvape-768x445.jpg 768w\" sizes=\"auto, (max-width: 950px) 100vw, 950px\" \/><\/p>\n<p><img loading=\"lazy\" decoding=\"async\" class=\"alignnone size-full wp-image-18999\" src=\"https:\/\/www.justvape.nu\/wp-content\/uploads\/2018\/04\/Packing-List.png\" alt=\"\" width=\"950\" height=\"64\" title=\"\" srcset=\"https:\/\/justvape.nu\/wp-content\/uploads\/2018\/04\/Packing-List.png 950w, https:\/\/justvape.nu\/wp-content\/uploads\/2018\/04\/Packing-List-555x37.png 555w, https:\/\/justvape.nu\/wp-content\/uploads\/2018\/04\/Packing-List-64x4.png 64w, https:\/\/justvape.nu\/wp-content\/uploads\/2018\/04\/Packing-List-300x20.png 300w, https:\/\/justvape.nu\/wp-content\/uploads\/2018\/04\/Packing-List-768x52.png 768w\" sizes=\"auto, (max-width: 950px) 100vw, 950px\" \/><\/p>\n<ul>\n<li>1 x Odan EVO Panzer<\/li>\n<li>1 x Odan Mesh Coil 0.3 (vorinstalliert)<\/li>\n<li>1 x Odan Mesh Coil 0,18 \u03a9<\/li>\n<li>1 x Benutzerhandbuch<\/li>\n<li>1 x Satz O-Ringe<\/li>\n<\/ul>\n","protected":false},"excerpt":{"rendered":"<p>Aspire &#8211; Odan Evo Tank 2ml<\/p>\n","protected":false},"featured_media":317679,"comment_status":"open","ping_status":"closed","template":"","meta":{"_acf_changed":false,"_uag_custom_page_level_css":"","site-sidebar-layout":"default","site-content-layout":"default","ast-site-content-layout":"default","site-content-style":"default","site-sidebar-style":"default","ast-global-header-display":"","ast-banner-title-visibility":"","ast-main-header-display":"","ast-hfb-above-header-display":"","ast-hfb-below-header-display":"","ast-hfb-mobile-header-display":"","site-post-title":"","ast-breadcrumbs-content":"","ast-featured-img":"","footer-sml-layout":"","ast-disable-related-posts":"","theme-transparent-header-meta":"default","adv-header-id-meta":"","stick-header-meta":"default","header-above-stick-meta":"","header-main-stick-meta":"","header-below-stick-meta":"","astra-migrate-meta-layouts":"default","ast-page-background-enabled":"default","ast-page-background-meta":{"desktop":{"background-color":"","background-image":"","background-repeat":"repeat","background-position":"center center","background-size":"auto","background-attachment":"scroll","background-type":"","background-media":"","overlay-type":"","overlay-color":"","overlay-opacity":"","overlay-gradient":""},"tablet":{"background-color":"","background-image":"","background-repeat":"repeat","background-position":"center center","background-size":"auto","background-attachment":"scroll","background-type":"","background-media":"","overlay-type":"","overlay-color":"","overlay-opacity":"","overlay-gradient":""},"mobile":{"background-color":"","background-image":"","background-repeat":"repeat","background-position":"center center","background-size":"auto","background-attachment":"scroll","background-type":"","background-media":"","overlay-type":"","overlay-color":"","overlay-opacity":"","overlay-gradient":""}},"ast-content-background-meta":{"desktop":{"background-color":"var(--ast-global-color-5)","background-image":"","background-repeat":"repeat","background-position":"center center","background-size":"auto","background-attachment":"scroll","background-type":"","background-media":"","overlay-type":"","overlay-color":"","overlay-opacity":"","overlay-gradient":""},"tablet":{"background-color":"var(--ast-global-color-5)","background-image":"","background-repeat":"repeat","background-position":"center center","background-size":"auto","background-attachment":"scroll","background-type":"","background-media":"","overlay-type":"","overlay-color":"","overlay-opacity":"","overlay-gradient":""},"mobile":{"background-color":"var(--ast-global-color-5)","background-image":"","background-repeat":"repeat","background-position":"center center","background-size":"auto","background-attachment":"scroll","background-type":"","background-media":"","overlay-type":"","overlay-color":"","overlay-opacity":"","overlay-gradient":""}}},"product_brand":[],"product_cat":[1967,2511,2037,2512,3187,1977],"product_tag":[],"class_list":{"0":"post-318960","1":"product","2":"type-product","3":"status-publish","4":"has-post-thumbnail","6":"product_cat-bietet-an","7":"product_cat-hardware-de","8":"product_cat-panzer","9":"product_cat-shop-by-brand-de","10":"product_cat-streben","11":"product_cat-tanks-spulen","12":"desktop-align-center","13":"tablet-align-center","14":"mobile-align-center","15":"ast-product-gallery-layout-horizontal-slider","16":"ast-product-gallery-with-no-image","17":"ast-product-single-variable","18":"ast-product-tabs-layout-horizontal","20":"first","21":"instock","22":"sale","23":"taxable","24":"shipping-taxable","25":"purchasable","26":"product-type-variable"},"acf":[],"uagb_featured_image_src":{"full":["https:\/\/justvape.nu\/wp-content\/uploads\/2021\/02\/OdenEvo5_justvape.jpg",800,800,false],"thumbnail":["https:\/\/justvape.nu\/wp-content\/uploads\/2021\/02\/OdenEvo5_justvape-150x150.jpg",150,150,true],"medium":["https:\/\/justvape.nu\/wp-content\/uploads\/2021\/02\/OdenEvo5_justvape-300x300.jpg",300,300,true],"medium_large":["https:\/\/justvape.nu\/wp-content\/uploads\/2021\/02\/OdenEvo5_justvape-768x768.jpg",768,768,true],"large":["https:\/\/justvape.nu\/wp-content\/uploads\/2021\/02\/OdenEvo5_justvape.jpg",800,800,false],"1536x1536":["https:\/\/justvape.nu\/wp-content\/uploads\/2021\/02\/OdenEvo5_justvape.jpg",800,800,false],"2048x2048":["https:\/\/justvape.nu\/wp-content\/uploads\/2021\/02\/OdenEvo5_justvape.jpg",800,800,false],"woocommerce_thumbnail":["https:\/\/justvape.nu\/wp-content\/uploads\/2021\/02\/OdenEvo5_justvape-300x300.jpg",300,300,true],"woocommerce_single":["https:\/\/justvape.nu\/wp-content\/uploads\/2021\/02\/OdenEvo5_justvape-600x600.jpg",600,600,true],"woocommerce_gallery_thumbnail":["https:\/\/justvape.nu\/wp-content\/uploads\/2021\/02\/OdenEvo5_justvape-100x100.jpg",100,100,true],"dgwt-wcas-product-suggestion":["https:\/\/justvape.nu\/wp-content\/uploads\/2021\/02\/OdenEvo5_justvape-64x64.jpg",64,64,true]},"uagb_author_info":{"display_name":"JustVape.nu","author_link":"https:\/\/justvape.nu\/de\/author\/"},"uagb_comment_info":0,"uagb_excerpt":"Aspire - Odan Evo Tank 2ml","_links":{"self":[{"href":"https:\/\/justvape.nu\/de\/wp-json\/wp\/v2\/product\/318960","targetHints":{"allow":["GET"]}}],"collection":[{"href":"https:\/\/justvape.nu\/de\/wp-json\/wp\/v2\/product"}],"about":[{"href":"https:\/\/justvape.nu\/de\/wp-json\/wp\/v2\/types\/product"}],"replies":[{"embeddable":true,"href":"https:\/\/justvape.nu\/de\/wp-json\/wp\/v2\/comments?post=318960"}],"wp:featuredmedia":[{"embeddable":true,"href":"https:\/\/justvape.nu\/de\/wp-json\/wp\/v2\/media\/317679"}],"wp:attachment":[{"href":"https:\/\/justvape.nu\/de\/wp-json\/wp\/v2\/media?parent=318960"}],"wp:term":[{"taxonomy":"product_brand","embeddable":true,"href":"https:\/\/justvape.nu\/de\/wp-json\/wp\/v2\/product_brand?post=318960"},{"taxonomy":"product_cat","embeddable":true,"href":"https:\/\/justvape.nu\/de\/wp-json\/wp\/v2\/product_cat?post=318960"},{"taxonomy":"product_tag","embeddable":true,"href":"https:\/\/justvape.nu\/de\/wp-json\/wp\/v2\/product_tag?post=318960"}],"curies":[{"name":"wp","href":"https:\/\/api.w.org\/{rel}","templated":true}]}}