{"id":414333,"date":"2021-12-14T10:55:38","date_gmt":"2021-12-14T09:55:38","guid":{"rendered":"https:\/\/justvape.nu\/?page_id=414333"},"modified":"2021-12-29T13:54:29","modified_gmt":"2021-12-29T12:54:29","slug":"versand-faqs","status":"publish","type":"page","link":"https:\/\/justvape.nu\/de\/versand-faqs\/","title":{"rendered":"Versand FAQ"},"content":{"rendered":"<p><strong>Sie k\u00f6nnen Ihre Bestellung verfolgen, indem Sie auf die von Ihnen gew\u00e4hlte Versandart klicken. Kopieren Sie einfach den Tracking-Code und klicken Sie auf die gew\u00e4hlte Versandart.<\/strong><\/p>\n<p><a href=\"https:\/\/www.dhl.com\/en\/express\/tracking.html\" target=\"_blank\" rel=\"nofollow noopener\"><strong>DHL<\/strong><\/a><\/p>\n<p><a href=\"https:\/\/tracking.packeta.com\/en\/tracking\/search\" target=\"_blank\" rel=\"nofollow noopener\"><strong>Packeta<\/strong><\/a><\/p>\n<p><a href=\"https:\/\/www.asendia.com\/\" target=\"_blank\" rel=\"nofollow noopener\"><strong>Asendia<\/strong><\/a><\/p>\n<p><a href=\"https:\/\/postnl.post\/\" target=\"_blank\" rel=\"nofollow noopener\"><strong>POST NL<\/strong><\/a><\/p>\n<p><strong><a href=\"https:\/\/www.theupsstore.com\/tools\/track-a-package\" target=\"_blank\" rel=\"nofollow noopener\">UPS<\/a><\/strong><\/p>\n<p><strong><a href=\"https:\/\/www.sps-sro.sk\/en\/Welcome-to-the-SPS.html\" target=\"_blank\" rel=\"noopener\">SPS<\/a><\/strong><\/p>\n<p><strong>DHL<\/strong>: Wenn Sie DHL \/ DHL Express gew\u00e4hlt haben, k\u00f6nnen Sie Ihre Sendung mit der offiziellen DHL \/ DHL Express APP verwalten. Dort k\u00f6nnen Sie die Zustelloption auf eine der vielen DHL-Servicestellen \u00e4ndern, wenn Sie zu dem Zeitpunkt nicht zu Hause sind, an dem DHL kommt und das Paket zustellt.<\/p>\n<p><strong>Asendia: <\/strong>Bei Asendia k\u00f6nnen Sie das Paket in den ersten 2-3 Werktagen nicht verfolgen, da das Paket von unserem Lager zur Sortieranlage von Asendia in Deutschland transportiert wird. Wenn Asendia das Paket erh\u00e4lt, k\u00f6nnen Sie ab diesem Zeitpunkt Aktualisierungen des Pakets sehen.<\/p>\n<p><strong>Alle Post:<\/strong> Bei der Post k\u00f6nnen Sie Ihr Paket mit Packeta verfolgen, bis Ihr Paket in Ihrem Land eintrifft. Die Verfolgung durch die Post funktioniert erst, wenn das Paket bei dem ausgew\u00e4hlten Postdienst in Ihrem Land eintrifft. Wenn die Sendung beim ausgew\u00e4hlten Postdienst angekommen ist, k\u00f6nnen Sie sie \u00fcber den ausgew\u00e4hlten Dienst verfolgen. Bitte beachten Sie, dass es normal ist, dass das Paket keine Aktualisierungen von der Prager Sortieranlage hat, bis das Paket in Ihrem Land ankommt. Dies dauert normalerweise etwa 2-3 Werktage, bevor das von der Prager Postsortieranlage transportierte Paket in Ihrem Land ankommt.<\/p>\n","protected":false},"excerpt":{"rendered":"<p>Sie k\u00f6nnen Ihre Bestellung verfolgen, indem Sie auf die von Ihnen gew\u00e4hlte Versandart klicken. Kopieren Sie einfach den Tracking-Code und klicken Sie auf die gew\u00e4hlte Versandart. DHL Packeta Asendia POST NL UPS SPS DHL: Wenn Sie DHL \/ DHL Express gew\u00e4hlt haben, k\u00f6nnen Sie Ihre Sendung mit der offiziellen DHL \/ DHL Express APP verwalten. [&hellip;]<\/p>\n","protected":false},"author":7016,"featured_media":0,"parent":0,"menu_order":0,"comment_status":"closed","ping_status":"closed","template":"","meta":{"_acf_changed":false,"_uag_custom_page_level_css":"","site-sidebar-layout":"default","site-content-layout":"default","ast-site-content-layout":"default","site-content-style":"default","site-sidebar-style":"default","ast-global-header-display":"","ast-banner-title-visibility":"","ast-main-header-display":"","ast-hfb-above-header-display":"","ast-hfb-below-header-display":"","ast-hfb-mobile-header-display":"","site-post-title":"","ast-breadcrumbs-content":"","ast-featured-img":"","footer-sml-layout":"","ast-disable-related-posts":"","theme-transparent-header-meta":"default","adv-header-id-meta":"","stick-header-meta":"default","header-above-stick-meta":"","header-main-stick-meta":"","header-below-stick-meta":"","astra-migrate-meta-layouts":"default","ast-page-background-enabled":"default","ast-page-background-meta":{"desktop":{"background-color":"","background-image":"","background-repeat":"repeat","background-position":"center center","background-size":"auto","background-attachment":"scroll","background-type":"","background-media":"","overlay-type":"","overlay-color":"","overlay-opacity":"","overlay-gradient":""},"tablet":{"background-color":"","background-image":"","background-repeat":"repeat","background-position":"center center","background-size":"auto","background-attachment":"scroll","background-type":"","background-media":"","overlay-type":"","overlay-color":"","overlay-opacity":"","overlay-gradient":""},"mobile":{"background-color":"","background-image":"","background-repeat":"repeat","background-position":"center center","background-size":"auto","background-attachment":"scroll","background-type":"","background-media":"","overlay-type":"","overlay-color":"","overlay-opacity":"","overlay-gradient":""}},"ast-content-background-meta":{"desktop":{"background-color":"var(--ast-global-color-5)","background-image":"","background-repeat":"repeat","background-position":"center center","background-size":"auto","background-attachment":"scroll","background-type":"","background-media":"","overlay-type":"","overlay-color":"","overlay-opacity":"","overlay-gradient":""},"tablet":{"background-color":"var(--ast-global-color-5)","background-image":"","background-repeat":"repeat","background-position":"center center","background-size":"auto","background-attachment":"scroll","background-type":"","background-media":"","overlay-type":"","overlay-color":"","overlay-opacity":"","overlay-gradient":""},"mobile":{"background-color":"var(--ast-global-color-5)","background-image":"","background-repeat":"repeat","background-position":"center center","background-size":"auto","background-attachment":"scroll","background-type":"","background-media":"","overlay-type":"","overlay-color":"","overlay-opacity":"","overlay-gradient":""}},"footnotes":""},"class_list":["post-414333","page","type-page","status-publish","hentry"],"acf":[],"uagb_featured_image_src":{"full":false,"thumbnail":false,"medium":false,"medium_large":false,"large":false,"1536x1536":false,"2048x2048":false,"woocommerce_thumbnail":false,"woocommerce_single":false,"woocommerce_gallery_thumbnail":false,"dgwt-wcas-product-suggestion":false},"uagb_author_info":{"display_name":"Fenilft","author_link":"https:\/\/justvape.nu\/de\/author\/fenilft\/"},"uagb_comment_info":0,"uagb_excerpt":"Sie k\u00f6nnen Ihre Bestellung verfolgen, indem Sie auf die von Ihnen gew\u00e4hlte Versandart klicken. Kopieren Sie einfach den Tracking-Code und klicken Sie auf die gew\u00e4hlte Versandart. DHL Packeta Asendia POST NL UPS SPS DHL: Wenn Sie DHL \/ DHL Express gew\u00e4hlt haben, k\u00f6nnen Sie Ihre Sendung mit der offiziellen DHL \/ DHL Express APP verwalten.&hellip;","_links":{"self":[{"href":"https:\/\/justvape.nu\/de\/wp-json\/wp\/v2\/pages\/414333","targetHints":{"allow":["GET"]}}],"collection":[{"href":"https:\/\/justvape.nu\/de\/wp-json\/wp\/v2\/pages"}],"about":[{"href":"https:\/\/justvape.nu\/de\/wp-json\/wp\/v2\/types\/page"}],"author":[{"embeddable":true,"href":"https:\/\/justvape.nu\/de\/wp-json\/wp\/v2\/users\/7016"}],"replies":[{"embeddable":true,"href":"https:\/\/justvape.nu\/de\/wp-json\/wp\/v2\/comments?post=414333"}],"version-history":[{"count":0,"href":"https:\/\/justvape.nu\/de\/wp-json\/wp\/v2\/pages\/414333\/revisions"}],"wp:attachment":[{"href":"https:\/\/justvape.nu\/de\/wp-json\/wp\/v2\/media?parent=414333"}],"curies":[{"name":"wp","href":"https:\/\/api.w.org\/{rel}","templated":true}]}}