{"id":212060,"date":"2018-01-03T13:15:25","date_gmt":"2018-01-03T12:15:25","guid":{"rendered":"https:\/\/www.justvape.nu\/kurv\/"},"modified":"2021-11-08T13:37:24","modified_gmt":"2021-11-08T12:37:24","slug":"kurv","status":"publish","type":"page","link":"https:\/\/justvape.nu\/de\/kurv\/","title":{"rendered":"Korb"},"content":{"rendered":"<p><strong>Ihr Warenkorb<\/strong><\/p>\n<p>Hier k\u00f6nnen Sie Ihre Bestellung sehen und den Versand w\u00e4hlen, bevor Sie zur Kasse gehen.<\/p>\n<p><strong>EU:<\/strong><\/p>\n<div class=\"o9v6fnle cxmmr5t8 oygrvhab hcukyx3x c1et5uql ii04i59q\">\n<div dir=\"auto\"><strong>DHL EXPRESS<\/strong>: Geliefert nach 1-2 Tagen, egal wo in der EU (Wenn die Bestellung vor 12:00 Uhr aufgegeben wird)! Diese Versandoption ist sehr empfehlenswert und ist ohne die beste Versandoption, die Sie weltweit bekommen k\u00f6nnen, niemand kann DHL Express L\u00f6sungen in Geschwindigkeit und Qualit\u00e4t schlagen!<\/div>\n<\/div>\n<div class=\"o9v6fnle cxmmr5t8 oygrvhab hcukyx3x c1et5uql ii04i59q\">\n<div dir=\"auto\"><\/div>\n<div dir=\"auto\"><strong>UPS:<\/strong> 3-6 Lieferzeiten je nach Standort in der EU. Eine solide L\u00f6sung, um eine schnellere Versandzeit als die Post zu erhalten, aber auch zu h\u00f6heren Kosten.<\/div>\n<\/div>\n<div class=\"o9v6fnle cxmmr5t8 oygrvhab hcukyx3x c1et5uql ii04i59q\">\n<div dir=\"auto\"><\/div>\n<div dir=\"auto\"><strong>POST:<\/strong> Regul\u00e4re Post zu einem g\u00fcnstigeren Preis aber einer l\u00e4ngeren Versandzeit 2 -?? Tage, je nachdem, wo in der EU und im Empf\u00e4ngerland Epidemiebedingungen herrschen. Die Post ist stark von der Covid-Pandemie betroffen und die zus\u00e4tzliche Versandzeit sollte dementsprechend berechnet werden, weshalb wir keine genaue maximale Anzahl von Tagen angeben k\u00f6nnen, die es in der gegebenen Zeit aufgrund von Covid dauern kann.<\/div>\n<div dir=\"auto\"><\/div>\n<\/div>\n<p><strong>NB:<\/strong> Transportunternehmen holen keine Pakete an Wochenenden ab, und Feiertage und Artikel, die w\u00e4hrend dieses Zeitraums bestellt wurden, werden am ersten Wochentag versendet. Alle Transporttage werden als Arbeitstage berechnet und beinhalten keine Feiertage und Wochenenden.<\/p>\n\n","protected":false},"excerpt":{"rendered":"<p>Ihr Warenkorb Hier k\u00f6nnen Sie Ihre Bestellung sehen und den Versand w\u00e4hlen, bevor Sie zur Kasse gehen. EU: DHL EXPRESS: Geliefert nach 1-2 Tagen, egal wo in der EU (Wenn die Bestellung vor 12:00 Uhr aufgegeben wird)! Diese Versandoption ist sehr empfehlenswert und ist ohne die beste Versandoption, die Sie weltweit bekommen k\u00f6nnen, niemand kann [&hellip;]<\/p>\n","protected":false},"author":1,"featured_media":0,"parent":0,"menu_order":0,"comment_status":"closed","ping_status":"closed","template":"","meta":{"_acf_changed":false,"_uag_custom_page_level_css":"","site-sidebar-layout":"no-sidebar","site-content-layout":"default","ast-site-content-layout":"default","site-content-style":"default","site-sidebar-style":"default","ast-global-header-display":"","ast-banner-title-visibility":"","ast-main-header-display":"","ast-hfb-above-header-display":"","ast-hfb-below-header-display":"","ast-hfb-mobile-header-display":"","site-post-title":"","ast-breadcrumbs-content":"","ast-featured-img":"","footer-sml-layout":"","ast-disable-related-posts":"","theme-transparent-header-meta":"default","adv-header-id-meta":"","stick-header-meta":"default","header-above-stick-meta":"","header-main-stick-meta":"","header-below-stick-meta":"","astra-migrate-meta-layouts":"default","ast-page-background-enabled":"default","ast-page-background-meta":{"desktop":{"background-color":"","background-image":"","background-repeat":"repeat","background-position":"center center","background-size":"auto","background-attachment":"scroll","background-type":"","background-media":"","overlay-type":"","overlay-color":"","overlay-opacity":"","overlay-gradient":""},"tablet":{"background-color":"","background-image":"","background-repeat":"repeat","background-position":"center center","background-size":"auto","background-attachment":"scroll","background-type":"","background-media":"","overlay-type":"","overlay-color":"","overlay-opacity":"","overlay-gradient":""},"mobile":{"background-color":"","background-image":"","background-repeat":"repeat","background-position":"center center","background-size":"auto","background-attachment":"scroll","background-type":"","background-media":"","overlay-type":"","overlay-color":"","overlay-opacity":"","overlay-gradient":""}},"ast-content-background-meta":{"desktop":{"background-color":"var(--ast-global-color-5)","background-image":"","background-repeat":"repeat","background-position":"center center","background-size":"auto","background-attachment":"scroll","background-type":"","background-media":"","overlay-type":"","overlay-color":"","overlay-opacity":"","overlay-gradient":""},"tablet":{"background-color":"var(--ast-global-color-5)","background-image":"","background-repeat":"repeat","background-position":"center center","background-size":"auto","background-attachment":"scroll","background-type":"","background-media":"","overlay-type":"","overlay-color":"","overlay-opacity":"","overlay-gradient":""},"mobile":{"background-color":"var(--ast-global-color-5)","background-image":"","background-repeat":"repeat","background-position":"center center","background-size":"auto","background-attachment":"scroll","background-type":"","background-media":"","overlay-type":"","overlay-color":"","overlay-opacity":"","overlay-gradient":""}},"footnotes":""},"class_list":["post-212060","page","type-page","status-publish","hentry"],"acf":[],"uagb_featured_image_src":{"full":false,"thumbnail":false,"medium":false,"medium_large":false,"large":false,"1536x1536":false,"2048x2048":false,"woocommerce_thumbnail":false,"woocommerce_single":false,"woocommerce_gallery_thumbnail":false,"dgwt-wcas-product-suggestion":false},"uagb_author_info":{"display_name":"dsadmin","author_link":"https:\/\/justvape.nu\/de\/author\/dsadmin\/"},"uagb_comment_info":0,"uagb_excerpt":"Ihr Warenkorb Hier k\u00f6nnen Sie Ihre Bestellung sehen und den Versand w\u00e4hlen, bevor Sie zur Kasse gehen. EU: DHL EXPRESS: Geliefert nach 1-2 Tagen, egal wo in der EU (Wenn die Bestellung vor 12:00 Uhr aufgegeben wird)! Diese Versandoption ist sehr empfehlenswert und ist ohne die beste Versandoption, die Sie weltweit bekommen k\u00f6nnen, niemand kann&hellip;","_links":{"self":[{"href":"https:\/\/justvape.nu\/de\/wp-json\/wp\/v2\/pages\/212060","targetHints":{"allow":["GET"]}}],"collection":[{"href":"https:\/\/justvape.nu\/de\/wp-json\/wp\/v2\/pages"}],"about":[{"href":"https:\/\/justvape.nu\/de\/wp-json\/wp\/v2\/types\/page"}],"author":[{"embeddable":true,"href":"https:\/\/justvape.nu\/de\/wp-json\/wp\/v2\/users\/1"}],"replies":[{"embeddable":true,"href":"https:\/\/justvape.nu\/de\/wp-json\/wp\/v2\/comments?post=212060"}],"version-history":[{"count":0,"href":"https:\/\/justvape.nu\/de\/wp-json\/wp\/v2\/pages\/212060\/revisions"}],"wp:attachment":[{"href":"https:\/\/justvape.nu\/de\/wp-json\/wp\/v2\/media?parent=212060"}],"curies":[{"name":"wp","href":"https:\/\/api.w.org\/{rel}","templated":true}]}}