{"id":211985,"date":"2018-01-21T22:11:20","date_gmt":"2018-01-21T21:11:20","guid":{"rendered":"https:\/\/www.justvape.nu\/om-just-vape\/"},"modified":"2021-05-16T19:31:40","modified_gmt":"2021-05-16T17:31:40","slug":"om-just-vape","status":"publish","type":"page","link":"https:\/\/justvape.nu\/de\/om-just-vape\/","title":{"rendered":"\u00dcber Just Vape"},"content":{"rendered":"<p>Just Vape hat alles in E-Zigaretten und E-Liquids.<br \/>\nWir haben eine der gr\u00f6\u00dften europ\u00e4ischen Auswahl an E-Liquids und Hardware aus dem In- und Ausland.<\/p>\n<p>Wir h\u00f6ren unseren Kunden zu und deshalb kann man sich immer ein Produkt f\u00fcr den Shop w\u00fcnschen.<br \/>\nSonderbestellungen gehen auch ein, wenn wir etwas ganz Besonderes f\u00fcr Sie machen m\u00fcssen!<\/p>\n<p>Wir haben immer die neuesten Informationen \u00fcber die Entwicklungen auf dem Markt und stellen sicher, dass wir unseren Kunden immer die neuesten und besten Produkte aus dem In- und Ausland anbieten.<\/p>\n<p>Wir bem\u00fchen uns, unseren Kunden den besten Kundenservice zu bieten, ohne Sie w\u00e4ren wir nicht hier!<\/p>\n<p>Justvape.nu s. ro<\/p>\n<p>Umsatzsteuer-Identifikationsnummer: SK2121251869<\/p>\n<p>Stra\u00dfe: Star\u00e1 Vajnorsk\u00e1 3338\/17<\/p>\n<p>831 04<\/p>\n<p>Bratislava-Nov\u00e9 Mesto<\/p>\n<p>Slowakei<\/p>\n","protected":false},"excerpt":{"rendered":"<p>Just Vape hat alles in E-Zigaretten und E-Liquids. Wir haben eine der gr\u00f6\u00dften europ\u00e4ischen Auswahl an E-Liquids und Hardware aus dem In- und Ausland. Wir h\u00f6ren unseren Kunden zu und deshalb kann man sich immer ein Produkt f\u00fcr den Shop w\u00fcnschen. Sonderbestellungen gehen auch ein, wenn wir etwas ganz Besonderes f\u00fcr Sie machen m\u00fcssen! Wir [&hellip;]<\/p>\n","protected":false},"author":1,"featured_media":0,"parent":0,"menu_order":0,"comment_status":"closed","ping_status":"closed","template":"","meta":{"_acf_changed":false,"_uag_custom_page_level_css":"","site-sidebar-layout":"default","site-content-layout":"default","ast-site-content-layout":"default","site-content-style":"default","site-sidebar-style":"default","ast-global-header-display":"","ast-banner-title-visibility":"","ast-main-header-display":"","ast-hfb-above-header-display":"","ast-hfb-below-header-display":"","ast-hfb-mobile-header-display":"","site-post-title":"","ast-breadcrumbs-content":"","ast-featured-img":"","footer-sml-layout":"","ast-disable-related-posts":"","theme-transparent-header-meta":"default","adv-header-id-meta":"","stick-header-meta":"default","header-above-stick-meta":"","header-main-stick-meta":"","header-below-stick-meta":"","astra-migrate-meta-layouts":"default","ast-page-background-enabled":"default","ast-page-background-meta":{"desktop":{"background-color":"","background-image":"","background-repeat":"repeat","background-position":"center center","background-size":"auto","background-attachment":"scroll","background-type":"","background-media":"","overlay-type":"","overlay-color":"","overlay-opacity":"","overlay-gradient":""},"tablet":{"background-color":"","background-image":"","background-repeat":"repeat","background-position":"center center","background-size":"auto","background-attachment":"scroll","background-type":"","background-media":"","overlay-type":"","overlay-color":"","overlay-opacity":"","overlay-gradient":""},"mobile":{"background-color":"","background-image":"","background-repeat":"repeat","background-position":"center center","background-size":"auto","background-attachment":"scroll","background-type":"","background-media":"","overlay-type":"","overlay-color":"","overlay-opacity":"","overlay-gradient":""}},"ast-content-background-meta":{"desktop":{"background-color":"var(--ast-global-color-5)","background-image":"","background-repeat":"repeat","background-position":"center center","background-size":"auto","background-attachment":"scroll","background-type":"","background-media":"","overlay-type":"","overlay-color":"","overlay-opacity":"","overlay-gradient":""},"tablet":{"background-color":"var(--ast-global-color-5)","background-image":"","background-repeat":"repeat","background-position":"center center","background-size":"auto","background-attachment":"scroll","background-type":"","background-media":"","overlay-type":"","overlay-color":"","overlay-opacity":"","overlay-gradient":""},"mobile":{"background-color":"var(--ast-global-color-5)","background-image":"","background-repeat":"repeat","background-position":"center center","background-size":"auto","background-attachment":"scroll","background-type":"","background-media":"","overlay-type":"","overlay-color":"","overlay-opacity":"","overlay-gradient":""}},"footnotes":""},"class_list":["post-211985","page","type-page","status-publish","hentry"],"acf":[],"uagb_featured_image_src":{"full":false,"thumbnail":false,"medium":false,"medium_large":false,"large":false,"1536x1536":false,"2048x2048":false,"woocommerce_thumbnail":false,"woocommerce_single":false,"woocommerce_gallery_thumbnail":false,"dgwt-wcas-product-suggestion":false},"uagb_author_info":{"display_name":"dsadmin","author_link":"https:\/\/justvape.nu\/de\/author\/dsadmin\/"},"uagb_comment_info":0,"uagb_excerpt":"Just Vape hat alles in E-Zigaretten und E-Liquids. Wir haben eine der gr\u00f6\u00dften europ\u00e4ischen Auswahl an E-Liquids und Hardware aus dem In- und Ausland. Wir h\u00f6ren unseren Kunden zu und deshalb kann man sich immer ein Produkt f\u00fcr den Shop w\u00fcnschen. Sonderbestellungen gehen auch ein, wenn wir etwas ganz Besonderes f\u00fcr Sie machen m\u00fcssen! Wir&hellip;","_links":{"self":[{"href":"https:\/\/justvape.nu\/de\/wp-json\/wp\/v2\/pages\/211985","targetHints":{"allow":["GET"]}}],"collection":[{"href":"https:\/\/justvape.nu\/de\/wp-json\/wp\/v2\/pages"}],"about":[{"href":"https:\/\/justvape.nu\/de\/wp-json\/wp\/v2\/types\/page"}],"author":[{"embeddable":true,"href":"https:\/\/justvape.nu\/de\/wp-json\/wp\/v2\/users\/1"}],"replies":[{"embeddable":true,"href":"https:\/\/justvape.nu\/de\/wp-json\/wp\/v2\/comments?post=211985"}],"version-history":[{"count":0,"href":"https:\/\/justvape.nu\/de\/wp-json\/wp\/v2\/pages\/211985\/revisions"}],"wp:attachment":[{"href":"https:\/\/justvape.nu\/de\/wp-json\/wp\/v2\/media?parent=211985"}],"curies":[{"name":"wp","href":"https:\/\/api.w.org\/{rel}","templated":true}]}}