{"id":211970,"date":"2018-01-21T22:13:18","date_gmt":"2018-01-21T21:13:18","guid":{"rendered":"https:\/\/www.justvape.nu\/handelsbetingelser\/"},"modified":"2024-05-22T10:57:25","modified_gmt":"2024-05-22T08:57:25","slug":"handelsbetingelser","status":"publish","type":"page","link":"https:\/\/justvape.nu\/de\/handelsbetingelser\/","title":{"rendered":"Gesch\u00e4ftsbedingungen"},"content":{"rendered":"<p><strong>Allgemeine Informationen  <\/strong><\/p>\n<p>Justvape.nu<\/p>\n<p>E-Mail: <a href=\"mailto:contact@justvape.nu\">contact@justvape.nu<\/a><\/p>\n<p>Jeder ist willkommen, um bei justvape.nu einzukaufen, M\u00fcssen Sie jedoch mindestens 18 Jahre alt sein.<\/p>\n<p><strong>zahlung <\/strong><\/p>\n<p>Justvape.nu akzeptiert Zahlungen mit Dankort\/ VISA-Dankort, VISA, VISA Elektron, MasterCard, MobilePay Online und ApplePay.<\/p>\n<p>F\u00fcr Kreditkarten werden keine Geb\u00fchren erhoben.<\/p>\n<p>Der Betrag wird erst dann von Ihrem Kartenkonto abgebucht, wenn die Ware versandt wird.<\/p>\n<p><strong>F\u00dcR COD &#8211; ZAHLUNG BEI LIEFERUNG &#8211; WENN NICHT AKZEPTIERT UND BEI LIEFERUNG AN DEN KUNDEN BEZAHLT, WIRD DEM KUNDEN EINE VERWALTUNGSGEB\u00dcHR VON 25 EURO IN RECHNUNG GESTELLT! <\/strong><\/p>\n<p><strong>Fracht<\/strong><\/p>\n<p>Justvape.nu liefert an allen Werktagen. Zollgeb\u00fchren und verlorene Waren aufgrund der Beschlagnahmung von Waren beim Zoll werden von JustVape nicht \u00fcbernommen. Die Versandzeiten und -preise sind von Land zu Land unterschiedlich und h\u00e4ngen vom jeweiligen Versandunternehmen ab: DHL Express, UPS EU, PostNord, Deutsche Post und DPD International.<\/p>\n<p>DHL Express weltweit: 1-2 Arbeitstage. Dies gilt nicht f\u00fcr abgelegene Standorte, wo der Transport mehr Zeit in Anspruch nimmt.<br \/>\nUPS EU: 2-7 Tage.<br \/>\nPostNord: 2-14 Tage.<br \/>\nDPD International: 2-7 Tage.<\/p>\n<p><strong>Widerrufsrechte  <\/strong><\/p>\n<p>Wenn Sie als Verbraucher bei uns einkaufen, haben Sie eine 14-t\u00e4gige Bedenkzeit, in der Sie das Recht haben, den Kauf zu stornieren.<\/p>\n<p>Diese Bedenkzeit l\u00e4uft 14 Tage nach dem Tag ab, an dem Sie Ihre Waren erhalten haben. Wenn Sie mehrere Artikel im selben Einkauf bestellt haben und diese separat geliefert werden, l\u00e4uft die Periode ab dem Tag, an dem Sie den letzten Artikel erhalten haben.<\/p>\n<p>Wenn der Kauf aus mehreren Sendungen oder Teilen besteht, erlischt das Widerrufsrecht 14 Tage nach dem Tag, an dem Sie die letzte Sendung oder den letzten Teil erhalten haben.<\/p>\n<p>Die Frist bedeutet, dass Sie 14 Tage nach Erhalt der Ware haben, um uns mitzuteilen, dass Sie den Kauf stornieren m\u00f6chten. Sie k\u00f6nnen eine E-Mail an <a href=\"mailto:contact@justvape.nu\">contact@justvape.nu<\/a> senden oder das Standard-Widerrufsformular nutzen, das Sie am Ende der Gesch\u00e4ftsbedingungen finden.<\/p>\n<p>Sie k\u00f6nnen den Kauf nicht stornieren, indem Sie die Annahme der Ware verweigern, es sei denn, Sie informieren uns gleichzeitig.<\/p>\n<p>Bestellungen k\u00f6nnen nicht storniert werden, sobald sie vom Kunden gekauft wurden, aber die Bestellung kann zur\u00fcckgeschickt werden, wenn sie per E-Mail angefordert wird.<\/p>\n<p><strong>Stornieren eines Teils des Kaufs  <\/strong><\/p>\n<p>Wenn Sie mehr als einen Artikel bei uns gekauft haben, k\u00f6nnen Sie einen oder mehrere Artikel zur\u00fcckgeben, auch wenn sie in einer einzigen Bestellung gekauft wurden.<\/p>\n<p>Bitte beachten Sie, dass Frachtkosten nicht zur\u00fcckerstattet werden, wenn Sie einen Teil Ihres Kaufs stornieren.<\/p>\n<p><strong>R\u00fccksendung der Waren  <\/strong><\/p>\n<p>Wenn Sie uns mitgeteilt haben, dass Sie Ihren Kauf stornieren, haben Sie 14 Tage Zeit, um die Ware an uns zur\u00fcckzugeben.<\/p>\n<p>Sie selbst m\u00fcssen f\u00fcr die R\u00fccksendung des Pakets bezahlen, und Sie werden haftbar gemacht, wenn es w\u00e4hrend des Transports besch\u00e4digt wird.<\/p>\n<p><strong>Kein Widerrufsrecht<\/strong><br \/>\nFolgende Vereinbarungen k\u00f6nnen nicht gek\u00fcndigt werden:<\/p>\n<p>Lieferungen von versiegelten Gegenst\u00e4nden, die aus gesundheitlichen oder hygienischen Gr\u00fcnden nicht zur R\u00fcckgabe geeignet sind, wenn das Siegel nach der Lieferung gebrochen wurde.<\/p>\n<p><strong>Der Status des Artikels, wenn Sie ihn zur\u00fcckgeben<\/strong><\/p>\n<p>Wenn der Wert des Artikels reduziert wird, und der Grund daf\u00fcr ist, dass Sie ihn in irgendeiner Weise \u00fcber das hinaus verwendet haben, was notwendig war, um die Art und die Eigenschaften des Artikels zu \u00fcberpr\u00fcfen und wie er funktioniert, dann kann Ihnen nur ein Teil der Einkaufssumme zur\u00fcckerstattet werden. Der Betrag, der zur\u00fcckerstattet werden kann, h\u00e4ngt vom verkaufsf\u00e4higen Wert des Artikels ab, und in bestimmten F\u00e4llen kann dies bedeuten, dass nur die Frachtkosten zur\u00fcckerstattet werden k\u00f6nnen.<\/p>\n<p>Wir empfehlen Ihnen, den Artikel in der Originalverpackung zur\u00fcckzugeben.<\/p>\n<p>Wenn die Originalverpackung fehlt, kann sie den Wert des Artikels verringern.<\/p>\n<p><strong>R\u00fcckerstattung der Einkaufssumme  <\/strong><\/p>\n<p>Wenn Sie einen Kauf stornieren, erhalten Sie Ihr Geld zur\u00fcck. Wenn der Wert des Artikels reduziert wird, ziehen wir den Betrag, f\u00fcr den Sie haften, ab.<\/p>\n<p>Wir erstatten Ihnen alle Zahlungen, die wir von Ihnen erhalten haben, einschlie\u00dflich der Lieferkosten (die jedoch nicht f\u00fcr zus\u00e4tzliche Lieferkosten gelten, wenn Sie eine andere Lieferart als die von uns angebotene Standardlieferung gew\u00e4hlt haben), sp\u00e4testens 14 Tage ab dem Tag, an dem wir Ihre Benachrichtigung erhalten haben, dass Sie den Vertrag widerrufen m\u00f6chten.<\/p>\n<p>Wir erstatten Ihnen das Geld mit demselben Zahlungsmittel zur\u00fcck, das Sie f\u00fcr den Kauf verwendet haben, es sei denn, es wurde etwas anderes vereinbart.<\/p>\n<p>Wir k\u00f6nnen die Zahlung zur\u00fcckhalten, bis wir den Artikel erhalten haben, es sei denn, Sie senden den Nachweis, dass Sie ihn zur\u00fcckgeschickt haben.<\/p>\n<p><strong>Recht auf Beschwerde  <\/strong><\/p>\n<p>Wenn Sie mit uns als Verbraucher handeln, gilt das Europ\u00e4ische Kaufrecht.<br \/>\nDas bedeutet, dass Sie das Recht haben, sich innerhalb von 24 Monaten zu beschweren. Bitte kontaktieren Sie uns, bevor Sie den Artikel zur\u00fccksenden.<\/p>\n<p>Wenn Ihre Beschwerde gerechtfertigt ist, bedeutet dies, dass Sie entweder den Artikel reparieren oder ersetzen lassen oder Ihr Geld zur\u00fcckerstattet oder den Preis je nach Situation reduziert haben.<\/p>\n<p>Sie m\u00fcssen sich innerhalb einer &#8222;angemessenen Zeit&#8220; beschweren, nachdem Sie einen Defekt entdeckt haben. Wenn Sie sich innerhalb von zwei Monaten nach Entdeckung des Mangels beschweren, wird dies immer als innerhalb einer angemessenen Frist angesehen.<\/p>\n<p>Wenn die Reklamation berechtigt ist, erstatten wir Ihnen die Frachtkosten (in angemessenem Rahmen und bis zu 12 Euro). Der Artikel muss immer in einer geeigneten Verpackung zur\u00fcckgeschickt werden. Denken Sie auch daran, eine Quittung f\u00fcr den Versand zu erhalten, damit wir Ihre Frachtkosten zur\u00fcckzahlen k\u00f6nnen.<\/p>\n<p>Bitte beachten Sie, dass die Lebensdauer von elektronischen Zigaretten und Zubeh\u00f6r auch bei normalem Gebrauch eine begrenzte Lebensdauer haben kann und dass dieser Zeitraum durch schwere oder unsachgem\u00e4\u00dfe Verwendung verk\u00fcrzt werden kann. Daher wird die tats\u00e4chliche Lebensdauer in der Regel kleiner als die Beschwerdezeit sein.<\/p>\n<p>Mods mit eingebauten Zellen und losen Lithiumzellen haben bis zu 12 Monate Garantie.<\/p>\n<p>Wenn Sie den Artikel zur\u00fccksenden, f\u00fcgen Sie bitte eine detaillierte Beschreibung des Problems bei.<\/p>\n<p>&nbsp;<\/p>\n<p><strong>E-Fl\u00fcssigkeit mit Nikotin oder ohne Nikotin, VG\/PG und Aroma<\/strong><\/p>\n<p>Nikotinprodukte, E-Liquids, Aroma und VG\/PG k\u00f6nnen aufgrund der Hygiene und der Qualit\u00e4tskontrolle der Produkte nicht zur\u00fcckgegeben werden.<\/p>\n<p>&nbsp;<\/p>\n<p><strong>Richtlinie zu personenbezogenen Daten  <\/strong><\/p>\n<p>Wir ben\u00f6tigen die folgenden Informationen, wenn Sie mit uns handeln:<\/p>\n<p>Name, Adresse, Telefonnummer und E-Mail-Adresse.<\/p>\n<p>&nbsp;<\/p>\n<p>Wir registrieren und geben die personenbezogenen Daten weiter, die f\u00fcr die Lieferung der Ware an Sie erforderlich sind.<\/p>\n<p>Personenbezogene Daten werden bei JustVapeS.R.O. registriert und f\u00fcnf Jahre lang aufbewahrt, danach werden die Daten gel\u00f6scht.<\/p>\n<p>Dar\u00fcber hinaus arbeiten wir mit einer Reihe von anderen Unternehmen zusammen, die Daten speichern und verarbeiten. Diese Unternehmen verarbeiten die Daten ausschlie\u00dflich in unserem Auftrag und d\u00fcrfen sie nicht f\u00fcr eigene Zwecke verwenden.<\/p>\n<p>Wir arbeiten nur mit Datenverarbeitern in der EU oder in L\u00e4ndern, in denen Ihre Daten angemessen gesch\u00fctzt werden.<\/p>\n<p>Sie haben das Recht darauf, dass Ihnen mitgeteilt wird, welche Details wir \u00fcber Sie bearbeiten.<br \/>\nWenn Sie der Meinung sind, dass die Angaben ungenau sind, haben Sie das Recht, sie berichtigen zu lassen. In bestimmten F\u00e4llen sind wir verpflichtet, Ihre personenbezogenen Daten zu l\u00f6schen, wenn Sie uns darum bitten. Dabei k\u00f6nnte es sich beispielsweise um Daten handelt, die f\u00fcr den Zweck, f\u00fcr den wir sie verwendet haben, nicht mehr ben\u00f6tigt werden. Sie k\u00f6nnen uns auch kontaktieren, wenn Sie der Meinung sind, dass Ihre personenbezogenen Daten gesetzesrechtswidrig verarbeitet werden. Sie k\u00f6nnen uns auch schreiben unter: <a href=\"mailto:contact@justvape.nu\">contact@justvape.nu<\/a><\/p>\n<p><strong>Wo Sie sich beschweren k\u00f6nnen  <\/strong><\/p>\n<p>Wenn Sie sich als Verbraucher \u00fcber Ihren Kauf beschweren m\u00f6chten, kontaktieren Sie uns bitte \u00fcber <a href=\"mailto:contact@justvape.nu\">contact@justvape.nu<\/a>. Wenn es Ihnen nicht gelingt, eine L\u00f6sung zu finden, k\u00f6nnen Sie eine Beschwerde an das Zentrum f\u00fcr die Bearbeitung von Beschwerden senden unter:<\/p>\n<p>Hier k\u00f6nnen Sie sich beim Online-Beschwerdeportal der EU-Kommission beschweren &#8211; <a href=\"http:\/\/ec.europa.eu\/odr\" target=\"_blank\" rel=\"noopener\">http:\/\/ec.europa.eu\/odr<\/a><\/p>\n<p><strong>Standard-Widerrufsformular<\/strong><\/p>\n<p>(Dieses Formular ist nur auszuf\u00fcllen und zur\u00fcckzugeben, wenn das Widerrufsrecht ausge\u00fcbt wird.)<\/p>\n<p>&nbsp;<\/p>\n<p>An:<\/p>\n<p>JustVape.nu<\/p>\n<p><a href=\"mailto:contact@justvape.nu\">contact@justvape.nu<\/a><\/p>\n<p>&nbsp;<\/p>\n<p>Ich m\u00f6chte von dem Recht Gebrauch machen, in einem Kaufvertrag \u00fcber folgende Waren\/Dienstleistungen zu k\u00fcndigen:<\/p>\n<p>__________________________________________________________________________________<\/p>\n<p>&nbsp;<\/p>\n<p>Bestellt, Datum: ______<\/p>\n<p>&nbsp;<\/p>\n<p>Name des Verbrauchers: ______<\/p>\n<p>&nbsp;<\/p>\n<p>Adresse des Verbrauchers: ______<\/p>\n<p>&nbsp;<\/p>\n<p>Unterschrift des Verbrauchers: ______<\/p>\n<p><em>(nur wenn der Inhalt des Formulars auf Papier angegeben ist)<\/em><\/p>\n<p>&nbsp;<\/p>\n<p>&nbsp;<\/p>\n<p>&nbsp;<\/p>\n<p>Die Gesch\u00e4ftsbedingungen wurden zuletzt am 16.12.2020 aktualisiert.<\/p>\n","protected":false},"excerpt":{"rendered":"<p>Allgemeine Informationen Justvape.nu E-Mail: contact@justvape.nu Jeder ist willkommen, um bei justvape.nu einzukaufen, M\u00fcssen Sie jedoch mindestens 18 Jahre alt sein. zahlung Justvape.nu akzeptiert Zahlungen mit Dankort\/ VISA-Dankort, VISA, VISA Elektron, MasterCard, MobilePay Online und ApplePay. F\u00fcr Kreditkarten werden keine Geb\u00fchren erhoben. Der Betrag wird erst dann von Ihrem Kartenkonto abgebucht, wenn die Ware versandt wird. [&hellip;]<\/p>\n","protected":false},"author":1,"featured_media":0,"parent":0,"menu_order":0,"comment_status":"closed","ping_status":"closed","template":"","meta":{"_acf_changed":false,"_uag_custom_page_level_css":"","site-sidebar-layout":"default","site-content-layout":"default","ast-site-content-layout":"default","site-content-style":"default","site-sidebar-style":"default","ast-global-header-display":"","ast-banner-title-visibility":"","ast-main-header-display":"","ast-hfb-above-header-display":"","ast-hfb-below-header-display":"","ast-hfb-mobile-header-display":"","site-post-title":"","ast-breadcrumbs-content":"","ast-featured-img":"","footer-sml-layout":"","ast-disable-related-posts":"","theme-transparent-header-meta":"default","adv-header-id-meta":"","stick-header-meta":"default","header-above-stick-meta":"","header-main-stick-meta":"","header-below-stick-meta":"","astra-migrate-meta-layouts":"default","ast-page-background-enabled":"default","ast-page-background-meta":{"desktop":{"background-color":"","background-image":"","background-repeat":"repeat","background-position":"center center","background-size":"auto","background-attachment":"scroll","background-type":"","background-media":"","overlay-type":"","overlay-color":"","overlay-opacity":"","overlay-gradient":""},"tablet":{"background-color":"","background-image":"","background-repeat":"repeat","background-position":"center center","background-size":"auto","background-attachment":"scroll","background-type":"","background-media":"","overlay-type":"","overlay-color":"","overlay-opacity":"","overlay-gradient":""},"mobile":{"background-color":"","background-image":"","background-repeat":"repeat","background-position":"center center","background-size":"auto","background-attachment":"scroll","background-type":"","background-media":"","overlay-type":"","overlay-color":"","overlay-opacity":"","overlay-gradient":""}},"ast-content-background-meta":{"desktop":{"background-color":"var(--ast-global-color-5)","background-image":"","background-repeat":"repeat","background-position":"center center","background-size":"auto","background-attachment":"scroll","background-type":"","background-media":"","overlay-type":"","overlay-color":"","overlay-opacity":"","overlay-gradient":""},"tablet":{"background-color":"var(--ast-global-color-5)","background-image":"","background-repeat":"repeat","background-position":"center center","background-size":"auto","background-attachment":"scroll","background-type":"","background-media":"","overlay-type":"","overlay-color":"","overlay-opacity":"","overlay-gradient":""},"mobile":{"background-color":"var(--ast-global-color-5)","background-image":"","background-repeat":"repeat","background-position":"center center","background-size":"auto","background-attachment":"scroll","background-type":"","background-media":"","overlay-type":"","overlay-color":"","overlay-opacity":"","overlay-gradient":""}},"footnotes":""},"class_list":["post-211970","page","type-page","status-publish","hentry"],"acf":[],"uagb_featured_image_src":{"full":false,"thumbnail":false,"medium":false,"medium_large":false,"large":false,"1536x1536":false,"2048x2048":false,"woocommerce_thumbnail":false,"woocommerce_single":false,"woocommerce_gallery_thumbnail":false,"dgwt-wcas-product-suggestion":false},"uagb_author_info":{"display_name":"dsadmin","author_link":"https:\/\/justvape.nu\/de\/author\/dsadmin\/"},"uagb_comment_info":0,"uagb_excerpt":"Allgemeine Informationen Justvape.nu E-Mail: contact@justvape.nu Jeder ist willkommen, um bei justvape.nu einzukaufen, M\u00fcssen Sie jedoch mindestens 18 Jahre alt sein. zahlung Justvape.nu akzeptiert Zahlungen mit Dankort\/ VISA-Dankort, VISA, VISA Elektron, MasterCard, MobilePay Online und ApplePay. F\u00fcr Kreditkarten werden keine Geb\u00fchren erhoben. Der Betrag wird erst dann von Ihrem Kartenkonto abgebucht, wenn die Ware versandt wird.&hellip;","_links":{"self":[{"href":"https:\/\/justvape.nu\/de\/wp-json\/wp\/v2\/pages\/211970","targetHints":{"allow":["GET"]}}],"collection":[{"href":"https:\/\/justvape.nu\/de\/wp-json\/wp\/v2\/pages"}],"about":[{"href":"https:\/\/justvape.nu\/de\/wp-json\/wp\/v2\/types\/page"}],"author":[{"embeddable":true,"href":"https:\/\/justvape.nu\/de\/wp-json\/wp\/v2\/users\/1"}],"replies":[{"embeddable":true,"href":"https:\/\/justvape.nu\/de\/wp-json\/wp\/v2\/comments?post=211970"}],"version-history":[{"count":1,"href":"https:\/\/justvape.nu\/de\/wp-json\/wp\/v2\/pages\/211970\/revisions"}],"predecessor-version":[{"id":693236,"href":"https:\/\/justvape.nu\/de\/wp-json\/wp\/v2\/pages\/211970\/revisions\/693236"}],"wp:attachment":[{"href":"https:\/\/justvape.nu\/de\/wp-json\/wp\/v2\/media?parent=211970"}],"curies":[{"name":"wp","href":"https:\/\/api.w.org\/{rel}","templated":true}]}}