{"id":211955,"date":"2018-01-21T22:13:30","date_gmt":"2018-01-21T21:13:30","guid":{"rendered":"https:\/\/www.justvape.nu\/privatlivspolitik\/"},"modified":"2023-07-02T00:12:27","modified_gmt":"2023-07-01T22:12:27","slug":"privatlivspolitik","status":"publish","type":"page","link":"https:\/\/justvape.nu\/de\/privatlivspolitik\/","title":{"rendered":"Datenschutz"},"content":{"rendered":"<h3>Datenschutz<\/h3>\n<p>Wenn Sie unsere Website besuchen, erfassen wir Informationen \u00fcber Sie, die verwendet werden, um unsere Inhalte zu personalisieren und zu verbessern und den Wert der Anzeigen zu erh\u00f6hen, die auf der Seite erscheinen. Wenn Sie nicht m\u00f6chten, dass Informationen gesammelt werden, m\u00fcssen Sie Ihre Cookies l\u00f6schen (siehe Anweisungen) und auf eine weitere Nutzung der Website verzichten. Im Folgenden haben wir erl\u00e4utert, welche Informationen gesammelt werden, zu welchem Zweck und welche Dritten Zugriff darauf haben.<\/p>\n<p><strong>Cookies<\/strong><\/p>\n<p>Die Website verwendet &#8222;Cookies&#8220;, eine Textdatei, die auf Ihrem Computer, Handy oder anderen gespeichert wird. \u00e4hnlich zum Erkennen, Speichern von Einstellungen, Durchf\u00fchren von Statistiken und Targeting-Anzeigen.<\/p>\n<p>Cookies d\u00fcrfen keinen b\u00f6sartigen Code wie Cookies enthalten. Virus.<\/p>\n<p>Es ist m\u00f6glich, Cookies zu l\u00f6schen oder zu blockieren.<\/p>\n<p>Wenn Sie Cookies l\u00f6schen oder blockieren, werden Anzeigen f\u00fcr Sie m\u00f6glicherweise weniger relevant und erscheinen h\u00e4ufiger. Sie k\u00f6nnen auch das Risiko eingehen, dass die Website nicht optimal funktioniert und dass es Inhalte gibt, auf die Sie nicht zugreifen k\u00f6nnen.<\/p>\n<h3>Individuelle Informationen<\/h3>\n<h4>Im Allgemeinen<\/h4>\n<p>Personenbezogene Daten sind jede Art von Informationen, die Ihnen bis zu einem gewissen Grad zugeschrieben werden k\u00f6nnen. Wenn Sie unsere Website nutzen, erfassen und verarbeiten wir eine Reihe solcher Informationen. Das passiert zum Beispiel. durch Alm. Wenn Sie sich f\u00fcr unseren Newsletter anmelden, an Gewinnspielen oder Umfragen teilnehmen, sich als Nutzer oder Abonnent registrieren, andere Dienste nutzen oder Eink\u00e4ufe \u00fcber die Website t\u00e4tigen.<\/p>\n<p>In der Regel erfassen und verarbeiten wir die folgenden Arten von Informationen: Eine eindeutige ID und technische Informationen \u00fcber Ihren Computer, Ihr Tablet oder Mobiltelefon, Ihre IP-Nummer, Ihren geografischen Standort und die Seiten, auf die Sie klicken (Interessen). Soweit Sie dem ausdr\u00fccklich zustimmen und die Informationen selbst eingeben, werden Sie auch verarbeitet: Name, Telefonnummer, E-Mail, Adresse und Zahlungsinformationen. Dies wird in der Regel mit der Erstellung oder dem Kauf von Anmeldungen verkn\u00fcpft.<\/p>\n<h4>sicherheit<\/h4>\n<p>Wir haben technische und organisatorische Ma\u00dfnahmen ergriffen, um zu verhindern, dass Ihre Daten versehentlich oder illegal gel\u00f6scht, ver\u00f6ffentlicht, verloren, beeintr\u00e4chtigt oder unberechtigten Personen zur Kenntnis gebracht, missbraucht oder anderweitig unter Versto\u00df gegen das Gesetz behandelt werden.<\/p>\n<h4>zweck<\/h4>\n<p>Die Informationen werden verwendet, um Sie als Benutzer zu identifizieren und Ihnen die Anzeigen anzuzeigen, die f\u00fcr Sie am ehesten relevant sind, um Ihre Eink\u00e4ufe und Zahlungen aufzuzeichnen und um die von Ihnen angeforderten Dienstleistungen bereitzustellen, z. B. um einen Newsletter einzureichen. Dar\u00fcber hinaus nutzen wir die Informationen, um unsere Dienstleistungen und Inhalte zu optimieren.<\/p>\n<h4>Lagerzeit<\/h4>\n<p>Die Informationen werden f\u00fcr den gesetzlich zul\u00e4ssigen Zeitraum gespeichert und von uns gel\u00f6scht, wenn sie nicht mehr ben\u00f6tigt werden. Der Zeitraum h\u00e4ngt von der Art der Informationen und dem Hintergrund der Speicherung ab. Daher ist es nicht m\u00f6glich, einen allgemeinen Zeitrahmen f\u00fcr das L\u00f6schen von Informationen festzulegen.<\/p>\n<h4>Offenlegung von Informationen<\/h4>\n<p>Daten \u00fcber Ihre Nutzung der Website, welche Anzeigen Sie erhalten und, falls ja, Klicken, geografischer Standort, Geschlecht und Alterssegment usw. an Dritte weitergegeben, soweit diese Informationen bekannt sind. Welche Dritten sich im Abschnitt &#8222;Cookies&#8220; befinden, erfahren Sie oben im Abschnitt &#8222;Cookies&#8220;. Die Informationen werden verwendet, um Werbung gezielt zu machen.<br \/>\nWir verwenden auch eine Reihe von Dritten, um Daten zu speichern und zu verarbeiten. Diese verarbeiten Informationen ausschlie\u00dflich in unserem Namen und d\u00fcrfen sie nicht f\u00fcr Ihre eigenen Zwecke verwenden.<br \/>\nDie Offenlegung personenbezogener Daten wie Name und E-Mail usw. erfolgt nur, wenn Sie damit einverstanden sind. Wir verwenden nur Datenverarbeiter in der EU oder in L\u00e4ndern, die Ihre Informationen angemessen sch\u00fctzen k\u00f6nnen.<\/p>\n<p><strong>Einblicke und Beschwerden<\/strong><br \/>\nSie haben das Recht darauf, dass Ihnen mitgeteilt wird, welche personenbezogenen Daten wir \u00fcber Sie verarbeiten. Sie k\u00f6nnen der Verwendung von Informationen auch jederzeit widersprechen. Sie k\u00f6nnen auch Ihre Einwilligung zur Verarbeitung von Informationen \u00fcber Sie widerrufen. Wenn die \u00fcber Sie verarbeiteten Informationen falsch sind, haben Sie das Recht, sie korrigieren oder l\u00f6schen zu lassen. Anfragen k\u00f6nnen an: contact@justvape.nu. Wenn Sie sich \u00fcber die Verarbeitung Ihrer personenbezogenen Daten beschweren m\u00f6chten, haben Sie auch die M\u00f6glichkeit, sich an die Datenschutzbeh\u00f6rde zu wenden.<\/p>\n<h4>verleger<\/h4>\n<p>Die Website ist Eigentum und wird ver\u00f6ffentlicht von:<\/p>\n<p>Justvape.nu<\/p>\n","protected":false},"excerpt":{"rendered":"<p>Datenschutz Wenn Sie unsere Website besuchen, erfassen wir Informationen \u00fcber Sie, die verwendet werden, um unsere Inhalte zu personalisieren und zu verbessern und den Wert der Anzeigen zu erh\u00f6hen, die auf der Seite erscheinen. Wenn Sie nicht m\u00f6chten, dass Informationen gesammelt werden, m\u00fcssen Sie Ihre Cookies l\u00f6schen (siehe Anweisungen) und auf eine weitere Nutzung der [&hellip;]<\/p>\n","protected":false},"author":1,"featured_media":0,"parent":0,"menu_order":0,"comment_status":"closed","ping_status":"closed","template":"","meta":{"_acf_changed":false,"_uag_custom_page_level_css":"","site-sidebar-layout":"default","site-content-layout":"default","ast-site-content-layout":"default","site-content-style":"default","site-sidebar-style":"default","ast-global-header-display":"","ast-banner-title-visibility":"","ast-main-header-display":"","ast-hfb-above-header-display":"","ast-hfb-below-header-display":"","ast-hfb-mobile-header-display":"","site-post-title":"","ast-breadcrumbs-content":"","ast-featured-img":"","footer-sml-layout":"","ast-disable-related-posts":"","theme-transparent-header-meta":"default","adv-header-id-meta":"","stick-header-meta":"default","header-above-stick-meta":"","header-main-stick-meta":"","header-below-stick-meta":"","astra-migrate-meta-layouts":"default","ast-page-background-enabled":"default","ast-page-background-meta":{"desktop":{"background-color":"","background-image":"","background-repeat":"repeat","background-position":"center center","background-size":"auto","background-attachment":"scroll","background-type":"","background-media":"","overlay-type":"","overlay-color":"","overlay-opacity":"","overlay-gradient":""},"tablet":{"background-color":"","background-image":"","background-repeat":"repeat","background-position":"center center","background-size":"auto","background-attachment":"scroll","background-type":"","background-media":"","overlay-type":"","overlay-color":"","overlay-opacity":"","overlay-gradient":""},"mobile":{"background-color":"","background-image":"","background-repeat":"repeat","background-position":"center center","background-size":"auto","background-attachment":"scroll","background-type":"","background-media":"","overlay-type":"","overlay-color":"","overlay-opacity":"","overlay-gradient":""}},"ast-content-background-meta":{"desktop":{"background-color":"var(--ast-global-color-5)","background-image":"","background-repeat":"repeat","background-position":"center center","background-size":"auto","background-attachment":"scroll","background-type":"","background-media":"","overlay-type":"","overlay-color":"","overlay-opacity":"","overlay-gradient":""},"tablet":{"background-color":"var(--ast-global-color-5)","background-image":"","background-repeat":"repeat","background-position":"center center","background-size":"auto","background-attachment":"scroll","background-type":"","background-media":"","overlay-type":"","overlay-color":"","overlay-opacity":"","overlay-gradient":""},"mobile":{"background-color":"var(--ast-global-color-5)","background-image":"","background-repeat":"repeat","background-position":"center center","background-size":"auto","background-attachment":"scroll","background-type":"","background-media":"","overlay-type":"","overlay-color":"","overlay-opacity":"","overlay-gradient":""}},"footnotes":""},"class_list":["post-211955","page","type-page","status-publish","hentry"],"acf":[],"uagb_featured_image_src":{"full":false,"thumbnail":false,"medium":false,"medium_large":false,"large":false,"1536x1536":false,"2048x2048":false,"woocommerce_thumbnail":false,"woocommerce_single":false,"woocommerce_gallery_thumbnail":false,"dgwt-wcas-product-suggestion":false},"uagb_author_info":{"display_name":"dsadmin","author_link":"https:\/\/justvape.nu\/de\/author\/dsadmin\/"},"uagb_comment_info":0,"uagb_excerpt":"Datenschutz Wenn Sie unsere Website besuchen, erfassen wir Informationen \u00fcber Sie, die verwendet werden, um unsere Inhalte zu personalisieren und zu verbessern und den Wert der Anzeigen zu erh\u00f6hen, die auf der Seite erscheinen. Wenn Sie nicht m\u00f6chten, dass Informationen gesammelt werden, m\u00fcssen Sie Ihre Cookies l\u00f6schen (siehe Anweisungen) und auf eine weitere Nutzung der&hellip;","_links":{"self":[{"href":"https:\/\/justvape.nu\/de\/wp-json\/wp\/v2\/pages\/211955","targetHints":{"allow":["GET"]}}],"collection":[{"href":"https:\/\/justvape.nu\/de\/wp-json\/wp\/v2\/pages"}],"about":[{"href":"https:\/\/justvape.nu\/de\/wp-json\/wp\/v2\/types\/page"}],"author":[{"embeddable":true,"href":"https:\/\/justvape.nu\/de\/wp-json\/wp\/v2\/users\/1"}],"replies":[{"embeddable":true,"href":"https:\/\/justvape.nu\/de\/wp-json\/wp\/v2\/comments?post=211955"}],"version-history":[{"count":0,"href":"https:\/\/justvape.nu\/de\/wp-json\/wp\/v2\/pages\/211955\/revisions"}],"wp:attachment":[{"href":"https:\/\/justvape.nu\/de\/wp-json\/wp\/v2\/media?parent=211955"}],"curies":[{"name":"wp","href":"https:\/\/api.w.org\/{rel}","templated":true}]}}